{"id":835,"date":"2022-10-26T11:03:07","date_gmt":"2022-10-26T14:03:07","guid":{"rendered":"https:\/\/congresos.unlp.edu.ar\/enddhhyes\/?page_id=835"},"modified":"2022-11-02T15:52:47","modified_gmt":"2022-11-02T18:52:47","slug":"posters-viernes","status":"publish","type":"page","link":"https:\/\/congresos.unlp.edu.ar\/enddhhyes\/posters-viernes\/","title":{"rendered":"Posters viernes"},"content":{"rendered":"<div id=\"pl-835\"  class=\"panel-layout\" ><div id=\"pg-835-0\"  class=\"panel-grid panel-has-style\" ><div class=\"siteorigin-panels-stretch panel-row-style panel-row-style-for-835-0\" data-stretch-type=\"full-stretched\" ><div id=\"pgc-835-0-0\"  class=\"panel-grid-cell\" ><div id=\"panel-835-0-0-0\" class=\"so-panel widget widget_sow-editor panel-first-child panel-last-child\" data-index=\"0\" ><div\n\t\t\t\n\t\t\tclass=\"so-widget-sow-editor so-widget-sow-editor-base\"\n\t\t\t\n\t\t>\n<div class=\"siteorigin-widget-tinymce textwidget\">\n\t<h1 style=\"text-align: center\"><span style=\"color: #ffffff\"><span style=\"color: #008080\"><span style=\"color: #ffffff\">PRESENTACI\u00d3N POSTERS<br \/>\n<\/span><\/span><\/span><span style=\"color: #ffffff\"><span style=\"color: #008080\">VIERNES 4\/11 DE 9:00 A 11:00 HS.<\/span><\/span><\/h1>\n<\/div>\n<\/div><\/div><\/div><\/div><\/div><div id=\"pg-835-1\"  class=\"panel-grid panel-no-style\" ><div id=\"pgc-835-1-0\"  class=\"panel-grid-cell\" ><div id=\"panel-835-1-0-0\" class=\"so-panel widget widget_sow-editor panel-first-child\" data-index=\"1\" ><div class=\"panel-widget-style panel-widget-style-for-835-1-0-0\" ><div\n\t\t\t\n\t\t\tclass=\"so-widget-sow-editor so-widget-sow-editor-base\"\n\t\t\t\n\t\t>\n<div class=\"siteorigin-widget-tinymce textwidget\">\n\t<p style=\"text-align: center\">La organizaci\u00f3n de las mesas y presentaciones se encuentra en desarrollo y el presente esquema es susceptible de recibir ajustes en los d\u00edas previos al encuentro.<br \/>\nSe sugiere revisar peri\u00f3dicamente por cambios o informaci\u00f3n faltante.<\/p>\n<\/div>\n<\/div><\/div><\/div><div id=\"panel-835-1-0-1\" class=\"so-panel widget widget_sow-editor\" data-index=\"2\" ><div class=\"so-rounded panel-widget-style panel-widget-style-for-835-1-0-1\" ><div\n\t\t\t\n\t\t\tclass=\"so-widget-sow-editor so-widget-sow-editor-base\"\n\t\t\t\n\t\t>\n<div class=\"siteorigin-widget-tinymce textwidget\">\n\t<h4 style=\"text-align: center\"><span style=\"color: #ffffff\">TERCERA Y CUARTA RONDA de Presentaci\u00f3n <\/span><\/h4>\n<\/div>\n<\/div><\/div><\/div><div id=\"panel-835-1-0-2\" class=\"so-panel widget widget_sow-editor\" data-index=\"3\" ><div class=\"panel-widget-style panel-widget-style-for-835-1-0-2\" ><div\n\t\t\t\n\t\t\tclass=\"so-widget-sow-editor so-widget-sow-editor-base\"\n\t\t\t\n\t\t>\n<div class=\"siteorigin-widget-tinymce textwidget\">\n\t<p><strong>TERCERA RONDA<\/strong><\/p>\n<p>Peilman, Nancy - Agosto, Florencia<br \/>\n<strong>Educaci\u00f3n ambiental desde una perspectiva en derechos humanos<\/strong><\/p>\n<p>Gianfrini, Mar\u00eda Flor - Luquet, Candela - Rojas, Eliana<br \/>\n<strong>Entretejiendo saberes. Experiencia de la Diplomatura de G\u00e9nero y Derechos Humanos de la UNLP<\/strong><\/p>\n<p>Rotman, Silvio<br \/>\n<strong>Historicidad reciente de la relaci\u00f3n entre la Universidad Nacional de la Patagonia Austral y los Sujetos Privados de la Libertad\u00a0<\/strong><\/p>\n<p>Illanes, Marina - Calotti, Gabriela<br \/>\n<strong>Juicios de Lesa Humanidad en la virtualidad: el Programa de Apoyo a Juicios y el Juicio Brigadas<\/strong><\/p>\n<p>Birman, Irina - Claveles, Daniela - Gonz\u00e1lez, Leisa - Rosales, Milagros<br \/>\n<strong>La comunicaci\u00f3n como derecho en el acceso a la educaci\u00f3n superior<\/strong><\/p>\n<p><strong>CUARTA RONDA\u00a0<\/strong><\/p>\n<p>Zapata, Natalia Rosana - Garc\u00eda, Malena - Pascolini, Julia<br \/>\n<strong>\"Voces que liberan\"<\/strong><\/p>\n<p>Loza, Vanessa Anahi<br \/>\n<strong>La escuela como garante de Derechos en \u00e1mbito de la discapacidad<\/strong><\/p>\n<p>G\u00f3mez, Roxana Marina<br \/>\n<strong>Trabajo en Formaci\u00f3n<\/strong><\/p>\n<p>Jouli\u00e1, Estefan\u00eda - Touza, Gabriela - Montequ\u00edn, Diana - Bordoni, Susana<br \/>\n<strong>Tensiones de un nombre con historia.\u00a0<\/strong><\/p>\n<p>Mu\u00f1oz Griselda - Montico, Sergio - Fern\u00e1ndez, Celina - Crespo, Javier<br \/>\n<strong>La transici\u00f3n agroecol\u00f3gica en la intersecci\u00f3n entre Derechos Humanos y Objetivos de Desarrollo Sostenibles<\/strong><\/p>\n<p>&nbsp;<\/p>\n<\/div>\n<\/div><\/div><\/div><div id=\"panel-835-1-0-3\" class=\"so-panel widget widget_sow-editor panel-last-child\" data-index=\"4\" ><div class=\"panel-widget-style panel-widget-style-for-835-1-0-3\" ><div\n\t\t\t\n\t\t\tclass=\"so-widget-sow-editor so-widget-sow-editor-base\"\n\t\t\t\n\t\t>\n<div class=\"siteorigin-widget-tinymce textwidget\">\n\t<hr \/>\n<h4><span style=\"color: #008080\"><strong>Recepci\u00f3n y Montaje<\/strong><\/span><\/h4>\n<p><strong>Patio terraza Edificio Karakachoff<br \/>\n<\/strong>Planta baja del edificio sobre la esquina de 7 y 48<br \/>\n<span style=\"color: #ff9900\"><a style=\"color: #ff9900\" href=\"https:\/\/goo.gl\/maps\/eJ3N33SPX2iewdmd8\" target=\"_blank\" rel=\"noopener\">Ver c\u00f3mo llegar<\/a><\/span><\/p>\n<\/div>\n<\/div><\/div><\/div><\/div><\/div><\/div>","protected":false},"excerpt":{"rendered":"<p>PRESENTACI\u00d3N POSTERS VIERNES 4\/11 DE 9:00 A 11:00 HS. La organizaci\u00f3n de las mesas y presentaciones se encuentra en desarrollo y el presente esquema es susceptible de recibir ajustes en los d\u00edas previos al encuentro. Se sugiere revisar peri\u00f3dicamente por cambios o informaci\u00f3n faltante. TERCERA Y CUARTA RONDA de Presentaci\u00f3n TERCERA RONDA Peilman, Nancy &#8211; [&hellip;]<\/p>\n","protected":false},"author":49,"featured_media":0,"parent":0,"menu_order":0,"comment_status":"closed","ping_status":"closed","template":"","meta":{"advgb_blocks_editor_width":"","advgb_blocks_columns_visual_guide":"","footnotes":""},"class_list":["post-835","page","type-page","status-publish","hentry","post"],"aioseo_notices":[],"coauthors":[],"author_meta":{"author_link":"https:\/\/congresos.unlp.edu.ar\/enddhhyes\/author\/agustina\/","display_name":"agustina"},"relative_dates":{"created":"Posted 3 a\u00f1os ago","modified":"Updated 3 a\u00f1os ago"},"absolute_dates":{"created":"Posted on 26 octubre, 2022","modified":"Updated on 2 noviembre, 2022"},"absolute_dates_time":{"created":"Posted on 26 octubre, 2022 11:03 am","modified":"Updated on 2 noviembre, 2022 3:52 pm"},"featured_img_caption":"","featured_img":false,"series_order":"","_links":{"self":[{"href":"https:\/\/congresos.unlp.edu.ar\/enddhhyes\/wp-json\/wp\/v2\/pages\/835","targetHints":{"allow":["GET"]}}],"collection":[{"href":"https:\/\/congresos.unlp.edu.ar\/enddhhyes\/wp-json\/wp\/v2\/pages"}],"about":[{"href":"https:\/\/congresos.unlp.edu.ar\/enddhhyes\/wp-json\/wp\/v2\/types\/page"}],"author":[{"embeddable":true,"href":"https:\/\/congresos.unlp.edu.ar\/enddhhyes\/wp-json\/wp\/v2\/users\/49"}],"replies":[{"embeddable":true,"href":"https:\/\/congresos.unlp.edu.ar\/enddhhyes\/wp-json\/wp\/v2\/comments?post=835"}],"version-history":[{"count":0,"href":"https:\/\/congresos.unlp.edu.ar\/enddhhyes\/wp-json\/wp\/v2\/pages\/835\/revisions"}],"wp:attachment":[{"href":"https:\/\/congresos.unlp.edu.ar\/enddhhyes\/wp-json\/wp\/v2\/media?parent=835"}],"curies":[{"name":"wp","href":"https:\/\/api.w.org\/{rel}","templated":true}]}}