{"id":826,"date":"2022-10-26T10:53:05","date_gmt":"2022-10-26T13:53:05","guid":{"rendered":"https:\/\/congresos.unlp.edu.ar\/enddhhyes\/?page_id=826"},"modified":"2022-11-02T15:46:44","modified_gmt":"2022-11-02T18:46:44","slug":"posters-jueves","status":"publish","type":"page","link":"https:\/\/congresos.unlp.edu.ar\/enddhhyes\/posters-jueves\/","title":{"rendered":"Posters jueves"},"content":{"rendered":"<div id=\"pl-826\"  class=\"panel-layout\" ><div id=\"pg-826-0\"  class=\"panel-grid panel-has-style\" ><div class=\"siteorigin-panels-stretch panel-row-style panel-row-style-for-826-0\" data-stretch-type=\"full-stretched\" ><div id=\"pgc-826-0-0\"  class=\"panel-grid-cell\" ><div id=\"panel-826-0-0-0\" class=\"so-panel widget widget_sow-editor panel-first-child panel-last-child\" data-index=\"0\" ><div\n\t\t\t\n\t\t\tclass=\"so-widget-sow-editor so-widget-sow-editor-base\"\n\t\t\t\n\t\t>\n<div class=\"siteorigin-widget-tinymce textwidget\">\n\t<h1 style=\"text-align: center\"><span style=\"color: #ffffff\"><span style=\"color: #008080\"><span style=\"color: #ffffff\">PRESENTACI\u00d3N POSTERS<br \/>\n<\/span><\/span><\/span><span style=\"color: #ffffff\"><span style=\"color: #008080\">JUEVES 3\/11 DE 14:30 A 16:30 HS.<\/span><\/span><\/h1>\n<\/div>\n<\/div><\/div><\/div><\/div><\/div><div id=\"pg-826-1\"  class=\"panel-grid panel-no-style\" ><div id=\"pgc-826-1-0\"  class=\"panel-grid-cell\" ><div id=\"panel-826-1-0-0\" class=\"so-panel widget widget_sow-editor panel-first-child\" data-index=\"1\" ><div class=\"panel-widget-style panel-widget-style-for-826-1-0-0\" ><div\n\t\t\t\n\t\t\tclass=\"so-widget-sow-editor so-widget-sow-editor-base\"\n\t\t\t\n\t\t>\n<div class=\"siteorigin-widget-tinymce textwidget\">\n\t<p style=\"text-align: center\">La organizaci\u00f3n de las mesas y presentaciones se encuentra en desarrollo y el presente esquema es susceptible de recibir ajustes en los d\u00edas previos al encuentro.<br \/>\nSe sugiere revisar peri\u00f3dicamente por cambios o informaci\u00f3n faltante.<\/p>\n<\/div>\n<\/div><\/div><\/div><div id=\"panel-826-1-0-1\" class=\"so-panel widget widget_sow-editor\" data-index=\"2\" ><div class=\"so-rounded panel-widget-style panel-widget-style-for-826-1-0-1\" ><div\n\t\t\t\n\t\t\tclass=\"so-widget-sow-editor so-widget-sow-editor-base\"\n\t\t\t\n\t\t>\n<div class=\"siteorigin-widget-tinymce textwidget\">\n\t<h4 style=\"text-align: center\"><span style=\"color: #ffffff\">PRIMERA y SEGUNDA RONDA de Presentaci\u00f3n <\/span><\/h4>\n<\/div>\n<\/div><\/div><\/div><div id=\"panel-826-1-0-2\" class=\"so-panel widget widget_sow-editor\" data-index=\"3\" ><div class=\"panel-widget-style panel-widget-style-for-826-1-0-2\" ><div\n\t\t\t\n\t\t\tclass=\"so-widget-sow-editor so-widget-sow-editor-base\"\n\t\t\t\n\t\t>\n<div class=\"siteorigin-widget-tinymce textwidget\">\n\t<p><strong>PRIMERA RONDA<\/strong><\/p>\n<p>&nbsp;<\/p>\n<p>Scarione Avellaneda, Maria Clara.<br \/>\n<strong>\u00bfC\u00f3mplices de la opresi\u00f3n o promotores de la emancipaci\u00f3n? Reflexiones de una futura docente de Ingl\u00e9s<\/strong><\/p>\n<p>F\u00e9lix Alejandro Alo\u00e9 -\u00a0 Durzo, Paula -\u00a0 Reyna, Malena<br \/>\n<strong>Acceder a Mate 2<\/strong><\/p>\n<p>Mu\u00f1oz, Griselda - Torres, Claudia - Seta, Silvana<br \/>\n<strong>Conformaci\u00f3n del \u00c1rea de Derechos Humanos y G\u00e9nero en la Facultad de Ciencias Agrarias de la UNR<\/strong><\/p>\n<p>Pistorale, Susana Myriam - Rosso, Roc\u00edo Micaela - Felice, Facundo<br \/>\n<strong>Educar en y para los derechos humanos desde la gen\u00e9tica<\/strong><\/p>\n<p>Tejera, Ana Luc\u00eda<br \/>\n<strong>Universidad y Juicios<\/strong><\/p>\n<p>&nbsp;<\/p>\n<p><strong>SEGUNDA RONDA<\/strong><\/p>\n<p><strong>\u00a0<\/strong><\/p>\n<p>C\u00f3rdoba, Fabiana Carolina- Ramos, Renata Bel\u00e9n - Guti\u00e9rrez, Daiana Micaela - Soria, Julieta Florencia<br \/>\n<strong>Experiencias de tutores pares del Programa \u201cCreando Lazos'' del Servicio de Orientaci\u00f3n Universitaria y Vocacional de la FHCSyS- UNSE<\/strong><\/p>\n<p>Longoni, Gloria - Garc\u00eda Gabriela - Barilleau Tordecilla, Ana - Sierra, Yamila<br \/>\n<strong>La curricularizaci\u00f3n de los derechos humamos con enfoque extensionista<\/strong><\/p>\n<p>Jerez, Maria Belen - Seguin, Leonardo- Juri Ayub, Maximiliano - Castillo, Manuel<br \/>\n<strong>Historia del taller: Las abuelas, la gen\u00e9tica y los Derechos Humanos<\/strong><\/p>\n<p>Esponda Alejandra - Medina Pilar, Rodr\u00edguez Sabater Soledad- Sanchez Viamonte, Rodrigo<\/p>\n<p><strong>Huellas digitales de la Memoria<\/strong><\/p>\n<p>Leno, Laura - Torres, Guadalupe - Rodr\u00edguez, Guillermo - D\u00edaz, Miriam<br \/>\n<strong>Cuando acceder es PODER<\/strong><\/p>\n<p>Realini, Silvia - Carrera, Juli\u00e1n - Zurita, Mar\u00eda Delicia - Tarquini, Mar\u00eda Soledad<br \/>\n<strong>Proyecto \u201cINMIGRACION E IDENTIDAD : la construcci\u00f3n del otro, la xenofobia y el problema de la inclusi\u00f3n en las aulas. Talleres en escuelas\u201d<\/strong><\/p>\n<p>Huth, Catalina- La Veglia, Martina - Minervini, Roc\u00edo -\u00a0 Vitali, Mar\u00eda Eugenia<br \/>\n<strong>Diplomatura de G\u00e9neros y Derechos Humanos en c\u00e1rceles<\/strong><\/p>\n<p>&nbsp;<\/p>\n<\/div>\n<\/div><\/div><\/div><div id=\"panel-826-1-0-3\" class=\"so-panel widget widget_sow-editor panel-last-child\" data-index=\"4\" ><div class=\"panel-widget-style panel-widget-style-for-826-1-0-3\" ><div\n\t\t\t\n\t\t\tclass=\"so-widget-sow-editor so-widget-sow-editor-base\"\n\t\t\t\n\t\t>\n<div class=\"siteorigin-widget-tinymce textwidget\">\n\t<hr \/>\n<h4><span style=\"color: #008080\"><strong>Recepci\u00f3n y Montaje<\/strong><\/span><\/h4>\n<p><strong>Patio terraza Edificio Karakachoff<br \/>\n<\/strong>Planta baja del edificio sobre la esquina de 7 y 48<br \/>\n<span style=\"color: #ff9900\"><a style=\"color: #ff9900\" href=\"https:\/\/goo.gl\/maps\/eJ3N33SPX2iewdmd8\" target=\"_blank\" rel=\"noopener\">Ver c\u00f3mo llegar<\/a><\/span><\/p>\n<\/div>\n<\/div><\/div><\/div><\/div><\/div><\/div>","protected":false},"excerpt":{"rendered":"<p>PRESENTACI\u00d3N POSTERS JUEVES 3\/11 DE 14:30 A 16:30 HS. La organizaci\u00f3n de las mesas y presentaciones se encuentra en desarrollo y el presente esquema es susceptible de recibir ajustes en los d\u00edas previos al encuentro. Se sugiere revisar peri\u00f3dicamente por cambios o informaci\u00f3n faltante. PRIMERA y SEGUNDA RONDA de Presentaci\u00f3n PRIMERA RONDA &nbsp; Scarione Avellaneda, [&hellip;]<\/p>\n","protected":false},"author":49,"featured_media":0,"parent":0,"menu_order":0,"comment_status":"closed","ping_status":"closed","template":"","meta":{"advgb_blocks_editor_width":"","advgb_blocks_columns_visual_guide":"","footnotes":""},"class_list":["post-826","page","type-page","status-publish","hentry","post"],"aioseo_notices":[],"coauthors":[],"author_meta":{"author_link":"https:\/\/congresos.unlp.edu.ar\/enddhhyes\/author\/agustina\/","display_name":"agustina"},"relative_dates":{"created":"Posted 3 a\u00f1os ago","modified":"Updated 3 a\u00f1os ago"},"absolute_dates":{"created":"Posted on 26 octubre, 2022","modified":"Updated on 2 noviembre, 2022"},"absolute_dates_time":{"created":"Posted on 26 octubre, 2022 10:53 am","modified":"Updated on 2 noviembre, 2022 3:46 pm"},"featured_img_caption":"","featured_img":false,"series_order":"","_links":{"self":[{"href":"https:\/\/congresos.unlp.edu.ar\/enddhhyes\/wp-json\/wp\/v2\/pages\/826","targetHints":{"allow":["GET"]}}],"collection":[{"href":"https:\/\/congresos.unlp.edu.ar\/enddhhyes\/wp-json\/wp\/v2\/pages"}],"about":[{"href":"https:\/\/congresos.unlp.edu.ar\/enddhhyes\/wp-json\/wp\/v2\/types\/page"}],"author":[{"embeddable":true,"href":"https:\/\/congresos.unlp.edu.ar\/enddhhyes\/wp-json\/wp\/v2\/users\/49"}],"replies":[{"embeddable":true,"href":"https:\/\/congresos.unlp.edu.ar\/enddhhyes\/wp-json\/wp\/v2\/comments?post=826"}],"version-history":[{"count":0,"href":"https:\/\/congresos.unlp.edu.ar\/enddhhyes\/wp-json\/wp\/v2\/pages\/826\/revisions"}],"wp:attachment":[{"href":"https:\/\/congresos.unlp.edu.ar\/enddhhyes\/wp-json\/wp\/v2\/media?parent=826"}],"curies":[{"name":"wp","href":"https:\/\/api.w.org\/{rel}","templated":true}]}}