{"id":464,"date":"2022-07-04T15:56:49","date_gmt":"2022-07-04T18:56:49","guid":{"rendered":"https:\/\/congresos.unlp.edu.ar\/enddhhyes\/?page_id=464"},"modified":"2022-09-05T13:57:11","modified_gmt":"2022-09-05T16:57:11","slug":"pautas-para-la-presentacion-de-propuestas","status":"publish","type":"page","link":"https:\/\/congresos.unlp.edu.ar\/enddhhyes\/pautas-para-la-presentacion-de-propuestas\/","title":{"rendered":"Pautas para la presentaci\u00f3n de propuestas"},"content":{"rendered":"<div id=\"pl-464\"  class=\"panel-layout\" ><div id=\"pg-464-0\"  class=\"panel-grid panel-has-style\" ><div class=\"siteorigin-panels-stretch panel-row-style panel-row-style-for-464-0\" data-stretch-type=\"full-stretched\" ><div id=\"pgc-464-0-0\"  class=\"panel-grid-cell\" ><div id=\"panel-464-0-0-0\" class=\"so-panel widget widget_sow-editor panel-first-child panel-last-child\" data-index=\"0\" ><div\n\t\t\t\n\t\t\tclass=\"so-widget-sow-editor so-widget-sow-editor-base\"\n\t\t\t\n\t\t>\n<div class=\"siteorigin-widget-tinymce textwidget\">\n\t<h1 style=\"text-align: center\"><span style=\"color: #ffffff\">PAUTAS PARA LA PRESENTACI\u00d3N DE PROPUESTAS<\/span><\/h1>\n<\/div>\n<\/div><\/div><\/div><\/div><\/div><div id=\"pg-464-1\"  class=\"panel-grid panel-no-style\" ><div id=\"pgc-464-1-0\"  class=\"panel-grid-cell\" ><div id=\"panel-464-1-0-0\" class=\"so-panel widget widget_sow-editor panel-first-child panel-last-child\" data-index=\"1\" ><div class=\"panel-widget-style panel-widget-style-for-464-1-0-0\" ><div\n\t\t\t\n\t\t\tclass=\"so-widget-sow-editor so-widget-sow-editor-base\"\n\t\t\t\n\t\t>\n<div class=\"siteorigin-widget-tinymce textwidget\">\n\t<hr \/>\n<p style=\"text-align: center\"><strong>Ante los numerosos pedidos recibidos, <span style=\"color: #ff6600\">el plazo para la presentaci\u00f3n de trabajos se extendi\u00f3 hasta el d\u00eda 26 de septiembre de 2022.<\/span><\/strong><\/p>\n<hr \/>\n<p>Cada producci\u00f3n -sea en formato ponencia o p\u00f3ster- deber\u00e1 ser elaborada por <strong>no m\u00e1s de 4 autorxs<\/strong>, y ser\u00e1n recibidas hasta el <span style=\"color: #008080\"><strong>lunes 26 de septiembre de 2022.<\/strong><\/span><\/p>\n<p>Las <span style=\"color: #ff6600\"><strong>experiencias o ensayos<\/strong><\/span>\u00a0 se presentar\u00e1n mediante el formulario web, debiendo consignarse:<\/p>\n<ul>\n<li>Eje en el que se inscribe la participaci\u00f3n<\/li>\n<li>T\u00edtulo de la propuesta<\/li>\n<li>Problem\u00e1tica abordada. Hasta 500 palabras.<\/li>\n<li>Proyecciones, deaf\u00edos, obst\u00e1culos. Hasta 500 palabras<\/li>\n<li>Palabras claves<\/li>\n<\/ul>\n<p>Los <span style=\"color: #ff6600\"><strong>P\u00f3sters<\/strong><\/span> deber\u00e1n tener un tama\u00f1o de 90 x 120 cm con orientaci\u00f3n vertical. Se solicitar\u00e1\u00a0el env\u00edo anticipado del Poster en formato JPG y\u00a0 PDF.<\/p>\n<p>Para participar del Encuentro -sea como asistente o como ponente- es necesario <a href=\"https:\/\/forms.gle\/FikCY8bodBa5asc48\" target=\"_blank\" rel=\"noopener\"><strong>completar el formulario<\/strong><\/a>, y leer atentamente las orientaciones all\u00ed consignadas. Los trabajos se presentan exclusivamente a trav\u00e9s de este formato. Ser\u00e1n luego publicados en formato digital.<\/p>\n<\/div>\n<\/div><\/div><\/div><\/div><\/div><\/div>","protected":false},"excerpt":{"rendered":"<p>PAUTAS PARA LA PRESENTACI\u00d3N DE PROPUESTAS Ante los numerosos pedidos recibidos, el plazo para la presentaci\u00f3n de trabajos se extendi\u00f3 hasta el d\u00eda 26 de septiembre de 2022. Cada producci\u00f3n -sea en formato ponencia o p\u00f3ster- deber\u00e1 ser elaborada por no m\u00e1s de 4 autorxs, y ser\u00e1n recibidas hasta el lunes 26 de septiembre de [&hellip;]<\/p>\n","protected":false},"author":49,"featured_media":0,"parent":0,"menu_order":0,"comment_status":"closed","ping_status":"closed","template":"","meta":{"advgb_blocks_editor_width":"","advgb_blocks_columns_visual_guide":"","footnotes":""},"class_list":["post-464","page","type-page","status-publish","hentry","post"],"aioseo_notices":[],"coauthors":[],"author_meta":{"author_link":"https:\/\/congresos.unlp.edu.ar\/enddhhyes\/author\/agustina\/","display_name":"agustina"},"relative_dates":{"created":"Posted 4 a\u00f1os ago","modified":"Updated 4 a\u00f1os ago"},"absolute_dates":{"created":"Posted on 4 julio, 2022","modified":"Updated on 5 septiembre, 2022"},"absolute_dates_time":{"created":"Posted on 4 julio, 2022 3:56 pm","modified":"Updated on 5 septiembre, 2022 1:57 pm"},"featured_img_caption":"","featured_img":false,"series_order":"","_links":{"self":[{"href":"https:\/\/congresos.unlp.edu.ar\/enddhhyes\/wp-json\/wp\/v2\/pages\/464","targetHints":{"allow":["GET"]}}],"collection":[{"href":"https:\/\/congresos.unlp.edu.ar\/enddhhyes\/wp-json\/wp\/v2\/pages"}],"about":[{"href":"https:\/\/congresos.unlp.edu.ar\/enddhhyes\/wp-json\/wp\/v2\/types\/page"}],"author":[{"embeddable":true,"href":"https:\/\/congresos.unlp.edu.ar\/enddhhyes\/wp-json\/wp\/v2\/users\/49"}],"replies":[{"embeddable":true,"href":"https:\/\/congresos.unlp.edu.ar\/enddhhyes\/wp-json\/wp\/v2\/comments?post=464"}],"version-history":[{"count":0,"href":"https:\/\/congresos.unlp.edu.ar\/enddhhyes\/wp-json\/wp\/v2\/pages\/464\/revisions"}],"wp:attachment":[{"href":"https:\/\/congresos.unlp.edu.ar\/enddhhyes\/wp-json\/wp\/v2\/media?parent=464"}],"curies":[{"name":"wp","href":"https:\/\/api.w.org\/{rel}","templated":true}]}}