{"id":4,"date":"2020-03-11T09:44:12","date_gmt":"2020-03-11T12:44:12","guid":{"rendered":"http:\/\/congresos.unlp.edu.ar\/enddhhyes\/?page_id=4"},"modified":"2022-11-15T11:18:00","modified_gmt":"2022-11-15T14:18:00","slug":"inicio","status":"publish","type":"page","link":"https:\/\/congresos.unlp.edu.ar\/enddhhyes\/","title":{"rendered":"Inicio"},"content":{"rendered":"<div id=\"pl-4\"  class=\"panel-layout\" ><div id=\"pg-4-0\"  class=\"panel-grid panel-has-style\" ><div class=\"siteorigin-panels-stretch panel-row-style panel-row-style-for-4-0\" data-stretch-type=\"full-stretched-padded\" ><div id=\"pgc-4-0-0\"  class=\"panel-grid-cell\" ><div id=\"panel-4-0-0-0\" class=\"so-panel widget widget_sow-image panel-first-child panel-last-child\" data-index=\"0\" ><div\n\t\t\t\n\t\t\tclass=\"so-widget-sow-image so-widget-sow-image-default-c67d20f9f743-4\"\n\t\t\t\n\t\t>\n<div class=\"sow-image-container\">\n\t\t<img \n\tsrc=\"https:\/\/congresos.unlp.edu.ar\/enddhhyes\/wp-content\/uploads\/sites\/23\/2022\/05\/principal_v2.jpg\" width=\"1325\" height=\"403\" srcset=\"https:\/\/congresos.unlp.edu.ar\/enddhhyes\/wp-content\/uploads\/sites\/23\/2022\/05\/principal_v2.jpg 1325w, https:\/\/congresos.unlp.edu.ar\/enddhhyes\/wp-content\/uploads\/sites\/23\/2022\/05\/principal_v2-300x91.jpg 300w, https:\/\/congresos.unlp.edu.ar\/enddhhyes\/wp-content\/uploads\/sites\/23\/2022\/05\/principal_v2-1024x311.jpg 1024w, https:\/\/congresos.unlp.edu.ar\/enddhhyes\/wp-content\/uploads\/sites\/23\/2022\/05\/principal_v2-768x234.jpg 768w\" sizes=\"(max-width: 1325px) 100vw, 1325px\" alt=\"\" \t\tclass=\"so-widget-image\"\/>\n\t<\/div>\n\n<\/div><\/div><\/div><\/div><\/div><div id=\"pg-4-1\"  class=\"panel-grid panel-has-style\" ><div class=\"panel-row-style panel-row-style-for-4-1\" ><div id=\"pgc-4-1-0\"  class=\"panel-grid-cell\" ><div id=\"panel-4-1-0-0\" class=\"so-panel widget widget_sow-image panel-first-child panel-last-child\" data-index=\"1\" ><div\n\t\t\t\n\t\t\tclass=\"so-widget-sow-image so-widget-sow-image-default-4e6925654b7a-4\"\n\t\t\t\n\t\t>\n<div class=\"sow-image-container\">\n\t\t<img \n\tsrc=\"https:\/\/congresos.unlp.edu.ar\/enddhhyes\/wp-content\/uploads\/sites\/23\/2020\/04\/bienvenidxs-1.png\" width=\"321\" height=\"512\" srcset=\"https:\/\/congresos.unlp.edu.ar\/enddhhyes\/wp-content\/uploads\/sites\/23\/2020\/04\/bienvenidxs-1.png 321w, https:\/\/congresos.unlp.edu.ar\/enddhhyes\/wp-content\/uploads\/sites\/23\/2020\/04\/bienvenidxs-1-188x300.png 188w\" sizes=\"(max-width: 321px) 100vw, 321px\" title=\"bienvenidxs\" alt=\"\" \t\tclass=\"so-widget-image\"\/>\n\t<\/div>\n\n<\/div><\/div><\/div><div id=\"pgc-4-1-1\"  class=\"panel-grid-cell\" ><div id=\"panel-4-1-1-0\" class=\"so-panel widget widget_sow-editor panel-first-child panel-last-child\" data-index=\"2\" ><div\n\t\t\t\n\t\t\tclass=\"so-widget-sow-editor so-widget-sow-editor-base\"\n\t\t\t\n\t\t>\n<div class=\"siteorigin-widget-tinymce textwidget\">\n\t<p>Les damos la bienvenida a este\u00a0<span style=\"color: #008080\"><strong>Segundo Encuentro Nacional de Derechos Humanos y Educaci\u00f3n Superior<\/strong><\/span><strong>\u00a0<\/strong>-ENDDHHyES-,titulado\u00a0<span style=\"color: #008080\"><strong>\u201cDesigualdades, Derechos y Educaci\u00f3n Superior. Saberes, experiencias y luchas en tiempos de capitalismo pand\u00e9mico\u201d<\/strong><\/span>\u00a0que organizamos en conjunto con la Red Interuniversitaria de Derechos Humanos del Consejo Interuniversitario Nacional (RIDDHH-CIN).y nuestra Universidad, a trav\u00e9s de la Secretar\u00eda de Derechos Humanos y Pol\u00edticas de Igualdad.<\/p>\n<p>Es un honor y un gusto para nuestra Comunidad Universitaria invitar a este Encuentro que\u00a0<span style=\"color: #008080\"><strong>tendr\u00e1 lugar en el Edificio Sergio Karakachoff de la Universidad Nacional de La Plata los d\u00edas 3 y 4 de noviembre del 2022.<\/strong><\/span><\/p>\n<p>Este evento tiene como antecedentes el Primer Encuentro realizado en 2018 en Paran\u00e1, el Ciclo de Conversatorios Virtuales en el 2020, y un conjunto de iniciativas compartidas en el marco de la RIDDHH por las universidades p\u00fablicas. En tal sentido, procura constituirse en una instancia de intercambio y discusi\u00f3n pol\u00edtica y acad\u00e9mica acerca del fortalecimiento del Estado democr\u00e1tico en Argentina y la regi\u00f3n, afianzando la Educaci\u00f3n Superior como derecho social, frente a la ofensiva de los neoliberalismos, la profundizaci\u00f3n de las desigualdades, el negacionismo y los efectos de la pandemia como acontecimiento disruptivo que provoc\u00f3 la muerte de m\u00e1s de cinco millones de personas en el mundo y un conjunto de transformaciones en la vida social.<\/p>\n<p>Buscamos encontrarnos y entrecruzar saberes y experiencias de investigaci\u00f3n, extensi\u00f3n y docencia, as\u00ed como de producci\u00f3n y ejecuci\u00f3n de pol\u00edticas y programas en el campo de los derechos humanos, fortaleciendo el di\u00e1logo entre la Universidad y la sociedad.<\/p>\n<p>Esperamos que el Encuentro contribuya a producir interrogantes, propuestas y reflexiones que fortalezcan una formaci\u00f3n profesional cr\u00edtica, comprometida con la defensa de los derechos humanos y con el abordaje de los problemas de la sociedad contempor\u00e1nea, a fin de construir tramas relacionales m\u00e1s justas e igualitarias.<\/p>\n<p>Les saludamos afectuosamente.<\/p>\n<p style=\"text-align: right\"><span style=\"color: #00555f\"><strong>Mg. Mar\u00eda del Rosario Badano<br \/>\nDra. Ver\u00f3nica Cruz<br \/>\n<\/strong><\/span><span style=\"color: #ec7814\"><strong><em>Coordinadoras generales<\/em><\/strong><\/span><\/p>\n<\/div>\n<\/div><\/div><\/div><\/div><\/div><div id=\"pg-4-2\"  class=\"panel-grid panel-has-style\" ><div class=\"siteorigin-panels-stretch panel-row-style panel-row-style-for-4-2\" data-stretch-type=\"full-stretched-padded\" ><div id=\"pgc-4-2-0\"  class=\"panel-grid-cell\" ><div id=\"panel-4-2-0-0\" class=\"so-panel widget widget_sow-editor panel-first-child panel-last-child\" data-index=\"3\" ><div class=\"so-rounded panel-widget-style panel-widget-style-for-4-2-0-0\" ><div\n\t\t\t\n\t\t\tclass=\"so-widget-sow-editor so-widget-sow-editor-base\"\n\t\t\t\n\t\t>\n<div class=\"siteorigin-widget-tinymce textwidget\">\n\t<h2 style=\"text-align: center\"><span style=\"color: #008080\"><b>Con m\u00e1s de 500 participantes, finaliz\u00f3 el Segundo Encuentro Nacional de Derechos Humanos y Educaci\u00f3n Superior<\/b><\/span><\/h2>\n<p style=\"text-align: center\"><span style=\"color: #333333\"><a style=\"color: #333333\" href=\"https:\/\/congresos.unlp.edu.ar\/enddhhyes\/con-mas-de-500-participantes-finalizo-el-segundo-encuentro-nacional-de-derechos-humanos-y-educacion-superior\/\"><strong>Leer nota &gt;<\/strong><\/a><\/span><\/p>\n<\/div>\n<\/div><\/div><\/div><\/div><\/div><\/div><div id=\"pg-4-3\"  class=\"panel-grid panel-has-style\" ><div class=\"siteorigin-panels-stretch panel-row-style panel-row-style-for-4-3\" data-stretch-type=\"full\" ><div id=\"pgc-4-3-0\"  class=\"panel-grid-cell\" ><div id=\"panel-4-3-0-0\" class=\"so-panel widget widget_sow-image panel-first-child panel-last-child\" data-index=\"4\" ><div class=\"panel-widget-style panel-widget-style-for-4-3-0-0\" ><div\n\t\t\t\n\t\t\tclass=\"so-widget-sow-image so-widget-sow-image-default-4e6925654b7a-4\"\n\t\t\t\n\t\t>\n<div class=\"sow-image-container\">\n\t\t<img \n\tsrc=\"https:\/\/congresos.unlp.edu.ar\/enddhhyes\/wp-content\/uploads\/sites\/23\/2020\/04\/novedades.png\" width=\"294\" height=\"161\" sizes=\"(max-width: 294px) 100vw, 294px\" alt=\"\" \t\tclass=\"so-widget-image\"\/>\n\t<\/div>\n\n<\/div><\/div><\/div><\/div><div id=\"pgc-4-3-1\"  class=\"panel-grid-cell\" ><div id=\"panel-4-3-1-0\" class=\"so-panel widget widget_circleicon-widget panel-first-child\" data-index=\"5\" >\t\t<div class=\"circle-icon-box circle-icon-position-top circle-icon-hide-box circle-icon-size-small \">\n\t\t\t\t\t\t\t<div class=\"circle-icon-wrapper\">\n\t\t\t\t\t\t\t\t\t\t<a href=\"https:\/\/congresos.unlp.edu.ar\/enddhhyes\/el-encuentro-en-fotos\/\" class=\"link-icon\" target=\"_blank\">\t\t\t\t\t<div class=\"circle-icon icon-style-set\" style=\"background-color: #5e5151\">\n\t\t\t\t\t\t\t\t\t\t\t\t\t<div\n\t\t\t\t\t\t\t\tclass=\"fa fa-file-photo-o  icon-style-set\"\n\t\t\t\t\t\t\t\tstyle=\"color: #dd9933\"\t\t\t\t\t\t\t><\/div>\n\t\t\t\t\t\t\t\t\t\t\t<\/div>\n\t\t\t\t\t<\/a>\t\t\t\t<\/div>\n\t\t\t\n\t\t\t\t\t\t\t<a\n\t\t\t\t\thref=\"https:\/\/congresos.unlp.edu.ar\/enddhhyes\/el-encuentro-en-fotos\/\"\n\t\t\t\t\tclass=\"link-title\" target=&quot;_blank&quot;\t\t\t\t>\n\t\t\t\t\t\t\t\t\t\t<h4 style=\"color: #000000\">\n\t\t\t\t\tGALER\u00cdAS DE FOTOS DEL ENCUENTRO\t\t\t\t<\/h4>\n\t\t\t\t\t\t\t\t\t\t<\/a>\n\t\t\t\n\t\t\t\t\t\t\t<p class=\"text\" style=\"color: #9e1f45\">\n\t\t\t\t7 de noviembre de 2022\t\t\t<\/p>\n\t\t\t\t\t\t\t\t\t\t<a\n\t\t\t\t\thref=\"https:\/\/congresos.unlp.edu.ar\/enddhhyes\/el-encuentro-en-fotos\/\"\n\t\t\t\t\tclass=\"more-button\"\n\t\t\t\t\ttarget=&quot;_blank&quot;style=\"color: #9e1f45\"\t\t\t\t>\n\t\t\t\t\tVer fotos\t\t\t\t\t<i><\/i>\n\t\t\t\t<\/a>\n\t\t\t\t\t<\/div>\n\t\t<\/div><div id=\"panel-4-3-1-1\" class=\"so-panel widget widget_circleicon-widget panel-last-child\" data-index=\"6\" >\t\t<div class=\"circle-icon-box circle-icon-position-top circle-icon-hide-box circle-icon-size-small \">\n\t\t\t\t\t\t\t<div class=\"circle-icon-wrapper\">\n\t\t\t\t\t\t\t\t\t\t<a href=\"http:\/\/congresos.unlp.edu.ar\/enddhhyes\/wp-content\/uploads\/sites\/23\/2022\/09\/WhatsApp-Image-2022-09-05-at-1.18.00-PM-1.jpeg\" class=\"link-icon\" target=\"_blank\">\t\t\t\t\t<div class=\"circle-icon icon-style-set\" style=\"background-color: #5e5151\">\n\t\t\t\t\t\t\t\t\t\t\t\t\t<div\n\t\t\t\t\t\t\t\tclass=\"fa fa-file-image-o  icon-style-set\"\n\t\t\t\t\t\t\t\tstyle=\"color: #dd9933\"\t\t\t\t\t\t\t><\/div>\n\t\t\t\t\t\t\t\t\t\t\t<\/div>\n\t\t\t\t\t<\/a>\t\t\t\t<\/div>\n\t\t\t\n\t\t\t\t\t\t\t<a\n\t\t\t\t\thref=\"http:\/\/congresos.unlp.edu.ar\/enddhhyes\/wp-content\/uploads\/sites\/23\/2022\/09\/WhatsApp-Image-2022-09-05-at-1.18.00-PM-1.jpeg\"\n\t\t\t\t\tclass=\"link-title\" target=&quot;_blank&quot;\t\t\t\t>\n\t\t\t\t\t\t\t\t\t\t<h4 style=\"color: #000000\">\n\t\t\t\t\tPRESENTACI\u00d3N DE TRABAJOS\t\t\t\t<\/h4>\n\t\t\t\t\t\t\t\t\t\t<\/a>\n\t\t\t\n\t\t\t\t\t\t\t<p class=\"text\" style=\"color: #9e1f45\">\n\t\t\t\tExtensi\u00f3n de plazos\t\t\t<\/p>\n\t\t\t\t\t\t\t\t\t\t<a\n\t\t\t\t\thref=\"http:\/\/congresos.unlp.edu.ar\/enddhhyes\/wp-content\/uploads\/sites\/23\/2022\/09\/WhatsApp-Image-2022-09-05-at-1.18.00-PM-1.jpeg\"\n\t\t\t\t\tclass=\"more-button\"\n\t\t\t\t\ttarget=&quot;_blank&quot;style=\"color: #9e1f45\"\t\t\t\t>\n\t\t\t\t\tVer archivo\t\t\t\t\t<i><\/i>\n\t\t\t\t<\/a>\n\t\t\t\t\t<\/div>\n\t\t<\/div><\/div><div id=\"pgc-4-3-2\"  class=\"panel-grid-cell\" ><div id=\"panel-4-3-2-0\" class=\"so-panel widget widget_circleicon-widget panel-first-child\" data-index=\"7\" >\t\t<div class=\"circle-icon-box circle-icon-position-top circle-icon-hide-box circle-icon-size-small \">\n\t\t\t\t\t\t\t<div class=\"circle-icon-wrapper\">\n\t\t\t\t\t\t\t\t\t\t<a href=\"http:\/\/congresos.unlp.edu.ar\/enddhhyes\/wp-content\/uploads\/sites\/23\/2022\/11\/DECLARACION-DEL-SEGUNDO-ENCUENTRO-1-2.pdf\" class=\"link-icon\" target=\"_blank\">\t\t\t\t\t<div class=\"circle-icon icon-style-set\" style=\"background-color: #5e5151\">\n\t\t\t\t\t\t\t\t\t\t\t\t\t<div\n\t\t\t\t\t\t\t\tclass=\"fa fa-file-pdf-o  icon-style-set\"\n\t\t\t\t\t\t\t\tstyle=\"color: #dd9933\"\t\t\t\t\t\t\t><\/div>\n\t\t\t\t\t\t\t\t\t\t\t<\/div>\n\t\t\t\t\t<\/a>\t\t\t\t<\/div>\n\t\t\t\n\t\t\t\t\t\t\t<a\n\t\t\t\t\thref=\"http:\/\/congresos.unlp.edu.ar\/enddhhyes\/wp-content\/uploads\/sites\/23\/2022\/11\/DECLARACION-DEL-SEGUNDO-ENCUENTRO-1-2.pdf\"\n\t\t\t\t\tclass=\"link-title\" target=&quot;_blank&quot;\t\t\t\t>\n\t\t\t\t\t\t\t\t\t\t<h4 style=\"color: #000000\">\n\t\t\t\t\tDECLARACI\u00d3N DEL 2\u00b0ENDDHHYES\t\t\t\t<\/h4>\n\t\t\t\t\t\t\t\t\t\t<\/a>\n\t\t\t\n\t\t\t\t\t\t\t<p class=\"text\" style=\"color: #9e1f45\">\n\t\t\t\t4 de noviembre de 2022\t\t\t<\/p>\n\t\t\t\t\t\t\t\t\t\t<a\n\t\t\t\t\thref=\"http:\/\/congresos.unlp.edu.ar\/enddhhyes\/wp-content\/uploads\/sites\/23\/2022\/11\/DECLARACION-DEL-SEGUNDO-ENCUENTRO-1-2.pdf\"\n\t\t\t\t\tclass=\"more-button\"\n\t\t\t\t\ttarget=&quot;_blank&quot;style=\"color: #9e1f45\"\t\t\t\t>\n\t\t\t\t\tLeer m\u00e1s\t\t\t\t\t<i><\/i>\n\t\t\t\t<\/a>\n\t\t\t\t\t<\/div>\n\t\t<\/div><div id=\"panel-4-3-2-1\" class=\"so-panel widget widget_circleicon-widget panel-last-child\" data-index=\"8\" >\t\t<div class=\"circle-icon-box circle-icon-position-top circle-icon-hide-box circle-icon-size-small \">\n\t\t\t\t\t\t\t<div class=\"circle-icon-wrapper\">\n\t\t\t\t\t\t\t\t\t\t<a href=\"http:\/\/congresos.unlp.edu.ar\/enddhhyes\/wp-content\/uploads\/sites\/23\/2022\/07\/SegundaCircular2022_v2.pdf\" class=\"link-icon\" target=\"_blank\">\t\t\t\t\t<div class=\"circle-icon icon-style-set\" style=\"background-color: #5e5151\">\n\t\t\t\t\t\t\t\t\t\t\t\t\t<div\n\t\t\t\t\t\t\t\tclass=\"fa fa-file-pdf-o  icon-style-set\"\n\t\t\t\t\t\t\t\tstyle=\"color: #dd9933\"\t\t\t\t\t\t\t><\/div>\n\t\t\t\t\t\t\t\t\t\t\t<\/div>\n\t\t\t\t\t<\/a>\t\t\t\t<\/div>\n\t\t\t\n\t\t\t\t\t\t\t<a\n\t\t\t\t\thref=\"http:\/\/congresos.unlp.edu.ar\/enddhhyes\/wp-content\/uploads\/sites\/23\/2022\/07\/SegundaCircular2022_v2.pdf\"\n\t\t\t\t\tclass=\"link-title\" target=&quot;_blank&quot;\t\t\t\t>\n\t\t\t\t\t\t\t\t\t\t<h4 style=\"color: #000000\">\n\t\t\t\t\tSEGUNDA CIRCULAR\t\t\t\t<\/h4>\n\t\t\t\t\t\t\t\t\t\t<\/a>\n\t\t\t\n\t\t\t\t\t\t\t<p class=\"text\" style=\"color: #9e1f45\">\n\t\t\t\t5 de julio de 2022\t\t\t<\/p>\n\t\t\t\t\t\t\t\t\t\t<a\n\t\t\t\t\thref=\"http:\/\/congresos.unlp.edu.ar\/enddhhyes\/wp-content\/uploads\/sites\/23\/2022\/07\/SegundaCircular2022_v2.pdf\"\n\t\t\t\t\tclass=\"more-button\"\n\t\t\t\t\ttarget=&quot;_blank&quot;style=\"color: #9e1f45\"\t\t\t\t>\n\t\t\t\t\tVer archivo\t\t\t\t\t<i><\/i>\n\t\t\t\t<\/a>\n\t\t\t\t\t<\/div>\n\t\t<\/div><\/div><div id=\"pgc-4-3-3\"  class=\"panel-grid-cell\" ><div id=\"panel-4-3-3-0\" class=\"so-panel widget widget_circleicon-widget panel-first-child\" data-index=\"9\" >\t\t<div class=\"circle-icon-box circle-icon-position-top circle-icon-hide-box circle-icon-size-small \">\n\t\t\t\t\t\t\t<div class=\"circle-icon-wrapper\">\n\t\t\t\t\t\t\t\t\t\t<a href=\"https:\/\/congresos.unlp.edu.ar\/enddhhyes\/informacion-para-asistentes\/\" class=\"link-icon\" >\t\t\t\t\t<div class=\"circle-icon icon-style-set\" style=\"background-color: #5e5151\">\n\t\t\t\t\t\t\t\t\t\t\t\t\t<div\n\t\t\t\t\t\t\t\tclass=\"fa fa-bell-o  icon-style-set\"\n\t\t\t\t\t\t\t\tstyle=\"color: #dd9933\"\t\t\t\t\t\t\t><\/div>\n\t\t\t\t\t\t\t\t\t\t\t<\/div>\n\t\t\t\t\t<\/a>\t\t\t\t<\/div>\n\t\t\t\n\t\t\t\t\t\t\t<a\n\t\t\t\t\thref=\"https:\/\/congresos.unlp.edu.ar\/enddhhyes\/informacion-para-asistentes\/\"\n\t\t\t\t\tclass=\"link-title\" \t\t\t\t>\n\t\t\t\t\t\t\t\t\t\t<h4 style=\"color: #000000\">\n\t\t\t\t\tINFORMACI\u00d3N PARA ASISTENTES\t\t\t\t<\/h4>\n\t\t\t\t\t\t\t\t\t\t<\/a>\n\t\t\t\n\t\t\t\t\t\t\t<p class=\"text\" style=\"color: #9e1f45\">\n\t\t\t\t28 de octubre de 2022\t\t\t<\/p>\n\t\t\t\t\t\t\t\t\t\t<a\n\t\t\t\t\thref=\"https:\/\/congresos.unlp.edu.ar\/enddhhyes\/informacion-para-asistentes\/\"\n\t\t\t\t\tclass=\"more-button\"\n\t\t\t\t\tstyle=\"color: #9e1f45\"\t\t\t\t>\n\t\t\t\t\tLeer m\u00e1s\t\t\t\t\t<i><\/i>\n\t\t\t\t<\/a>\n\t\t\t\t\t<\/div>\n\t\t<\/div><div id=\"panel-4-3-3-1\" class=\"so-panel widget widget_circleicon-widget panel-last-child\" data-index=\"10\" >\t\t<div class=\"circle-icon-box circle-icon-position-top circle-icon-hide-box circle-icon-size-small \">\n\t\t\t\t\t\t\t<div class=\"circle-icon-wrapper\">\n\t\t\t\t\t\t\t\t\t\t<a href=\"http:\/\/congresos.unlp.edu.ar\/enddhhyes\/wp-content\/uploads\/sites\/23\/2022\/06\/1circular-ENDDHHYES2022.pdf\" class=\"link-icon\" target=\"_blank\">\t\t\t\t\t<div class=\"circle-icon icon-style-set\" style=\"background-color: #5e5151\">\n\t\t\t\t\t\t\t\t\t\t\t\t\t<div\n\t\t\t\t\t\t\t\tclass=\"fa fa-file-pdf-o  icon-style-set\"\n\t\t\t\t\t\t\t\tstyle=\"color: #dd9933\"\t\t\t\t\t\t\t><\/div>\n\t\t\t\t\t\t\t\t\t\t\t<\/div>\n\t\t\t\t\t<\/a>\t\t\t\t<\/div>\n\t\t\t\n\t\t\t\t\t\t\t<a\n\t\t\t\t\thref=\"http:\/\/congresos.unlp.edu.ar\/enddhhyes\/wp-content\/uploads\/sites\/23\/2022\/06\/1circular-ENDDHHYES2022.pdf\"\n\t\t\t\t\tclass=\"link-title\" target=&quot;_blank&quot;\t\t\t\t>\n\t\t\t\t\t\t\t\t\t\t<h4 style=\"color: #000000\">\n\t\t\t\t\tPRIMERA CIRCULAR\t\t\t\t<\/h4>\n\t\t\t\t\t\t\t\t\t\t<\/a>\n\t\t\t\n\t\t\t\t\t\t\t<p class=\"text\" style=\"color: #9e1f45\">\n\t\t\t\t1 de junio de 2022\t\t\t<\/p>\n\t\t\t\t\t\t\t\t\t\t<a\n\t\t\t\t\thref=\"http:\/\/congresos.unlp.edu.ar\/enddhhyes\/wp-content\/uploads\/sites\/23\/2022\/06\/1circular-ENDDHHYES2022.pdf\"\n\t\t\t\t\tclass=\"more-button\"\n\t\t\t\t\ttarget=&quot;_blank&quot;style=\"color: #9e1f45\"\t\t\t\t>\n\t\t\t\t\tVer archivo\t\t\t\t\t<i><\/i>\n\t\t\t\t<\/a>\n\t\t\t\t\t<\/div>\n\t\t<\/div><\/div><\/div><\/div><div id=\"pg-4-4\"  class=\"panel-grid panel-has-style\" ><div class=\"siteorigin-panels-stretch panel-row-style panel-row-style-for-4-4\" data-stretch-type=\"full\" ><div id=\"pgc-4-4-0\"  class=\"panel-grid-cell\" ><div id=\"panel-4-4-0-0\" class=\"so-panel widget widget_sow-editor panel-first-child\" data-index=\"11\" ><div class=\"panel-widget-style panel-widget-style-for-4-4-0-0\" ><div\n\t\t\t\n\t\t\tclass=\"so-widget-sow-editor so-widget-sow-editor-base\"\n\t\t\t\n\t\t>\n<div class=\"siteorigin-widget-tinymce textwidget\">\n\t<h5 style=\"text-align: left\"><span style=\"color: #ffffff\">Consultas por correo a<\/span> <span style=\"color: #ec7814\"><strong>encuentronacionalddhh2022@gmail.com<\/strong><\/span><\/h5>\n<\/div>\n<\/div><\/div><\/div><div id=\"panel-4-4-0-1\" class=\"so-panel widget widget_sow-image panel-last-child\" data-index=\"12\" ><div\n\t\t\t\n\t\t\tclass=\"so-widget-sow-image so-widget-sow-image-default-8b5b6f678277-4\"\n\t\t\t\n\t\t><\/div><\/div><\/div><div id=\"pgc-4-4-1\"  class=\"panel-grid-cell\" ><div id=\"panel-4-4-1-0\" class=\"so-panel widget widget_sow-social-media-buttons panel-first-child panel-last-child\" data-index=\"13\" ><div class=\"panel-widget-style panel-widget-style-for-4-4-1-0\" ><div\n\t\t\t\n\t\t\tclass=\"so-widget-sow-social-media-buttons so-widget-sow-social-media-buttons-flat-576dbba03966-4\"\n\t\t\t\n\t\t>\n\n<div class=\"social-media-button-container\">\n\t\n\t\t<a \n\t\tclass=\"ow-button-hover sow-social-media-button-facebook-0 sow-social-media-button\" title=\"Facebook\" aria-label=\"Facebook\" target=\"_blank\" rel=\"noopener noreferrer\" href=\"https:\/\/www.facebook.com\/ddhh.unlp\" \t\t>\n\t\t\t<span>\n\t\t\t\t\t\t\t\t<span class=\"sow-icon-fontawesome sow-fab\" data-sow-icon=\"&#xf39e;\"\n\t\t \n\t\taria-hidden=\"true\"><\/span>\t\t\t\t\t\t\t<\/span>\n\t\t<\/a>\n\t\n\t\t<a \n\t\tclass=\"ow-button-hover sow-social-media-button-instagram-0 sow-social-media-button\" title=\"Instagram\" aria-label=\"Instagram\" target=\"_blank\" rel=\"noopener noreferrer\" href=\"https:\/\/www.instagram.com\/ddhh_unlp\/\" \t\t>\n\t\t\t<span>\n\t\t\t\t\t\t\t\t<span class=\"sow-icon-fontawesome sow-fab\" data-sow-icon=\"&#xf16d;\"\n\t\t \n\t\taria-hidden=\"true\"><\/span>\t\t\t\t\t\t\t<\/span>\n\t\t<\/a>\n\t\n\t\t<a \n\t\tclass=\"ow-button-hover sow-social-media-button-x-twitter-0 sow-social-media-button\" title=\"Twitter\" aria-label=\"Twitter\" target=\"_blank\" rel=\"noopener noreferrer\" href=\"https:\/\/twitter.com\/ddhhunlp\" \t\t>\n\t\t\t<span>\n\t\t\t\t\t\t\t\t<span class=\"sow-icon-fontawesome sow-fab\" data-sow-icon=\"&#xe61b;\"\n\t\t \n\t\taria-hidden=\"true\"><\/span>\t\t\t\t\t\t\t<\/span>\n\t\t<\/a>\n\t\n\t\t<a \n\t\tclass=\"ow-button-hover sow-social-media-button-youtube-0 sow-social-media-button\" title=\"Youtube\" aria-label=\"Youtube\" target=\"_blank\" rel=\"noopener noreferrer\" href=\"https:\/\/www.youtube.com\/channel\/UC1exgNPEXT0IUouxwYJvZhQ\" \t\t>\n\t\t\t<span>\n\t\t\t\t\t\t\t\t<span class=\"sow-icon-fontawesome sow-fab\" data-sow-icon=\"&#xf167;\"\n\t\t \n\t\taria-hidden=\"true\"><\/span>\t\t\t\t\t\t\t<\/span>\n\t\t<\/a>\n\t<\/div>\n<\/div><\/div><\/div><\/div><\/div><\/div><\/div>","protected":false},"excerpt":{"rendered":"<p>Les damos la bienvenida a este\u00a0Segundo Encuentro Nacional de Derechos Humanos y Educaci\u00f3n Superior\u00a0-ENDDHHyES-,titulado\u00a0\u201cDesigualdades, Derechos y Educaci\u00f3n Superior. Saberes, experiencias y luchas en tiempos de capitalismo pand\u00e9mico\u201d\u00a0que organizamos en conjunto con la Red Interuniversitaria de Derechos Humanos del Consejo Interuniversitario Nacional (RIDDHH-CIN).y nuestra Universidad, a trav\u00e9s de la Secretar\u00eda de Derechos Humanos y Pol\u00edticas de [&hellip;]<\/p>\n","protected":false},"author":2,"featured_media":384,"parent":0,"menu_order":0,"comment_status":"closed","ping_status":"closed","template":"home-panels.php","meta":{"advgb_blocks_editor_width":"","advgb_blocks_columns_visual_guide":"","footnotes":""},"class_list":["post-4","page","type-page","status-publish","has-post-thumbnail","hentry","post","post-with-thumbnail","post-with-thumbnail-large"],"aioseo_notices":[],"coauthors":[],"author_meta":{"author_link":"https:\/\/congresos.unlp.edu.ar\/enddhhyes\/author\/congresos\/","display_name":"congresos"},"relative_dates":{"created":"Posted 6 a\u00f1os ago","modified":"Updated 3 a\u00f1os ago"},"absolute_dates":{"created":"Posted on 11 marzo, 2020","modified":"Updated on 15 noviembre, 2022"},"absolute_dates_time":{"created":"Posted on 11 marzo, 2020 9:44 am","modified":"Updated on 15 noviembre, 2022 11:18 am"},"featured_img_caption":"","featured_img":"https:\/\/congresos.unlp.edu.ar\/enddhhyes\/wp-content\/uploads\/sites\/23\/2022\/05\/preview.jpg","series_order":"","_links":{"self":[{"href":"https:\/\/congresos.unlp.edu.ar\/enddhhyes\/wp-json\/wp\/v2\/pages\/4","targetHints":{"allow":["GET"]}}],"collection":[{"href":"https:\/\/congresos.unlp.edu.ar\/enddhhyes\/wp-json\/wp\/v2\/pages"}],"about":[{"href":"https:\/\/congresos.unlp.edu.ar\/enddhhyes\/wp-json\/wp\/v2\/types\/page"}],"author":[{"embeddable":true,"href":"https:\/\/congresos.unlp.edu.ar\/enddhhyes\/wp-json\/wp\/v2\/users\/2"}],"replies":[{"embeddable":true,"href":"https:\/\/congresos.unlp.edu.ar\/enddhhyes\/wp-json\/wp\/v2\/comments?post=4"}],"version-history":[{"count":0,"href":"https:\/\/congresos.unlp.edu.ar\/enddhhyes\/wp-json\/wp\/v2\/pages\/4\/revisions"}],"wp:featuredmedia":[{"embeddable":true,"href":"https:\/\/congresos.unlp.edu.ar\/enddhhyes\/wp-json\/wp\/v2\/media\/384"}],"wp:attachment":[{"href":"https:\/\/congresos.unlp.edu.ar\/enddhhyes\/wp-json\/wp\/v2\/media?parent=4"}],"curies":[{"name":"wp","href":"https:\/\/api.w.org\/{rel}","templated":true}]}}