{"id":215,"date":"2020-03-20T13:04:43","date_gmt":"2020-03-20T16:04:43","guid":{"rendered":"http:\/\/congresos.unlp.edu.ar\/enddhhyes\/?page_id=215"},"modified":"2022-07-04T16:02:24","modified_gmt":"2022-07-04T19:02:24","slug":"modalidades-de-trabajo","status":"publish","type":"page","link":"https:\/\/congresos.unlp.edu.ar\/enddhhyes\/modalidades-de-trabajo\/","title":{"rendered":"Modalidades de Trabajo"},"content":{"rendered":"<div id=\"pl-215\"  class=\"panel-layout\" ><div id=\"pg-215-0\"  class=\"panel-grid panel-has-style\" ><div class=\"siteorigin-panels-stretch panel-row-style panel-row-style-for-215-0\" data-stretch-type=\"full-stretched\" ><div id=\"pgc-215-0-0\"  class=\"panel-grid-cell\" ><div id=\"panel-215-0-0-0\" class=\"so-panel widget widget_sow-editor panel-first-child panel-last-child\" data-index=\"0\" ><div\n\t\t\t\n\t\t\tclass=\"so-widget-sow-editor so-widget-sow-editor-base\"\n\t\t\t\n\t\t>\n<div class=\"siteorigin-widget-tinymce textwidget\">\n\t<h1 style=\"text-align: center\"><span style=\"color: #ffffff\">MODALIDADES DE PARTICIPACI\u00d3N<\/span><\/h1>\n<\/div>\n<\/div><\/div><\/div><\/div><\/div><div id=\"pg-215-1\"  class=\"panel-grid panel-no-style\" ><div id=\"pgc-215-1-0\"  class=\"panel-grid-cell\" ><div id=\"panel-215-1-0-0\" class=\"so-panel widget widget_sow-editor panel-first-child panel-last-child\" data-index=\"1\" ><div class=\"panel-widget-style panel-widget-style-for-215-1-0-0\" ><div\n\t\t\t\n\t\t\tclass=\"so-widget-sow-editor so-widget-sow-editor-base\"\n\t\t\t\n\t\t>\n<div class=\"siteorigin-widget-tinymce textwidget\">\n\t<p>El encuentro contempla instancias de participaci\u00f3n como <span style=\"color: #ff6600\"><strong>asistentes y\/o como ponentes<\/strong><\/span> en:<\/p>\n<p style=\"padding-left: 40px\"><span style=\"color: #008080\"><strong>a) Mesas tem\u00e1ticas<\/strong> <strong>de intercambio de experiencias y\/o de ensayos. <\/strong><\/span>Las experiencias o ensayos podr\u00e1n hacer referencia a recorridos de docencia, investigaci\u00f3n, extensi\u00f3n y\/o de gesti\u00f3n (construidos en grupos de trabajo o individualmente, en trayectos de reflexi\u00f3n o de elaboraci\u00f3n de tesis o TFI), o bien en \u00e1mbitos estatales y\/o socio-comunitarios. (Podr\u00e1n ser elaboradas por hasta cuatro autorxs)<\/p>\n<p style=\"padding-left: 40px\"><span style=\"color: #008080\"><strong>b) Presentaci\u00f3n de trabajos en formato p\u00f3ster<\/strong><\/span> est\u00e1ndar y comunicaci\u00f3n oral.<\/p>\n<p>Para participar del Encuentro -sea como asistente o como ponente- es necesario <a href=\"https:\/\/forms.gle\/FikCY8bodBa5asc48\" target=\"_blank\" rel=\"noopener\"><strong>completar el formulario<\/strong><\/a>, y leer atentamente las orientaciones all\u00ed consignadas. Los trabajos se presentan exclusivamente a trav\u00e9s de este formato. Ser\u00e1n luego publicados en formato digital.<\/p>\n<\/div>\n<\/div><\/div><\/div><\/div><\/div><\/div>","protected":false},"excerpt":{"rendered":"<p>MODALIDADES DE PARTICIPACI\u00d3N El encuentro contempla instancias de participaci\u00f3n como asistentes y\/o como ponentes en: a) Mesas tem\u00e1ticas de intercambio de experiencias y\/o de ensayos. Las experiencias o ensayos podr\u00e1n hacer referencia a recorridos de docencia, investigaci\u00f3n, extensi\u00f3n y\/o de gesti\u00f3n (construidos en grupos de trabajo o individualmente, en trayectos de reflexi\u00f3n o de elaboraci\u00f3n [&hellip;]<\/p>\n","protected":false},"author":48,"featured_media":0,"parent":0,"menu_order":0,"comment_status":"closed","ping_status":"closed","template":"","meta":{"advgb_blocks_editor_width":"","advgb_blocks_columns_visual_guide":"","footnotes":""},"class_list":["post-215","page","type-page","status-publish","hentry","post"],"aioseo_notices":[],"coauthors":[],"author_meta":{"author_link":"https:\/\/congresos.unlp.edu.ar\/enddhhyes\/author\/candela\/","display_name":"candela"},"relative_dates":{"created":"Posted 6 a\u00f1os ago","modified":"Updated 4 a\u00f1os ago"},"absolute_dates":{"created":"Posted on 20 marzo, 2020","modified":"Updated on 4 julio, 2022"},"absolute_dates_time":{"created":"Posted on 20 marzo, 2020 1:04 pm","modified":"Updated on 4 julio, 2022 4:02 pm"},"featured_img_caption":"","featured_img":false,"series_order":"","_links":{"self":[{"href":"https:\/\/congresos.unlp.edu.ar\/enddhhyes\/wp-json\/wp\/v2\/pages\/215","targetHints":{"allow":["GET"]}}],"collection":[{"href":"https:\/\/congresos.unlp.edu.ar\/enddhhyes\/wp-json\/wp\/v2\/pages"}],"about":[{"href":"https:\/\/congresos.unlp.edu.ar\/enddhhyes\/wp-json\/wp\/v2\/types\/page"}],"author":[{"embeddable":true,"href":"https:\/\/congresos.unlp.edu.ar\/enddhhyes\/wp-json\/wp\/v2\/users\/48"}],"replies":[{"embeddable":true,"href":"https:\/\/congresos.unlp.edu.ar\/enddhhyes\/wp-json\/wp\/v2\/comments?post=215"}],"version-history":[{"count":0,"href":"https:\/\/congresos.unlp.edu.ar\/enddhhyes\/wp-json\/wp\/v2\/pages\/215\/revisions"}],"wp:attachment":[{"href":"https:\/\/congresos.unlp.edu.ar\/enddhhyes\/wp-json\/wp\/v2\/media?parent=215"}],"curies":[{"name":"wp","href":"https:\/\/api.w.org\/{rel}","templated":true}]}}