{"id":15,"date":"2020-03-11T10:15:21","date_gmt":"2020-03-11T13:15:21","guid":{"rendered":"http:\/\/congresos.unlp.edu.ar\/enddhhyes\/?page_id=15"},"modified":"2022-06-03T09:31:08","modified_gmt":"2022-06-03T12:31:08","slug":"antecedentes","status":"publish","type":"page","link":"https:\/\/congresos.unlp.edu.ar\/enddhhyes\/antecedentes\/","title":{"rendered":"Sobre el Encuentro"},"content":{"rendered":"<div id=\"pl-15\"  class=\"panel-layout\" ><div id=\"pg-15-0\"  class=\"panel-grid panel-has-style\" ><div class=\"siteorigin-panels-stretch panel-row-style panel-row-style-for-15-0\" data-stretch-type=\"full-stretched\" ><div id=\"pgc-15-0-0\"  class=\"panel-grid-cell\" ><div id=\"panel-15-0-0-0\" class=\"so-panel widget widget_sow-editor panel-first-child panel-last-child\" data-index=\"0\" ><div\n\t\t\t\n\t\t\tclass=\"so-widget-sow-editor so-widget-sow-editor-base\"\n\t\t\t\n\t\t>\n<div class=\"siteorigin-widget-tinymce textwidget\">\n\t<h1 style=\"text-align: center\"><span style=\"color: #ffffff\">PRESENTACI\u00d3N<\/span><\/h1>\n<\/div>\n<\/div><\/div><\/div><\/div><\/div><div id=\"pg-15-1\"  class=\"panel-grid panel-no-style\" ><div id=\"pgc-15-1-0\"  class=\"panel-grid-cell\" ><div id=\"panel-15-1-0-0\" class=\"so-panel widget widget_sow-editor panel-first-child panel-last-child\" data-index=\"1\" ><div class=\"panel-widget-style panel-widget-style-for-15-1-0-0\" ><div\n\t\t\t\n\t\t\tclass=\"so-widget-sow-editor so-widget-sow-editor-base\"\n\t\t\t\n\t\t>\n<div class=\"siteorigin-widget-tinymce textwidget\">\n\t<p style=\"text-align: left\">La <span style=\"color: #008080\"><strong>Red Interuniversitaria de Derechos Humanos del Consejo Interuniversitario Nacional<\/strong> (RIDDHH-CIN)<\/span> junto a la <strong><span style=\"color: #008080\">Universidad Nacional de La Plata<\/span><\/strong><span style=\"color: #008080\"> (UNLP)<\/span>, a trav\u00e9s de su <strong><span style=\"color: #008080\">Secretar\u00eda de Derechos Humanos y Pol\u00edticas de Igualdad<\/span><\/strong>, organizan este Segundo Encuentro Nacional. El mismo procura constituirse en una instancia de intercambio y discusi\u00f3n pol\u00edtica y acad\u00e9mica acerca del fortalecimiento del Estado democr\u00e1tico en Argentina y la regi\u00f3n, afianzando la Educaci\u00f3n Superior como derecho social.<\/p>\n<p style=\"text-align: left\">En un escenario de capitalismo pand\u00e9mico (Butler, 2020), que profundiza las desigualdades y genera un conjunto de transformaciones en la vida social que ponen en cuesti\u00f3n la sostenibilidad de la vida, fortalecer el di\u00e1logo entre la Universidad y la sociedad, constituye en un desaf\u00edo \u00e9tico y pol\u00edtico. De aqu\u00ed la importancia de construir memorias que tensionen los procesos negacionistas, compartiendo saberes y experiencias generadas en las instituciones de educaci\u00f3n superior, a partir de la producci\u00f3n y ejecuci\u00f3n de pol\u00edticas en el campo de los derechos humanos.<\/p>\n<p>El Encuentro es de car\u00e1cter p\u00fablico y abierto, est\u00e1 especialmente dirigido a docentes, investigadorxs, egresadxs y estudiantes universitarixs y del nivel superior, y actorxs sociales que participen en el campo de los derechos humanos, en a) experiencias de gesti\u00f3n desarrollando \u00e1reas y programas espec\u00edficos; b) c\u00e1tedras y\/o seminarios; c) proyectos de investigaci\u00f3n y de extensi\u00f3n; d) carreras y programas de posgrado en derechos humanos; e) pr\u00e1cticas y pasant\u00edas de formaci\u00f3n profesional en articulaci\u00f3n con organizaciones y movimientos sociales vinculados a los derechos humanos, f) trabajadorxs de \u00e1mbitos estatales y socio-comunitarios que desarrollen acciones y proyectos en el campo de los derechos humanos.<\/p>\n<h2 style=\"text-align: left\"><span style=\"color: #ff6600\"><strong>Antecedentes<\/strong><\/span><\/h2>\n<p style=\"text-align: left\">La conformaci\u00f3n de la Red Interuniversitaria de Derechos Humanos registra un primer antecedente en el a\u00f1o 1999 cuando las universidades de Lan\u00fas y de La Plata fueron elegidas en la Universidad de R\u00edo Cuarto, para coordinar las acciones tendientes a su institucionalizaci\u00f3n. Por entonces, impulsaron esta iniciativa unas trece universidades nacionales que aprobaron un estatuto y un reglamento, y establecieron c\u00f3mo podr\u00edan sumarse el resto de las Casas de Estudio; a la vez que afirmaban que la Red \u201cser\u00e1 un \u00e1mbito para estimular y promover el intercambio y la cooperaci\u00f3n entre las casas de estudios para realizar, en conjunto, actividades acad\u00e9micas, de investigaci\u00f3n y extensi\u00f3n centradas en los derechos b\u00e1sicos de todas las personas.\u201d<\/p>\n<p style=\"text-align: left\">Posteriormente, en 2015 en San Miguel de Tucum\u00e1n, el \u00c1rea de Derechos Humanos de la Universidad Nacional de Tucum\u00e1n organiz\u00f3 un encuentro del que participaron doce universidades que asumieron los compromisos de \u201cgenerar y promover est\u00e1ndares de pol\u00edticas educativas en materia de derechos humanos a ser desarrolladas en todo el territorio nacional;\u201d y \u201cabordar en forma conjunta pol\u00edticas de DDHH tomando especial atenci\u00f3n a las particularidades regionales dentro del contexto nacional,\u201d entre otros. Asimismo, las Universidades Nacionales de Rosario, La Pampa, Jos\u00e9 C. Paz, R\u00edo Cuarto, del Sur y Aut\u00f3noma de Entre R\u00edos han sido desde entonces sedes de los encuentros en los que han participado unas veinticuatro universidades.<\/p>\n<p style=\"text-align: left\">Esta trayectoria de veinte a\u00f1os de construcci\u00f3n colectiva posibilit\u00f3 recientemente, en 2018, la formalizaci\u00f3n de la RIDDHH ante el Consejo Interuniversitario Nacional, coordinada por la UADER, y concret\u00f3 la realizaci\u00f3n del Primer Encuentro Nacional <em>\u201cDerechos Humanos y Educaci\u00f3n Superior. Pol\u00edticas, pr\u00e1cticas y dispositivos a 100 a\u00f1os de la Reforma Universitaria\u201d<\/em> realizado en la Sede de \u00e9sta \u00faltima. Del Evento participaron m\u00e1s de 1200 personas que presentaron 400 ponencias trabajadas en 43 mesas tem\u00e1ticas organizadas en los ejes de Ense\u00f1anza, Investigaci\u00f3n y Extensi\u00f3n, cuyas producciones dieron lugar a la publicaci\u00f3n de dos libros.<\/p>\n<p style=\"text-align: left\">Producto de la pandemia y como alternativa ante\u00a0 la imposibilidad de materializar este Segundo Encuentro, se realiz\u00f3\u00a0 durante septiembre del a\u00f1o 2020 el Ciclo de Conversatorios Virtuales <em>\"Educaci\u00f3n Superior, Derechos Humanos y Desigualdad en tiempos de Pandemia\"<\/em> donde se reflexiona colectivamente acerca del momento hist\u00f3rico e in\u00e9dito que vive nuestro pa\u00eds y la regi\u00f3n, producto de la crisis global agudizada por la pandemia del coronavirus, y sobre el papel de la Universidad P\u00fablica en este tiempo.<\/p>\n<p style=\"text-align: left\">Este recorrido impulsa la organizaci\u00f3n de este Segundo Encuentro, desde la convicci\u00f3n de continuar fortaleciendo acciones colectivas que -desde un trabajo institucional sostenido que transversalice la perspectiva de derechos humanos- entramen movimientos emancipatorios en clave popular, feminista, democr\u00e1tica e inclusiva.<\/p>\n<h2><span style=\"color: #ff6600\">Fecha y lugar del Encuentro<\/span><\/h2>\n<p>Se realizar\u00e1 los d\u00edas <strong><span style=\"color: #008080\">3 y 4 de noviembre de 2022<\/span><\/strong> en el Centro de Convenciones <span style=\"color: #008080\"><strong>Edificio Sergio Karakachoff <\/strong><\/span>de la Universidad Nacional de La Plata.<em><br \/>\nCalle 48 entre 6 y 7. La Plata.<\/em><\/p>\n<\/div>\n<\/div><\/div><\/div><\/div><\/div><\/div>","protected":false},"excerpt":{"rendered":"<p>PRESENTACI\u00d3N La Red Interuniversitaria de Derechos Humanos del Consejo Interuniversitario Nacional (RIDDHH-CIN) junto a la Universidad Nacional de La Plata (UNLP), a trav\u00e9s de su Secretar\u00eda de Derechos Humanos y Pol\u00edticas de Igualdad, organizan este Segundo Encuentro Nacional. El mismo procura constituirse en una instancia de intercambio y discusi\u00f3n pol\u00edtica y acad\u00e9mica acerca del fortalecimiento [&hellip;]<\/p>\n","protected":false},"author":2,"featured_media":0,"parent":0,"menu_order":0,"comment_status":"closed","ping_status":"closed","template":"","meta":{"advgb_blocks_editor_width":"","advgb_blocks_columns_visual_guide":"","footnotes":""},"class_list":["post-15","page","type-page","status-publish","hentry","post"],"aioseo_notices":[],"coauthors":[],"author_meta":{"author_link":"https:\/\/congresos.unlp.edu.ar\/enddhhyes\/author\/congresos\/","display_name":"congresos"},"relative_dates":{"created":"Posted 6 a\u00f1os ago","modified":"Updated 4 a\u00f1os ago"},"absolute_dates":{"created":"Posted on 11 marzo, 2020","modified":"Updated on 3 junio, 2022"},"absolute_dates_time":{"created":"Posted on 11 marzo, 2020 10:15 am","modified":"Updated on 3 junio, 2022 9:31 am"},"featured_img_caption":"","featured_img":false,"series_order":"","_links":{"self":[{"href":"https:\/\/congresos.unlp.edu.ar\/enddhhyes\/wp-json\/wp\/v2\/pages\/15","targetHints":{"allow":["GET"]}}],"collection":[{"href":"https:\/\/congresos.unlp.edu.ar\/enddhhyes\/wp-json\/wp\/v2\/pages"}],"about":[{"href":"https:\/\/congresos.unlp.edu.ar\/enddhhyes\/wp-json\/wp\/v2\/types\/page"}],"author":[{"embeddable":true,"href":"https:\/\/congresos.unlp.edu.ar\/enddhhyes\/wp-json\/wp\/v2\/users\/2"}],"replies":[{"embeddable":true,"href":"https:\/\/congresos.unlp.edu.ar\/enddhhyes\/wp-json\/wp\/v2\/comments?post=15"}],"version-history":[{"count":0,"href":"https:\/\/congresos.unlp.edu.ar\/enddhhyes\/wp-json\/wp\/v2\/pages\/15\/revisions"}],"wp:attachment":[{"href":"https:\/\/congresos.unlp.edu.ar\/enddhhyes\/wp-json\/wp\/v2\/media?parent=15"}],"curies":[{"name":"wp","href":"https:\/\/api.w.org\/{rel}","templated":true}]}}