{"id":113,"date":"2020-03-19T11:07:15","date_gmt":"2020-03-19T14:07:15","guid":{"rendered":"http:\/\/congresos.unlp.edu.ar\/enddhhyes\/?page_id=113"},"modified":"2022-11-02T00:48:01","modified_gmt":"2022-11-02T03:48:01","slug":"comite-academico","status":"publish","type":"page","link":"https:\/\/congresos.unlp.edu.ar\/enddhhyes\/comite-academico\/","title":{"rendered":"Comit\u00e9 Acad\u00e9mico"},"content":{"rendered":"<div id=\"pl-113\"  class=\"panel-layout\" ><div id=\"pg-113-0\"  class=\"panel-grid panel-has-style\" ><div class=\"siteorigin-panels-stretch panel-row-style panel-row-style-for-113-0\" data-stretch-type=\"full-stretched\" ><div id=\"pgc-113-0-0\"  class=\"panel-grid-cell\" ><div id=\"panel-113-0-0-0\" class=\"so-panel widget widget_sow-editor panel-first-child panel-last-child\" data-index=\"0\" ><div\n\t\t\t\n\t\t\tclass=\"so-widget-sow-editor so-widget-sow-editor-base\"\n\t\t\t\n\t\t>\n<div class=\"siteorigin-widget-tinymce textwidget\">\n\t<h1 style=\"text-align: center\"><span style=\"color: #ffffff\">COMIT\u00c9 ACAD\u00c9MICO<\/span><\/h1>\n<\/div>\n<\/div><\/div><\/div><\/div><\/div><div id=\"pg-113-1\"  class=\"panel-grid panel-has-style\" ><div class=\"panel-row-style panel-row-style-for-113-1\" ><div id=\"pgc-113-1-0\"  class=\"panel-grid-cell\" ><div id=\"panel-113-1-0-0\" class=\"so-panel widget widget_sow-editor panel-first-child panel-last-child\" data-index=\"1\" ><div class=\"panel-widget-style panel-widget-style-for-113-1-0-0\" ><div\n\t\t\t\n\t\t\tclass=\"so-widget-sow-editor so-widget-sow-editor-base\"\n\t\t\t\n\t\t>\n<div class=\"siteorigin-widget-tinymce textwidget\">\n\t<h3 style=\"text-align: center\"><span style=\"color: #008080\"><strong>Coordinadoras generales<\/strong><\/span><\/h3>\n<p style=\"text-align: center\"><strong>Mar\u00eda del Rosario Badano - Ver\u00f3nica Cruz<\/strong><\/p>\n<h3 style=\"text-align: center\"><span style=\"color: #008080\">Integrantes<\/span><\/h3>\n<p style=\"text-align: center\"><strong>Hugo Rojas, Ana Barletta, Fabi\u00e1n Salvioli, Clotilde de Pauw, Javier Gortari, Flavio Rapisardi, Guadalupe Godoy, Gustavo Palmieri, Mat\u00edas Penhos, Paula Contino, Jorge Jaunarena, Rosana Ram\u00edrez y Gladys Loys.<\/strong><\/p>\n<\/div>\n<\/div><\/div><\/div><\/div><\/div><\/div><\/div>","protected":false},"excerpt":{"rendered":"<p>COMIT\u00c9 ACAD\u00c9MICO Coordinadoras generales Mar\u00eda del Rosario Badano &#8211; Ver\u00f3nica Cruz Integrantes Hugo Rojas, Ana Barletta, Fabi\u00e1n Salvioli, Clotilde de Pauw, Javier Gortari, Flavio Rapisardi, Guadalupe Godoy, Gustavo Palmieri, Mat\u00edas Penhos, Paula Contino, Jorge Jaunarena, Rosana Ram\u00edrez y Gladys Loys.<\/p>\n","protected":false},"author":48,"featured_media":0,"parent":0,"menu_order":0,"comment_status":"closed","ping_status":"closed","template":"","meta":{"advgb_blocks_editor_width":"","advgb_blocks_columns_visual_guide":"","footnotes":""},"class_list":["post-113","page","type-page","status-publish","hentry","post"],"aioseo_notices":[],"coauthors":[],"author_meta":{"author_link":"https:\/\/congresos.unlp.edu.ar\/enddhhyes\/author\/candela\/","display_name":"candela"},"relative_dates":{"created":"Posted 6 a\u00f1os ago","modified":"Updated 3 a\u00f1os ago"},"absolute_dates":{"created":"Posted on 19 marzo, 2020","modified":"Updated on 2 noviembre, 2022"},"absolute_dates_time":{"created":"Posted on 19 marzo, 2020 11:07 am","modified":"Updated on 2 noviembre, 2022 12:48 am"},"featured_img_caption":"","featured_img":false,"series_order":"","_links":{"self":[{"href":"https:\/\/congresos.unlp.edu.ar\/enddhhyes\/wp-json\/wp\/v2\/pages\/113","targetHints":{"allow":["GET"]}}],"collection":[{"href":"https:\/\/congresos.unlp.edu.ar\/enddhhyes\/wp-json\/wp\/v2\/pages"}],"about":[{"href":"https:\/\/congresos.unlp.edu.ar\/enddhhyes\/wp-json\/wp\/v2\/types\/page"}],"author":[{"embeddable":true,"href":"https:\/\/congresos.unlp.edu.ar\/enddhhyes\/wp-json\/wp\/v2\/users\/48"}],"replies":[{"embeddable":true,"href":"https:\/\/congresos.unlp.edu.ar\/enddhhyes\/wp-json\/wp\/v2\/comments?post=113"}],"version-history":[{"count":0,"href":"https:\/\/congresos.unlp.edu.ar\/enddhhyes\/wp-json\/wp\/v2\/pages\/113\/revisions"}],"wp:attachment":[{"href":"https:\/\/congresos.unlp.edu.ar\/enddhhyes\/wp-json\/wp\/v2\/media?parent=113"}],"curies":[{"name":"wp","href":"https:\/\/api.w.org\/{rel}","templated":true}]}}