{"id":13,"date":"2023-05-18T10:56:46","date_gmt":"2023-05-18T13:56:46","guid":{"rendered":"https:\/\/congresos.unlp.edu.ar\/edeu\/?page_id=13"},"modified":"2023-05-22T10:48:50","modified_gmt":"2023-05-22T13:48:50","slug":"fechas-clave","status":"publish","type":"page","link":"https:\/\/congresos.unlp.edu.ar\/edeu\/fechas-clave\/","title":{"rendered":"Fechas clave"},"content":{"rendered":"<p><b>Condiciones y plazos de presentaci\u00f3n de res\u00famenes<\/b><\/p>\n<p style=\"text-align: justify\">\u25cf Un mismx autor\/x no podr\u00e1 presentar m\u00e1s de 2 trabajos (en cualquier modalidad de presentaci\u00f3n, ya sean estos de autor\u00eda individual o colectiva).<\/p>\n<p>\u25cf\u00a0Env\u00edo de res\u00famenes breves: <strong>entre el 5 de junio y el 11 de julio de 2023<\/strong>. La presentaci\u00f3n se realizar\u00e1 junto con la inscripci\u00f3n.<\/p>\n<p>\u25cf Fecha l\u00edmite para el env\u00edo de res\u00famenes extendidos en caso de optar por la publicaci\u00f3n en actas del Encuentro: <strong>18 de octubre de 2023<\/strong>.<\/p>\n<p style=\"text-align: justify\">\n<p>&nbsp;<\/p>\n","protected":false},"excerpt":{"rendered":"<p>Condiciones y plazos de presentaci\u00f3n de res\u00famenes [&hellip;]<\/p>\n","protected":false},"author":2,"featured_media":0,"parent":0,"menu_order":0,"comment_status":"closed","ping_status":"closed","template":"","meta":{"advgb_blocks_editor_width":"","advgb_blocks_columns_visual_guide":"","footnotes":""},"class_list":["post-13","page","type-page","status-publish","hentry","post"],"aioseo_notices":[],"coauthors":[],"author_meta":{"author_link":"https:\/\/congresos.unlp.edu.ar\/edeu\/author\/congresos\/","display_name":"congresos"},"relative_dates":{"created":"Posted 3 a\u00f1os ago","modified":"Updated 3 a\u00f1os ago"},"absolute_dates":{"created":"Posted on 18 mayo, 2023","modified":"Updated on 22 mayo, 2023"},"absolute_dates_time":{"created":"Posted on 18 mayo, 2023 10:56 am","modified":"Updated on 22 mayo, 2023 10:48 am"},"featured_img_caption":"","featured_img":false,"series_order":"","_links":{"self":[{"href":"https:\/\/congresos.unlp.edu.ar\/edeu\/wp-json\/wp\/v2\/pages\/13","targetHints":{"allow":["GET"]}}],"collection":[{"href":"https:\/\/congresos.unlp.edu.ar\/edeu\/wp-json\/wp\/v2\/pages"}],"about":[{"href":"https:\/\/congresos.unlp.edu.ar\/edeu\/wp-json\/wp\/v2\/types\/page"}],"author":[{"embeddable":true,"href":"https:\/\/congresos.unlp.edu.ar\/edeu\/wp-json\/wp\/v2\/users\/2"}],"replies":[{"embeddable":true,"href":"https:\/\/congresos.unlp.edu.ar\/edeu\/wp-json\/wp\/v2\/comments?post=13"}],"version-history":[{"count":0,"href":"https:\/\/congresos.unlp.edu.ar\/edeu\/wp-json\/wp\/v2\/pages\/13\/revisions"}],"wp:attachment":[{"href":"https:\/\/congresos.unlp.edu.ar\/edeu\/wp-json\/wp\/v2\/media?parent=13"}],"curies":[{"name":"wp","href":"https:\/\/api.w.org\/{rel}","templated":true}]}}