{"id":126,"date":"2023-05-19T13:01:26","date_gmt":"2023-05-19T16:01:26","guid":{"rendered":"https:\/\/congresos.unlp.edu.ar\/edeu\/?page_id=126"},"modified":"2023-06-09T11:33:54","modified_gmt":"2023-06-09T14:33:54","slug":"normas-de-presentacion-de-trabajos","status":"publish","type":"page","link":"https:\/\/congresos.unlp.edu.ar\/edeu\/normas-de-presentacion-de-trabajos\/","title":{"rendered":"Normas de presentaci\u00f3n de trabajos"},"content":{"rendered":"<p><strong>Normas de presentaci\u00f3n de trabajos<\/strong><\/p>\n<p><strong>Trabajo acad\u00e9mico<\/strong><\/p>\n<p style=\"text-align: justify\">El trabajo acad\u00e9mico debe dar cuenta de una investigaci\u00f3n o reflexionar en profundidad sobre un tema de acuerdo con los ejes tem\u00e1ticos propuestos para el encuentro.<br \/>\nPara presentar un trabajo acad\u00e9mico se debe enviar un resumen con una extensi\u00f3n de un m\u00ednimo de 250 y un m\u00e1ximo de 400 palabras y tres palabras clave. Los res\u00famenes deben ser enviados en hoja A4 (29,7 cm x 21 cm), m\u00e1rgenes de 3 cm, fuente Times New Roman cuerpo 12, interlineado de 1.5, alineamiento justificado. (No debe colocarse en ning\u00fan caso informaci\u00f3n adicional como ser el nombre del encuentro u otro). Deber\u00e1 incorporarse la siguiente informaci\u00f3n:<br \/>\n\u25cf T\u00edtulo: Centrado, con may\u00fasculas y negritas.<br \/>\n\u25cf Nombre y Apellido completos, alineados a la izquierda, acompa\u00f1ados por la instituci\u00f3n de pertenencia y el mail de cada unx de lxs autorxs.<br \/>\n\u25cf Formato\/nombre del archivo: debe contener el n\u00famero del Eje, la modalidad de participaci\u00f3n (en este caso TA) y el apellido del primer autor\/x. Ejemplo: Eje1-TA-P\u00e9rez.doc Se debe consignar el eje y modalidad en que se inscribe el resumen. Los mismos no deben contener notas al pie ni finales. La citaci\u00f3n y bibliograf\u00eda debe introducirse siguiendo las Normas APA -7 ma edici\u00f3n. No es obligatorio introducir citas y referencias bibliogr\u00e1ficas en el resumen y las mismas no est\u00e1n incluidas en la extensi\u00f3n de palabras propuesta.<\/p>\n<p><strong>Relato de experiencia<\/strong><\/p>\n<p style=\"text-align: justify\">Los trabajos presentados en esta modalidad deben narrar experiencias pedag\u00f3gicas que interroguen y problematicen las pr\u00e1cticas educativas. Convocamos a aquellas experiencias que resulten significativas y\/o innovadoras para la reflexi\u00f3n pedag\u00f3gica de acuerdo con los ejes tem\u00e1ticos previstos para el encuentro.<br \/>\nPara presentar un relato de experiencia se debe enviar un resumen con una extensi\u00f3n m\u00ednima de 250 y un m\u00e1ximo de 400 palabras y tres palabras clave. Los res\u00famenes deben ser enviados en hoja A4 (29,7 cm x 21 cm), m\u00e1rgenes de 3 cm, fuente Times New Roman cuerpo 12, interlineado de 1.5, alineamiento justificado. (No debe colocarse en ning\u00fan caso informaci\u00f3n adicional como ser el nombre del encuentro u otro). Deber\u00e1 incorporarse la siguiente informaci\u00f3n:<br \/>\n\u25cf T\u00edtulo: Centrado, con may\u00fasculas y negritas.<br \/>\n\u25cf Nombre y Apellido completos, alineados a la izquierda, acompa\u00f1ados por la instituci\u00f3n de pertenencia y el mail de cada unx de lxs autorxs.<br \/>\n\u25cf Formato\/nombre del archivo: debe contener el n\u00famero del Eje, la modalidad de participaci\u00f3n (en este caso RE) y el apellido del primer autor\/x. Ejemplo: Eje1-RE-P\u00e9rez.doc Se debe consignar el eje y modalidad en que se inscribe el resumen. Los mismos no deben contener notas al pie ni finales. La citaci\u00f3n y bibliograf\u00eda debe introducirse siguiendo las Normas APA -7 ma edici\u00f3n. No es obligatorio introducir citas y referencias bibliogr\u00e1ficas en el resumen y las mismas no est\u00e1n incluidas en la extensi\u00f3n de palabras propuesta.<\/p>\n<p><strong>P\u00f3ster<\/strong><\/p>\n<p style=\"text-align: justify\">El p\u00f3ster deber\u00e1 comunicar una experiencia, dar cuenta de la implementaci\u00f3n de acciones y estrategias concretas o abordar investigaciones en proceso, de acuerdo con los ejes tem\u00e1ticos previstos para estos encuentros. El p\u00f3ster puede ser tambi\u00e9n la presentaci\u00f3n de un grupo de investigaci\u00f3n, extensi\u00f3n, programa o proyecto institucional.<br \/>\nEl esquema\/resumen con la descripci\u00f3n del p\u00f3ster tendr\u00e1 un m\u00ednimo de 250 y un m\u00e1ximo de 400 palabras con 3 palabras clave. Los res\u00famenes deben ser enviados en hoja A4 (29,7 cm x 21 cm), m\u00e1rgenes de 3 cm, fuente Times New Roman cuerpo 12, interlineado de 1.5, alineamiento justificado. (No debe colocarse en ning\u00fan caso informaci\u00f3n adicional como ser el nombre del encuentro u otro). Deber\u00e1 incorporarse la siguiente informaci\u00f3n:<br \/>\n\u25cf T\u00edtulo: Centrado, con may\u00fasculas y negritas<br \/>\n\u25cf Nombre y Apellido completos, alineados a la izquierda, acompa\u00f1ados por la instituci\u00f3n de pertenencia y el mail de cada unx de lxs autorxs.<br \/>\n\u25cf Formato\/nombre del archivo: debe contener el n\u00famero del Eje, la modalidad de participaci\u00f3n (en este caso PO) y el apellido del primer autor\/x. Ejemplo: Eje1-PO-P\u00e9rez.doc Se debe consignar el eje y modalidad en que se inscribe el resumen. Los mismos no deben contener notas al pie ni finales. La citaci\u00f3n y bibliograf\u00eda debe introducirse siguiendo las Normas APA -7 ma edici\u00f3n. No es obligatorio introducir citas y referencias bibliogr\u00e1ficas en el resumen y las mismas no est\u00e1n incluidas en la extensi\u00f3n de palabras propuesta.<br \/>\nEl p\u00f3ster completo para presentaci\u00f3n en el evento deber\u00e1 tener una altura m\u00e1xima de 120 cm y un ancho m\u00e1ximo de 80 cm, en vertical. Se sugiere incluir gr\u00e1ficos, figuras, ilustraciones, fotos, etc. que visualizan las ideas.<br \/>\nAdem\u00e1s, debe contener la siguiente informaci\u00f3n:<br \/>\n\u2713 Apellido y nombre de lxs autorxs e instituci\u00f3n a la que pertenecen.<br \/>\n\u2713 Direcci\u00f3n de correo electr\u00f3nico de cada autor\/x.<br \/>\n\u2713 Breve explicaci\u00f3n del objetivo del trabajo\/experiencia\/investigaci\u00f3n\/extensi\u00f3n.<br \/>\n\u2713 Desarrollo del trabajo acad\u00e9mico, proyecto o experiencia pedag\u00f3gica.<br \/>\n\u2713 Metodolog\u00eda aplicada.<br \/>\n\u2713 Conclusiones.<\/p>\n<p style=\"text-align: justify\">\n","protected":false},"excerpt":{"rendered":"<p>Normas de presentaci\u00f3n de trabajos Trabajo acad\u00e9mico [&hellip;]<\/p>\n","protected":false},"author":2,"featured_media":0,"parent":0,"menu_order":0,"comment_status":"closed","ping_status":"closed","template":"","meta":{"advgb_blocks_editor_width":"","advgb_blocks_columns_visual_guide":"","footnotes":""},"class_list":["post-126","page","type-page","status-publish","hentry","post"],"aioseo_notices":[],"coauthors":[],"author_meta":{"author_link":"https:\/\/congresos.unlp.edu.ar\/edeu\/author\/congresos\/","display_name":"congresos"},"relative_dates":{"created":"Posted 3 a\u00f1os ago","modified":"Updated 3 a\u00f1os ago"},"absolute_dates":{"created":"Posted on 19 mayo, 2023","modified":"Updated on 9 junio, 2023"},"absolute_dates_time":{"created":"Posted on 19 mayo, 2023 1:01 pm","modified":"Updated on 9 junio, 2023 11:33 am"},"featured_img_caption":"","featured_img":false,"series_order":"","_links":{"self":[{"href":"https:\/\/congresos.unlp.edu.ar\/edeu\/wp-json\/wp\/v2\/pages\/126","targetHints":{"allow":["GET"]}}],"collection":[{"href":"https:\/\/congresos.unlp.edu.ar\/edeu\/wp-json\/wp\/v2\/pages"}],"about":[{"href":"https:\/\/congresos.unlp.edu.ar\/edeu\/wp-json\/wp\/v2\/types\/page"}],"author":[{"embeddable":true,"href":"https:\/\/congresos.unlp.edu.ar\/edeu\/wp-json\/wp\/v2\/users\/2"}],"replies":[{"embeddable":true,"href":"https:\/\/congresos.unlp.edu.ar\/edeu\/wp-json\/wp\/v2\/comments?post=126"}],"version-history":[{"count":0,"href":"https:\/\/congresos.unlp.edu.ar\/edeu\/wp-json\/wp\/v2\/pages\/126\/revisions"}],"wp:attachment":[{"href":"https:\/\/congresos.unlp.edu.ar\/edeu\/wp-json\/wp\/v2\/media?parent=126"}],"curies":[{"name":"wp","href":"https:\/\/api.w.org\/{rel}","templated":true}]}}