{"id":86,"date":"2022-08-02T22:13:24","date_gmt":"2022-08-03T01:13:24","guid":{"rendered":"https:\/\/congresos.unlp.edu.ar\/ebec2024\/?page_id=86"},"modified":"2024-10-18T09:51:39","modified_gmt":"2024-10-18T12:51:39","slug":"publicacion","status":"publish","type":"page","link":"https:\/\/congresos.unlp.edu.ar\/ebec2024\/publicacion\/","title":{"rendered":"Publicaciones"},"content":{"rendered":"<h5 style=\"text-align: left\"><span style=\"color: #000000\">Los res\u00famenes presentados en las ediciones anteriores han sido publicados en un n\u00famero Especial de la<strong> Revista Investigaci\u00f3n Joven<\/strong> &#8211; revista electr\u00f3nica especializada en las diversas disciplinas del conocimiento, conteniendo art\u00edculos de alto nivel cient\u00edfico, t\u00e9cnico y educativo, que contribuyen efectivamente a la construcci\u00f3n del saber.<\/span><\/h5>\n<h4 style=\"text-align: center\">Publicaciones<\/h4>\n<div class=\"su-custom-gallery su-custom-gallery-align-center su-custom-gallery-title-always\"><div class=\"su-custom-gallery-slide\" style=\"width:200px;height:200px\"><a href=\"https:\/\/revistas.unlp.edu.ar\/InvJov\/issue\/view\/983\" target=\"_blank\" title=\"Vol. 10 N\u00fam. 3 (2023): Investigaci\u00f3n Joven \u2013 EBEC 2022\"><img loading=\"lazy\" decoding=\"async\" src=\"https:\/\/congresos.unlp.edu.ar\/ebec2024\/wp-content\/uploads\/sites\/89\/2024\/10\/cover_issue_983_es_ES-1.jpg\" alt=\"Vol. 10 N\u00fam. 3 (2023): Investigaci\u00f3n Joven \u2013 EBEC 2022\" width=\"200\" height=\"200\" \/><span class=\"su-custom-gallery-title\">Vol. 10 N\u00fam. 3 (2023): Investigaci\u00f3n Joven \u2013 EBEC 2022<\/span><\/a><\/div><div class=\"su-custom-gallery-slide\" style=\"width:200px;height:200px\"><a href=\"https:\/\/revistas.unlp.edu.ar\/InvJov\" target=\"_blank\" title=\"Vol. 7 N\u00fam. 2 (2020): Investigaci\u00f3n Joven \u2013 EBEC 2020\"><img loading=\"lazy\" decoding=\"async\" src=\"https:\/\/congresos.unlp.edu.ar\/ebec2024\/wp-content\/uploads\/sites\/89\/2024\/10\/cover_issue_768_es_ES-709x1024-1.jpg\" alt=\"Vol. 7 N\u00fam. 2 (2020): Investigaci\u00f3n Joven \u2013 EBEC 2020\" width=\"200\" height=\"200\" \/><span class=\"su-custom-gallery-title\">Vol. 7 N\u00fam. 2 (2020): Investigaci\u00f3n Joven \u2013 EBEC 2020<\/span><\/a><\/div><div class=\"su-custom-gallery-slide\" style=\"width:200px;height:200px\"><a href=\"https:\/\/revistas.unlp.edu.ar\/InvJov\/issue\/view\/496\" target=\"_blank\" title=\"Vol. 6 N\u00fam. Especial (2019): Encuentro de Becarios UNLP 2018\"><img loading=\"lazy\" decoding=\"async\" src=\"https:\/\/congresos.unlp.edu.ar\/ebec2024\/wp-content\/uploads\/sites\/89\/2024\/10\/cover_issue_496_es_ES-208x300-1.jpg\" alt=\"Vol. 6 N\u00fam. Especial (2019): Encuentro de Becarios UNLP 2018\" width=\"200\" height=\"200\" \/><span class=\"su-custom-gallery-title\">Vol. 6 N\u00fam. Especial (2019): Encuentro de Becarios UNLP 2018<\/span><\/a><\/div><div class=\"su-clear\"><\/div><\/div>\n","protected":false},"excerpt":{"rendered":"<p>Los res\u00famenes presentados en las ediciones anteriores han sido publicados en un n\u00famero Especial de la Revista Investigaci\u00f3n Joven &#8211; revista electr\u00f3nica especializada en las diversas disciplinas del conocimiento, conteniendo art\u00edculos de alto nivel cient\u00edfico, t\u00e9cnico y educativo, que contribuyen efectivamente a la construcci\u00f3n del saber. Publicaciones<\/p>\n","protected":false},"author":54,"featured_media":0,"parent":0,"menu_order":0,"comment_status":"closed","ping_status":"closed","template":"","meta":{"advgb_blocks_editor_width":"","advgb_blocks_columns_visual_guide":"","footnotes":""},"class_list":["post-86","page","type-page","status-publish","hentry","post"],"aioseo_notices":[],"coauthors":[],"author_meta":{"author_link":"https:\/\/congresos.unlp.edu.ar\/ebec2024\/author\/victorialuciaho\/","display_name":"victorialuciaho"},"relative_dates":{"created":"Posted 4 a\u00f1os ago","modified":"Updated 2 a\u00f1os ago"},"absolute_dates":{"created":"Posted on 2 agosto, 2022","modified":"Updated on 18 octubre, 2024"},"absolute_dates_time":{"created":"Posted on 2 agosto, 2022 10:13 pm","modified":"Updated on 18 octubre, 2024 9:51 am"},"featured_img_caption":"","featured_img":false,"series_order":"","_links":{"self":[{"href":"https:\/\/congresos.unlp.edu.ar\/ebec2024\/wp-json\/wp\/v2\/pages\/86","targetHints":{"allow":["GET"]}}],"collection":[{"href":"https:\/\/congresos.unlp.edu.ar\/ebec2024\/wp-json\/wp\/v2\/pages"}],"about":[{"href":"https:\/\/congresos.unlp.edu.ar\/ebec2024\/wp-json\/wp\/v2\/types\/page"}],"author":[{"embeddable":true,"href":"https:\/\/congresos.unlp.edu.ar\/ebec2024\/wp-json\/wp\/v2\/users\/54"}],"replies":[{"embeddable":true,"href":"https:\/\/congresos.unlp.edu.ar\/ebec2024\/wp-json\/wp\/v2\/comments?post=86"}],"version-history":[{"count":0,"href":"https:\/\/congresos.unlp.edu.ar\/ebec2024\/wp-json\/wp\/v2\/pages\/86\/revisions"}],"wp:attachment":[{"href":"https:\/\/congresos.unlp.edu.ar\/ebec2024\/wp-json\/wp\/v2\/media?parent=86"}],"curies":[{"name":"wp","href":"https:\/\/api.w.org\/{rel}","templated":true}]}}