{"id":846,"date":"2024-11-15T15:00:42","date_gmt":"2024-11-15T18:00:42","guid":{"rendered":"https:\/\/congresos.unlp.edu.ar\/ebec2024\/?page_id=846"},"modified":"2024-11-15T15:00:42","modified_gmt":"2024-11-15T18:00:42","slug":"ingenieria-quimica","status":"publish","type":"page","link":"https:\/\/congresos.unlp.edu.ar\/ebec2024\/ingenieria-quimica\/","title":{"rendered":"Ingenier\u00eda Qu\u00edmica"},"content":{"rendered":"<div class=\"wpDspace itemsPagination  noPagination\" id=\"page_container_6a03d2ddad60c\"><ul class=\"content\"><li><article style=\"padding:10px;border: 2px solid black;\">\n\t\t\t<title>Desarrollo de catalizadores para biorrefiner\u00edas: Producci\u00f3n de 1,3-propilenglicol a partir de glicerol<\/title>\n                        <div id=\"sedici-title\"> \n                            <a class=\"link\" href=\"http:\/\/sedici.unlp.edu.ar\/handle\/10915\/173257\" target=\"_blank\">Desarrollo de catalizadores para biorrefiner\u00edas: Producci\u00f3n de 1,3-propilenglicol a partir de glicerol<\/a>\n                        <\/div><div id=\"sedici-title\">Autores: <author><name><a href=https:\/\/sedici.unlp.edu.ar\/discover?filtertype=author&filter_relational_operator=equals&filter=Buono%2C%20Camila%20Micaela target=\"_blank\">Buono, Camila Micaela<\/a><\/name><\/author><\/div>\n                                   <p id=\"http:\/\/sedici.unlp.edu.ar\/handle\/10915\/173257\"> <\/p>\n                                   <published>\n                                        <div id=\"sedici-title\" >Fecha: <span class=\"sedici-content\">01\/01\/2024<\/span><\/div>\n                                    <\/published><summary> <div id=\"sedici-title\">Resumen:<span class=\"sedici-content\">Este plan de trabajo tiene como objetivo general avanzar en la investigaci\u00f3n de procesos catal\u00edticos para la transformaci\u00f3n del glicerol, subproducto de la s\u00edntesis de biodiesel, en productos de alto valor agregado. Para ello, se plantea en primera instancia, la purificaci\u00f3n del glicerol crudo provenientes de diferentes industrias de biodiesel de origen nacional.El glicerol crudo contiene agua, cantidades significativas de materia org\u00e1nica no glicerina (MONG) y metanol, adem\u00e1s de ser alcalino debido a la presencia de NaOH utilizado en la s\u00edntesis de biodiesel. Para purificarlo se emplean tratamientos secuenciales que incluyen: neutralizaci\u00f3n, adsorci\u00f3n, intercambio i\u00f3nico, tratamiento con solventes, entre otros. En este plan de trabajo se plantean las siguientes operaciones orientadas a disminuir el contenido de impurezas: 1)\tNeutralizaci\u00f3n: se pretende eliminar la alcalinidad al glicerol crudo mediante el empleo de \u00e1cidos org\u00e1nicos e inorg\u00e1nicos. 2)\tCentrifugaci\u00f3n y decantaci\u00f3n: como consecuencia secundaria de la neutralizaci\u00f3n, los jabones presentes como parte de la MONG se transformar\u00e1n en \u00e1cidos grasos libres, y por lo tanto podr\u00e1n ser separados del glicerol crudo mediante centrifugaci\u00f3n y decantaci\u00f3n. 3)\tCristalizaci\u00f3n\/Tratamiento con solventes: las sales producto de la neutralizaci\u00f3n ser\u00e1n precipitadas mediante cristalizaci\u00f3n y tratamiento con solventes. 4)\tAdsorci\u00f3n: se plantea la decoloraci\u00f3n del glicerol crudo empleando la adsorci\u00f3n con carb\u00f3n activado.Para cada una de las operaciones de tratamiento propuestas, se estudiar\u00e1 el efecto de distintas variables operativas y se seleccionar\u00e1 una condici\u00f3n adecuada para su aplicabilidad.<\/span><\/div><\/summary><div class=\"a_unline\">Compartir: <a href=\"https:\/\/www.facebook.com\/sharer\/sharer.php?p[title]=Desarrollo de catalizadores para biorrefiner\u00edas: Producci\u00f3n de 1,3-propilenglicol a partir de glicerol&p[url]=http:\/\/sedici.unlp.edu.ar\/handle\/10915\/173257\" target=\"_blank\"><img decoding=\"async\" src=\"https:\/\/congresos.unlp.edu.ar\/ebec2024\/wp-content\/plugins\/wp-dspace\/media\/img\/share-facebook.png\" alt=\"Facebook logo\" title=\"Compartir en Facebook\">\n             <\/a>\n             <a href=\"https:\/\/twitter.com\/?status=Desarrollo de catalizadores para biorrefiner\u00edas: Producci\u00f3n de 1,3-propilenglicol a partir de glicerol http:\/\/sedici.unlp.edu.ar\/handle\/10915\/173257 via @sedici_unlp\" target=\"_blank\"><img decoding=\"async\" src=\"https:\/\/congresos.unlp.edu.ar\/ebec2024\/wp-content\/plugins\/wp-dspace\/media\/img\/share-twitter.png\" alt=\"Twitter logo\" title=\"Compartir en Twitter\"><\/a>\n             <a href=\"https:\/\/plus.google.com\/share?url=http:\/\/sedici.unlp.edu.ar\/handle\/10915\/173257\" target=\"_blank\"><img decoding=\"async\" src=\"https:\/\/congresos.unlp.edu.ar\/ebec2024\/wp-content\/plugins\/wp-dspace\/media\/img\/share-plus.png\" alt=\"Google+ logo\" title=\"Compartir en Google+\">\n             <\/a>\n             <a href=\"http:\/\/www.linkedin.com\/shareArticle?url=http:\/\/sedici.unlp.edu.ar\/handle\/10915\/173257\" target=\"_blank\"><img decoding=\"async\" src=\"https:\/\/congresos.unlp.edu.ar\/ebec2024\/wp-content\/plugins\/wp-dspace\/media\/img\/share-linkedin.png\" alt=\"Linkedin logo\" title=\"Compartir en Linkedin\">\n             <\/a>\n        <\/div><\/article><\/li><br><\/ul>\n            <div class=\"page_navigation \" ><\/div>\n            <\/div>\n","protected":false},"excerpt":{"rendered":"","protected":false},"author":202,"featured_media":0,"parent":0,"menu_order":0,"comment_status":"closed","ping_status":"closed","template":"","meta":{"advgb_blocks_editor_width":"","advgb_blocks_columns_visual_guide":"","footnotes":""},"class_list":["post-846","page","type-page","status-publish","hentry","post"],"aioseo_notices":[],"coauthors":[],"author_meta":{"author_link":"https:\/\/congresos.unlp.edu.ar\/ebec2024\/author\/ssoler\/","display_name":"ssoler"},"relative_dates":{"created":"Posted 1 a\u00f1o ago","modified":"Updated 1 a\u00f1o ago"},"absolute_dates":{"created":"Posted on 15 noviembre, 2024","modified":"Updated on 15 noviembre, 2024"},"absolute_dates_time":{"created":"Posted on 15 noviembre, 2024 3:00 pm","modified":"Updated on 15 noviembre, 2024 3:00 pm"},"featured_img_caption":"","featured_img":false,"series_order":"","_links":{"self":[{"href":"https:\/\/congresos.unlp.edu.ar\/ebec2024\/wp-json\/wp\/v2\/pages\/846","targetHints":{"allow":["GET"]}}],"collection":[{"href":"https:\/\/congresos.unlp.edu.ar\/ebec2024\/wp-json\/wp\/v2\/pages"}],"about":[{"href":"https:\/\/congresos.unlp.edu.ar\/ebec2024\/wp-json\/wp\/v2\/types\/page"}],"author":[{"embeddable":true,"href":"https:\/\/congresos.unlp.edu.ar\/ebec2024\/wp-json\/wp\/v2\/users\/202"}],"replies":[{"embeddable":true,"href":"https:\/\/congresos.unlp.edu.ar\/ebec2024\/wp-json\/wp\/v2\/comments?post=846"}],"version-history":[{"count":0,"href":"https:\/\/congresos.unlp.edu.ar\/ebec2024\/wp-json\/wp\/v2\/pages\/846\/revisions"}],"wp:attachment":[{"href":"https:\/\/congresos.unlp.edu.ar\/ebec2024\/wp-json\/wp\/v2\/media?parent=846"}],"curies":[{"name":"wp","href":"https:\/\/api.w.org\/{rel}","templated":true}]}}