{"id":807,"date":"2024-11-15T12:09:52","date_gmt":"2024-11-15T15:09:52","guid":{"rendered":"https:\/\/congresos.unlp.edu.ar\/ebec2024\/?page_id=807"},"modified":"2024-11-15T15:03:54","modified_gmt":"2024-11-15T18:03:54","slug":"areas-tematicas-2024","status":"publish","type":"page","link":"https:\/\/congresos.unlp.edu.ar\/ebec2024\/areas-tematicas-2024\/","title":{"rendered":"\u00c1reas Tem\u00e1ticas 2024"},"content":{"rendered":"<div id=\"pl-807\"  class=\"panel-layout\" ><div id=\"pg-807-0\"  class=\"panel-grid panel-no-style\" ><div id=\"pgc-807-0-0\"  class=\"panel-grid-cell\" ><div id=\"panel-807-0-0-0\" class=\"so-panel widget widget_text panel-first-child panel-last-child\" data-index=\"0\" ><div class=\"panel-widget-style panel-widget-style-for-807-0-0-0\" >\t\t\t<div class=\"textwidget\"><p><a href=\"https:\/\/congresos.unlp.edu.ar\/ebec2024\/antropologia\/\">Antropolog\u00eda<\/a><\/p>\n<\/div>\n\t\t<\/div><\/div><\/div><div id=\"pgc-807-0-1\"  class=\"panel-grid-cell\" ><div id=\"panel-807-0-1-0\" class=\"so-panel widget widget_text panel-first-child panel-last-child\" data-index=\"1\" >\t\t\t<div class=\"textwidget\"><p><a href=\"https:\/\/congresos.unlp.edu.ar\/ebec2024\/arqueologia\/\">Arqueolog\u00eda<\/a><\/p>\n<\/div>\n\t\t<\/div><\/div><div id=\"pgc-807-0-2\"  class=\"panel-grid-cell\" ><div id=\"panel-807-0-2-0\" class=\"so-panel widget widget_text panel-first-child panel-last-child\" data-index=\"2\" >\t\t\t<div class=\"textwidget\"><p><a href=\"https:\/\/congresos.unlp.edu.ar\/ebec2024\/artes_y_humanidades\/\">Artes y humanidades<\/a><\/p>\n<\/div>\n\t\t<\/div><\/div><\/div><div id=\"pg-807-1\"  class=\"panel-grid panel-no-style\" ><div id=\"pgc-807-1-0\"  class=\"panel-grid-cell\" ><div id=\"panel-807-1-0-0\" class=\"so-panel widget widget_text panel-first-child panel-last-child\" data-index=\"3\" >\t\t\t<div class=\"textwidget\"><p><a href=\"https:\/\/congresos.unlp.edu.ar\/ebec2024\/bioquimica_genetica_y_biologia_molecular\/\">Bioqu\u00edmica, Gen\u00e9tica y Biolog\u00eda Molecular<\/a><\/p>\n<\/div>\n\t\t<\/div><\/div><div id=\"pgc-807-1-1\"  class=\"panel-grid-cell\" ><div id=\"panel-807-1-1-0\" class=\"so-panel widget widget_text panel-first-child panel-last-child\" data-index=\"4\" >\t\t\t<div class=\"textwidget\"><p><a href=\"https:\/\/congresos.unlp.edu.ar\/ebec2024\/cs_agricolas_y_biologicas\/\">Cs. Agr\u00edcolas y Biol\u00f3gicas<\/a><\/p>\n<\/div>\n\t\t<\/div><\/div><div id=\"pgc-807-1-2\"  class=\"panel-grid-cell\" ><div id=\"panel-807-1-2-0\" class=\"so-panel widget widget_text panel-first-child panel-last-child\" data-index=\"5\" >\t\t\t<div class=\"textwidget\"><p><a href=\"https:\/\/congresos.unlp.edu.ar\/ebec2024\/cs_ambientales\/\">Cs. Ambientales<\/a><\/p>\n<\/div>\n\t\t<\/div><\/div><\/div><div id=\"pg-807-2\"  class=\"panel-grid panel-no-style\" ><div id=\"pgc-807-2-0\"  class=\"panel-grid-cell\" ><div id=\"panel-807-2-0-0\" class=\"so-panel widget widget_text panel-first-child panel-last-child\" data-index=\"6\" >\t\t\t<div class=\"textwidget\"><p><a href=\"https:\/\/congresos.unlp.edu.ar\/ebec2024\/cs_de_la_tierra_y_planetarias\/\">Cs. de la Tierra y Planetarias<\/a><\/p>\n<\/div>\n\t\t<\/div><\/div><div id=\"pgc-807-2-1\"  class=\"panel-grid-cell\" ><div id=\"panel-807-2-1-0\" class=\"so-panel widget widget_text panel-first-child panel-last-child\" data-index=\"7\" >\t\t\t<div class=\"textwidget\"><p><a href=\"https:\/\/congresos.unlp.edu.ar\/ebec2024\/cs_de_los_materiales\/\">Cs. de los Materiales<\/a><\/p>\n<\/div>\n\t\t<\/div><\/div><div id=\"pgc-807-2-2\"  class=\"panel-grid-cell\" ><div id=\"panel-807-2-2-0\" class=\"so-panel widget widget_text panel-first-child panel-last-child\" data-index=\"8\" >\t\t\t<div class=\"textwidget\"><p><a href=\"https:\/\/congresos.unlp.edu.ar\/ebec2024\/cs-sociales\/\">Cs. Sociales<\/a><\/p>\n<\/div>\n\t\t<\/div><\/div><\/div><div id=\"pg-807-3\"  class=\"panel-grid panel-no-style\" ><div id=\"pgc-807-3-0\"  class=\"panel-grid-cell\" ><div id=\"panel-807-3-0-0\" class=\"so-panel widget widget_text panel-first-child panel-last-child\" data-index=\"9\" >\t\t\t<div class=\"textwidget\"><p><a href=\"https:\/\/congresos.unlp.edu.ar\/ebec2024\/cs_de_la_computacion\/\">Cs. de la Computaci\u00f3n<\/a><\/p>\n<\/div>\n\t\t<\/div><\/div><div id=\"pgc-807-3-1\"  class=\"panel-grid-cell\" ><div id=\"panel-807-3-1-0\" class=\"so-panel widget widget_text panel-first-child panel-last-child\" data-index=\"10\" >\t\t\t<div class=\"textwidget\"><p><a href=\"https:\/\/congresos.unlp.edu.ar\/ebec2024\/economia_econometria_y_finanzas\/\">Econom\u00eda, Econometr\u00eda y Finanzas<\/a><\/p>\n<\/div>\n\t\t<\/div><\/div><div id=\"pgc-807-3-2\"  class=\"panel-grid-cell\" ><div id=\"panel-807-3-2-0\" class=\"so-panel widget widget_text panel-first-child panel-last-child\" data-index=\"11\" >\t\t\t<div class=\"textwidget\"><p><a href=\"https:\/\/congresos.unlp.edu.ar\/ebec2024\/energia\/\">Energ\u00eda<\/a><\/p>\n<\/div>\n\t\t<\/div><\/div><\/div><div id=\"pg-807-4\"  class=\"panel-grid panel-no-style\" ><div id=\"pgc-807-4-0\"  class=\"panel-grid-cell\" ><div id=\"panel-807-4-0-0\" class=\"so-panel widget widget_text panel-first-child panel-last-child\" data-index=\"12\" >\t\t\t<div class=\"textwidget\"><p><a href=\"https:\/\/congresos.unlp.edu.ar\/ebec2024\/fisica_y_astronomia\/\">F\u00edsica y Astronom\u00eda<\/a><\/p>\n<\/div>\n\t\t<\/div><\/div><div id=\"pgc-807-4-1\"  class=\"panel-grid-cell\" ><div id=\"panel-807-4-1-0\" class=\"so-panel widget widget_text panel-first-child panel-last-child\" data-index=\"13\" >\t\t\t<div class=\"textwidget\"><p><a href=\"https:\/\/congresos.unlp.edu.ar\/ebec2024\/ingenieria\/\">Ingenier\u00eda<\/a><\/p>\n<\/div>\n\t\t<\/div><\/div><div id=\"pgc-807-4-2\"  class=\"panel-grid-cell\" ><div id=\"panel-807-4-2-0\" class=\"so-panel widget widget_text panel-first-child panel-last-child\" data-index=\"14\" >\t\t\t<div class=\"textwidget\"><p><a href=\"https:\/\/congresos.unlp.edu.ar\/ebec2024\/ingenieria-quimica\/\">Ingenier\u00eda Qu\u00edmica<\/a><\/p>\n<\/div>\n\t\t<\/div><\/div><\/div><div id=\"pg-807-5\"  class=\"panel-grid panel-no-style\" ><div id=\"pgc-807-5-0\"  class=\"panel-grid-cell\" ><div id=\"panel-807-5-0-0\" class=\"so-panel widget widget_text panel-first-child panel-last-child\" data-index=\"15\" >\t\t\t<div class=\"textwidget\"><p><a href=\"https:\/\/congresos.unlp.edu.ar\/ebec2024\/inmunologia_y_microbiologia\/\">Inmunolog\u00eda y Microbiolog\u00eda<\/a><\/p>\n<\/div>\n\t\t<\/div><\/div><div id=\"pgc-807-5-1\"  class=\"panel-grid-cell\" ><div id=\"panel-807-5-1-0\" class=\"so-panel widget widget_text panel-first-child panel-last-child\" data-index=\"16\" >\t\t\t<div class=\"textwidget\"><p><a href=\"https:\/\/congresos.unlp.edu.ar\/ebec2024\/medicina\/\">Medicina<\/a><\/p>\n<\/div>\n\t\t<\/div><\/div><div id=\"pgc-807-5-2\"  class=\"panel-grid-cell\" ><div id=\"panel-807-5-2-0\" class=\"so-panel widget widget_text panel-first-child panel-last-child\" data-index=\"17\" >\t\t\t<div class=\"textwidget\"><p><a href=\"https:\/\/congresos.unlp.edu.ar\/ebec2024\/multidisciplina\/\">Multidisciplina<\/a><\/p>\n<\/div>\n\t\t<\/div><\/div><\/div><div id=\"pg-807-6\"  class=\"panel-grid panel-no-style\" ><div id=\"pgc-807-6-0\"  class=\"panel-grid-cell\" ><div id=\"panel-807-6-0-0\" class=\"so-panel widget widget_text panel-first-child panel-last-child\" data-index=\"18\" >\t\t\t<div class=\"textwidget\"><p><a href=\"https:\/\/congresos.unlp.edu.ar\/ebec2024\/neurociencia\/\">Neurociencia<\/a><\/p>\n<\/div>\n\t\t<\/div><\/div><div id=\"pgc-807-6-1\"  class=\"panel-grid-cell\" ><div id=\"panel-807-6-1-0\" class=\"so-panel widget widget_text panel-first-child panel-last-child\" data-index=\"19\" >\t\t\t<div class=\"textwidget\"><p><a href=\"https:\/\/congresos.unlp.edu.ar\/ebec2024\/odontologia\/\">Odontolog\u00eda<\/a><\/p>\n<\/div>\n\t\t<\/div><\/div><div id=\"pgc-807-6-2\"  class=\"panel-grid-cell\" ><div id=\"panel-807-6-2-0\" class=\"so-panel widget widget_text panel-first-child panel-last-child\" data-index=\"20\" >\t\t\t<div class=\"textwidget\"><p><a href=\"https:\/\/congresos.unlp.edu.ar\/ebec2024\/psicologia\/\">Psicolog\u00eda<\/a><\/p>\n<\/div>\n\t\t<\/div><\/div><\/div><div id=\"pg-807-7\"  class=\"panel-grid panel-no-style\" ><div id=\"pgc-807-7-0\"  class=\"panel-grid-cell\" ><div id=\"panel-807-7-0-0\" class=\"so-panel widget widget_text panel-first-child panel-last-child\" data-index=\"21\" >\t\t\t<div class=\"textwidget\"><p><a href=\"https:\/\/congresos.unlp.edu.ar\/ebec2024\/quimica\/\">Qu\u00edmica<\/a><\/p>\n<\/div>\n\t\t<\/div><\/div><div id=\"pgc-807-7-1\"  class=\"panel-grid-cell panel-grid-cell-mobile-last\" ><div id=\"panel-807-7-1-0\" class=\"so-panel widget widget_text panel-first-child panel-last-child\" data-index=\"22\" >\t\t\t<div class=\"textwidget\"><p><a href=\"https:\/\/congresos.unlp.edu.ar\/ebec2024\/veterinaria\/\">Veterinaria<\/a><\/p>\n<\/div>\n\t\t<\/div><\/div><div id=\"pgc-807-7-2\"  class=\"panel-grid-cell panel-grid-cell-empty\" ><\/div><\/div><div id=\"pg-807-8\"  class=\"panel-grid panel-no-style\" ><div id=\"pgc-807-8-0\"  class=\"panel-grid-cell panel-grid-cell-empty\" ><\/div><div id=\"pgc-807-8-1\"  class=\"panel-grid-cell panel-grid-cell-empty panel-grid-cell-mobile-last\" ><\/div><div id=\"pgc-807-8-2\"  class=\"panel-grid-cell panel-grid-cell-empty\" ><\/div><\/div><\/div>","protected":false},"excerpt":{"rendered":"<p>Antropolog\u00eda Arqueolog\u00eda Artes y humanidades Bioqu\u00edmica, Gen\u00e9tica y Biolog\u00eda Molecular Cs. Agr\u00edcolas y Biol\u00f3gicas Cs. Ambientales<\/p>\n","protected":false},"author":202,"featured_media":0,"parent":0,"menu_order":0,"comment_status":"closed","ping_status":"closed","template":"","meta":{"advgb_blocks_editor_width":"","advgb_blocks_columns_visual_guide":"","footnotes":""},"class_list":["post-807","page","type-page","status-publish","hentry","post"],"aioseo_notices":[],"coauthors":[],"author_meta":{"author_link":"https:\/\/congresos.unlp.edu.ar\/ebec2024\/author\/ssoler\/","display_name":"ssoler"},"relative_dates":{"created":"Posted 1 a\u00f1o ago","modified":"Updated 1 a\u00f1o ago"},"absolute_dates":{"created":"Posted on 15 noviembre, 2024","modified":"Updated on 15 noviembre, 2024"},"absolute_dates_time":{"created":"Posted on 15 noviembre, 2024 12:09 pm","modified":"Updated on 15 noviembre, 2024 3:03 pm"},"featured_img_caption":"","featured_img":false,"series_order":"","_links":{"self":[{"href":"https:\/\/congresos.unlp.edu.ar\/ebec2024\/wp-json\/wp\/v2\/pages\/807","targetHints":{"allow":["GET"]}}],"collection":[{"href":"https:\/\/congresos.unlp.edu.ar\/ebec2024\/wp-json\/wp\/v2\/pages"}],"about":[{"href":"https:\/\/congresos.unlp.edu.ar\/ebec2024\/wp-json\/wp\/v2\/types\/page"}],"author":[{"embeddable":true,"href":"https:\/\/congresos.unlp.edu.ar\/ebec2024\/wp-json\/wp\/v2\/users\/202"}],"replies":[{"embeddable":true,"href":"https:\/\/congresos.unlp.edu.ar\/ebec2024\/wp-json\/wp\/v2\/comments?post=807"}],"version-history":[{"count":0,"href":"https:\/\/congresos.unlp.edu.ar\/ebec2024\/wp-json\/wp\/v2\/pages\/807\/revisions"}],"wp:attachment":[{"href":"https:\/\/congresos.unlp.edu.ar\/ebec2024\/wp-json\/wp\/v2\/media?parent=807"}],"curies":[{"name":"wp","href":"https:\/\/api.w.org\/{rel}","templated":true}]}}