{"id":535,"date":"2022-11-18T10:37:46","date_gmt":"2022-11-18T13:37:46","guid":{"rendered":"https:\/\/congresos.unlp.edu.ar\/ebec2024\/?page_id=535"},"modified":"2024-11-20T08:46:52","modified_gmt":"2024-11-20T11:46:52","slug":"veterinaria","status":"publish","type":"page","link":"https:\/\/congresos.unlp.edu.ar\/ebec2024\/veterinaria\/","title":{"rendered":"Veterinaria"},"content":{"rendered":"<div class=\"wpDspace itemsPagination  noPagination\" id=\"page_container_69f7655cdb731\"><ul class=\"content\"><li><article style=\"padding:10px;border: 2px solid black;\">\n\t\t\t<title>Estimaci\u00f3n de indicadores de bienestar animal asociados al rendimiento deportivo<\/title>\n                        <div id=\"sedici-title\"> \n                            <a class=\"link\" href=\"http:\/\/sedici.unlp.edu.ar\/handle\/10915\/173316\" target=\"_blank\">Estimaci\u00f3n de indicadores de bienestar animal asociados al rendimiento deportivo<\/a>\n                        <\/div><div id=\"sedici-title\">Autores: <author><name><a href=https:\/\/sedici.unlp.edu.ar\/discover?filtertype=author&filter_relational_operator=equals&filter=Pasquale%20P\u00e9rez%2C%20Mar\u00eda%20Sol target=\"_blank\">Pasquale P\u00e9rez, Mar\u00eda Sol<\/a><\/name><\/author><\/div>\n                                   <p id=\"http:\/\/sedici.unlp.edu.ar\/handle\/10915\/173316\"> <\/p>\n                                   <published>\n                                        <div id=\"sedici-title\" >Fecha: <span class=\"sedici-content\">01\/01\/2024<\/span><\/div>\n                                    <\/published><summary> <div id=\"sedici-title\">Resumen:<span class=\"sedici-content\">El bienestar animal surge del convencimiento de que los animales son seres con sentimientos, que experimentan dolor, sufrimiento o estr\u00e9s y que causar sufrimiento a un animal no es moralmente aceptable. Desde el punto de vista productivo, existe una asociaci\u00f3n entre el bienestar y el nivel de desempe\u00f1o alcanzado por el animal.El concepto de rendimiento deportivo: implica los resultados de competici\u00f3n que no son solo inherentes al equino sino que involucran al jinete, las estrategias de competici\u00f3n, el equilibrio fisiol\u00f3gico, etc.Las principales determinantes intr\u00ednsecas del rendimiento deportivo ser\u00e1n la base gen\u00e9tica, la actividad integradora de los sistemas fisiol\u00f3gicos, el estr\u00e9s, salud mental, edad, raza, salud f\u00edsica y dentro de los extr\u00ednsecos la estrategia de competici\u00f3n, entrenamiento, su sistema de doma, las ayudas ergog\u00e9nicas y la actuaci\u00f3n del binomio jinete-caballo entre otros. (Gonzalez, 2004).Debido a esto es importante estudiar el estado de bienestar animal en los equinos utilizados para deporte y para ello se utilizar\u00e1 el protocolo Welfare Quality\u00ae y la Gu\u00eda AWIN para equinos, de los cuales se har\u00e1 una selecci\u00f3n de los indicadores all\u00ed propuestos, mediante pruebas piloto para ver comos ajustan a las diversas disciplinas ecuestres. Los animales a utilizar para el desarrollo del presente plan pertenecen a establecimientos deportivos (Clubes de Polo,centros de embriones y de cr\u00eda, hip\u00f3dromos), dedicados a diversas actividades (polo, Carrera SPC, criollos en todas sus disciplinas, petisos para prueba funcional, etc). Los muestreos se realizar\u00e1n en las instalaciones donde viven los animales y en competencias o eventos deportivos. Se confeccionar\u00e1 un cuestionario b\u00e1sico de registro sobre cada animal y una encuesta que colabore con informaci\u00f3n respecto de su rendimiento deportivo. Se seleccionar\u00e1n para la elaboraci\u00f3n del protocolo de evaluaci\u00f3n de bienestar al menos 10 items de indicadores directos y 10 de indicadores indirectos. Se considerar\u00e1 el rendimiento de los animales en el deporte que realizan y esto conformar\u00e1 una base de datos acorde a cada tipo de actividad dividi\u00e9ndose seg\u00fan disciplina y nivel deportivo. El registro de dichas evaluaciones se llevar\u00e1 a cabo mediante observaciones directas, filmaciones con c\u00e1maras CAM SPORTS Full HD 1080p 2.0 inch Screen, cuestionarios en persona a los propietarios, tenedores, pilotos o domadores y contamos dentro de los implementos para los registros con la disponibilidad de equipos polar H10.<\/span><\/div><\/summary><div class=\"a_unline\">Compartir: <a href=\"https:\/\/www.facebook.com\/sharer\/sharer.php?p[title]=Estimaci\u00f3n de indicadores de bienestar animal asociados al rendimiento deportivo&p[url]=http:\/\/sedici.unlp.edu.ar\/handle\/10915\/173316\" target=\"_blank\"><img decoding=\"async\" src=\"https:\/\/congresos.unlp.edu.ar\/ebec2024\/wp-content\/plugins\/wp-dspace\/media\/img\/share-facebook.png\" alt=\"Facebook logo\" title=\"Compartir en Facebook\">\n             <\/a>\n             <a href=\"https:\/\/twitter.com\/?status=Estimaci\u00f3n de indicadores de bienestar animal asociados al rendimiento deportivo http:\/\/sedici.unlp.edu.ar\/handle\/10915\/173316 via @sedici_unlp\" target=\"_blank\"><img decoding=\"async\" src=\"https:\/\/congresos.unlp.edu.ar\/ebec2024\/wp-content\/plugins\/wp-dspace\/media\/img\/share-twitter.png\" alt=\"Twitter logo\" title=\"Compartir en Twitter\"><\/a>\n             <a href=\"https:\/\/plus.google.com\/share?url=http:\/\/sedici.unlp.edu.ar\/handle\/10915\/173316\" target=\"_blank\"><img decoding=\"async\" src=\"https:\/\/congresos.unlp.edu.ar\/ebec2024\/wp-content\/plugins\/wp-dspace\/media\/img\/share-plus.png\" alt=\"Google+ logo\" title=\"Compartir en Google+\">\n             <\/a>\n             <a href=\"http:\/\/www.linkedin.com\/shareArticle?url=http:\/\/sedici.unlp.edu.ar\/handle\/10915\/173316\" target=\"_blank\"><img decoding=\"async\" src=\"https:\/\/congresos.unlp.edu.ar\/ebec2024\/wp-content\/plugins\/wp-dspace\/media\/img\/share-linkedin.png\" alt=\"Linkedin logo\" title=\"Compartir en Linkedin\">\n             <\/a>\n        <\/div><\/article><\/li><br><li><article style=\"padding:10px;border: 2px solid black;\">\n\t\t\t<title>Evaluaci\u00f3n etol\u00f3gica del equino de trabajo<\/title>\n                        <div id=\"sedici-title\"> \n                            <a class=\"link\" href=\"http:\/\/sedici.unlp.edu.ar\/handle\/10915\/173225\" target=\"_blank\">Evaluaci\u00f3n etol\u00f3gica del equino de trabajo<\/a>\n                        <\/div><div id=\"sedici-title\">Autores: <author><name><a href=https:\/\/sedici.unlp.edu.ar\/discover?filtertype=author&filter_relational_operator=equals&filter=Venier%20Gamboni%2C%20Valentina target=\"_blank\">Venier Gamboni, Valentina<\/a><\/name><\/author><\/div>\n                                   <p id=\"http:\/\/sedici.unlp.edu.ar\/handle\/10915\/173225\"> <\/p>\n                                   <published>\n                                        <div id=\"sedici-title\" >Fecha: <span class=\"sedici-content\">01\/01\/2024<\/span><\/div>\n                                    <\/published><summary> <div id=\"sedici-title\">Resumen:<span class=\"sedici-content\">La selecci\u00f3n de diversas caracter\u00edsticas espec\u00edficas para diferentes fines ha dado lugar a la diferenciaci\u00f3n de los caballos en diferentes razas o tipos.El proceso de selecci\u00f3n puede entonces estar orientado hacia atributos f\u00edsicos como la velocidad, fuerza y tama\u00f1o (Clutton y Brock, 1999), o bien, por ejemplo, sobre la b\u00fasqueda de comportamientos deseables (Hislop, 1992; Houpt y Kusunose, 2000). Las razas se describen usualmente como portadoras de un comportamiento t\u00edpico que las caracteriza y esos atributos son descriptos a trav\u00e9s de relatos anecd\u00f3ticos, encuestas y juras por parte de los propietarios, fundadores de sociedades de la raza y criadores. El objetivo general del presente plan radica en contribuir al conocimiento de la etolog\u00eda equina y deportolog\u00eda.Dentro de la etolog\u00eda, la evaluaci\u00f3n del temperamento de los animales que practican diferentes disciplinas se puede realizar efectuando observaciones conductuales, implementando etogramas y evaluando par\u00e1metros fisiol\u00f3gicos adicionales. Para evaluar el temperamento, utilizamos un enfoque que lo divide en 4 dimensiones conductuales: actividad, reactividad, emocionalidad y sociabilidad. Estas categor\u00edas suelen evaluarse midiendo la latencia, la intensidad, la frecuencia, la magnitud del pico, la forma de la respuesta y el patr\u00f3n de los comportamientos.Dentro de la metodolog\u00eda a emplear se realizar\u00e1n sobre cada animal una toma de datos para identificaci\u00f3n, dos encuestas (una de ellas referente al comportamiento del animal en el lugar donde reside y otra que describa su desempe\u00f1o deportivo en la actividad que realiza), y 5 pruebas de comportamiento ( Test de aproximaci\u00f3n del humano en su versi\u00f3n forzada.\/ Test de aproximaci\u00f3n voluntaria .\/ Test de confinamiento.\/ Test de reacci\u00f3n al est\u00edmulo inesperado.\/ Novel Arena test). Tomando como base los etogramas planteados en Contreras- Aguilar, 2019 y Smiet E, 2014, se confeccionar\u00e1 un registro de pautas a priori de importancia. Las pautas de comportamiento recolectadas se cuantificar\u00e1n en: temporales (tiempo de y a respuesta, duraci\u00f3n conducta) y espaciales (unidades de desplazamiento), frecuenciales (% de tiempo en cada comportamiento), ocurrencia (dicot\u00f3mico o estratificado). Se utilizar\u00e1 un equipo polar H10 para el registro durante las pruebas de la frecuencia card\u00edaca.<\/span><\/div><\/summary><div class=\"a_unline\">Compartir: <a href=\"https:\/\/www.facebook.com\/sharer\/sharer.php?p[title]=Evaluaci\u00f3n etol\u00f3gica del equino de trabajo&p[url]=http:\/\/sedici.unlp.edu.ar\/handle\/10915\/173225\" target=\"_blank\"><img decoding=\"async\" src=\"https:\/\/congresos.unlp.edu.ar\/ebec2024\/wp-content\/plugins\/wp-dspace\/media\/img\/share-facebook.png\" alt=\"Facebook logo\" title=\"Compartir en Facebook\">\n             <\/a>\n             <a href=\"https:\/\/twitter.com\/?status=Evaluaci\u00f3n etol\u00f3gica del equino de trabajo http:\/\/sedici.unlp.edu.ar\/handle\/10915\/173225 via @sedici_unlp\" target=\"_blank\"><img decoding=\"async\" src=\"https:\/\/congresos.unlp.edu.ar\/ebec2024\/wp-content\/plugins\/wp-dspace\/media\/img\/share-twitter.png\" alt=\"Twitter logo\" title=\"Compartir en Twitter\"><\/a>\n             <a href=\"https:\/\/plus.google.com\/share?url=http:\/\/sedici.unlp.edu.ar\/handle\/10915\/173225\" target=\"_blank\"><img decoding=\"async\" src=\"https:\/\/congresos.unlp.edu.ar\/ebec2024\/wp-content\/plugins\/wp-dspace\/media\/img\/share-plus.png\" alt=\"Google+ logo\" title=\"Compartir en Google+\">\n             <\/a>\n             <a href=\"http:\/\/www.linkedin.com\/shareArticle?url=http:\/\/sedici.unlp.edu.ar\/handle\/10915\/173225\" target=\"_blank\"><img decoding=\"async\" src=\"https:\/\/congresos.unlp.edu.ar\/ebec2024\/wp-content\/plugins\/wp-dspace\/media\/img\/share-linkedin.png\" alt=\"Linkedin logo\" title=\"Compartir en Linkedin\">\n             <\/a>\n        <\/div><\/article><\/li><br><li><article style=\"padding:10px;border: 2px solid black;\">\n\t\t\t<title>Evaluaci\u00f3n etol\u00f3gica del caballo de polo y su relaci\u00f3n con la capacidad deportiva<\/title>\n                        <div id=\"sedici-title\"> \n                            <a class=\"link\" href=\"http:\/\/sedici.unlp.edu.ar\/handle\/10915\/173217\" target=\"_blank\">Evaluaci\u00f3n etol\u00f3gica del caballo de polo y su relaci\u00f3n con la capacidad deportiva<\/a>\n                        <\/div><div id=\"sedici-title\">Autores: <author><name><a href=https:\/\/sedici.unlp.edu.ar\/discover?filtertype=author&filter_relational_operator=equals&filter=Alvarez%2C%20Roc\u00edo%20Paola target=\"_blank\">Alvarez, Roc\u00edo Paola<\/a><\/name><\/author><\/div>\n                                   <p id=\"http:\/\/sedici.unlp.edu.ar\/handle\/10915\/173217\"> <\/p>\n                                   <published>\n                                        <div id=\"sedici-title\" >Fecha: <span class=\"sedici-content\">01\/01\/2024<\/span><\/div>\n                                    <\/published><summary> <div id=\"sedici-title\">Resumen:<span class=\"sedici-content\">El comportamiento resulta de gran importancia en la interacci\u00f3n entre jinete y caballo, en su adaptaci\u00f3n al entorno y potencialmente en el desempe\u00f1o deportivo. Se estudiar\u00e1n 80 hembras de polo, que se encuentren en condiciones de cuida o media cuida en sus respectivos establecimientos.  Sobre cada animal se tomar\u00e1n datos de identificaci\u00f3n, dos encuestas (Domador y Piloto) y 5 pruebas de comportamiento. Los animales ser\u00e1n filmados (50 fps), y tendr\u00e1n una cincha para determinar su frecuencia cardiaca en forma RR para su posterior interpretaci\u00f3n de la variabilidad de la frecuencia card\u00edaca.Para el an\u00e1lisis estad\u00edstico se utilizar\u00e1n m\u00e9todos multivariados, seleccionando el que m\u00e1s se ajuste a las variables recolectadas.Se realizaron entrevistas preliminares a diversos domadores, pilotos, jugadores, para poder evaluar qu\u00e9 caracter\u00edsticas y\/o t\u00e9rminos emplean com\u00fanmente para describir la aptitud, la capacidad de trabajo, el proceso de doma y el temperamento de los animales para poder elaborar las encuestas piloto. A partir de estas entrevistas, elaboramos una lista de t\u00e9rminos que componen las encuestas Domador y Piloto. Estas encuestas piloto se pusieron en pr\u00e1ctica ajustadas al evento, en dos ocasiones en un Concurso de Doma de Polo, permiti\u00e9ndonos modelarlas con sus resultados expresados en los siguientes trabajos: Caracter\u00edsticas generales de los domadores concursante en una prueba de doma. (\u00c1lvarez RP et al, 2023) y Caracterizaci\u00f3n de un proceso de doma mediante la utilizaci\u00f3n del instrumento \"encuesta\" en polo (\u00c1lvarez, RP et al, 2023)Respecto de los Test, realizamos pruebas piloto en diversos establecimientos para poder ajustar la metodolog\u00eda de desarrollo de cada uno seg\u00fan el escenario, aprender el manejo de los equipos y cuestiones t\u00e9cnicas de los mismos que condicionan la din\u00e1mica de trabajo. En lo que respecta al an\u00e1lisis de video para la observaci\u00f3n de las pautas y elaboraci\u00f3n de etogramas estamos probando diferentes softwares para ver cu\u00e1l resulta el m\u00e1s adecuado por el formato y calidad de los videos, siendo uno de los puntos cruciales dentro del trabajo experimental por el tiempo que insume su observaci\u00f3n, descripci\u00f3n y an\u00e1lisis. Se comenz\u00f3 con visitas a 3 establecimientos en la provincia de Buenos Aires, para iniciar los muestreos y posterior armado de las primeras bases de datos. Hemos podido comenzar con los primeros an\u00e1lisis de los archivos obtenidos a partir de los dispositivos Polar H10 y el volcado de las encuestas logrando las primeras publicaciones este a\u00f1o: Etograma de un Restraint Test: an\u00e1lisis de los resultados comparando el registro de dos observadores en Caballos J\u00f3venes de Polo Argentino. (\u00c1lvarez, RP et al, 2024) y Restraint Test en Caballos Polo Argentino: Comparaci\u00f3n de Resultados y Optimizaci\u00f3n de la metodolog\u00eda de registro en el Entrenamiento de Observadores.(\u00c1lvarez, RP et al, 2024).<\/span><\/div><\/summary><div class=\"a_unline\">Compartir: <a href=\"https:\/\/www.facebook.com\/sharer\/sharer.php?p[title]=Evaluaci\u00f3n etol\u00f3gica del caballo de polo y su relaci\u00f3n con la capacidad deportiva&p[url]=http:\/\/sedici.unlp.edu.ar\/handle\/10915\/173217\" target=\"_blank\"><img decoding=\"async\" src=\"https:\/\/congresos.unlp.edu.ar\/ebec2024\/wp-content\/plugins\/wp-dspace\/media\/img\/share-facebook.png\" alt=\"Facebook logo\" title=\"Compartir en Facebook\">\n             <\/a>\n             <a href=\"https:\/\/twitter.com\/?status=Evaluaci\u00f3n etol\u00f3gica del caballo de polo y su relaci\u00f3n con la capacidad deportiva http:\/\/sedici.unlp.edu.ar\/handle\/10915\/173217 via @sedici_unlp\" target=\"_blank\"><img decoding=\"async\" src=\"https:\/\/congresos.unlp.edu.ar\/ebec2024\/wp-content\/plugins\/wp-dspace\/media\/img\/share-twitter.png\" alt=\"Twitter logo\" title=\"Compartir en Twitter\"><\/a>\n             <a href=\"https:\/\/plus.google.com\/share?url=http:\/\/sedici.unlp.edu.ar\/handle\/10915\/173217\" target=\"_blank\"><img decoding=\"async\" src=\"https:\/\/congresos.unlp.edu.ar\/ebec2024\/wp-content\/plugins\/wp-dspace\/media\/img\/share-plus.png\" alt=\"Google+ logo\" title=\"Compartir en Google+\">\n             <\/a>\n             <a href=\"http:\/\/www.linkedin.com\/shareArticle?url=http:\/\/sedici.unlp.edu.ar\/handle\/10915\/173217\" target=\"_blank\"><img decoding=\"async\" src=\"https:\/\/congresos.unlp.edu.ar\/ebec2024\/wp-content\/plugins\/wp-dspace\/media\/img\/share-linkedin.png\" alt=\"Linkedin logo\" title=\"Compartir en Linkedin\">\n             <\/a>\n        <\/div><\/article><\/li><br><\/ul>\n            <div class=\"page_navigation \" ><\/div>\n            <\/div>\n","protected":false},"excerpt":{"rendered":"","protected":false},"author":161,"featured_media":0,"parent":0,"menu_order":0,"comment_status":"closed","ping_status":"closed","template":"","meta":{"advgb_blocks_editor_width":"","advgb_blocks_columns_visual_guide":"","footnotes":""},"class_list":["post-535","page","type-page","status-publish","hentry","post"],"aioseo_notices":[],"coauthors":[],"author_meta":{"author_link":"https:\/\/congresos.unlp.edu.ar\/ebec2024\/author\/pablot\/","display_name":"pablot"},"relative_dates":{"created":"Posted 3 a\u00f1os ago","modified":"Updated 1 a\u00f1o ago"},"absolute_dates":{"created":"Posted on 18 noviembre, 2022","modified":"Updated on 20 noviembre, 2024"},"absolute_dates_time":{"created":"Posted on 18 noviembre, 2022 10:37 am","modified":"Updated on 20 noviembre, 2024 8:46 am"},"featured_img_caption":"","featured_img":false,"series_order":"","_links":{"self":[{"href":"https:\/\/congresos.unlp.edu.ar\/ebec2024\/wp-json\/wp\/v2\/pages\/535","targetHints":{"allow":["GET"]}}],"collection":[{"href":"https:\/\/congresos.unlp.edu.ar\/ebec2024\/wp-json\/wp\/v2\/pages"}],"about":[{"href":"https:\/\/congresos.unlp.edu.ar\/ebec2024\/wp-json\/wp\/v2\/types\/page"}],"author":[{"embeddable":true,"href":"https:\/\/congresos.unlp.edu.ar\/ebec2024\/wp-json\/wp\/v2\/users\/161"}],"replies":[{"embeddable":true,"href":"https:\/\/congresos.unlp.edu.ar\/ebec2024\/wp-json\/wp\/v2\/comments?post=535"}],"version-history":[{"count":0,"href":"https:\/\/congresos.unlp.edu.ar\/ebec2024\/wp-json\/wp\/v2\/pages\/535\/revisions"}],"wp:attachment":[{"href":"https:\/\/congresos.unlp.edu.ar\/ebec2024\/wp-json\/wp\/v2\/media?parent=535"}],"curies":[{"name":"wp","href":"https:\/\/api.w.org\/{rel}","templated":true}]}}