{"id":486,"date":"2022-11-18T09:44:59","date_gmt":"2022-11-18T12:44:59","guid":{"rendered":"https:\/\/congresos.unlp.edu.ar\/ebec2024\/?page_id=486"},"modified":"2024-11-15T11:38:08","modified_gmt":"2024-11-15T14:38:08","slug":"energia","status":"publish","type":"page","link":"https:\/\/congresos.unlp.edu.ar\/ebec2024\/energia\/","title":{"rendered":"Energ\u00eda"},"content":{"rendered":"<div class=\"wpDspace itemsPagination  noPagination\" id=\"page_container_69f7787f76689\"><ul class=\"content\"><li><article style=\"padding:10px;border: 2px solid black;\">\n\t\t\t<title>Desarrollo de estrategias metodol\u00f3gicas orientadas a la implementaci\u00f3n de un programa de etiquetado energ\u00e9tico edilicio  en el sector salud<\/title>\n                        <div id=\"sedici-title\"> \n                            <a class=\"link\" href=\"http:\/\/sedici.unlp.edu.ar\/handle\/10915\/173446\" target=\"_blank\">Desarrollo de estrategias metodol\u00f3gicas orientadas a la implementaci\u00f3n de un programa de etiquetado energ\u00e9tico edilicio  en el sector salud<\/a>\n                        <\/div><div id=\"sedici-title\">Autores: <author><name><a href=https:\/\/sedici.unlp.edu.ar\/discover?filtertype=author&filter_relational_operator=equals&filter=Seltzer%2C%20Micaela target=\"_blank\">Seltzer, Micaela<\/a><\/name><\/author><\/div>\n                                   <p id=\"http:\/\/sedici.unlp.edu.ar\/handle\/10915\/173446\"> <\/p>\n                                   <published>\n                                        <div id=\"sedici-title\" >Fecha: <span class=\"sedici-content\">01\/01\/2024<\/span><\/div>\n                                    <\/published><summary> <div id=\"sedici-title\">Resumen:<span class=\"sedici-content\">A partir del contexto energ\u00e9tico mundial actual y ante un escenario de recursos limitados y donde la preocupaci\u00f3n ambiental es cada vez mayor, se vuelve imperioso realizar acciones que permitan optimizar los recursos energ\u00e9ticos. Son numerosos los Estados que lo han adoptado como pol\u00edtica, incluyendo la Argentina. Actualmente, cerca del 40% de la energ\u00eda que se consume est\u00e1 vinculada con los edificios. En el sector salud espec\u00edficamente, existe una tendencia desde el a\u00f1o 1995 en la cual el consumo de energ\u00eda ha aumentado un 36% y es probable que se mantenga e inclusive se incremente debido a m\u00faltiples factores. El plan de trabajo propuesto plantea establecer procedimientos y\/o estrategias metodol\u00f3gicas tendientes a mejorar el uso de los recursos energ\u00e9ticos en los edificios del sector salud, para una futura implementaci\u00f3n de un programa de certificado edilicio, que permita obtener una etiqueta energ\u00e9tica en forma global (establecimiento) y\/o en forma detallada (para cada \u00e1rea hospitalaria que integra el establecimiento).<\/span><\/div><\/summary><div class=\"a_unline\">Compartir: <a href=\"https:\/\/www.facebook.com\/sharer\/sharer.php?p[title]=Desarrollo de estrategias metodol\u00f3gicas orientadas a la implementaci\u00f3n de un programa de etiquetado energ\u00e9tico edilicio  en el sector salud&p[url]=http:\/\/sedici.unlp.edu.ar\/handle\/10915\/173446\" target=\"_blank\"><img decoding=\"async\" src=\"https:\/\/congresos.unlp.edu.ar\/ebec2024\/wp-content\/plugins\/wp-dspace\/media\/img\/share-facebook.png\" alt=\"Facebook logo\" title=\"Compartir en Facebook\">\n             <\/a>\n             <a href=\"https:\/\/twitter.com\/?status=Desarrollo de estrategias metodol\u00f3gicas orientadas a la implementaci\u00f3n de un programa de etiquetado energ\u00e9tico edilicio  en el sector salud http:\/\/sedici.unlp.edu.ar\/handle\/10915\/173446 via @sedici_unlp\" target=\"_blank\"><img decoding=\"async\" src=\"https:\/\/congresos.unlp.edu.ar\/ebec2024\/wp-content\/plugins\/wp-dspace\/media\/img\/share-twitter.png\" alt=\"Twitter logo\" title=\"Compartir en Twitter\"><\/a>\n             <a href=\"https:\/\/plus.google.com\/share?url=http:\/\/sedici.unlp.edu.ar\/handle\/10915\/173446\" target=\"_blank\"><img decoding=\"async\" src=\"https:\/\/congresos.unlp.edu.ar\/ebec2024\/wp-content\/plugins\/wp-dspace\/media\/img\/share-plus.png\" alt=\"Google+ logo\" title=\"Compartir en Google+\">\n             <\/a>\n             <a href=\"http:\/\/www.linkedin.com\/shareArticle?url=http:\/\/sedici.unlp.edu.ar\/handle\/10915\/173446\" target=\"_blank\"><img decoding=\"async\" src=\"https:\/\/congresos.unlp.edu.ar\/ebec2024\/wp-content\/plugins\/wp-dspace\/media\/img\/share-linkedin.png\" alt=\"Linkedin logo\" title=\"Compartir en Linkedin\">\n             <\/a>\n        <\/div><\/article><\/li><br><li><article style=\"padding:10px;border: 2px solid black;\">\n\t\t\t<title>Estudio de asfaltenos de petr\u00f3leos argentinos: problem\u00e1ticas y soluciones<\/title>\n                        <div id=\"sedici-title\"> \n                            <a class=\"link\" href=\"http:\/\/sedici.unlp.edu.ar\/handle\/10915\/173218\" target=\"_blank\">Estudio de asfaltenos de petr\u00f3leos argentinos: problem\u00e1ticas y soluciones<\/a>\n                        <\/div><div id=\"sedici-title\">Autores: <author><name><a href=https:\/\/sedici.unlp.edu.ar\/discover?filtertype=author&filter_relational_operator=equals&filter=Toledo%2C%20Axel target=\"_blank\">Toledo, Axel<\/a><\/name><\/author><\/div>\n                                   <p id=\"http:\/\/sedici.unlp.edu.ar\/handle\/10915\/173218\"> <\/p>\n                                   <published>\n                                        <div id=\"sedici-title\" >Fecha: <span class=\"sedici-content\">01\/01\/2024<\/span><\/div>\n                                    <\/published><summary> <div id=\"sedici-title\">Resumen:<span class=\"sedici-content\">Los asfaltenos son la fracci\u00f3n m\u00e1s polar y pesada del petr\u00f3leo crudo, y han recibido especial atenci\u00f3n en las \u00faltimas d\u00e9cadas debido a los m\u00faltiples problemas que ocasionan en la industria petrolera. Una vez que los asfaltenos se depositan, son muy dif\u00edciles y costosos de remediar. En la b\u00fasqueda de soluciones a tan grave problema, es necesario conocer m\u00e1s sobre la composici\u00f3n de la fracci\u00f3n m\u00e1s pesada y compleja del petr\u00f3leo para encontrar m\u00e9todos que permitan controlar estos dep\u00f3sitos.Para determinar la estructura y los mecanismos de formaci\u00f3n de agregados de asfaltenos argentinos, se utiliz\u00f3 la t\u00e9cnica de Small-Angle X-ray Scattering (SAXS) con luz de sincrotr\u00f3n como fuente de radiaci\u00f3n. Se tomaron mediciones en la l\u00ednea Cateret\u00ea en Sirius para cuantificar tama\u00f1os y determinar la estructura de los agregados de asfaltenos. Se prepararon soluciones modelo de asfaltenos de dos crudos argentinos (A1 y A2) en tolueno a diferentes concentraciones, y se registraron los patrones de dispersi\u00f3n. Se realiz\u00f3 el an\u00e1lisis de Guinier para determinar los valores de Rg de los agregados, y el an\u00e1lisis de Porod a gran escala para determinar los valores de P y Df; obteniendo as\u00ed informaci\u00f3n sobre la estructura superficial e interna de los c\u00famulos de asfaltenos solubles.A continuaci\u00f3n, se estudi\u00f3 la evoluci\u00f3n temporal de los cl\u00fasteres con la adici\u00f3n de diferentes proporciones de n-heptano (agente precipitante) y se eligi\u00f3 el que mostr\u00f3 un crecimiento inicial \u00f3ptimo para detectar la cin\u00e9tica de crecimiento y transici\u00f3n de cl\u00fasteres solubles a insolubles (56% y 82% v\/v respectivamente para A1 y A2).Con esta informaci\u00f3n, se estudi\u00f3 el efecto de diferentes tipos de sustancias anfif\u00edlicas y surfactantes que podr\u00edan tener un efecto inhibitorio sobre la floculaci\u00f3n de asfaltenos. Se estudiaron tres inhibidores comerciales utilizados en la industria (A, B y C), que se inyectan en yacimientos para reducir el efecto de la precipitaci\u00f3n y deposici\u00f3n de asfaltenos; tres inhibidores modelo ampliamente utilizados en la literatura (nonilfenol, DBSA: \u00e1cido dodecilbencenosulf\u00f3nico y SDS: dodecil sulfato de sodio); y tres inhibidores sintetizados en el laboratorio a partir de sustratos de diferentes longitudes de cadena (I4: N-octilbenzamida, I5: N-hexilbenzamida, I7: N-hexadecilbenzamida, I8: N-dodecilbenzamida).Se registraron los patrones de dispersi\u00f3n de cada mezcla a lo largo del tiempo (0-300 min), se realiz\u00f3 un an\u00e1lisis de Guinier y se determinaron los valores de Rg a lo largo del tiempo para los diferentes inhibidores. Se pudo observar que en ausencia de un inhibidor, el tama\u00f1o de los cl\u00fasteres aumenta progresivamente con el tiempo, mientras que con el inhibidor comercial A y nonilfenol, hay un crecimiento inicial de los agregados seguido de una disminuci\u00f3n en su tama\u00f1o, observ\u00e1ndose un efecto mucho mayor con el inhibidor A.<\/span><\/div><\/summary><div class=\"a_unline\">Compartir: <a href=\"https:\/\/www.facebook.com\/sharer\/sharer.php?p[title]=Estudio de asfaltenos de petr\u00f3leos argentinos: problem\u00e1ticas y soluciones&p[url]=http:\/\/sedici.unlp.edu.ar\/handle\/10915\/173218\" target=\"_blank\"><img decoding=\"async\" src=\"https:\/\/congresos.unlp.edu.ar\/ebec2024\/wp-content\/plugins\/wp-dspace\/media\/img\/share-facebook.png\" alt=\"Facebook logo\" title=\"Compartir en Facebook\">\n             <\/a>\n             <a href=\"https:\/\/twitter.com\/?status=Estudio de asfaltenos de petr\u00f3leos argentinos: problem\u00e1ticas y soluciones http:\/\/sedici.unlp.edu.ar\/handle\/10915\/173218 via @sedici_unlp\" target=\"_blank\"><img decoding=\"async\" src=\"https:\/\/congresos.unlp.edu.ar\/ebec2024\/wp-content\/plugins\/wp-dspace\/media\/img\/share-twitter.png\" alt=\"Twitter logo\" title=\"Compartir en Twitter\"><\/a>\n             <a href=\"https:\/\/plus.google.com\/share?url=http:\/\/sedici.unlp.edu.ar\/handle\/10915\/173218\" target=\"_blank\"><img decoding=\"async\" src=\"https:\/\/congresos.unlp.edu.ar\/ebec2024\/wp-content\/plugins\/wp-dspace\/media\/img\/share-plus.png\" alt=\"Google+ logo\" title=\"Compartir en Google+\">\n             <\/a>\n             <a href=\"http:\/\/www.linkedin.com\/shareArticle?url=http:\/\/sedici.unlp.edu.ar\/handle\/10915\/173218\" target=\"_blank\"><img decoding=\"async\" src=\"https:\/\/congresos.unlp.edu.ar\/ebec2024\/wp-content\/plugins\/wp-dspace\/media\/img\/share-linkedin.png\" alt=\"Linkedin logo\" title=\"Compartir en Linkedin\">\n             <\/a>\n        <\/div><\/article><\/li><br><\/ul>\n            <div class=\"page_navigation \" ><\/div>\n            <\/div>\n","protected":false},"excerpt":{"rendered":"","protected":false},"author":161,"featured_media":0,"parent":0,"menu_order":0,"comment_status":"closed","ping_status":"closed","template":"","meta":{"advgb_blocks_editor_width":"","advgb_blocks_columns_visual_guide":"","footnotes":""},"class_list":["post-486","page","type-page","status-publish","hentry","post"],"aioseo_notices":[],"coauthors":[],"author_meta":{"author_link":"https:\/\/congresos.unlp.edu.ar\/ebec2024\/author\/pablot\/","display_name":"pablot"},"relative_dates":{"created":"Posted 3 a\u00f1os ago","modified":"Updated 1 a\u00f1o ago"},"absolute_dates":{"created":"Posted on 18 noviembre, 2022","modified":"Updated on 15 noviembre, 2024"},"absolute_dates_time":{"created":"Posted on 18 noviembre, 2022 9:44 am","modified":"Updated on 15 noviembre, 2024 11:38 am"},"featured_img_caption":"","featured_img":false,"series_order":"","_links":{"self":[{"href":"https:\/\/congresos.unlp.edu.ar\/ebec2024\/wp-json\/wp\/v2\/pages\/486","targetHints":{"allow":["GET"]}}],"collection":[{"href":"https:\/\/congresos.unlp.edu.ar\/ebec2024\/wp-json\/wp\/v2\/pages"}],"about":[{"href":"https:\/\/congresos.unlp.edu.ar\/ebec2024\/wp-json\/wp\/v2\/types\/page"}],"author":[{"embeddable":true,"href":"https:\/\/congresos.unlp.edu.ar\/ebec2024\/wp-json\/wp\/v2\/users\/161"}],"replies":[{"embeddable":true,"href":"https:\/\/congresos.unlp.edu.ar\/ebec2024\/wp-json\/wp\/v2\/comments?post=486"}],"version-history":[{"count":0,"href":"https:\/\/congresos.unlp.edu.ar\/ebec2024\/wp-json\/wp\/v2\/pages\/486\/revisions"}],"wp:attachment":[{"href":"https:\/\/congresos.unlp.edu.ar\/ebec2024\/wp-json\/wp\/v2\/media?parent=486"}],"curies":[{"name":"wp","href":"https:\/\/api.w.org\/{rel}","templated":true}]}}