{"id":346,"date":"2022-11-15T11:00:26","date_gmt":"2022-11-15T14:00:26","guid":{"rendered":"https:\/\/congresos.unlp.edu.ar\/ebec2024\/?page_id=346"},"modified":"2024-11-15T11:51:47","modified_gmt":"2024-11-15T14:51:47","slug":"neurociencia","status":"publish","type":"page","link":"https:\/\/congresos.unlp.edu.ar\/ebec2024\/neurociencia\/","title":{"rendered":"Neurociencia"},"content":{"rendered":"<div class=\"wpDspace itemsPagination  noPagination\" id=\"page_container_69fa74fff35a2\"><ul class=\"content\"><li><article style=\"padding:10px;border: 2px solid black;\">\n\t\t\t<title>La subunidad accesoria \u03b24 del canal BK como blanco farmacol\u00f3gico de acci\u00f3n selectiva para el tratamiento de la epilepsia<\/title>\n                        <div id=\"sedici-title\"> \n                            <a class=\"link\" href=\"http:\/\/sedici.unlp.edu.ar\/handle\/10915\/173366\" target=\"_blank\">La subunidad accesoria \u03b24 del canal BK como blanco farmacol\u00f3gico de acci\u00f3n selectiva para el tratamiento de la epilepsia<\/a>\n                        <\/div><div id=\"sedici-title\">Autores: <author><name><a href=https:\/\/sedici.unlp.edu.ar\/discover?filtertype=author&filter_relational_operator=equals&filter=Orsi%2C%20Federico target=\"_blank\">Orsi, Federico<\/a><\/name><\/author><\/div>\n                                   <p id=\"http:\/\/sedici.unlp.edu.ar\/handle\/10915\/173366\"> <\/p>\n                                   <published>\n                                        <div id=\"sedici-title\" >Fecha: <span class=\"sedici-content\">01\/01\/2024<\/span><\/div>\n                                    <\/published><summary> <div id=\"sedici-title\">Resumen:<span class=\"sedici-content\">La epilepsia es el trastorno neurol\u00f3gico cr\u00f3nico de mayor prevalencia a nivel mundial, caracterizado por el incremento en la excitabilidad neuronal. Mi plan de tesis doctoral tiene por objetivo contribuir con la b\u00fasqueda de f\u00e1rmacos antiepil\u00e9pticos. Proponemos centrarnos sobre el canal de K+ de alta conductancia, calcio y voltaje-dependiente (BK), que se expresa ampliamente en el sistema nervioso central (SNC), donde modula la forma y duraci\u00f3n de potenciales de acci\u00f3n (PA), adem\u00e1s de regular la liberaci\u00f3n de neurotransmisores a nivel sin\u00e1ptico. Dado que presenta una distribuci\u00f3n ubicua en el organismo, la clave para obtener una farmacolog\u00eda selectiva es apuntar a sus subunidades accesorias, visto que la expresi\u00f3n de las mismas es espec\u00edfica de cada tipo celular. Puntualmente, la subunidad auxiliar \u03b24 del canal BK se expresa en el SNC, donde a nivel del hipocampo su actividad reduce la excitabilidad neuronal. Los ratones KO para \u03b24 presentan epilepsia espont\u00e1nea compatible con epilepsia del l\u00f3bulo temporal (TLE). Por lo tanto, compuestos que activen selectivamente al canal expresado con \u03b24 (\u03b1\/\u03b24) son de gran inter\u00e9s para mejorar los tratamientos para este tipo de epilepsia. Utilizando la t\u00e9cnica de patch clamp en modo de voltage-clamp, demostramos que el Montelukast (MTK) desplaza la curva de activaci\u00f3n hacia voltajes m\u00e1s hiperpolarizados en el canal BK \u03b1\/\u03b24 heter\u00f3logamente expresado en c\u00e9lulas HEK293 (BK \u03b1\/\u03b24, 1 \u00b5M MTK: \u0394V1\/2= -68.21 mV \u00b1 6.55; n=7; plt;0,05) mientras que el desplazamiento de la curva de activaci\u00f3n en ausencia de la subunidad \u03b24 es notoriamente menor (BK \u03b1 solo, 1 \u00b5M MTK: \u0394V1\/2= -19.26 mV \u00b1 5.62; n=4; plt;0,05). Adem\u00e1s, en registros en configuraci\u00f3n de current-clamp de cortes de cerebro de rat\u00f3n, encontramos que una poblaci\u00f3n de c\u00e9lulas granulares del giro dentado (GCDG) exhibi\u00f3 una disminuci\u00f3n en el n\u00famero de potenciales de acci\u00f3n (PA) en presencia de 1 \u00b5M de Montelukast (MTK) (a 80pA: PAMTK: 0,44 \u00b1 0,18 vs. PAcontrol: 4,67 \u00b1 0,44, n=9-28, plt;0,05). Este efecto est\u00e1 acompa\u00f1ado por una disminuci\u00f3n de la resistencia de entrada de las neuronas (IR) (para 1 \u00b5M MTK: IRMTK: 342,2 \u03a9 \u00b1 24,7 vs. IRcontrol: 560 \u03a9 \u00b1 31,1, n=9-28, plt;0,05) y un aumento del umbral de excitaci\u00f3n (rheobase) (para 1 \u00b5M MTK: RheoMTK: 89,4 pA \u00b1 6,2 vs. Rheocontrol: 52,5 pA \u00b1 2,9, n=9-28, plt;0,05). Nuestros resultados indican que el MTK podr\u00eda reducir la excitabilidad de las GCDG y podr\u00eda ser un nuevo tratamiento potencial para la epilepsia del l\u00f3bulo temporal (TLE).<\/span><\/div><\/summary><div class=\"a_unline\">Compartir: <a href=\"https:\/\/www.facebook.com\/sharer\/sharer.php?p[title]=La subunidad accesoria \u03b24 del canal BK como blanco farmacol\u00f3gico de acci\u00f3n selectiva para el tratamiento de la epilepsia&p[url]=http:\/\/sedici.unlp.edu.ar\/handle\/10915\/173366\" target=\"_blank\"><img decoding=\"async\" src=\"https:\/\/congresos.unlp.edu.ar\/ebec2024\/wp-content\/plugins\/wp-dspace\/media\/img\/share-facebook.png\" alt=\"Facebook logo\" title=\"Compartir en Facebook\">\n             <\/a>\n             <a href=\"https:\/\/twitter.com\/?status=La subunidad accesoria \u03b24 del canal BK como blanco farmacol\u00f3gico de acci\u00f3n selectiva para el tratamiento de la epilepsia http:\/\/sedici.unlp.edu.ar\/handle\/10915\/173366 via @sedici_unlp\" target=\"_blank\"><img decoding=\"async\" src=\"https:\/\/congresos.unlp.edu.ar\/ebec2024\/wp-content\/plugins\/wp-dspace\/media\/img\/share-twitter.png\" alt=\"Twitter logo\" title=\"Compartir en Twitter\"><\/a>\n             <a href=\"https:\/\/plus.google.com\/share?url=http:\/\/sedici.unlp.edu.ar\/handle\/10915\/173366\" target=\"_blank\"><img decoding=\"async\" src=\"https:\/\/congresos.unlp.edu.ar\/ebec2024\/wp-content\/plugins\/wp-dspace\/media\/img\/share-plus.png\" alt=\"Google+ logo\" title=\"Compartir en Google+\">\n             <\/a>\n             <a href=\"http:\/\/www.linkedin.com\/shareArticle?url=http:\/\/sedici.unlp.edu.ar\/handle\/10915\/173366\" target=\"_blank\"><img decoding=\"async\" src=\"https:\/\/congresos.unlp.edu.ar\/ebec2024\/wp-content\/plugins\/wp-dspace\/media\/img\/share-linkedin.png\" alt=\"Linkedin logo\" title=\"Compartir en Linkedin\">\n             <\/a>\n        <\/div><\/article><\/li><br><li><article style=\"padding:10px;border: 2px solid black;\">\n\t\t\t<title>Tratamiento oral con \u00e1cidos grasos omega-3 mitiga los cambios conductuales y moleculares en un modelo de neurodegeneraci\u00f3n en ratas<\/title>\n                        <div id=\"sedici-title\"> \n                            <a class=\"link\" href=\"http:\/\/sedici.unlp.edu.ar\/handle\/10915\/173333\" target=\"_blank\">Tratamiento oral con \u00e1cidos grasos omega-3 mitiga los cambios conductuales y moleculares en un modelo de neurodegeneraci\u00f3n en ratas<\/a>\n                        <\/div><div id=\"sedici-title\">Autores: <author><name><a href=https:\/\/sedici.unlp.edu.ar\/discover?filtertype=author&filter_relational_operator=equals&filter=Peralta%2C%20Facundo target=\"_blank\">Peralta, Facundo<\/a><\/name><\/author><\/div>\n                                   <p id=\"http:\/\/sedici.unlp.edu.ar\/handle\/10915\/173333\"> <\/p>\n                                   <published>\n                                        <div id=\"sedici-title\" >Fecha: <span class=\"sedici-content\">01\/01\/2024<\/span><\/div>\n                                    <\/published><summary> <div id=\"sedici-title\">Resumen:<span class=\"sedici-content\">Las enfermedades asociadas a la neurodegeneraci\u00f3n son problemas que deben abordarse para el bienestar de las futuras generaciones. En nuestro grupo de trabajo exploramos posibles terapias que abordan esta problem\u00e1tica utilizando un modelo de ratas inducido por una \u00fanica inyecci\u00f3n intracerebroventricular (ICV) de estreptozotocina (STZ). Una de las \u00faltimas estrategias abordadas por nuestro grupo consiste en evaluar el efecto de la suplementaci\u00f3n dietaria oral con \u00e1cidos grasos (AG) omega-3 (w3), enfoc\u00e1ndonos en el rendimiento conductual y los cambios moleculares en el hipocampo (HC), dos caracter\u00edsticas particularmente afectadas en nuestro modelo de estudio. Los AG poliinsaturados de cadena larga de la familia \ua7b7-3, entre ellos principalmente el \u00e1cido \u03b1-linol\u00e9nico (ALA), el \u00e1cido eicosapentaenoico y el \u00e1cido docosahexaenoico (DHA), son de gran importancia para el correcto desarrollo y funcionamiento neurol\u00f3gico a lo largo de la vida. El DHA constituye m\u00e1s del 90% de los \u03c9-3 y el 10-20% de los l\u00edpidos totales en el cerebro. Dicho AG es capaz de modular propiedades celulares y procesos fisiol\u00f3gicos como la fluidez de la membrana, la liberaci\u00f3n de neurotransmisores, la expresi\u00f3n g\u00e9nica, la neuroinflamaci\u00f3n y el crecimiento neuronal. Por lo tanto, hipotetizamos que, al suplementar la dieta con aceite de pescado rico en dichos l\u00edpidos, se restaurar\u00e1 la composici\u00f3n lip\u00eddica cerebral, y ser\u00e1 efectivo para el tratamiento de la neuroinflamaci\u00f3n y la neurodegeneraci\u00f3n, llevando a una mejora en la cognici\u00f3n de los animales.Experimentalmente, en la semana 0, los animales fueron agrupados aleatoriamente (n=8\/grupo) en SHAM, STZ y STZ+w3, y recibieron l\u00edquido cefalorraqu\u00eddeo artificial icv (SHAM) o STZ (STZ y STZ+w3) (3 mg\/kg) bilateralmente. Entre la semana 1 y la 12, las ratas STZ+w3 fueron tratadas diariamente con w3 (Regulip1000; 150 \u00b5l de aceite\/rata; 44,5 mg w3\/animal). Diez d\u00edas antes de la eutanasia, se realizaron pruebas conductuales, donde se evalu\u00f3 el comportamiento t\u00edpico de especie, la memoria de reconocimiento a corto y largo plazo, y el comportamiento tipo depresivo. A nivel molecular, se examinaron neuronas inmaduras, microgl\u00eda y astrocitos en el HC (Stratum radiatum de CA3), utilizando marcaje inmunohistoqu\u00edmico para la prote\u00edna doblecortina, la mol\u00e9cula adaptadora de uni\u00f3n al calcio ionizado 1 y la prote\u00edna \u00e1cida fibrilar glial, respectivamente. Observamos que el tratamiento con w3 mejora la neurodegeneraci\u00f3n inducida por STZ asociada con comportamiento t\u00edpico de la especie, memoria de reconocimiento a corto plazo, pero no a largo plazo, y el comportamiento tipo depresivo. Molecularmente, el tratamiento no tuvo impacto sobre la poblaci\u00f3n de neuronas inmaduras y la microgl\u00eda, pero si mejoro la poblaci\u00f3n de astrocitos. Por lo tanto, concluimos que algunas, pero no todas, las caracter\u00edsticas neurodegenerativas pueden ser mitigadas a trav\u00e9s de una estrategia terap\u00e9utica m\u00ednimamente invasiva basada en la suplementaci\u00f3n de AG w3.<\/span><\/div><\/summary><div class=\"a_unline\">Compartir: <a href=\"https:\/\/www.facebook.com\/sharer\/sharer.php?p[title]=Tratamiento oral con \u00e1cidos grasos omega-3 mitiga los cambios conductuales y moleculares en un modelo de neurodegeneraci\u00f3n en ratas&p[url]=http:\/\/sedici.unlp.edu.ar\/handle\/10915\/173333\" target=\"_blank\"><img decoding=\"async\" src=\"https:\/\/congresos.unlp.edu.ar\/ebec2024\/wp-content\/plugins\/wp-dspace\/media\/img\/share-facebook.png\" alt=\"Facebook logo\" title=\"Compartir en Facebook\">\n             <\/a>\n             <a href=\"https:\/\/twitter.com\/?status=Tratamiento oral con \u00e1cidos grasos omega-3 mitiga los cambios conductuales y moleculares en un modelo de neurodegeneraci\u00f3n en ratas http:\/\/sedici.unlp.edu.ar\/handle\/10915\/173333 via @sedici_unlp\" target=\"_blank\"><img decoding=\"async\" src=\"https:\/\/congresos.unlp.edu.ar\/ebec2024\/wp-content\/plugins\/wp-dspace\/media\/img\/share-twitter.png\" alt=\"Twitter logo\" title=\"Compartir en Twitter\"><\/a>\n             <a href=\"https:\/\/plus.google.com\/share?url=http:\/\/sedici.unlp.edu.ar\/handle\/10915\/173333\" target=\"_blank\"><img decoding=\"async\" src=\"https:\/\/congresos.unlp.edu.ar\/ebec2024\/wp-content\/plugins\/wp-dspace\/media\/img\/share-plus.png\" alt=\"Google+ logo\" title=\"Compartir en Google+\">\n             <\/a>\n             <a href=\"http:\/\/www.linkedin.com\/shareArticle?url=http:\/\/sedici.unlp.edu.ar\/handle\/10915\/173333\" target=\"_blank\"><img decoding=\"async\" src=\"https:\/\/congresos.unlp.edu.ar\/ebec2024\/wp-content\/plugins\/wp-dspace\/media\/img\/share-linkedin.png\" alt=\"Linkedin logo\" title=\"Compartir en Linkedin\">\n             <\/a>\n        <\/div><\/article><\/li><br><li><article style=\"padding:10px;border: 2px solid black;\">\n\t\t\t<title>Impacto de los \u00e1cidos grasos omega-3 (AGs\u03c9-3) en las c\u00e9lulas gliales y en el  comportamiento en ratas viejas<\/title>\n                        <div id=\"sedici-title\"> \n                            <a class=\"link\" href=\"http:\/\/sedici.unlp.edu.ar\/handle\/10915\/173331\" target=\"_blank\">Impacto de los \u00e1cidos grasos omega-3 (AGs\u03c9-3) en las c\u00e9lulas gliales y en el  comportamiento en ratas viejas<\/a>\n                        <\/div><div id=\"sedici-title\">Autores: <author><name><a href=https:\/\/sedici.unlp.edu.ar\/discover?filtertype=author&filter_relational_operator=equals&filter=Sisti%2C%20Mar\u00eda%20Milagros target=\"_blank\">Sisti, Mar\u00eda Milagros<\/a><\/name><\/author><\/div>\n                                   <p id=\"http:\/\/sedici.unlp.edu.ar\/handle\/10915\/173331\"> <\/p>\n                                   <published>\n                                        <div id=\"sedici-title\" >Fecha: <span class=\"sedici-content\">01\/01\/2024<\/span><\/div>\n                                    <\/published><summary> <div id=\"sedici-title\">Resumen:<span class=\"sedici-content\">El envejecimiento es un proceso biol\u00f3gico que impacta significativamente en el cerebro, y es una de las principales causas de aparici\u00f3n de enfermedades neurodegenerativas. Una de las caracter\u00edsticas t\u00edpicas del cerebro envejecido es la inflamaci\u00f3n cr\u00f3nica, mediada principalmente por c\u00e9lulas gliales como la microgl\u00eda y la astrogli\u0301a. En este trabajo pretendemos comprender los cambios en la gl\u00eda asociados al envejecimiento y su correlaci\u00f3n con alteraciones conductuales, para ampliar nuestro conocimiento sobre la neurodegeneraci\u00f3n relacionada con la edad.Para cumplir nuestro objetivo, examinamos los cambios conductuales (cognici\u00f3n, depresi\u00f3n y locomoci\u00f3n) y las caracter\u00edsticas de las c\u00e9lulas gliales en ratas Sprague Dawley hembras na\u00efve de diferentes edades: 6, 12, 18 y 24 meses. Adem\u00e1s, evaluamos los efectos de la suplementaci\u00f3n con \u00e1cidos grasos omega-3 (AGs\u03c9-3), conocidos por sus propiedades antiinflamatorias, antioxidantes y neuroprotectoras, en ratas de 18 y 24 meses.Nuestros hallazgos revelan que los primeros signos de comportamiento similar a la depresi\u00f3n aparecen a los 12 meses. Sin embargo, el d\u00e9ficit cognitivo evaluado mediante la prueba de laberinto de Barnes (BM) fueron evidentes solo a partir de los 24 meses: En relaci\u00f3n a la suplementaci\u00f3n con los AGs\u03c9-3, esta fue efectiva disminuyendo el d\u00e9ficit cognitivo asociado con la memoria hipocampal. No se observaron cambios significativos en otras pruebas evaluadas. Tambi\u00e9n se observaron cambios en la cantidad y el fenotipo de las c\u00e9lulas gliales en las diferentes regiones evaluadas.Estos hallazgos sugieren que la suplementaci\u00f3n con AGs\u03c9-3 podr\u00eda mitigar los efectos perjudiciales del envejecimiento, actuando sobre las c\u00e9lulas gliales. Este resultado prometedor abre el camino para explorar nuevas estrategias terap\u00e9uticas para el tratamiento de las enfermedades neurodegenerativas relacionadas con la edad.<\/span><\/div><\/summary><div class=\"a_unline\">Compartir: <a href=\"https:\/\/www.facebook.com\/sharer\/sharer.php?p[title]=Impacto de los \u00e1cidos grasos omega-3 (AGs\u03c9-3) en las c\u00e9lulas gliales y en el  comportamiento en ratas viejas&p[url]=http:\/\/sedici.unlp.edu.ar\/handle\/10915\/173331\" target=\"_blank\"><img decoding=\"async\" src=\"https:\/\/congresos.unlp.edu.ar\/ebec2024\/wp-content\/plugins\/wp-dspace\/media\/img\/share-facebook.png\" alt=\"Facebook logo\" title=\"Compartir en Facebook\">\n             <\/a>\n             <a href=\"https:\/\/twitter.com\/?status=Impacto de los \u00e1cidos grasos omega-3 (AGs\u03c9-3) en las c\u00e9lulas gliales y en el  comportamiento en ratas viejas http:\/\/sedici.unlp.edu.ar\/handle\/10915\/173331 via @sedici_unlp\" target=\"_blank\"><img decoding=\"async\" src=\"https:\/\/congresos.unlp.edu.ar\/ebec2024\/wp-content\/plugins\/wp-dspace\/media\/img\/share-twitter.png\" alt=\"Twitter logo\" title=\"Compartir en Twitter\"><\/a>\n             <a href=\"https:\/\/plus.google.com\/share?url=http:\/\/sedici.unlp.edu.ar\/handle\/10915\/173331\" target=\"_blank\"><img decoding=\"async\" src=\"https:\/\/congresos.unlp.edu.ar\/ebec2024\/wp-content\/plugins\/wp-dspace\/media\/img\/share-plus.png\" alt=\"Google+ logo\" title=\"Compartir en Google+\">\n             <\/a>\n             <a href=\"http:\/\/www.linkedin.com\/shareArticle?url=http:\/\/sedici.unlp.edu.ar\/handle\/10915\/173331\" target=\"_blank\"><img decoding=\"async\" src=\"https:\/\/congresos.unlp.edu.ar\/ebec2024\/wp-content\/plugins\/wp-dspace\/media\/img\/share-linkedin.png\" alt=\"Linkedin logo\" title=\"Compartir en Linkedin\">\n             <\/a>\n        <\/div><\/article><\/li><br><li><article style=\"padding:10px;border: 2px solid black;\">\n\t\t\t<title>Terapia g\u00e9nica regenerativa en modelos de disfunci\u00f3n neuronal del sistema l\u00edmbico<\/title>\n                        <div id=\"sedici-title\"> \n                            <a class=\"link\" href=\"http:\/\/sedici.unlp.edu.ar\/handle\/10915\/173216\" target=\"_blank\">Terapia g\u00e9nica regenerativa en modelos de disfunci\u00f3n neuronal del sistema l\u00edmbico<\/a>\n                        <\/div><div id=\"sedici-title\">Autores: <author><name><a href=https:\/\/sedici.unlp.edu.ar\/discover?filtertype=author&filter_relational_operator=equals&filter=Pasquini%2C%20Diana%20Camila target=\"_blank\">Pasquini, Diana Camila<\/a><\/name><\/author><\/div>\n                                   <p id=\"http:\/\/sedici.unlp.edu.ar\/handle\/10915\/173216\"> <\/p>\n                                   <published>\n                                        <div id=\"sedici-title\" >Fecha: <span class=\"sedici-content\">01\/01\/2024<\/span><\/div>\n                                    <\/published><summary> <div id=\"sedici-title\">Resumen:<span class=\"sedici-content\">El sistema l\u00edmbico, se encuentra ubicado en el cerebro medio y comprende varias estructuras cerebrales que engloba principalmente al hipot\u00e1lamo, el hipocampo (2,3) y la am\u00edgdala (4) las cuales presentan un rol en la formaci\u00f3n de la memor\u00eda y la regulaci\u00f3n de la conducta y las  emociones.M\u00faltiples factores afectan la funci\u00f3n de estas estructuras cerebrales, entre ellas el envejecimiento as\u00ed como la inflamaci\u00f3n est\u00e1n fuertemente implicados en el desarrollo de trastornos neurol\u00f3gicos como la depresi\u00f3n, la epilepsia y la enfermedad de Alzheimer. En nuestro modelo, la rata hembra Sprague-Dawley, tanto en la mediana edad como en el envejecimiento hemos caracterizado un d\u00e9ficit en la memoria espacial y de reconocimiento de objetos (Morel et al., 2015; Canatelli-Mallat et al., 2022). Por otra parte, en la rata, la exposici\u00f3n a la inflamaci\u00f3n temprana genera disfunci\u00f3n neuronal que induce el aumento de la incidencia de convulsiones en la adolescencia y la adultez. Un mayor entendimiento del efecto del envejecimiento y la inflamaci\u00f3n sobre la relaci\u00f3n estructural-conductual no solo podr\u00eda proporcionar una base neurobiol\u00f3gica de estos cambios, sino tambi\u00e9n podr\u00eda sugerir una posible intervenci\u00f3n. Una de las estrategias interventivas m\u00e1s desarrolladas se basa en la regeneraci\u00f3n y reactivaci\u00f3n de la funcionalidad neuronal. Con el prop\u00f3sito de realizar terapias regenerativas desarrollamos una plataforma biotecnol\u00f3gica basada en la construcci\u00f3n de vectores adenovirales que expresan genes terap\u00e9uticos. En esta tesis nos enfocaremos en los genes de Yamanaka que no solo tienen la capacidad de regenerar la funcionalidad neuronal sino que tambi\u00e9n pueden reprogramar c\u00e9lulas como por ejemplo astrocitos a neuronas.<\/span><\/div><\/summary><div class=\"a_unline\">Compartir: <a href=\"https:\/\/www.facebook.com\/sharer\/sharer.php?p[title]=Terapia g\u00e9nica regenerativa en modelos de disfunci\u00f3n neuronal del sistema l\u00edmbico&p[url]=http:\/\/sedici.unlp.edu.ar\/handle\/10915\/173216\" target=\"_blank\"><img decoding=\"async\" src=\"https:\/\/congresos.unlp.edu.ar\/ebec2024\/wp-content\/plugins\/wp-dspace\/media\/img\/share-facebook.png\" alt=\"Facebook logo\" title=\"Compartir en Facebook\">\n             <\/a>\n             <a href=\"https:\/\/twitter.com\/?status=Terapia g\u00e9nica regenerativa en modelos de disfunci\u00f3n neuronal del sistema l\u00edmbico http:\/\/sedici.unlp.edu.ar\/handle\/10915\/173216 via @sedici_unlp\" target=\"_blank\"><img decoding=\"async\" src=\"https:\/\/congresos.unlp.edu.ar\/ebec2024\/wp-content\/plugins\/wp-dspace\/media\/img\/share-twitter.png\" alt=\"Twitter logo\" title=\"Compartir en Twitter\"><\/a>\n             <a href=\"https:\/\/plus.google.com\/share?url=http:\/\/sedici.unlp.edu.ar\/handle\/10915\/173216\" target=\"_blank\"><img decoding=\"async\" src=\"https:\/\/congresos.unlp.edu.ar\/ebec2024\/wp-content\/plugins\/wp-dspace\/media\/img\/share-plus.png\" alt=\"Google+ logo\" title=\"Compartir en Google+\">\n             <\/a>\n             <a href=\"http:\/\/www.linkedin.com\/shareArticle?url=http:\/\/sedici.unlp.edu.ar\/handle\/10915\/173216\" target=\"_blank\"><img decoding=\"async\" src=\"https:\/\/congresos.unlp.edu.ar\/ebec2024\/wp-content\/plugins\/wp-dspace\/media\/img\/share-linkedin.png\" alt=\"Linkedin logo\" title=\"Compartir en Linkedin\">\n             <\/a>\n        <\/div><\/article><\/li><br><\/ul>\n            <div class=\"page_navigation \" ><\/div>\n            <\/div>\n","protected":false},"excerpt":{"rendered":"","protected":false},"author":163,"featured_media":0,"parent":0,"menu_order":0,"comment_status":"closed","ping_status":"closed","template":"","meta":{"advgb_blocks_editor_width":"","advgb_blocks_columns_visual_guide":"","footnotes":""},"class_list":["post-346","page","type-page","status-publish","hentry","post"],"aioseo_notices":[],"coauthors":[],"author_meta":{"author_link":"https:\/\/congresos.unlp.edu.ar\/ebec2024\/author\/lautarojosin\/","display_name":"lautarojosin"},"relative_dates":{"created":"Posted 3 a\u00f1os ago","modified":"Updated 1 a\u00f1o ago"},"absolute_dates":{"created":"Posted on 15 noviembre, 2022","modified":"Updated on 15 noviembre, 2024"},"absolute_dates_time":{"created":"Posted on 15 noviembre, 2022 11:00 am","modified":"Updated on 15 noviembre, 2024 11:51 am"},"featured_img_caption":"","featured_img":false,"series_order":"","_links":{"self":[{"href":"https:\/\/congresos.unlp.edu.ar\/ebec2024\/wp-json\/wp\/v2\/pages\/346","targetHints":{"allow":["GET"]}}],"collection":[{"href":"https:\/\/congresos.unlp.edu.ar\/ebec2024\/wp-json\/wp\/v2\/pages"}],"about":[{"href":"https:\/\/congresos.unlp.edu.ar\/ebec2024\/wp-json\/wp\/v2\/types\/page"}],"author":[{"embeddable":true,"href":"https:\/\/congresos.unlp.edu.ar\/ebec2024\/wp-json\/wp\/v2\/users\/163"}],"replies":[{"embeddable":true,"href":"https:\/\/congresos.unlp.edu.ar\/ebec2024\/wp-json\/wp\/v2\/comments?post=346"}],"version-history":[{"count":0,"href":"https:\/\/congresos.unlp.edu.ar\/ebec2024\/wp-json\/wp\/v2\/pages\/346\/revisions"}],"wp:attachment":[{"href":"https:\/\/congresos.unlp.edu.ar\/ebec2024\/wp-json\/wp\/v2\/media?parent=346"}],"curies":[{"name":"wp","href":"https:\/\/api.w.org\/{rel}","templated":true}]}}