{"id":314,"date":"2022-11-15T10:50:35","date_gmt":"2022-11-15T13:50:35","guid":{"rendered":"https:\/\/congresos.unlp.edu.ar\/ebec2024\/?page_id=314"},"modified":"2024-11-15T11:37:49","modified_gmt":"2024-11-15T14:37:49","slug":"economia_econometria_y_finanzas","status":"publish","type":"page","link":"https:\/\/congresos.unlp.edu.ar\/ebec2024\/economia_econometria_y_finanzas\/","title":{"rendered":"Econom\u00eda, Econometr\u00eda y Finanzas"},"content":{"rendered":"<div class=\"wpDspace itemsPagination  noPagination\" id=\"page_container_69ecc6e94b250\"><ul class=\"content\"><li><article style=\"padding:10px;border: 2px solid black;\">\n\t\t\t<title>Discapacidad y mercado laboral en Am\u00e9rica Latina: el impacto de tener un hijo con discapacidad sobre la participaci\u00f3n laboral de sus cuidadores\/as<\/title>\n                        <div id=\"sedici-title\"> \n                            <a class=\"link\" href=\"http:\/\/sedici.unlp.edu.ar\/handle\/10915\/173425\" target=\"_blank\">Discapacidad y mercado laboral en Am\u00e9rica Latina: el impacto de tener un hijo con discapacidad sobre la participaci\u00f3n laboral de sus cuidadores\/as<\/a>\n                        <\/div><div id=\"sedici-title\">Autores: <author><name><a href=https:\/\/sedici.unlp.edu.ar\/discover?filtertype=author&filter_relational_operator=equals&filter=Arechabala%2C%20Joaquin target=\"_blank\">Arechabala, Joaquin<\/a><\/name><\/author><\/div>\n                                   <p id=\"http:\/\/sedici.unlp.edu.ar\/handle\/10915\/173425\"> <\/p>\n                                   <published>\n                                        <div id=\"sedici-title\" >Fecha: <span class=\"sedici-content\">01\/01\/2024<\/span><\/div>\n                                    <\/published><summary> <div id=\"sedici-title\">Resumen:<span class=\"sedici-content\">El objetivo del plan de beca propuesto es sistematizar la informaci\u00f3n proveniente de Encuestas de Hogares de Am\u00e9rica Latina referidas a empleo y discapacidad, con el fin de identificar la situaci\u00f3n laboral de personas con discapacidad y en particular de aquellas abocadas al cuidado de ni\u00f1os y ni\u00f1as con discapacidad. \tEl plan se enmarca en el proyecto de investigaci\u00f3n PPID E019: \"La accesibilidad y la tecnolog\u00eda como herramientas de inclusi\u00f3n. Estudios sobre turismo y empleo para Am\u00e9rica Latina\", que busca contribuir al conocimiento de la poblaci\u00f3n con discapacidad de Am\u00e9rica Latina en cuanto al empleo, actividades tur\u00edsticas y el uso de las tecnolog\u00edas. \tA partir de datos de la Encuesta de Indicadores M\u00faltiples por Conglomerados (MICS) de UNICEF para Argentina, relevada en el pa\u00eds en 2019-20, se ha estimado el efecto que tiene la discapacidad de un hijo o hija en la participaci\u00f3n laboral de las madres (Carella et al, 2024). Los resultados muestran que tener un hijo o hija con certificado de discapacidad disminuye la participaci\u00f3n laboral de las mujeres, en comparaci\u00f3n con las madres de hijos sin discapacidad.  Estos resultados est\u00e1n en l\u00ednea con la evidencia internacional, que no es concluyente acerca del impacto que tiene la discapacidad sobre la oferta laboral de las madres. \tLa hip\u00f3tesis que se busca contrastar es la siguiente: mientras que algunos tipos de discapacidad requieren tiempo de cuidados adicional, reduciendo la participaci\u00f3n laboral de las madres de ni\u00f1os con discapacidad, otros tipos de discapacidad requieren gastos adicionales, aumentando su participaci\u00f3n laboral.<\/span><\/div><\/summary><div class=\"a_unline\">Compartir: <a href=\"https:\/\/www.facebook.com\/sharer\/sharer.php?p[title]=Discapacidad y mercado laboral en Am\u00e9rica Latina: el impacto de tener un hijo con discapacidad sobre la participaci\u00f3n laboral de sus cuidadores\/as&p[url]=http:\/\/sedici.unlp.edu.ar\/handle\/10915\/173425\" target=\"_blank\"><img decoding=\"async\" src=\"https:\/\/congresos.unlp.edu.ar\/ebec2024\/wp-content\/plugins\/wp-dspace\/media\/img\/share-facebook.png\" alt=\"Facebook logo\" title=\"Compartir en Facebook\">\n             <\/a>\n             <a href=\"https:\/\/twitter.com\/?status=Discapacidad y mercado laboral en Am\u00e9rica Latina: el impacto de tener un hijo con discapacidad sobre la participaci\u00f3n laboral de sus cuidadores\/as http:\/\/sedici.unlp.edu.ar\/handle\/10915\/173425 via @sedici_unlp\" target=\"_blank\"><img decoding=\"async\" src=\"https:\/\/congresos.unlp.edu.ar\/ebec2024\/wp-content\/plugins\/wp-dspace\/media\/img\/share-twitter.png\" alt=\"Twitter logo\" title=\"Compartir en Twitter\"><\/a>\n             <a href=\"https:\/\/plus.google.com\/share?url=http:\/\/sedici.unlp.edu.ar\/handle\/10915\/173425\" target=\"_blank\"><img decoding=\"async\" src=\"https:\/\/congresos.unlp.edu.ar\/ebec2024\/wp-content\/plugins\/wp-dspace\/media\/img\/share-plus.png\" alt=\"Google+ logo\" title=\"Compartir en Google+\">\n             <\/a>\n             <a href=\"http:\/\/www.linkedin.com\/shareArticle?url=http:\/\/sedici.unlp.edu.ar\/handle\/10915\/173425\" target=\"_blank\"><img decoding=\"async\" src=\"https:\/\/congresos.unlp.edu.ar\/ebec2024\/wp-content\/plugins\/wp-dspace\/media\/img\/share-linkedin.png\" alt=\"Linkedin logo\" title=\"Compartir en Linkedin\">\n             <\/a>\n        <\/div><\/article><\/li><br><li><article style=\"padding:10px;border: 2px solid black;\">\n\t\t\t<title>Brechas de g\u00e9nero y el efecto de la maternidad en los mercados laborales de Am\u00e9rica Latina<\/title>\n                        <div id=\"sedici-title\"> \n                            <a class=\"link\" href=\"http:\/\/sedici.unlp.edu.ar\/handle\/10915\/173357\" target=\"_blank\">Brechas de g\u00e9nero y el efecto de la maternidad en los mercados laborales de Am\u00e9rica Latina<\/a>\n                        <\/div><div id=\"sedici-title\">Autores: <author><name><a href=https:\/\/sedici.unlp.edu.ar\/discover?filtertype=author&filter_relational_operator=equals&filter=Zulli%2C%20Mar\u00eda%20Agostina target=\"_blank\">Zulli, Mar\u00eda Agostina<\/a><\/name><\/author><\/div>\n                                   <p id=\"http:\/\/sedici.unlp.edu.ar\/handle\/10915\/173357\"> <\/p>\n                                   <published>\n                                        <div id=\"sedici-title\" >Fecha: <span class=\"sedici-content\">01\/01\/2024<\/span><\/div>\n                                    <\/published><summary> <div id=\"sedici-title\">Resumen:<span class=\"sedici-content\">Este estudio contribuye a la literatura sobre la efectividad del cuidado infantil formal como pol\u00edtica p\u00fablica que favorece a las madres en el mercado laboral. Utilizando variaci\u00f3n ex\u00f3gena en la asistencia preescolar generada por la regulaci\u00f3n de edad de ingreso escolar, estimo un modelo de regresi\u00f3n discontinua difusa para evaluar el impacto de la asistencia preescolar de los hijos en los resultados laborales de sus madres y analizar c\u00f3mo var\u00eda este efecto con la presencia de otras mujeres en el hogar, en Brasil, donde el cuidado infantil informal es com\u00fan.Los resultados muestran aumentos significativos en la participaci\u00f3n laboral tras la inscripci\u00f3n del hijo menor en el preescolar. Las madres que inscriben a su hijo menor tienen una probabilidad 27 puntos porcentuales mayor de participar en el mercado laboral, lo cual representa un incremento del 40%. Tambi\u00e9n se observa un aumento proporcional en el empleo y las horas trabajadas, aunque no se registran efectos en el margen intensivo (por ejemplo, horas trabajadas y salarios por hora en madres empleadas). Adem\u00e1s, el impacto en el margen extensivo tiene implicaciones significativas para el ingreso familiar, que aumenta en un 70%. Esto sugiere que la inscripci\u00f3n en preescolar no lleva necesariamente a empleos con jornadas m\u00e1s largas o mejor remuneraci\u00f3n, sino que facilita el ingreso de las madres al mercado laboral. Este efecto proviene probablemente de la liberaci\u00f3n de tiempo, lo que permite a las madres trabajar sin alterar la naturaleza o calidad de los empleos obtenidos. En cambio, no se encuentra efecto para madres con hijos menores en casa, ya que el cuidado adicional limita su oferta laboral, incluso tras la inscripci\u00f3n del hijo elegible.Los efectos est\u00e1n impulsados principalmente por madres casadas cuyo hijo menor es afectado por la pol\u00edtica y por aquellas que no viven con otras mujeres en el hogar. En estos hogares, el preescolar lleva a un aumento del 56% en la participaci\u00f3n laboral de las madres, elevando las horas semanales trabajadas hasta 23 y mejorando el ingreso familiar. Estos efectos revelan la vulnerabilidad de madres solteras o con varios hijos, lo cual destaca la necesidad de pol\u00edticas adicionales para apoyar su inserci\u00f3n laboral y estabilidad econ\u00f3mica.La ausencia de efectos significativos en hogares sin otras mujeres plantea interrogantes sobre la din\u00e1mica interna, particularmente en cuanto a si estos cambios afectan a otras mujeres. Sin embargo, la capacidad de identificar estos efectos es limitada, ya que el dise\u00f1o de regresi\u00f3n discontinuidad se centra en estimaciones locales y pierde precisi\u00f3n con tama\u00f1os de muestra peque\u00f1os. Futuras investigaciones deber\u00edan explorar los mecanismos detr\u00e1s de estos arreglos de cuidado y su impacto en la persistencia de las brechas de g\u00e9nero.<\/span><\/div><\/summary><div class=\"a_unline\">Compartir: <a href=\"https:\/\/www.facebook.com\/sharer\/sharer.php?p[title]=Brechas de g\u00e9nero y el efecto de la maternidad en los mercados laborales de Am\u00e9rica Latina&p[url]=http:\/\/sedici.unlp.edu.ar\/handle\/10915\/173357\" target=\"_blank\"><img decoding=\"async\" src=\"https:\/\/congresos.unlp.edu.ar\/ebec2024\/wp-content\/plugins\/wp-dspace\/media\/img\/share-facebook.png\" alt=\"Facebook logo\" title=\"Compartir en Facebook\">\n             <\/a>\n             <a href=\"https:\/\/twitter.com\/?status=Brechas de g\u00e9nero y el efecto de la maternidad en los mercados laborales de Am\u00e9rica Latina http:\/\/sedici.unlp.edu.ar\/handle\/10915\/173357 via @sedici_unlp\" target=\"_blank\"><img decoding=\"async\" src=\"https:\/\/congresos.unlp.edu.ar\/ebec2024\/wp-content\/plugins\/wp-dspace\/media\/img\/share-twitter.png\" alt=\"Twitter logo\" title=\"Compartir en Twitter\"><\/a>\n             <a href=\"https:\/\/plus.google.com\/share?url=http:\/\/sedici.unlp.edu.ar\/handle\/10915\/173357\" target=\"_blank\"><img decoding=\"async\" src=\"https:\/\/congresos.unlp.edu.ar\/ebec2024\/wp-content\/plugins\/wp-dspace\/media\/img\/share-plus.png\" alt=\"Google+ logo\" title=\"Compartir en Google+\">\n             <\/a>\n             <a href=\"http:\/\/www.linkedin.com\/shareArticle?url=http:\/\/sedici.unlp.edu.ar\/handle\/10915\/173357\" target=\"_blank\"><img decoding=\"async\" src=\"https:\/\/congresos.unlp.edu.ar\/ebec2024\/wp-content\/plugins\/wp-dspace\/media\/img\/share-linkedin.png\" alt=\"Linkedin logo\" title=\"Compartir en Linkedin\">\n             <\/a>\n        <\/div><\/article><\/li><br><\/ul>\n            <div class=\"page_navigation \" ><\/div>\n            <\/div>\n","protected":false},"excerpt":{"rendered":"","protected":false},"author":163,"featured_media":0,"parent":0,"menu_order":0,"comment_status":"closed","ping_status":"closed","template":"","meta":{"advgb_blocks_editor_width":"","advgb_blocks_columns_visual_guide":"","footnotes":""},"class_list":["post-314","page","type-page","status-publish","hentry","post"],"aioseo_notices":[],"coauthors":[],"author_meta":{"author_link":"https:\/\/congresos.unlp.edu.ar\/ebec2024\/author\/lautarojosin\/","display_name":"lautarojosin"},"relative_dates":{"created":"Posted 3 a\u00f1os ago","modified":"Updated 1 a\u00f1o ago"},"absolute_dates":{"created":"Posted on 15 noviembre, 2022","modified":"Updated on 15 noviembre, 2024"},"absolute_dates_time":{"created":"Posted on 15 noviembre, 2022 10:50 am","modified":"Updated on 15 noviembre, 2024 11:37 am"},"featured_img_caption":"","featured_img":false,"series_order":"","_links":{"self":[{"href":"https:\/\/congresos.unlp.edu.ar\/ebec2024\/wp-json\/wp\/v2\/pages\/314","targetHints":{"allow":["GET"]}}],"collection":[{"href":"https:\/\/congresos.unlp.edu.ar\/ebec2024\/wp-json\/wp\/v2\/pages"}],"about":[{"href":"https:\/\/congresos.unlp.edu.ar\/ebec2024\/wp-json\/wp\/v2\/types\/page"}],"author":[{"embeddable":true,"href":"https:\/\/congresos.unlp.edu.ar\/ebec2024\/wp-json\/wp\/v2\/users\/163"}],"replies":[{"embeddable":true,"href":"https:\/\/congresos.unlp.edu.ar\/ebec2024\/wp-json\/wp\/v2\/comments?post=314"}],"version-history":[{"count":0,"href":"https:\/\/congresos.unlp.edu.ar\/ebec2024\/wp-json\/wp\/v2\/pages\/314\/revisions"}],"wp:attachment":[{"href":"https:\/\/congresos.unlp.edu.ar\/ebec2024\/wp-json\/wp\/v2\/media?parent=314"}],"curies":[{"name":"wp","href":"https:\/\/api.w.org\/{rel}","templated":true}]}}