{"id":23,"date":"2022-07-15T14:42:41","date_gmt":"2022-07-15T17:42:41","guid":{"rendered":"https:\/\/congresos.unlp.edu.ar\/ebec2024\/?page_id=23"},"modified":"2024-11-12T11:27:23","modified_gmt":"2024-11-12T14:27:23","slug":"inscripcion","status":"publish","type":"page","link":"https:\/\/congresos.unlp.edu.ar\/ebec2024\/inscripcion\/","title":{"rendered":"Inscripci\u00f3n"},"content":{"rendered":"<p><strong>Sobre la inscripci\u00f3n<\/strong><\/p>\n<p>El procedimiento para inscribirte al Encuentro es a trav\u00e9s de un formulario virtual.<\/p>\n<p><strong>Inscripci\u00f3n: Lunes 7 de Octubre al viernes 08 de noviembre<\/strong><\/p>\n<h5><strong>El Formulario te solicitar\u00e1 la siguiente informaci\u00f3n: \u00a0<\/strong><\/h5>\n<p><strong><em>En la primera secci\u00f3n<\/em><\/strong><\/p>\n<ul>\n<li>Datos personales y de contacto<\/li>\n<li>Datos referidos a tu beca<\/li>\n<li>Datos de tu lugar de trabajo<\/li>\n<li>Perfil Google Scholar (Si aun no lo generaste, en este <a href=\"https:\/\/blog.sedici.unlp.edu.ar\/2015\/12\/11\/como-crear-un-perfil-en-google-scholar\/\">link<\/a> te explicamos como hacerlo)<\/li>\n<\/ul>\n<h4><em><strong>En la <\/strong><strong>segunda secci\u00f3n<\/strong><strong> la siguiente informaci\u00f3n: \u00a0<\/strong><\/em><\/h4>\n<p>En esta secci\u00f3n te solicitar\u00e1 la carga de archivos multimedia correspondientes a la presentaci\u00f3n de tu plan de investigaci\u00f3n. \u00a0Esta secci\u00f3n est\u00e1 orientada a la publicaci\u00f3n del resumen, y a la incorporaci\u00f3n\/actualizaci\u00f3n de la galer\u00eda E-Poster<\/p>\n<ul>\n<li style=\"list-style-type: none\">\n<ul>\n<li style=\"list-style-type: none\">\n<ul>\n<li>Un resumen escrito de tu plan de investigaci\u00f3n o avances<\/li>\n<li>Un &#8220;Resumen Gr\u00e1fico&#8221; (o graphical abstract) de tu investigaci\u00f3n<\/li>\n<li>Un video de presentaci\u00f3n (opcional)<\/li>\n<li>Tu producci\u00f3n cient\u00edfica (referencias de tus principales publicaciones, en caso de poseer)<\/li>\n<\/ul>\n<\/li>\n<\/ul>\n<\/li>\n<\/ul>\n<div><\/div>\n<div>\n<p>Con toda esta informaci\u00f3n se elaborar\u00e1 una galer\u00eda de posters la cual se podr\u00e1 visitar de forma virtual el d\u00eda del evento.<\/p>\n<p>Aclaraci\u00f3n: Estos archivos estar\u00e1n bajo licencia usada por la UNLP: CC BY-NC-SA (<a href=\"https:\/\/creativecommons.org\/licenses\/by-nc-sa\/4.0\/deed.es_ES\">https:\/\/creativecommons.org\/licenses\/by-nc-sa\/4.0\/deed.es_ES<\/a>)<\/p>\n<p>Este a\u00f1o los res\u00famenes presentados ser\u00e1n publicados en una edici\u00f3n especial de \u201cInvestigaci\u00f3n Joven\u201d que es la revista electr\u00f3nica (de acceso libre y gratuito) especializada en las diversas disciplinas del conocimiento. Contiene art\u00edculos de alto nivel cient\u00edfico, t\u00e9cnico y educativo, que contribuyen efectivamente a la construcci\u00f3n del saber. La publicaci\u00f3n on-line, con referato, permitir\u00e1 la visibilizaci\u00f3n de los res\u00famenes de todes les becaries participantes del encuentro. La publicaci\u00f3n incluir\u00e1 el Graphical Abstract.<\/p>\n<\/div>\n<p style=\"text-align: center\"><a title=\"Formulario EBEC 2024\" href=\"https:\/\/forms.gle\/8PhXmxHatfiXYM7E9\" target=\"_blank\" rel=\"noopener\"><strong>Acceder al formulario de Inscripci\u00f3n<\/strong><\/a><\/p>\n","protected":false},"excerpt":{"rendered":"<p>Sobre la inscripci\u00f3n El procedimiento para inscribirte al Encuentro es a trav\u00e9s de un formulario virtual. Inscripci\u00f3n: Lunes 7 de Octubre al viernes 08 de noviembre El Formulario te solicitar\u00e1 la siguiente informaci\u00f3n: \u00a0 En la primera secci\u00f3n Datos personales y de contacto Datos referidos a tu beca Datos de tu lugar de trabajo Perfil [&hellip;]<\/p>\n","protected":false},"author":2,"featured_media":0,"parent":0,"menu_order":0,"comment_status":"closed","ping_status":"closed","template":"","meta":{"advgb_blocks_editor_width":"","advgb_blocks_columns_visual_guide":"","footnotes":""},"class_list":["post-23","page","type-page","status-publish","hentry","post"],"aioseo_notices":[],"coauthors":[],"author_meta":{"author_link":"https:\/\/congresos.unlp.edu.ar\/ebec2024\/author\/congresos\/","display_name":"congresos"},"relative_dates":{"created":"Posted 4 a\u00f1os ago","modified":"Updated 1 a\u00f1o ago"},"absolute_dates":{"created":"Posted on 15 julio, 2022","modified":"Updated on 12 noviembre, 2024"},"absolute_dates_time":{"created":"Posted on 15 julio, 2022 2:42 pm","modified":"Updated on 12 noviembre, 2024 11:27 am"},"featured_img_caption":"","featured_img":false,"series_order":"","_links":{"self":[{"href":"https:\/\/congresos.unlp.edu.ar\/ebec2024\/wp-json\/wp\/v2\/pages\/23","targetHints":{"allow":["GET"]}}],"collection":[{"href":"https:\/\/congresos.unlp.edu.ar\/ebec2024\/wp-json\/wp\/v2\/pages"}],"about":[{"href":"https:\/\/congresos.unlp.edu.ar\/ebec2024\/wp-json\/wp\/v2\/types\/page"}],"author":[{"embeddable":true,"href":"https:\/\/congresos.unlp.edu.ar\/ebec2024\/wp-json\/wp\/v2\/users\/2"}],"replies":[{"embeddable":true,"href":"https:\/\/congresos.unlp.edu.ar\/ebec2024\/wp-json\/wp\/v2\/comments?post=23"}],"version-history":[{"count":0,"href":"https:\/\/congresos.unlp.edu.ar\/ebec2024\/wp-json\/wp\/v2\/pages\/23\/revisions"}],"wp:attachment":[{"href":"https:\/\/congresos.unlp.edu.ar\/ebec2024\/wp-json\/wp\/v2\/media?parent=23"}],"curies":[{"name":"wp","href":"https:\/\/api.w.org\/{rel}","templated":true}]}}