{"id":17,"date":"2022-07-15T14:40:53","date_gmt":"2022-07-15T17:40:53","guid":{"rendered":"https:\/\/congresos.unlp.edu.ar\/ebec2024\/?page_id=17"},"modified":"2024-10-08T10:59:50","modified_gmt":"2024-10-08T13:59:50","slug":"que-es-el-ebec","status":"publish","type":"page","link":"https:\/\/congresos.unlp.edu.ar\/ebec2024\/que-es-el-ebec\/","title":{"rendered":"\u00bfQu\u00e9 es el EBEC?"},"content":{"rendered":"<div>\n<div>\n<div>\n<h6 style=\"text-align: center\"><em>Encuentro de Becaries de Grado y Posgrado de la UNLP 2024<br \/>\n<\/em><span class=\"OYPEnA font-feature-liga-off font-feature-clig-off font-feature-calt-off text-decoration-none text-strikethrough-none\">EBEC | El conocimiento es soberan\u00eda<\/span><\/h6>\n<p>El encuentro de becaries de la UNLP (EBEC) es una iniciativa impulsada por la Secretar\u00eda de Ciencia y T\u00e9cnica de esta Universidad, que se realiza de manera bienal desde el a\u00f1o 2005 y tiene como objetivo constituir una jornada de encuentro y debate de becaries de nuestra casa de estudios. A\u00f1o a a\u00f1o este encuentro se propone principalmente para abordar los debates que interpelan directamente a becaries, pero tambi\u00e9n para movilizar a los distintos espacios institucionales de esta universidad que intervienen en la pr\u00e1ctica de cada becarie.<\/p>\n<p>Esta edici\u00f3n, se enmarca bajo el lema \u201cel conocimiento es soberan\u00eda\u201d, llev\u00e1ndose acabo el d\u00eda de la Soberan\u00eda Nacional, 20 de noviembre. Entendiendo la importancia de la producci\u00f3n de conocimiento en las universidades y la tarea de cada becarie, como respuesta a gran parte de nuestras problem\u00e1ticas como sociedad.<\/p>\n<\/div>\n<p>Este encuentro, pensado y gestado desde la transversalidad de las disciplinas, es organizado en conjunto con las 17 facultades de nuestra Universidad, proponiendo un espacio de intercambio de ideas e informaci\u00f3n, de difusi\u00f3n de actividades y de formaci\u00f3n complementaria, para becaries con lugar de trabajo en la UNLP, que transitan maestr\u00edas, doctorados y posdoctorados, independientemente de la fuente de financiamiento de las becas.<\/p>\n<p>El EBEC 2024 es gratuito, y consistir\u00e1 en conferencias plenarias, talleres participativos, conversatorios y mesas redondas. Se editar\u00e1 una publicaci\u00f3n con los res\u00famenes de trabajo de les participantes, y las relator\u00edas de los talleres, conversatorios y mesas.<\/p>\n<p>NOVEDAD DE ESTA EDICI\u00d3N: adem\u00e1s de la participaci\u00f3n de becaries de posgrado, se habilitar\u00e1 la participaci\u00f3n a estudiantes de grado que cuenten con becas de entrenamiento CIC-PBA y becas de est\u00edmulo a las vocaciones cient\u00edficas CIN (EVC).<\/p>\n<\/div>\n<p style=\"text-align: left\">\n<\/div>\n<p style=\"text-align: right\">Secretar\u00eda de Ciencia y T\u00e9cnica<br \/>\nUniversidad Nacional de La Plata<\/p>\n","protected":false},"excerpt":{"rendered":"<p>Encuentro de Becaries de Grado y Posgrado de la UNLP 2024 EBEC | El conocimiento es soberan\u00eda El encuentro de becaries de la UNLP (EBEC) es una iniciativa impulsada por la Secretar\u00eda de Ciencia y T\u00e9cnica de esta Universidad, que se realiza de manera bienal desde el a\u00f1o 2005 y tiene como objetivo constituir una [&hellip;]<\/p>\n","protected":false},"author":2,"featured_media":0,"parent":0,"menu_order":0,"comment_status":"closed","ping_status":"closed","template":"","meta":{"advgb_blocks_editor_width":"","advgb_blocks_columns_visual_guide":"","footnotes":""},"class_list":["post-17","page","type-page","status-publish","hentry","post"],"aioseo_notices":[],"coauthors":[],"author_meta":{"author_link":"https:\/\/congresos.unlp.edu.ar\/ebec2024\/author\/congresos\/","display_name":"congresos"},"relative_dates":{"created":"Posted 4 a\u00f1os ago","modified":"Updated 2 a\u00f1os ago"},"absolute_dates":{"created":"Posted on 15 julio, 2022","modified":"Updated on 8 octubre, 2024"},"absolute_dates_time":{"created":"Posted on 15 julio, 2022 2:40 pm","modified":"Updated on 8 octubre, 2024 10:59 am"},"featured_img_caption":"","featured_img":false,"series_order":"","_links":{"self":[{"href":"https:\/\/congresos.unlp.edu.ar\/ebec2024\/wp-json\/wp\/v2\/pages\/17","targetHints":{"allow":["GET"]}}],"collection":[{"href":"https:\/\/congresos.unlp.edu.ar\/ebec2024\/wp-json\/wp\/v2\/pages"}],"about":[{"href":"https:\/\/congresos.unlp.edu.ar\/ebec2024\/wp-json\/wp\/v2\/types\/page"}],"author":[{"embeddable":true,"href":"https:\/\/congresos.unlp.edu.ar\/ebec2024\/wp-json\/wp\/v2\/users\/2"}],"replies":[{"embeddable":true,"href":"https:\/\/congresos.unlp.edu.ar\/ebec2024\/wp-json\/wp\/v2\/comments?post=17"}],"version-history":[{"count":0,"href":"https:\/\/congresos.unlp.edu.ar\/ebec2024\/wp-json\/wp\/v2\/pages\/17\/revisions"}],"wp:attachment":[{"href":"https:\/\/congresos.unlp.edu.ar\/ebec2024\/wp-json\/wp\/v2\/media?parent=17"}],"curies":[{"name":"wp","href":"https:\/\/api.w.org\/{rel}","templated":true}]}}