{"id":86,"date":"2022-08-02T22:13:24","date_gmt":"2022-08-03T01:13:24","guid":{"rendered":"https:\/\/congresos.unlp.edu.ar\/ebec2022\/?page_id=86"},"modified":"2022-08-02T22:13:24","modified_gmt":"2022-08-03T01:13:24","slug":"publicacion","status":"publish","type":"page","link":"https:\/\/congresos.unlp.edu.ar\/ebec2022\/publicacion\/","title":{"rendered":"Publicaci\u00f3n"},"content":{"rendered":"<blockquote>\n<h2><strong>EBEC 2022 \u2013 Encuentro de Becaries de Posgrado de la UNLP \u2013 2022\u00a0<\/strong><\/h2>\n<\/blockquote>\n<h4 style=\"text-align: center\"><span style=\"color: #008080\">Todos los res\u00famenes presentados ser\u00e1n publicados en un n\u00famero Especial de la Revista Investigaci\u00f3n Joven &#8211; revista electr\u00f3nica especializada en las diversas disciplinas del conocimiento, conteniendo art\u00edculos de alto nivel cient\u00edfico, t\u00e9cnico y educativo, que contribuyen efectivamente a la construcci\u00f3n del saber.<\/span><\/h4>\n<h4 style=\"text-align: center\"><strong>La publicaci\u00f3n es on-line, de acceso libre y gratuito, tanto para los autores como para los lectores, con referato,<\/strong>\u00a0incluye los trabajos de los J\u00f3venes Investigadores de la UNLP que reci\u00e9n se inician en su actividad, facilitando as\u00ed el intercambio de experiencias acad\u00e9micas. Se incluir\u00e1 junto con el resumen escrito el\u00a0<i>Graphical Abstract\u00a0<\/i>y citas de sus publicaciones (producci\u00f3n) cargadas en el formulario de inscripci\u00f3n,\u00a0<i>\u00a0<\/i>cuyes autores ser\u00e1n le becarie y sus directores\/as.\u00a0 Ser\u00e1n destinados en al repositorio Sedici y replicadores subsiguientes. Por \u00faltimo, tambi\u00e9n contiene las relator\u00edas de todos los talleres desarrollados durante esa jornada.<\/h4>\n<p>&nbsp;<\/p>\n<h4 style=\"text-align: center\">Invitamos a consultar los n\u00fameros anteriores<\/h4>\n<p>&nbsp;<\/p>\n<h3><strong>\u00a0<\/strong><\/h3>\n<p><a href=\"https:\/\/revistas.unlp.edu.ar\/InvJov\" target=\"_blank\" rel=\"noopener noreferrer\"><img loading=\"lazy\" decoding=\"async\" class=\"wp-image-6908 aligncenter\" src=\"http:\/\/congresos.unlp.edu.ar\/ebec2020\/wp-content\/uploads\/sites\/24\/2021\/04\/cover_issue_768_es_ES-709x1024.jpg\" alt=\"\" width=\"216\" height=\"312\" \/><\/a><\/p>\n<h5 style=\"text-align: center\"><a href=\"https:\/\/revistas.unlp.edu.ar\/InvJov\">Vol. 7 N\u00fam. 2 (2020): Investigaci\u00f3n Joven \u2013 EBEC 2020<\/a><\/h5>\n<p>&nbsp;<\/p>\n<h5><\/h5>\n<p><a href=\"https:\/\/revistas.unlp.edu.ar\/InvJov\/issue\/view\/496\" target=\"_blank\" rel=\"noopener noreferrer\"><img loading=\"lazy\" decoding=\"async\" class=\"alignnone size-medium wp-image-69 aligncenter\" src=\"http:\/\/congresos.unlp.edu.ar\/ebec2020\/wp-content\/uploads\/sites\/24\/2020\/06\/cover_issue_496_es_ES-208x300.jpg\" alt=\"\" width=\"208\" height=\"300\" \/><\/a><\/p>\n<h5 style=\"text-align: center\"><a href=\"https:\/\/revistas.unlp.edu.ar\/InvJov\/issue\/view\/496\">Vol. 6 N\u00fam. Especial (2019): Encuentro de Becarios UNLP 2018<\/a><\/h5>\n<p>&nbsp;<\/p>\n","protected":false},"excerpt":{"rendered":"<p>EBEC 2022 \u2013 Encuentro de Becaries de Posgrado de la UNLP \u2013 2022\u00a0 Todos los res\u00famenes presentados ser\u00e1n publicados en un n\u00famero Especial de la Revista Investigaci\u00f3n Joven &#8211; revista electr\u00f3nica especializada en las diversas disciplinas del conocimiento, conteniendo art\u00edculos de alto nivel cient\u00edfico, t\u00e9cnico y educativo, que contribuyen efectivamente a la construcci\u00f3n del saber. [&hellip;]<\/p>\n","protected":false},"author":54,"featured_media":0,"parent":0,"menu_order":0,"comment_status":"closed","ping_status":"closed","template":"","meta":{"advgb_blocks_editor_width":"","advgb_blocks_columns_visual_guide":"","footnotes":""},"class_list":["post-86","page","type-page","status-publish","hentry","post"],"aioseo_notices":[],"coauthors":[],"author_meta":{"author_link":"https:\/\/congresos.unlp.edu.ar\/ebec2022\/author\/victorialuciaho\/","display_name":"victorialuciaho"},"relative_dates":{"created":"Posted 4 a\u00f1os ago","modified":"Updated 4 a\u00f1os ago"},"absolute_dates":{"created":"Posted on 2 agosto, 2022","modified":"Updated on 2 agosto, 2022"},"absolute_dates_time":{"created":"Posted on 2 agosto, 2022 10:13 pm","modified":"Updated on 2 agosto, 2022 10:13 pm"},"featured_img_caption":"","featured_img":false,"series_order":"","_links":{"self":[{"href":"https:\/\/congresos.unlp.edu.ar\/ebec2022\/wp-json\/wp\/v2\/pages\/86","targetHints":{"allow":["GET"]}}],"collection":[{"href":"https:\/\/congresos.unlp.edu.ar\/ebec2022\/wp-json\/wp\/v2\/pages"}],"about":[{"href":"https:\/\/congresos.unlp.edu.ar\/ebec2022\/wp-json\/wp\/v2\/types\/page"}],"author":[{"embeddable":true,"href":"https:\/\/congresos.unlp.edu.ar\/ebec2022\/wp-json\/wp\/v2\/users\/54"}],"replies":[{"embeddable":true,"href":"https:\/\/congresos.unlp.edu.ar\/ebec2022\/wp-json\/wp\/v2\/comments?post=86"}],"version-history":[{"count":0,"href":"https:\/\/congresos.unlp.edu.ar\/ebec2022\/wp-json\/wp\/v2\/pages\/86\/revisions"}],"wp:attachment":[{"href":"https:\/\/congresos.unlp.edu.ar\/ebec2022\/wp-json\/wp\/v2\/media?parent=86"}],"curies":[{"name":"wp","href":"https:\/\/api.w.org\/{rel}","templated":true}]}}