{"id":294,"date":"2022-11-15T10:41:57","date_gmt":"2022-11-15T13:41:57","guid":{"rendered":"https:\/\/congresos.unlp.edu.ar\/ebec2022\/?page_id=294"},"modified":"2022-11-22T09:54:24","modified_gmt":"2022-11-22T12:54:24","slug":"arqueologia","status":"publish","type":"page","link":"https:\/\/congresos.unlp.edu.ar\/ebec2022\/arqueologia\/","title":{"rendered":"Arqueolog\u00eda"},"content":{"rendered":"<div class=\"wpDspace itemsPagination  noPagination\" id=\"page_container_69dd060802d23\"><ul class=\"content\"><li><article style=\"padding:10px;border: 2px solid black;\">\n\t\t\t<title>Pr\u00e1cticas de recolecci\u00f3n, cultivo, preparaci\u00f3n y consumo de alimentos de origen vegetal en las poblaciones prehisp\u00e1nicas (siglos XIV-XVI) del Valle de Hualf\u00edn (depto. de Bel\u00e9n, prov. de Catamarca, Argentina)<\/title>\n                        <div id=\"sedici-title\"> \n                            <a class=\"link\" href=\"http:\/\/sedici.unlp.edu.ar\/handle\/10915\/146064\" target=\"_blank\">Pr\u00e1cticas de recolecci\u00f3n, cultivo, preparaci\u00f3n y consumo de alimentos de origen vegetal en las poblaciones prehisp\u00e1nicas (siglos XIV-XVI) del Valle de Hualf\u00edn (depto. de Bel\u00e9n, prov. de Catamarca, Argentina)<\/a>\n                        <\/div><div id=\"sedici-title\">Autores: <author><name><a href=http:\/\/sedici.unlp.edu.ar\/discover?filtertype=author&filter_relational_operator=equals&filter=Fuertes%2C%20Juana target=\"_blank\">Fuertes, Juana<\/a><\/name><\/author><\/div><a class=\"btn-dspace-show\"><i style=\"font-size: 3em;\" class=\"displayDesc fas fa-angle-down\" aria-hidden=\"true\"><\/i><\/a>\n                    <a class=\"btn-dspace-hide\" style=\"display:none;\"><i style=\"font-size: 3em;\" class=\"displayDesc fas fa-angle-up\" aria-hidden=\"true\"><\/i><\/a>\n                    <div class=\"avancedDescription\" style=\"display:none;\">\n                                   <p id=\"http:\/\/sedici.unlp.edu.ar\/handle\/10915\/146064\"> <\/p>\n                                   <published>\n                                        <div id=\"sedici-title\" >Fecha: <span class=\"sedici-content\">01\/01\/2022<\/span><\/div>\n                                    <\/published><summary> <div id=\"sedici-title\">Resumen:<span class=\"sedici-content\">Esta investigaci\u00f3n de tesis se lleva adelante en el Laboratorio de An\u00e1lisis Cer\u00e1mico de la Facultad de Ciencias Naturales y Museo (UNLP), bajo la direcci\u00f3n del Dr. Federico Wynveldt y la Dra. Mar\u00eda Laura L\u00f3pez, y se enmarca en una beca doctoral otorgada en el a\u00f1o 2020 por CONICET, y dentro de la carrera de Doctorado en Ciencias Naturales (FCNyM-UNLP). Su objetivo general es estudiar las pr\u00e1cticas de manejo (cultivo, recolecci\u00f3n y procesamiento postcolecta) de plantas alimenticias desarrolladas por las poblaciones locales prehisp\u00e1nicas entre los siglos XIV y XVI, a partir del an\u00e1lisis de los restos bot\u00e1nicos arqueol\u00f3gicos de diferentes sitios del Valle de Hualf\u00edn (Bel\u00e9n, Catamarca). Durante este per\u00edodo se realizaron tareas de investigaci\u00f3n vinculadas a la paleoetnobot\u00e1nica. A trav\u00e9s de estos estudios, se pudo identificar el consumo de brebajes alcoh\u00f3licos a base de algarroba y el consumo de semillas de Chenopodium carnosolum, maleza facultativa de la quinua, y de semillas que podr\u00edan corresponder a quinua en el sitio El Molino, localizado en Puerta de Corral Quemado. Asimismo, se comenz\u00f3 a estudiar una posible preparaci\u00f3n culinaria quemada, que los estudios exploratorios evidencian que podr\u00eda estar realizada a base de Chenopodium carnosolum. Estos resultados permitieron proponer interpretaciones vinculadas a las pr\u00e1cticas alimenticias y a los usos rituales de las plantas en tiempos prehisp\u00e1nicos.Por otro lado, se finaliz\u00f3 la cuantificaci\u00f3n del material carpol\u00f3gico de los recintos 1, 12 y 13 del sitio La Estancia, ubicado en Puerta de San Jos\u00e9, y se comenz\u00f3 su identificaci\u00f3n taxon\u00f3mica. En los tres casos la cantidad de carporrestos recuperados sobrepasa el n\u00famero de 12.000 fragmentos, existiendo un claro predominio de restos de ma\u00edz, principalmente en forma de granos. Asimismo, se observa que en las tres estructuras se recuperaron especies vegetales en com\u00fan, tales como ma\u00edz, algarroba y porotos, mientras que en el recinto 1, adem\u00e1s, se recuperaron restos de quenopodios y frutos de cha\u00f1ar, en el recinto 12 restos de la planta de flor de tierra (Prosopanche spp.), y en el recinto 13 restos de semillas de zapallo. El estudio de procesamiento de estos restos aportar\u00e1 a la comprensi\u00f3n de la relaci\u00f3n entre estas plantas y las sociedades tard\u00edas del Valle de Hualf\u00edn. Por \u00faltimo, a principios del corriente a\u00f1o se retomaron las actividades de campo. As\u00ed, se pudieron realizar las primeras entrevistas etnob\u00f3tanicas, con la finalidad de obtener informaci\u00f3n sobre los modos actuales y tradicionales de cultivo, recolecci\u00f3n, elaboraci\u00f3n y consumo de preparaciones culinarias a base de plantas. Adem\u00e1s, se recolectaron plantas de la zona para la creaci\u00f3n de un herbario y se tomaron muestras de las diferentes preparaciones y sus desechos realizadas por los distintos entrevistados.<\/span><\/div><\/summary><div class=\"a_unline\">Compartir: <a href=\"https:\/\/www.facebook.com\/sharer\/sharer.php?p[title]=Pr\u00e1cticas de recolecci\u00f3n, cultivo, preparaci\u00f3n y consumo de alimentos de origen vegetal en las poblaciones prehisp\u00e1nicas (siglos XIV-XVI) del Valle de Hualf\u00edn (depto. de Bel\u00e9n, prov. de Catamarca, Argentina)&p[url]=http:\/\/sedici.unlp.edu.ar\/handle\/10915\/146064\" target=\"_blank\"><img decoding=\"async\" src=\"https:\/\/congresos.unlp.edu.ar\/ebec2022\/wp-content\/plugins\/wp-dspace\/media\/img\/share-facebook.png\" alt=\"Facebook logo\" title=\"Compartir en Facebook\">\n             <\/a>\n             <a href=\"https:\/\/twitter.com\/?status=Pr\u00e1cticas de recolecci\u00f3n, cultivo, preparaci\u00f3n y consumo de alimentos de origen vegetal en las poblaciones prehisp\u00e1nicas (siglos XIV-XVI) del Valle de Hualf\u00edn (depto. de Bel\u00e9n, prov. de Catamarca, Argentina) http:\/\/sedici.unlp.edu.ar\/handle\/10915\/146064 via @sedici_unlp\" target=\"_blank\"><img decoding=\"async\" src=\"https:\/\/congresos.unlp.edu.ar\/ebec2022\/wp-content\/plugins\/wp-dspace\/media\/img\/share-twitter.png\" alt=\"Twitter logo\" title=\"Compartir en Twitter\"><\/a>\n             <a href=\"https:\/\/plus.google.com\/share?url=http:\/\/sedici.unlp.edu.ar\/handle\/10915\/146064\" target=\"_blank\"><img decoding=\"async\" src=\"https:\/\/congresos.unlp.edu.ar\/ebec2022\/wp-content\/plugins\/wp-dspace\/media\/img\/share-plus.png\" alt=\"Google+ logo\" title=\"Compartir en Google+\">\n             <\/a>\n             <a href=\"http:\/\/www.linkedin.com\/shareArticle?url=http:\/\/sedici.unlp.edu.ar\/handle\/10915\/146064\" target=\"_blank\"><img decoding=\"async\" src=\"https:\/\/congresos.unlp.edu.ar\/ebec2022\/wp-content\/plugins\/wp-dspace\/media\/img\/share-linkedin.png\" alt=\"Linkedin logo\" title=\"Compartir en Linkedin\">\n             <\/a>\n        <\/div><\/div><\/article><\/li><br><li><article style=\"padding:10px;border: 2px solid black;\">\n\t\t\t<title>Abordaje comunicacional del patrimonio hist\u00f3rico cultural de Alcal\u00e1 de Henares (Espa\u00f1a)<\/title>\n                        <div id=\"sedici-title\"> \n                            <a class=\"link\" href=\"http:\/\/sedici.unlp.edu.ar\/handle\/10915\/145805\" target=\"_blank\">Abordaje comunicacional del patrimonio hist\u00f3rico cultural de Alcal\u00e1 de Henares (Espa\u00f1a)<\/a>\n                        <\/div><div id=\"sedici-title\">Autores: <author><name><a href=http:\/\/sedici.unlp.edu.ar\/discover?filtertype=author&filter_relational_operator=equals&filter=Oliva%2C%20Camila target=\"_blank\">Oliva, Camila<\/a><\/name><\/author><\/div><a class=\"btn-dspace-show\"><i style=\"font-size: 3em;\" class=\"displayDesc fas fa-angle-down\" aria-hidden=\"true\"><\/i><\/a>\n                    <a class=\"btn-dspace-hide\" style=\"display:none;\"><i style=\"font-size: 3em;\" class=\"displayDesc fas fa-angle-up\" aria-hidden=\"true\"><\/i><\/a>\n                    <div class=\"avancedDescription\" style=\"display:none;\">\n                                   <p id=\"http:\/\/sedici.unlp.edu.ar\/handle\/10915\/145805\"> <\/p>\n                                   <published>\n                                        <div id=\"sedici-title\" >Fecha: <span class=\"sedici-content\">01\/01\/2022<\/span><\/div>\n                                    <\/published><summary> <div id=\"sedici-title\">Resumen:<span class=\"sedici-content\">En esta oportunidad, se presentan las actividades desarrolladas durante una estancia doctoral llevada a cabo entre los meses de febrero a mayo de 2021 en la Universidad de Alcal\u00e1 de Henares, Espa\u00f1a, per\u00edodo en el cual se desarroll\u00f3 el proyecto \u201cArqueolog\u00eda y comunicaci\u00f3n. An\u00e1lisis del patrimonio hist\u00f3rico de la Comunidad de Madrid, Alcal\u00e1 de Henares como caso de estudio\u201d bajo la direcci\u00f3n de la Dra. Primitiva Bueno Ram\u00edrez.  En este marco, se investigaron las estrategias de comunicaci\u00f3n y gesti\u00f3n del patrimonio arqueol\u00f3gico de la Comunidad de Madrid (Espa\u00f1a), con el fin de realizar comparaciones con los procesos de patrimonializaci\u00f3n del registro arqueol\u00f3gico del \u00c1rea de Ventania en la provincia de Buenos Aires. El proyecto se orient\u00f3 a realizar un an\u00e1lisis de los discursos del pasado emitidos por instituciones museol\u00f3gicas que, a trav\u00e9s de sus exposiciones, construyeron representaciones de la historia del poblamiento de la pen\u00ednsula Ib\u00e9rica. De igual modo que en otros medios de comunicaci\u00f3n, en los museos se observa la selecci\u00f3n de piezas y de informaci\u00f3n para configurar contextos museogr\u00e1ficos de exposici\u00f3n. En este marco, se identificaron las v\u00edas de divulgaci\u00f3n de los discursos patrimoniales en este tipo de instituciones, as\u00ed como aquellos difundidos en los yacimientos arqueol\u00f3gicos hist\u00f3ricos incluidos en los circuitos tur\u00edsticos de la localidad de Alcal\u00e1 de Henares. Cabe destacar que la Universidad anfitriona se encuentra emplazada en una ciudad hist\u00f3rica, la cual puede ser considerada un sitio arqueol\u00f3gico en s\u00ed misma, ya que da cuenta de m\u00e1s de 2.000 a\u00f1os de ocupaci\u00f3n. Esta antigua localidad perteneciente a la Comunidad de Madrid estuvo habitada de manera recurrente por diferentes grupos culturales (carpetanos, romanos, musulmanes, jud\u00edos, cristianos), de modo tal que en la actualidad cuenta en su trazado urbano con numerosos yacimientos arqueol\u00f3gicos, as\u00ed como museos, centros de interpretaci\u00f3n y monumentos que divulgan el pasado hist\u00f3rico de la ciudad y su patrimonio. Asimismo, la Universidad fue fundada en el a\u00f1o 1499 por el Cardenal Cisneros, Regente de Espa\u00f1a, y declarada Patrimonio de la Humanidad por la UNESCO en el a\u00f1o 1998. Un tema semejante fue abordado en la Tesis Doctoral en Comunicaci\u00f3n de la Facultad de Periodismo y Comunicaci\u00f3n Social de la Universidad Nacional de La Plata, titulada \u201cRepresentaciones sociales y patrimonializaci\u00f3n del pasado ind\u00edgena en el \u00e1rea de Ventania y su llanura adyacente (provincia de Buenos Aires, Rep\u00fablica Argentina)\u201d, la cual investig\u00f3 las relaciones que las comunidades contempor\u00e1neas establecen con la materialidad arqueol\u00f3gica de los primeros pobladores del \u00e1rea. Teniendo en cuenta el Doctorado, este proyecto permiti\u00f3 establecer comparaciones para un mutuo enriquecimiento entre los modos de comunicar y gestionar el patrimonio arqueol\u00f3gico en la Provincia de Buenos Aires, Rep\u00fablica Argentina, y el madrile\u00f1o, particularmente el de Alcal\u00e1 de Henares, Espa\u00f1a.<\/span><\/div><\/summary><div class=\"a_unline\">Compartir: <a href=\"https:\/\/www.facebook.com\/sharer\/sharer.php?p[title]=Abordaje comunicacional del patrimonio hist\u00f3rico cultural de Alcal\u00e1 de Henares (Espa\u00f1a)&p[url]=http:\/\/sedici.unlp.edu.ar\/handle\/10915\/145805\" target=\"_blank\"><img decoding=\"async\" src=\"https:\/\/congresos.unlp.edu.ar\/ebec2022\/wp-content\/plugins\/wp-dspace\/media\/img\/share-facebook.png\" alt=\"Facebook logo\" title=\"Compartir en Facebook\">\n             <\/a>\n             <a href=\"https:\/\/twitter.com\/?status=Abordaje comunicacional del patrimonio hist\u00f3rico cultural de Alcal\u00e1 de Henares (Espa\u00f1a) http:\/\/sedici.unlp.edu.ar\/handle\/10915\/145805 via @sedici_unlp\" target=\"_blank\"><img decoding=\"async\" src=\"https:\/\/congresos.unlp.edu.ar\/ebec2022\/wp-content\/plugins\/wp-dspace\/media\/img\/share-twitter.png\" alt=\"Twitter logo\" title=\"Compartir en Twitter\"><\/a>\n             <a href=\"https:\/\/plus.google.com\/share?url=http:\/\/sedici.unlp.edu.ar\/handle\/10915\/145805\" target=\"_blank\"><img decoding=\"async\" src=\"https:\/\/congresos.unlp.edu.ar\/ebec2022\/wp-content\/plugins\/wp-dspace\/media\/img\/share-plus.png\" alt=\"Google+ logo\" title=\"Compartir en Google+\">\n             <\/a>\n             <a href=\"http:\/\/www.linkedin.com\/shareArticle?url=http:\/\/sedici.unlp.edu.ar\/handle\/10915\/145805\" target=\"_blank\"><img decoding=\"async\" src=\"https:\/\/congresos.unlp.edu.ar\/ebec2022\/wp-content\/plugins\/wp-dspace\/media\/img\/share-linkedin.png\" alt=\"Linkedin logo\" title=\"Compartir en Linkedin\">\n             <\/a>\n        <\/div><\/div><\/article><\/li><br><\/ul>\n            <div class=\"page_navigation \" ><\/div>\n            <\/div>\n","protected":false},"excerpt":{"rendered":"","protected":false},"author":163,"featured_media":0,"parent":0,"menu_order":0,"comment_status":"closed","ping_status":"closed","template":"","meta":{"advgb_blocks_editor_width":"","advgb_blocks_columns_visual_guide":"","footnotes":""},"class_list":["post-294","page","type-page","status-publish","hentry","post"],"aioseo_notices":[],"coauthors":[],"author_meta":{"author_link":"https:\/\/congresos.unlp.edu.ar\/ebec2022\/author\/lautarojosin\/","display_name":"lautarojosin"},"relative_dates":{"created":"Posted 3 a\u00f1os ago","modified":"Updated 3 a\u00f1os ago"},"absolute_dates":{"created":"Posted on 15 noviembre, 2022","modified":"Updated on 22 noviembre, 2022"},"absolute_dates_time":{"created":"Posted on 15 noviembre, 2022 10:41 am","modified":"Updated on 22 noviembre, 2022 9:54 am"},"featured_img_caption":"","featured_img":false,"series_order":"","_links":{"self":[{"href":"https:\/\/congresos.unlp.edu.ar\/ebec2022\/wp-json\/wp\/v2\/pages\/294","targetHints":{"allow":["GET"]}}],"collection":[{"href":"https:\/\/congresos.unlp.edu.ar\/ebec2022\/wp-json\/wp\/v2\/pages"}],"about":[{"href":"https:\/\/congresos.unlp.edu.ar\/ebec2022\/wp-json\/wp\/v2\/types\/page"}],"author":[{"embeddable":true,"href":"https:\/\/congresos.unlp.edu.ar\/ebec2022\/wp-json\/wp\/v2\/users\/163"}],"replies":[{"embeddable":true,"href":"https:\/\/congresos.unlp.edu.ar\/ebec2022\/wp-json\/wp\/v2\/comments?post=294"}],"version-history":[{"count":0,"href":"https:\/\/congresos.unlp.edu.ar\/ebec2022\/wp-json\/wp\/v2\/pages\/294\/revisions"}],"wp:attachment":[{"href":"https:\/\/congresos.unlp.edu.ar\/ebec2022\/wp-json\/wp\/v2\/media?parent=294"}],"curies":[{"name":"wp","href":"https:\/\/api.w.org\/{rel}","templated":true}]}}