{"id":23,"date":"2022-07-15T14:42:41","date_gmt":"2022-07-15T17:42:41","guid":{"rendered":"https:\/\/congresos.unlp.edu.ar\/ebec2022\/?page_id=23"},"modified":"2022-11-01T13:54:20","modified_gmt":"2022-11-01T16:54:20","slug":"inscripcion","status":"publish","type":"page","link":"https:\/\/congresos.unlp.edu.ar\/ebec2022\/inscripcion\/","title":{"rendered":"Inscripci\u00f3n"},"content":{"rendered":"<h1><span style=\"color: #d618d3\"><strong>PR\u00d3RROGA DE INSCRIPCI\u00d3N<\/strong><\/span><\/h1>\n<h1><span style=\"color: #d618d3\"><strong>HASTA EL 7 DE NOVIEMBRE<\/strong><\/span><\/h1>\n<h3><\/h3>\n<p>&nbsp;<\/p>\n<h3><span style=\"color: #008080\"><strong>Importante: Sobre la inscripci\u00f3n<\/strong><\/span><\/h3>\n<h4><span style=\"color: #000000\">El procedimiento para inscribirte al Encuentro es a trav\u00e9s de un formulario virtual que\u00a0 consta de dos secciones.<\/span><\/h4>\n<h4>Para participar del encuentro, as\u00ed como contar con la certificaci\u00f3n y publicaci\u00f3n de tu resumen deber\u00e1n ser completar todas sus secciones.<\/h4>\n<p>____________________________________________________________________________________________________________________________________________________<\/p>\n<h4><span style=\"color: #008080\"><strong>INICIO INSCRIPCI\u00d3N: LUNES 8 DE AGOSTO &#8211; CIERRE 25 DE OCTUBRE<\/strong><\/span><\/h4>\n<h3><span style=\"color: #008080\"><strong>El Formulario te solicitar\u00e1 la siguiente informaci\u00f3n: \u00a0<\/strong><\/span><\/h3>\n<blockquote>\n<h4><span style=\"color: #ff0000\"><strong><em>En la primera secci\u00f3n<\/em><\/strong><\/span><\/h4>\n<\/blockquote>\n<ul>\n<li>\n<h4>Datos personales y de contacto<\/h4>\n<\/li>\n<li>\n<h4>Datos referidos a tu beca<\/h4>\n<\/li>\n<li>\n<h4>Datos de tu lugar de trabajo<\/h4>\n<\/li>\n<li>\n<h4>Perfil Google Scholar (Si aun no lo generaste, en este <a href=\"https:\/\/blog.sedici.unlp.edu.ar\/2015\/12\/11\/como-crear-un-perfil-en-google-scholar\/\">link<\/a> te explicamos como hacerlo)<\/h4>\n<\/li>\n<\/ul>\n<p>&nbsp;<\/p>\n<blockquote>\n<h4><span style=\"color: #ff0000\"><em><strong>En la <\/strong><strong>segunda secci\u00f3n<\/strong><strong> la siguiente informaci\u00f3n: \u00a0<\/strong><\/em><\/span><\/h4>\n<\/blockquote>\n<h4>En esta secci\u00f3n te solicitar\u00e1 la carga de archivos multimedia correspondientes a la presentaci\u00f3n de tu plan de investigaci\u00f3n. \u00a0Esta secci\u00f3n est\u00e1 orientada a la publicaci\u00f3n del resumen, y a la incorporaci\u00f3n\/actualizaci\u00f3n de la galer\u00eda E-Poster<\/h4>\n<ul>\n<li style=\"list-style-type: none\">\n<ul>\n<li style=\"list-style-type: none\">\n<ul>\n<li>\n<h4>Un resumen escrito de tu plan de investigaci\u00f3n, el cual se completa en el propio formulario (m\u00e1ximo 3000 caracteres con espacios). (Si ya lo presentaste en la edici\u00f3n anterior, podes incluir los avances y principales publicaciones de los \u00faltimos dos a\u00f1os, manteniendo el mismo t\u00edtulo)<\/h4>\n<\/li>\n<li>\n<h4>Un &#8220;Resumen Gr\u00e1fico&#8221; (o graphical abstract) de tu plan de investigaci\u00f3n (aqu\u00ed publicamos un ejemplo -&gt; <a href=\"https:\/\/drive.google.com\/file\/d\/1UT95NPLJUf9v3OKeomF6QFMMALCSdRB6\/view?usp=sharing\">Enlace al PDF<\/a>)<\/h4>\n<\/li>\n<li>\n<h4>Un video sobre tu investigaci\u00f3n (Duraci\u00f3n m\u00e1xima: 3 minutos, aqu\u00ed publicamos unos ejemplos -&gt; <a href=\"https:\/\/drive.google.com\/file\/d\/1UuhOVHgOOVxAJbkQ_Rcj5tZ8G7RMFxZ6\/view?usp=sharing\">Enlace al Video<\/a>)<\/h4>\n<\/li>\n<li>\n<h4>Tu producci\u00f3n cient\u00edfica (referencias de tus principales publicaciones\/producciones)<\/h4>\n<\/li>\n<\/ul>\n<\/li>\n<\/ul>\n<\/li>\n<\/ul>\n<p>&nbsp;<\/p>\n<h3>Con esta informaci\u00f3n se elaborar\u00e1 una <strong>galer\u00eda de e-p\u00f3sters<\/strong> la cual se podr\u00e1 visitar de forma virtual el d\u00eda del evento.<\/h3>\n<p>&nbsp;<\/p>\n<h3 style=\"text-align: center\"><img loading=\"lazy\" decoding=\"async\" class=\"wp-image-267 aligncenter\" src=\"http:\/\/congresos.unlp.edu.ar\/ebec2020\/wp-content\/uploads\/sites\/24\/2020\/08\/edituser-300x300.png\" alt=\"\" width=\"162\" height=\"162\" \/><a href=\"https:\/\/forms.gle\/NKmR6k8mRXL4mvFf9\"><span style=\"color: #ff0000\"><strong><span style=\"color: #008080\">Acceder al formulario de Inscripci\u00f3n<\/span><\/strong><\/span><\/a><\/h3>\n","protected":false},"excerpt":{"rendered":"<p>PR\u00d3RROGA DE INSCRIPCI\u00d3N HASTA EL 7 DE NOVIEMBRE &nbsp; Importante: Sobre la inscripci\u00f3n El procedimiento para inscribirte al Encuentro es a trav\u00e9s de un formulario virtual que\u00a0 consta de dos secciones. Para participar del encuentro, as\u00ed como contar con la certificaci\u00f3n y publicaci\u00f3n de tu resumen deber\u00e1n ser completar todas sus secciones. ____________________________________________________________________________________________________________________________________________________ INICIO INSCRIPCI\u00d3N: [&hellip;]<\/p>\n","protected":false},"author":2,"featured_media":0,"parent":0,"menu_order":0,"comment_status":"closed","ping_status":"closed","template":"","meta":{"advgb_blocks_editor_width":"","advgb_blocks_columns_visual_guide":"","footnotes":""},"class_list":["post-23","page","type-page","status-publish","hentry","post"],"aioseo_notices":[],"coauthors":[],"author_meta":{"author_link":"https:\/\/congresos.unlp.edu.ar\/ebec2022\/author\/congresos\/","display_name":"congresos"},"relative_dates":{"created":"Posted 4 a\u00f1os ago","modified":"Updated 3 a\u00f1os ago"},"absolute_dates":{"created":"Posted on 15 julio, 2022","modified":"Updated on 1 noviembre, 2022"},"absolute_dates_time":{"created":"Posted on 15 julio, 2022 2:42 pm","modified":"Updated on 1 noviembre, 2022 1:54 pm"},"featured_img_caption":"","featured_img":false,"series_order":"","_links":{"self":[{"href":"https:\/\/congresos.unlp.edu.ar\/ebec2022\/wp-json\/wp\/v2\/pages\/23","targetHints":{"allow":["GET"]}}],"collection":[{"href":"https:\/\/congresos.unlp.edu.ar\/ebec2022\/wp-json\/wp\/v2\/pages"}],"about":[{"href":"https:\/\/congresos.unlp.edu.ar\/ebec2022\/wp-json\/wp\/v2\/types\/page"}],"author":[{"embeddable":true,"href":"https:\/\/congresos.unlp.edu.ar\/ebec2022\/wp-json\/wp\/v2\/users\/2"}],"replies":[{"embeddable":true,"href":"https:\/\/congresos.unlp.edu.ar\/ebec2022\/wp-json\/wp\/v2\/comments?post=23"}],"version-history":[{"count":0,"href":"https:\/\/congresos.unlp.edu.ar\/ebec2022\/wp-json\/wp\/v2\/pages\/23\/revisions"}],"wp:attachment":[{"href":"https:\/\/congresos.unlp.edu.ar\/ebec2022\/wp-json\/wp\/v2\/media?parent=23"}],"curies":[{"name":"wp","href":"https:\/\/api.w.org\/{rel}","templated":true}]}}