{"id":21,"date":"2022-07-15T14:42:01","date_gmt":"2022-07-15T17:42:01","guid":{"rendered":"https:\/\/congresos.unlp.edu.ar\/ebec2022\/?page_id=21"},"modified":"2022-11-01T08:35:19","modified_gmt":"2022-11-01T11:35:19","slug":"comite-organizador","status":"publish","type":"page","link":"https:\/\/congresos.unlp.edu.ar\/ebec2022\/comite-organizador\/","title":{"rendered":"Comit\u00e9 Organizador"},"content":{"rendered":"<h4 style=\"margin: 0cm\"><strong>Nicol\u00e1s M. Rendtorff<\/strong> &#8211; Secretario de Ciencia y T\u00e9cnica<\/h4>\n<h4 style=\"margin: 0cm\"><strong>Adriana Dertiano<\/strong> &#8211; Prosecretaria de Gesti\u00f3n en Ciencia y T\u00e9cnica<br \/>\n<strong>Guido Mastrantonio<\/strong> -Secretaria de Ciencia y T\u00e9cnica<\/h4>\n<h4 style=\"margin: 0cm\"><strong>Leticia Rubio Puzzo<\/strong> &#8211; Secretaria de Ciencia y T\u00e9cnica<\/h4>\n<h4 style=\"margin: 0cm\"><strong>Juan M. Devida<\/strong>&#8211; Secretar\u00eda de\u00a0 Ciencia y T\u00e9cnica<\/h4>\n<h4 style=\"margin: 0cm\"><strong>Victoria Luc\u00eda Homberger<\/strong> &#8211; Secretar\u00eda Ciencia y T\u00e9cnica<\/h4>\n<h4><em><strong>Unidades Acad\u00e9micas<\/strong><\/em><\/h4>\n<h4><strong>Amalia Luy\u00a0<\/strong> &#8211; Facultad de Ciencias Naturales y Museo<\/h4>\n<h4><strong>Leandro Grasso<\/strong>\u00a0 &#8211; Facultad de Ingenier\u00eda<\/h4>\n<h4><strong>Mar\u00eda Eugenia Tucceri<\/strong> \u00a0&#8211; Facultad de Ciencias Exactas<\/h4>\n<h4><strong>Gast\u00f3n Guzm\u00e1n<\/strong> &#8211; Facultad de Humanidades y Ciencias de la Educaci\u00f3n<\/h4>\n<h4><strong>Leonardo Gonz\u00e1lez\u00a0<\/strong> &#8211; Facultad de Periodismo y Comunicaci\u00f3n Social<\/h4>\n<h4><strong>Ariel Vicente<\/strong>\u00a0 &#8211; Facultad de Ciencias Agrarias y Forestales<\/h4>\n<h4><strong>Mar\u00eda Elisa Cremaschi\u00a0<\/strong> &#8211; Facultad de Arquitectura y Urbanismo<\/h4>\n<h4><strong>Mar\u00eda Gonz\u00e1lez Bar\u00f3\u00a0<\/strong> &#8211; Facultad de Ciencias M\u00e9dicas<\/h4>\n<h4><strong>Joaqu\u00edn Blas P\u00e9rez<\/strong>\u00a0 &#8211; Facultad de Bellas Artes<\/h4>\n<h4><strong>Silvina Dibastiano<\/strong>\u00a0 &#8211; Facultad de Odontolog\u00eda<\/h4>\n<h4><strong>Estefan\u00eda Solari\u00a0<\/strong> &#8211; Facultad de Ciencias Econ\u00f3micas<\/h4>\n<h4><strong>Maximiliano Azcona<\/strong>\u00a0 &#8211; Facultad de Psicolog\u00eda<\/h4>\n<h4><strong>Laura Lanzarinni<\/strong>\u00a0 &#8211; Facultad de Inform\u00e1tica<\/h4>\n<h4><strong>Nahuel Roldan<\/strong>\u00a0 &#8211; Facultad de Ciencias Jur\u00eddicas y Sociales<\/h4>\n<h4><strong>Canela Gavrila\u00a0<\/strong> &#8211; Facultad de Trabajo Social<\/h4>\n<h4><strong>Magdalena Rambeaud\u00a0<\/strong> &#8211; Facultad de Ciencias Veterinarias<\/h4>\n<h4><strong>Sim\u00f3n Lissa\u00a0<\/strong> &#8211; Facultad de Ciencias Astron\u00f3micas y Geof\u00edsicas<\/h4>\n","protected":false},"excerpt":{"rendered":"<p>Nicol\u00e1s M. Rendtorff &#8211; Secretario de Ciencia y T\u00e9cnica Adriana Dertiano &#8211; Prosecretaria de Gesti\u00f3n en Ciencia y T\u00e9cnica Guido Mastrantonio -Secretaria de Ciencia y T\u00e9cnica Leticia Rubio Puzzo &#8211; Secretaria de Ciencia y T\u00e9cnica Juan M. Devida&#8211; Secretar\u00eda de\u00a0 Ciencia y T\u00e9cnica Victoria Luc\u00eda Homberger &#8211; Secretar\u00eda Ciencia y T\u00e9cnica Unidades Acad\u00e9micas Amalia Luy\u00a0 [&hellip;]<\/p>\n","protected":false},"author":2,"featured_media":0,"parent":0,"menu_order":0,"comment_status":"closed","ping_status":"closed","template":"","meta":{"advgb_blocks_editor_width":"","advgb_blocks_columns_visual_guide":"","footnotes":""},"class_list":["post-21","page","type-page","status-publish","hentry","post"],"aioseo_notices":[],"coauthors":[],"author_meta":{"author_link":"https:\/\/congresos.unlp.edu.ar\/ebec2022\/author\/congresos\/","display_name":"congresos"},"relative_dates":{"created":"Posted 4 a\u00f1os ago","modified":"Updated 3 a\u00f1os ago"},"absolute_dates":{"created":"Posted on 15 julio, 2022","modified":"Updated on 1 noviembre, 2022"},"absolute_dates_time":{"created":"Posted on 15 julio, 2022 2:42 pm","modified":"Updated on 1 noviembre, 2022 8:35 am"},"featured_img_caption":"","featured_img":false,"series_order":"","_links":{"self":[{"href":"https:\/\/congresos.unlp.edu.ar\/ebec2022\/wp-json\/wp\/v2\/pages\/21","targetHints":{"allow":["GET"]}}],"collection":[{"href":"https:\/\/congresos.unlp.edu.ar\/ebec2022\/wp-json\/wp\/v2\/pages"}],"about":[{"href":"https:\/\/congresos.unlp.edu.ar\/ebec2022\/wp-json\/wp\/v2\/types\/page"}],"author":[{"embeddable":true,"href":"https:\/\/congresos.unlp.edu.ar\/ebec2022\/wp-json\/wp\/v2\/users\/2"}],"replies":[{"embeddable":true,"href":"https:\/\/congresos.unlp.edu.ar\/ebec2022\/wp-json\/wp\/v2\/comments?post=21"}],"version-history":[{"count":0,"href":"https:\/\/congresos.unlp.edu.ar\/ebec2022\/wp-json\/wp\/v2\/pages\/21\/revisions"}],"wp:attachment":[{"href":"https:\/\/congresos.unlp.edu.ar\/ebec2022\/wp-json\/wp\/v2\/media?parent=21"}],"curies":[{"name":"wp","href":"https:\/\/api.w.org\/{rel}","templated":true}]}}