{"id":17,"date":"2022-07-15T14:40:53","date_gmt":"2022-07-15T17:40:53","guid":{"rendered":"https:\/\/congresos.unlp.edu.ar\/ebec2022\/?page_id=17"},"modified":"2022-08-24T09:26:48","modified_gmt":"2022-08-24T12:26:48","slug":"que-es-el-ebec","status":"publish","type":"page","link":"https:\/\/congresos.unlp.edu.ar\/ebec2022\/que-es-el-ebec\/","title":{"rendered":"\u00bfQu\u00e9 es el EBEC?"},"content":{"rendered":"<h4 style=\"text-align: center\"><em><span style=\"color: #000000\">El <\/span><span style=\"color: #008080\"><span style=\"color: #008080\"><span style=\"color: #000000\">Encuentro de Becaries de Posgrado de la UNLP 2022.<\/span><br \/>\n<\/span><br \/>\n<span style=\"color: #008080\">&#8220;Investigar en la pospandemia. Desaf\u00edos\u00a0de Re-encontrarnos&#8221;<br \/>\n<\/span><br \/>\n<\/span><\/em><strong><span style=\"color: #008080\">Este encuentro es una iniciativa impulsada por la Secretar\u00eda de Ciencia y T\u00e9cnica<\/span> y tiene como objetivo constituir una jornada de encuentro y trabajo de las, los y les becaries de nuestra casa de estudios.<br \/>\n<\/strong><span style=\"color: #008080\">El encuentro de becaries es un espacio de intercambio de ideas e informaci\u00f3n, de difusi\u00f3n de actividades y de formaci\u00f3n complementaria para becaries con lugar de trabajo en la UNLP (UNLP, CONICET, CIC, ANPCyT) que transitan maestr\u00edas, doctorados y posdoctorados.<\/span><span style=\"color: #008080\">Promovido desde la Secretar\u00eda de Ciencia y T\u00e9cnica de la UNLP.<\/span><\/h4>\n<p>&nbsp;<\/p>\n<h4>La edici\u00f3n anterior, realizada durante el\u00a0 2020, fue enteramente virtual, motivo de la dura situaci\u00f3n que vivimos\u00a0 a nivel mundial, regional y localproducto de la pandemia Covid 19.\u00a0 En dicha edici\u00f3n, se aunaron esfuerzos para darle continuidad a este programa impulsado desde la Secretaria de Ciencia y T\u00e9cnica de nuestra universidad.\u00a0 El lema de esa edici\u00f3n fue: <span style=\"color: #008080\">\u201cEn este Hecho Social Total que estamos atravesando, es necesario y oportuno encontrarnos, para reflexionar sobre nuestra labor y nuestro rol\u201d<\/span>,\u00a0 sintetizando y convocando a pensarnos desde este contexto.<\/h4>\n<h4>Cont\u00f3 con la participaci\u00f3n de una gran cantidad de becaries. Durante la jornada pudieron adem\u00e1s de intercambiar sus avances y trabajos, participar de conferencias, mesas redondas y talleres<\/h4>\n<h4>La jornada se desarroll\u00f3 con una<span style=\"color: #008080\"> palabras de bienvenida<\/span>, una <span style=\"color: #008080\">conferencia central<\/span>,\u00a0 un <span style=\"color: #008080\">panel de debate<\/span>, para luego dar inicio a la<span style=\"color: #008080\"> jornada de Talleres<\/span> en donde el esfuerzo de las y los referentes de las distintas unidades acad\u00e9micas ha dado el fruto de 18 propuestas en donde se abordar\u00e1n distintas tem\u00e1ticas estrat\u00e9gicas para el sistema cient\u00edfico, atravesadas por el contexto coyuntural actual, en torno a la producci\u00f3n cient\u00edfica, g\u00e9neros y transversalidades, popularizaci\u00f3n y transferencia de la ciencia, relevancia del conocimiento cient\u00edfico, docencia y extensi\u00f3n, evaluaci\u00f3n cient\u00edfica, trabajo y salud, pr\u00e1cticas y trayectos en la investigaci\u00f3n, acceso abierto, pol\u00edtica cient\u00edfica, propiedad intelectual, curriculum, entre otras.<\/h4>\n<h4>Durante esta edici\u00f3n, se desarroll\u00f3 un portal para encuentro que cont\u00f3 con una <strong><span style=\"color: #008080\">Galer\u00eda de E-Poster<\/span>,<\/strong> la misma re\u00fane no s\u00f3lo los res\u00famenes del plan de investigaci\u00f3n de cada becarie, sino tambi\u00e9n un resumen gr\u00e1fico y video de su\u00a0 proceso de investigaci\u00f3n. Esta iniciativa busc\u00f3 visibilizar al trabajo de las, los y les becaries, y conformarse en un lugar de referencia para la b\u00fasqueda y consulta entre becaries y el resto de la comunidad acad\u00e9mica. Todos los res\u00famenes fueron publicados en esta edici\u00f3n especial de \u201cInvestigaci\u00f3n Joven\u201d \u2013 revista electr\u00f3nica especializada en las diversas disciplinas del conocimiento, conteniendo art\u00edculos de alto nivel cient\u00edfico, t\u00e9cnico y educativo, que contribuyen efectivamente a la construcci\u00f3n del saber.<\/h4>\n<h4><span style=\"color: #000000\">En el marco del EBEC 2020, y en forma complementaria al resumen del plan de investigaci\u00f3n de cada Becarie, se convoc\u00f3 a la presentaci\u00f3n de producciones que aportan reflexiones sobre la consigna <strong><span style=\"color: #008080\">\u201cProducir conocimiento con el contexto de la Pandemia del Covid-19 \u2013 UNLP 2020\u201d<\/span>.\u00a0<\/strong>La convocatoria contempl\u00f3 ensayos, cr\u00f3nicas y\/o descripciones de pr\u00e1cticas y procesos, en cualquier tipo de lenguaje (gr\u00e1fico, escrito, visual fijo -fotogr\u00e1fico, dibujos, croquis, planos-, audiovisual, sonoro, transmedial). Reuniendo un total de 14 producciones presentadas,\u00a0 y luego de un proceso de evaluaci\u00f3n por el comit\u00e9 editorial, se\u00a0 present\u00f3 la\u00a0 edici\u00f3n del libro Voces y reflexiones de Becaries UNLP con el contexto de la Pandemia del Covid-19\u201d que\u00a0 invitamos a leer, consultar y descargar libremente.<\/span><\/h4>\n<h4><a href=\"http:\/\/congresos.unlp.edu.ar\/ebec2022\/\">M\u00e1s informaci\u00f3n EBEC 2020\u00a0<\/a><\/h4>\n<p>&nbsp;<\/p>\n<p>&nbsp;<\/p>\n<p>&nbsp;<\/p>\n<p>&nbsp;<\/p>\n<p>&nbsp;<\/p>\n<p>&nbsp;<\/p>\n<p>&nbsp;<\/p>\n<p>&nbsp;<\/p>\n<p>&nbsp;<\/p>\n<div class=\"wp-menu-image dashicons-before\" aria-hidden=\"true\"><\/div>\n<div class=\"wp-menu-name\"><\/div>\n<p style=\"text-align: right\">Secretar\u00eda de Ciencia y T\u00e9cnica<br \/>\nUniversidad Nacional de La Plata<\/p>\n","protected":false},"excerpt":{"rendered":"<p>El Encuentro de Becaries de Posgrado de la UNLP 2022. &#8220;Investigar en la pospandemia. Desaf\u00edos\u00a0de Re-encontrarnos&#8221; Este encuentro es una iniciativa impulsada por la Secretar\u00eda de Ciencia y T\u00e9cnica y tiene como objetivo constituir una jornada de encuentro y trabajo de las, los y les becaries de nuestra casa de estudios. El encuentro de becaries [&hellip;]<\/p>\n","protected":false},"author":2,"featured_media":0,"parent":0,"menu_order":0,"comment_status":"closed","ping_status":"closed","template":"","meta":{"advgb_blocks_editor_width":"","advgb_blocks_columns_visual_guide":"","footnotes":""},"class_list":["post-17","page","type-page","status-publish","hentry","post"],"aioseo_notices":[],"coauthors":[],"author_meta":{"author_link":"https:\/\/congresos.unlp.edu.ar\/ebec2022\/author\/congresos\/","display_name":"congresos"},"relative_dates":{"created":"Posted 4 a\u00f1os ago","modified":"Updated 4 a\u00f1os ago"},"absolute_dates":{"created":"Posted on 15 julio, 2022","modified":"Updated on 24 agosto, 2022"},"absolute_dates_time":{"created":"Posted on 15 julio, 2022 2:40 pm","modified":"Updated on 24 agosto, 2022 9:26 am"},"featured_img_caption":"","featured_img":false,"series_order":"","_links":{"self":[{"href":"https:\/\/congresos.unlp.edu.ar\/ebec2022\/wp-json\/wp\/v2\/pages\/17","targetHints":{"allow":["GET"]}}],"collection":[{"href":"https:\/\/congresos.unlp.edu.ar\/ebec2022\/wp-json\/wp\/v2\/pages"}],"about":[{"href":"https:\/\/congresos.unlp.edu.ar\/ebec2022\/wp-json\/wp\/v2\/types\/page"}],"author":[{"embeddable":true,"href":"https:\/\/congresos.unlp.edu.ar\/ebec2022\/wp-json\/wp\/v2\/users\/2"}],"replies":[{"embeddable":true,"href":"https:\/\/congresos.unlp.edu.ar\/ebec2022\/wp-json\/wp\/v2\/comments?post=17"}],"version-history":[{"count":0,"href":"https:\/\/congresos.unlp.edu.ar\/ebec2022\/wp-json\/wp\/v2\/pages\/17\/revisions"}],"wp:attachment":[{"href":"https:\/\/congresos.unlp.edu.ar\/ebec2022\/wp-json\/wp\/v2\/media?parent=17"}],"curies":[{"name":"wp","href":"https:\/\/api.w.org\/{rel}","templated":true}]}}