{"id":81,"date":"2020-06-26T09:30:47","date_gmt":"2020-06-26T12:30:47","guid":{"rendered":"http:\/\/congresos.unlp.edu.ar\/ebec2020\/?page_id=81"},"modified":"2020-11-12T07:51:14","modified_gmt":"2020-11-12T10:51:14","slug":"posters-virtuales","status":"publish","type":"page","link":"https:\/\/congresos.unlp.edu.ar\/ebec2020\/posters-virtuales\/","title":{"rendered":"E-P\u00f3sters"},"content":{"rendered":"<p>Aqu\u00ed podr\u00e1n visitar la galer\u00eda de E-P\u00f3sters.<\/p>\n<p>Para realizar b\u00fasquedas pueden utilizar el formulario que se encuentra en el panel, el cual permite buscar por nombre, seleccionar Unidad Acad\u00e9mica, Organismo que otorg\u00f3 la beca, tipo de beca o \u00e1reas de conocimiento.<\/p>\n<p>Esta Galer\u00eda estar\u00e1 en constante actualizaci\u00f3n. Para realizar consultas o sugerencias sobre los datos puede comunicarse a ebec@presi.unlp.edu.ar<\/p>\n","protected":false},"excerpt":{"rendered":"<p>Aqu\u00ed podr\u00e1n visitar la galer\u00eda de E-P\u00f3sters. Para realizar b\u00fasquedas pueden utilizar el formulario que se encuentra en el panel, el cual permite buscar por nombre, seleccionar Unidad Acad\u00e9mica, Organismo que otorg\u00f3 la beca, tipo de beca o \u00e1reas de conocimiento. Esta Galer\u00eda estar\u00e1 en constante actualizaci\u00f3n. Para realizar consultas o sugerencias sobre los datos [&hellip;]<\/p>\n","protected":false},"author":53,"featured_media":0,"parent":0,"menu_order":0,"comment_status":"closed","ping_status":"closed","template":"","meta":{"_acf_changed":false,"advgb_blocks_editor_width":"","advgb_blocks_columns_visual_guide":"","footnotes":""},"class_list":["post-81","page","type-page","status-publish","hentry","post"],"aioseo_notices":[],"acf":[],"coauthors":[],"author_meta":{"author_link":"https:\/\/congresos.unlp.edu.ar\/ebec2020\/author\/danidcv\/","display_name":"EBEC2020"},"relative_dates":{"created":"Posted 6 a\u00f1os ago","modified":"Updated 5 a\u00f1os ago"},"absolute_dates":{"created":"Posted on ","modified":"Updated on "},"absolute_dates_time":{"created":"Posted on  9:30 am","modified":"Updated on  7:51 am"},"featured_img_caption":"","featured_img":false,"series_order":"","jetpack_sharing_enabled":true,"_links":{"self":[{"href":"https:\/\/congresos.unlp.edu.ar\/ebec2020\/wp-json\/wp\/v2\/pages\/81","targetHints":{"allow":["GET"]}}],"collection":[{"href":"https:\/\/congresos.unlp.edu.ar\/ebec2020\/wp-json\/wp\/v2\/pages"}],"about":[{"href":"https:\/\/congresos.unlp.edu.ar\/ebec2020\/wp-json\/wp\/v2\/types\/page"}],"author":[{"embeddable":true,"href":"https:\/\/congresos.unlp.edu.ar\/ebec2020\/wp-json\/wp\/v2\/users\/53"}],"replies":[{"embeddable":true,"href":"https:\/\/congresos.unlp.edu.ar\/ebec2020\/wp-json\/wp\/v2\/comments?post=81"}],"version-history":[{"count":0,"href":"https:\/\/congresos.unlp.edu.ar\/ebec2020\/wp-json\/wp\/v2\/pages\/81\/revisions"}],"wp:attachment":[{"href":"https:\/\/congresos.unlp.edu.ar\/ebec2020\/wp-json\/wp\/v2\/media?parent=81"}],"curies":[{"name":"wp","href":"https:\/\/api.w.org\/{rel}","templated":true}]}}