{"id":77,"date":"2020-06-26T09:26:57","date_gmt":"2020-06-26T12:26:57","guid":{"rendered":"http:\/\/congresos.unlp.edu.ar\/ebec2020\/?page_id=77"},"modified":"2021-12-21T16:19:44","modified_gmt":"2021-12-21T19:19:44","slug":"produccion","status":"publish","type":"page","link":"https:\/\/congresos.unlp.edu.ar\/ebec2020\/produccion\/","title":{"rendered":"Convocatoria Covid-19"},"content":{"rendered":"<h3 style=\"text-align: center\"><strong>Convocatoria<br \/>\n<\/strong><span style=\"color: #008080\"><strong>\u00a0\u201cProducir conocimiento con el contexto de la Pandemia del Covid-19 \u2013 UNLP 2020\u201d<\/strong><\/span><\/h3>\n<p><img loading=\"lazy\" decoding=\"async\" class=\"size-full wp-image-6913 aligncenter\" src=\"https:\/\/congresos.unlp.edu.ar\/ebec2020\/wp-content\/uploads\/sites\/24\/2021\/12\/placa-programa-1.png\" alt=\"\" width=\"681\" height=\"723\" srcset=\"https:\/\/congresos.unlp.edu.ar\/ebec2020\/wp-content\/uploads\/sites\/24\/2021\/12\/placa-programa-1.png 681w, https:\/\/congresos.unlp.edu.ar\/ebec2020\/wp-content\/uploads\/sites\/24\/2021\/12\/placa-programa-1-283x300.png 283w\" sizes=\"auto, (max-width: 681px) 100vw, 681px\" \/><\/p>\n<p style=\"font-weight: 400;text-align: center\">En el marco del EBEC 2020, y en forma complementaria al resumen del plan de investigaci\u00f3n de cada Becarie, se\u00a0<strong>convoc\u00f3 a la presentaci\u00f3n de producciones que aportan reflexiones sobre la consigna <span style=\"color: #008080\">\u201cProducir conocimiento con el contexto de la Pandemia del Covid-19 \u2013 UNLP 2020\u201d.<\/span>\u00a0 <\/strong><\/p>\n<p style=\"font-weight: 400;text-align: center\"><strong>La convocatoria contempl\u00f3 ensayos, cr\u00f3nicas y\/o descripciones de pr\u00e1cticas y procesos, en cualquier tipo de lenguaje (gr\u00e1fico, escrito, visual fijo -fotogr\u00e1fico, dibujos, croquis, planos-, audiovisual, sonoro, transmedial).\u00a0<\/strong>Reuniendo un total de 14 producciones presentadas, \u00a0y luego de un proceso de evaluaci\u00f3n por el comit\u00e9 editorial,\u00a0presentamos esta edici\u00f3n e\u00a0invitamos a leer, consultar y descargar libremente este libro.<\/p>\n<h2 style=\"text-align: center\"><a href=\"http:\/\/sedici.unlp.edu.ar\/bitstream\/handle\/10915\/129692\/Documento_completo.pdf-PDFA.pdf?sequence=1\"><strong>Link Libro Completo\u00a0<\/strong><\/a><\/h2>\n<p><img loading=\"lazy\" decoding=\"async\" class=\"wp-image-6914 aligncenter\" src=\"https:\/\/congresos.unlp.edu.ar\/ebec2020\/wp-content\/uploads\/sites\/24\/2021\/12\/imagen_2021-12-21_155625.png\" alt=\"\" width=\"131\" height=\"49\" srcset=\"https:\/\/congresos.unlp.edu.ar\/ebec2020\/wp-content\/uploads\/sites\/24\/2021\/12\/imagen_2021-12-21_155625.png 367w, https:\/\/congresos.unlp.edu.ar\/ebec2020\/wp-content\/uploads\/sites\/24\/2021\/12\/imagen_2021-12-21_155625-300x112.png 300w\" sizes=\"auto, (max-width: 131px) 100vw, 131px\" \/><\/p>\n<p>&nbsp;<\/p>\n<h3><em><strong>Secciones:\u00a0<\/strong><\/em><\/h3>\n<h3><a href=\"http:\/\/sedici.unlp.edu.ar\/handle\/10915\/129733\">Acerca de esta publicaci\u00f3n<\/a><\/h3>\n<h3><a href=\"http:\/\/sedici.unlp.edu.ar\/handle\/10915\/129734\">Pr\u00f3logo<\/a><\/h3>\n<h3><em>Producciones en pandemia.\u00a0<\/em><\/h3>\n<h4>1- <a href=\"http:\/\/sedici.unlp.edu.ar\/handle\/10915\/117054\">Redescubriendo los Humedales de Berisso<\/a><br \/>\n2- <a href=\"http:\/\/sedici.unlp.edu.ar\/handle\/10915\/117026\">Cat\u00e1logo online de Psylloidea de Argentina y Uruguay<\/a><\/h4>\n<h3><em>Producciones sobre la pandemia<\/em><\/h3>\n<h4>3- <a href=\"http:\/\/sedici.unlp.edu.ar\/handle\/10915\/117057\">Posibles lineamientos para la prevenci\u00f3n de los efectos de la \u201cinfodemia\u201d a trav\u00e9s de la alfabetizaci\u00f3n medi\u00e1tica<\/a><br \/>\n4- <a href=\"http:\/\/sedici.unlp.edu.ar\/handle\/10915\/114014\">Las necesidades habitacionales y el acceso a los espacios p\u00fablicos en la cuarentena por el COVID-19<\/a><br \/>\n5- <a href=\"http:\/\/sedici.unlp.edu.ar\/handle\/10915\/117030\">Parar la olla en tiempos de pandemia<\/a><br \/>\n6- <a href=\"http:\/\/sedici.unlp.edu.ar\/handle\/10915\/117032\">Alimentos, superficies y COVID-19<\/a><br \/>\n7- <a href=\"http:\/\/sedici.unlp.edu.ar\/handle\/10915\/117049\">Encierro y aislamiento: las diversas acciones frente al ASPO en centros cerrados de la ciudad de La Plata\u00a0<\/a><br \/>\n8-<a href=\"http:\/\/sedici.unlp.edu.ar\/handle\/10915\/117053\"> Pensar las desigualdades socio-espaciales en el periurbano platense a partir de la pandemia del COVID-19\u00a0<\/a><br \/>\n9- <a href=\"http:\/\/sedici.unlp.edu.ar\/handle\/10915\/117023\">Fortalecimiento de las capacidades de diagn\u00f3stico e investigaci\u00f3n del Laboratorio de Salud P\u00fablica de Ciencias Exactas (UNLP)<\/a><br \/>\n10- <a href=\"http:\/\/sedici.unlp.edu.ar\/handle\/10915\/129727\">Investigaci\u00f3n Acci\u00f3n Participativa en contextos de crisis: las otras pandemias<\/a><\/h4>\n<h3><em>Producciones desde la pandemia<\/em><\/h3>\n<h4>11- <a href=\"http:\/\/sedici.unlp.edu.ar\/handle\/10915\/117028\">Construir espacios colectivos y producir conocimiento en tiempos de Covid 19<\/a><br \/>\n12- <a href=\"http:\/\/sedici.unlp.edu.ar\/handle\/10915\/117044\">Trabajo acad\u00e9mico, g\u00e9nero y cuidados<\/a><br \/>\n13- <a href=\"http:\/\/sedici.unlp.edu.ar\/handle\/10915\/117037\">#Investig\u00e1EnCasa: producir conocimiento en tiempos de pandemia<\/a><br \/>\n14- <a href=\"http:\/\/sedici.unlp.edu.ar\/handle\/10915\/117061\">Ser Becarie Doctoral, la pandemia y la vida cotidiana<\/a><\/h4>\n","protected":false},"excerpt":{"rendered":"<p>Convocatoria \u00a0\u201cProducir conocimiento con el contexto de la Pandemia del Covid-19 \u2013 UNLP 2020\u201d En el marco del EBEC 2020, y en forma complementaria al resumen del plan de investigaci\u00f3n de cada Becarie, se\u00a0convoc\u00f3 a la presentaci\u00f3n de producciones que aportan reflexiones sobre la consigna \u201cProducir conocimiento con el contexto de la Pandemia del Covid-19 [&hellip;]<\/p>\n","protected":false},"author":53,"featured_media":0,"parent":0,"menu_order":0,"comment_status":"closed","ping_status":"closed","template":"templates\/template-full-notitle.php","meta":{"_acf_changed":false,"advgb_blocks_editor_width":"","advgb_blocks_columns_visual_guide":"","footnotes":""},"class_list":["post-77","page","type-page","status-publish","hentry","post"],"aioseo_notices":[],"acf":[],"coauthors":[],"author_meta":{"author_link":"https:\/\/congresos.unlp.edu.ar\/ebec2020\/author\/danidcv\/","display_name":"EBEC2020"},"relative_dates":{"created":"Posted 6 a\u00f1os ago","modified":"Updated 4 a\u00f1os ago"},"absolute_dates":{"created":"Posted on ","modified":"Updated on "},"absolute_dates_time":{"created":"Posted on  9:26 am","modified":"Updated on  4:19 pm"},"featured_img_caption":"","featured_img":false,"series_order":"","jetpack_sharing_enabled":true,"_links":{"self":[{"href":"https:\/\/congresos.unlp.edu.ar\/ebec2020\/wp-json\/wp\/v2\/pages\/77","targetHints":{"allow":["GET"]}}],"collection":[{"href":"https:\/\/congresos.unlp.edu.ar\/ebec2020\/wp-json\/wp\/v2\/pages"}],"about":[{"href":"https:\/\/congresos.unlp.edu.ar\/ebec2020\/wp-json\/wp\/v2\/types\/page"}],"author":[{"embeddable":true,"href":"https:\/\/congresos.unlp.edu.ar\/ebec2020\/wp-json\/wp\/v2\/users\/53"}],"replies":[{"embeddable":true,"href":"https:\/\/congresos.unlp.edu.ar\/ebec2020\/wp-json\/wp\/v2\/comments?post=77"}],"version-history":[{"count":0,"href":"https:\/\/congresos.unlp.edu.ar\/ebec2020\/wp-json\/wp\/v2\/pages\/77\/revisions"}],"wp:attachment":[{"href":"https:\/\/congresos.unlp.edu.ar\/ebec2020\/wp-json\/wp\/v2\/media?parent=77"}],"curies":[{"name":"wp","href":"https:\/\/api.w.org\/{rel}","templated":true}]}}