{"id":68,"date":"2020-06-26T08:55:40","date_gmt":"2020-06-26T11:55:40","guid":{"rendered":"http:\/\/congresos.unlp.edu.ar\/ebec2020\/?page_id=68"},"modified":"2021-04-13T14:00:25","modified_gmt":"2021-04-13T17:00:25","slug":"publicacion","status":"publish","type":"page","link":"https:\/\/congresos.unlp.edu.ar\/ebec2020\/publicacion\/","title":{"rendered":"Publicaci\u00f3n"},"content":{"rendered":"<blockquote>\n<h2><strong>EBEC 2020 &#8211; Encuentro de Becaries de Posgrado de la UNLP \u2013 2020<\/strong><\/h2>\n<\/blockquote>\n<p style=\"text-align: center\"><strong><em>\u00a0<\/em><\/strong><strong><em>\u201cEn este Hecho Social Total que estamos atravesando, es necesario y oportuno encontrarnos, para reflexionar sobre nuestra labor y nuestro rol&#8221;<\/em><\/strong><\/p>\n<p style=\"text-align: center\">Tenemos el agrado de informar que el N\u00famero Especial de la Revista Investigaci\u00f3n Joven ya est\u00e1 publicado.<\/p>\n<p style=\"text-align: center\">Vol. 7 N\u00fam. 2 (2020): Investigaci\u00f3n Joven &#8211; EBEC 2020<\/p>\n<p style=\"text-align: left\"><span style=\"color: #008080\">Todos los <span style=\"font-size: 18.72px\">res\u00famenes<\/span> fueron publicados en esta edici\u00f3n especial de \u201cInvestigaci\u00f3n Joven\u201d &#8211; revista electr\u00f3nica especializada en las diversas disciplinas del conocimiento, conteniendo art\u00edculos de alto nivel cient\u00edfico, t\u00e9cnico y educativo, que contribuyen efectivamente a la construcci\u00f3n del saber.<\/span><\/p>\n<p style=\"text-align: left\"><strong>La publicaci\u00f3n es on-line, de acceso libre y gratuito, tanto para los autores como para los lectores, con referato,<\/strong> incluye los trabajos de los J\u00f3venes Investigadores de la UNLP que reci\u00e9n se inician en su actividad, facilitando as\u00ed el intercambio de experiencias acad\u00e9micas. Se incluir\u00e1 junto con el resumen escrito el <i>Graphical Abstract <\/i>y citas de sus publicaciones (producci\u00f3n) cargadas en el formulario de inscripci\u00f3n, <i>\u00a0<\/i>cuyes autores ser\u00e1n le becarie y sus directores\/as.\u00a0 Ser\u00e1n destinados en al repositorio Sedici y replicadores subsiguientes.<\/p>\n<p style=\"text-align: left\"><span style=\"color: #008080\">Por \u00faltimo, tambi\u00e9n contiene las relator\u00edas de todos los talleres desarrollados durante esa jornada.<\/span><\/p>\n<h3 style=\"text-align: left\"><span style=\"color: #008080\"><strong>\u00a0<\/strong><\/span><\/h3>\n<p><a href=\"https:\/\/revistas.unlp.edu.ar\/InvJov\" target=\"_blank\" rel=\"noopener noreferrer\"><img loading=\"lazy\" decoding=\"async\" class=\"wp-image-6908 aligncenter\" src=\"https:\/\/congresos.unlp.edu.ar\/ebec2020\/wp-content\/uploads\/sites\/24\/2021\/04\/cover_issue_768_es_ES-709x1024.jpg\" alt=\"\" width=\"216\" height=\"312\" srcset=\"https:\/\/congresos.unlp.edu.ar\/ebec2020\/wp-content\/uploads\/sites\/24\/2021\/04\/cover_issue_768_es_ES-709x1024.jpg 709w, https:\/\/congresos.unlp.edu.ar\/ebec2020\/wp-content\/uploads\/sites\/24\/2021\/04\/cover_issue_768_es_ES-208x300.jpg 208w, https:\/\/congresos.unlp.edu.ar\/ebec2020\/wp-content\/uploads\/sites\/24\/2021\/04\/cover_issue_768_es_ES.jpg 720w\" sizes=\"auto, (max-width: 216px) 100vw, 216px\" \/><\/a><\/p>\n<h5 style=\"text-align: center\"><a href=\"https:\/\/revistas.unlp.edu.ar\/InvJov\">Vol. 7 N\u00fam. 2 (2020): Investigaci\u00f3n Joven &#8211; EBEC 2020<\/a><\/h5>\n<p>&nbsp;<\/p>\n<p>&nbsp;<\/p>\n<h5 style=\"text-align: center\">Vol. 6 N\u00fam. Especial (2019): Encuentro de Becarios UNLP 2018<\/h5>\n<p><a href=\"https:\/\/revistas.unlp.edu.ar\/InvJov\/issue\/view\/496\" target=\"_blank\" rel=\"noopener noreferrer\"><img loading=\"lazy\" decoding=\"async\" class=\"alignnone size-medium wp-image-69 aligncenter\" src=\"https:\/\/congresos.unlp.edu.ar\/ebec2020\/wp-content\/uploads\/sites\/24\/2020\/06\/cover_issue_496_es_ES-208x300.jpg\" alt=\"\" width=\"208\" height=\"300\" srcset=\"https:\/\/congresos.unlp.edu.ar\/ebec2020\/wp-content\/uploads\/sites\/24\/2020\/06\/cover_issue_496_es_ES-208x300.jpg 208w, https:\/\/congresos.unlp.edu.ar\/ebec2020\/wp-content\/uploads\/sites\/24\/2020\/06\/cover_issue_496_es_ES-709x1024.jpg 709w, https:\/\/congresos.unlp.edu.ar\/ebec2020\/wp-content\/uploads\/sites\/24\/2020\/06\/cover_issue_496_es_ES.jpg 720w\" sizes=\"auto, (max-width: 208px) 100vw, 208px\" \/> <\/a><\/p>\n<p style=\"text-align: center\"><a href=\"https:\/\/revistas.unlp.edu.ar\/InvJov\/issue\/view\/496\" target=\"_blank\" rel=\"noopener noreferrer\">(click en la imagen para acceder a la revista)<\/a><\/p>\n<h3><\/h3>\n<h3><\/h3>\n","protected":false},"excerpt":{"rendered":"<p>EBEC 2020 &#8211; Encuentro de Becaries de Posgrado de la UNLP \u2013 2020 \u00a0\u201cEn este Hecho Social Total que estamos atravesando, es necesario y oportuno encontrarnos, para reflexionar sobre nuestra labor y nuestro rol&#8221; Tenemos el agrado de informar que el N\u00famero Especial de la Revista Investigaci\u00f3n Joven ya est\u00e1 publicado. Vol. 7 N\u00fam. 2 [&hellip;]<\/p>\n","protected":false},"author":53,"featured_media":0,"parent":0,"menu_order":4,"comment_status":"closed","ping_status":"closed","template":"templates\/template-full-notitle.php","meta":{"_acf_changed":false,"advgb_blocks_editor_width":"","advgb_blocks_columns_visual_guide":"","footnotes":""},"class_list":["post-68","page","type-page","status-publish","hentry","post"],"aioseo_notices":[],"acf":[],"coauthors":[],"author_meta":{"author_link":"https:\/\/congresos.unlp.edu.ar\/ebec2020\/author\/danidcv\/","display_name":"EBEC2020"},"relative_dates":{"created":"Posted 6 a\u00f1os ago","modified":"Updated 5 a\u00f1os ago"},"absolute_dates":{"created":"Posted on ","modified":"Updated on "},"absolute_dates_time":{"created":"Posted on  8:55 am","modified":"Updated on  2:00 pm"},"featured_img_caption":"","featured_img":false,"series_order":"","jetpack_sharing_enabled":true,"_links":{"self":[{"href":"https:\/\/congresos.unlp.edu.ar\/ebec2020\/wp-json\/wp\/v2\/pages\/68","targetHints":{"allow":["GET"]}}],"collection":[{"href":"https:\/\/congresos.unlp.edu.ar\/ebec2020\/wp-json\/wp\/v2\/pages"}],"about":[{"href":"https:\/\/congresos.unlp.edu.ar\/ebec2020\/wp-json\/wp\/v2\/types\/page"}],"author":[{"embeddable":true,"href":"https:\/\/congresos.unlp.edu.ar\/ebec2020\/wp-json\/wp\/v2\/users\/53"}],"replies":[{"embeddable":true,"href":"https:\/\/congresos.unlp.edu.ar\/ebec2020\/wp-json\/wp\/v2\/comments?post=68"}],"version-history":[{"count":0,"href":"https:\/\/congresos.unlp.edu.ar\/ebec2020\/wp-json\/wp\/v2\/pages\/68\/revisions"}],"wp:attachment":[{"href":"https:\/\/congresos.unlp.edu.ar\/ebec2020\/wp-json\/wp\/v2\/media?parent=68"}],"curies":[{"name":"wp","href":"https:\/\/api.w.org\/{rel}","templated":true}]}}