{"id":33,"date":"2020-06-12T11:24:41","date_gmt":"2020-06-12T14:24:41","guid":{"rendered":"http:\/\/congresos.unlp.edu.ar\/ebec2020\/?page_id=33"},"modified":"2022-08-04T08:54:07","modified_gmt":"2022-08-04T11:54:07","slug":"inscripcion","status":"publish","type":"page","link":"https:\/\/congresos.unlp.edu.ar\/ebec2020\/inscripcion\/","title":{"rendered":"Inscripci\u00f3n"},"content":{"rendered":"<h3><span style=\"color: #000000\"><span style=\"color: #008080\"><strong>Importante: Sobre la inscripci\u00f3n<\/strong><\/span><br \/>\n<\/span><\/h3>\n<p><span style=\"color: #000000\">El procedimiento para inscribirte al Encuentro consta de dos pasos: El primero es completar el <strong>Formulario de Pre-inscripci\u00f3n<\/strong>, una vez completado se habilitar\u00e1 el segundo paso, completar el <strong>Formulario de Inscripci\u00f3n<\/strong>. <\/span><br \/>\n<span style=\"color: #000000\">Para participar del encuentro, as\u00ed como contar con la certificaci\u00f3n y publicaci\u00f3n de tu resumen deber\u00e1n ser completados ambos formularios. \u00a0<\/span><\/p>\n<h2><strong><span style=\"color: #ff0000\">Nuevo Cierre de inscripci\u00f3n:\u00a0 6 de noviembre<\/span><\/strong><\/h2>\n<hr \/>\n<h3><span style=\"color: #008080\"><strong>Paso 1: Formulario de pre-inscripci\u00f3n<\/strong><\/span><\/h3>\n<p>Te invitamos a completar el formulario de pre-inscripci\u00f3n, el mismo solicitar\u00e1:<\/p>\n<ul>\n<li>Datos personales y de contacto<\/li>\n<li>Datos referidos a tu beca<\/li>\n<li>Datos de tu lugar de trabajo<\/li>\n<li style=\"text-align: left\">Perfil Google Scholar (Si aun no lo generaste, en este <a href=\"https:\/\/unlp.edu.ar\/investigacion\/google-scholar-9730\" target=\"_blank\" rel=\"noopener noreferrer\"><span style=\"color: #ff0000\">link<\/span><\/a> te explicamos como hacerlo)<\/li>\n<\/ul>\n<p style=\"text-align: center\"><a href=\"https:\/\/congresos.unlp.edu.ar\/ebec2020\/preinscripcion\"><img loading=\"lazy\" decoding=\"async\" class=\"wp-image-266 aligncenter\" src=\"https:\/\/congresos.unlp.edu.ar\/ebec2020\/wp-content\/uploads\/sites\/24\/2020\/08\/editvideo-300x300.png\" alt=\"\" width=\"145\" height=\"145\" srcset=\"https:\/\/congresos.unlp.edu.ar\/ebec2020\/wp-content\/uploads\/sites\/24\/2020\/08\/editvideo-300x300.png 300w, https:\/\/congresos.unlp.edu.ar\/ebec2020\/wp-content\/uploads\/sites\/24\/2020\/08\/editvideo-150x150.png 150w, https:\/\/congresos.unlp.edu.ar\/ebec2020\/wp-content\/uploads\/sites\/24\/2020\/08\/editvideo.png 512w\" sizes=\"auto, (max-width: 145px) 100vw, 145px\" \/><\/a><span style=\"color: #ff0000\"><strong><span style=\"color: #008080\">Acceder al formulario de Pre-Inscripci\u00f3n<\/span><br \/>\n<\/strong><\/span><\/p>\n<p>&nbsp;<\/p>\n<p><strong>IMPORTANTE<\/strong>: Record\u00e1 que para completar la inscripci\u00f3n definitiva al encuentro, deber\u00e1s completar el formulario de inscripci\u00f3n, cuyo link ser\u00e1 enviado como respuesta autom\u00e1tica una vez completada la pre-inscripci\u00f3n.<\/p>\n<hr \/>\n<h3><span style=\"color: #008080\"><strong>Paso 2: Formulario de inscripci\u00f3n<\/strong><\/span><\/h3>\n<p>En este formulario se solicitar\u00e1 la carga de archivos multimedia correspondientes a la presentaci\u00f3n de tu plan de investigaci\u00f3n. Con el esp\u00edritu de mantener la idea de intercambio con les dem\u00e1s participantes y dada la situaci\u00f3n nacional de p\u00fablico conocimiento (ASPO), el formulario te solicitar\u00e1:<\/p>\n<ul>\n<li style=\"list-style-type: none\">\n<ul>\n<li style=\"list-style-type: none\">\n<ul>\n<li>Un <strong>resumen escrito de tu plan de investigaci\u00f3n, el cual se completa en el propio formulario (m\u00e1ximo 3000 caracteres con espacios)<\/strong>. (<span style=\"color: #ff0000\">Si ya lo presentaste en la edici\u00f3n anterior, podes incluir los avances y principales publicaciones de los ultimos dos a\u00f1os, manteniendo el mismo t\u00edtulo<\/span>)<\/li>\n<li>Un <strong>&#8220;Resumen Gr\u00e1fico&#8221;<\/strong> (o graphical abstract) de tu plan de investigaci\u00f3n (aqu\u00ed publicamos un ejemplo -&gt; <a href=\"https:\/\/congresos.unlp.edu.ar\/ebec2020\/wp-content\/uploads\/sites\/24\/2020\/08\/EJEMPLOS-DE-RES\u00daMENES-GR\u00c1FICOS-EBEC-2020-1.pdf\" target=\"_blank\" rel=\"noopener noreferrer\">Enlace al PDF<\/a>)<\/li>\n<li>Un <strong>video sobre tu investigaci\u00f3n<\/strong> (Duraci\u00f3n m\u00e1xima: 3 minutos, aqu\u00ed publicamos unos ejemplos -&gt; <a href=\"https:\/\/drive.google.com\/file\/d\/1UuhOVHgOOVxAJbkQ_Rcj5tZ8G7RMFxZ6\/view?usp=sharing\" target=\"_blank\" rel=\"noopener noreferrer\">Enlace al Video<\/a>)<\/li>\n<li>Tu <strong>producci\u00f3n cient\u00edfica<\/strong> (referencias de tus principales publicaciones\/producciones)<\/li>\n<\/ul>\n<\/li>\n<\/ul>\n<\/li>\n<\/ul>\n<h3>Con esta informaci\u00f3n se elaborar\u00e1 un<span style=\"color: #000000\">a <strong><span style=\"color: #0000ff\">galer\u00eda de e-p\u00f3sters<\/span><\/strong><\/span> la cual se podr\u00e1 visitar de forma virtual el d\u00eda del evento.<\/h3>\n<p>&nbsp;<\/p>\n<p style=\"text-align: center\"><img loading=\"lazy\" decoding=\"async\" class=\"wp-image-267 aligncenter\" src=\"https:\/\/congresos.unlp.edu.ar\/ebec2020\/wp-content\/uploads\/sites\/24\/2020\/08\/edituser-300x300.png\" alt=\"\" width=\"162\" height=\"162\" srcset=\"https:\/\/congresos.unlp.edu.ar\/ebec2020\/wp-content\/uploads\/sites\/24\/2020\/08\/edituser-300x300.png 300w, https:\/\/congresos.unlp.edu.ar\/ebec2020\/wp-content\/uploads\/sites\/24\/2020\/08\/edituser-150x150.png 150w, https:\/\/congresos.unlp.edu.ar\/ebec2020\/wp-content\/uploads\/sites\/24\/2020\/08\/edituser.png 512w\" sizes=\"auto, (max-width: 162px) 100vw, 162px\" \/><span style=\"color: #ff0000\"><strong><span style=\"color: #008080\">Acceder al formulario de Inscripci\u00f3n<\/span><\/strong><\/span><\/p>\n","protected":false},"excerpt":{"rendered":"<p>Importante: Sobre la inscripci\u00f3n El procedimiento para inscribirte al Encuentro consta de dos pasos: El primero es completar el Formulario de Pre-inscripci\u00f3n, una vez completado se habilitar\u00e1 el segundo paso, completar el Formulario de Inscripci\u00f3n. Para participar del encuentro, as\u00ed como contar con la certificaci\u00f3n y publicaci\u00f3n de tu resumen deber\u00e1n ser completados ambos formularios. [&hellip;]<\/p>\n","protected":false},"author":53,"featured_media":0,"parent":0,"menu_order":0,"comment_status":"closed","ping_status":"closed","template":"templates\/template-full-notitle.php","meta":{"_acf_changed":false,"advgb_blocks_editor_width":"","advgb_blocks_columns_visual_guide":"","footnotes":""},"class_list":["post-33","page","type-page","status-publish","hentry","post"],"aioseo_notices":[],"acf":[],"coauthors":[],"author_meta":{"author_link":"https:\/\/congresos.unlp.edu.ar\/ebec2020\/author\/danidcv\/","display_name":"EBEC2020"},"relative_dates":{"created":"Posted 6 a\u00f1os ago","modified":"Updated 4 a\u00f1os ago"},"absolute_dates":{"created":"Posted on ","modified":"Updated on "},"absolute_dates_time":{"created":"Posted on  11:24 am","modified":"Updated on  8:54 am"},"featured_img_caption":"","featured_img":false,"series_order":"","jetpack_sharing_enabled":true,"_links":{"self":[{"href":"https:\/\/congresos.unlp.edu.ar\/ebec2020\/wp-json\/wp\/v2\/pages\/33","targetHints":{"allow":["GET"]}}],"collection":[{"href":"https:\/\/congresos.unlp.edu.ar\/ebec2020\/wp-json\/wp\/v2\/pages"}],"about":[{"href":"https:\/\/congresos.unlp.edu.ar\/ebec2020\/wp-json\/wp\/v2\/types\/page"}],"author":[{"embeddable":true,"href":"https:\/\/congresos.unlp.edu.ar\/ebec2020\/wp-json\/wp\/v2\/users\/53"}],"replies":[{"embeddable":true,"href":"https:\/\/congresos.unlp.edu.ar\/ebec2020\/wp-json\/wp\/v2\/comments?post=33"}],"version-history":[{"count":0,"href":"https:\/\/congresos.unlp.edu.ar\/ebec2020\/wp-json\/wp\/v2\/pages\/33\/revisions"}],"wp:attachment":[{"href":"https:\/\/congresos.unlp.edu.ar\/ebec2020\/wp-json\/wp\/v2\/media?parent=33"}],"curies":[{"name":"wp","href":"https:\/\/api.w.org\/{rel}","templated":true}]}}