{"id":30,"date":"2020-06-12T11:20:16","date_gmt":"2020-06-12T14:20:16","guid":{"rendered":"http:\/\/congresos.unlp.edu.ar\/ebec2020\/?page_id=30"},"modified":"2020-11-12T13:09:29","modified_gmt":"2020-11-12T16:09:29","slug":"cronograma","status":"publish","type":"page","link":"https:\/\/congresos.unlp.edu.ar\/ebec2020\/cronograma\/","title":{"rendered":"Programa"},"content":{"rendered":"<h2><\/h2>\n<h2><\/h2>\n<h2><\/h2>\n<h2><\/h2>\n<h2 style=\"text-align: center\"><a href=\"https:\/\/congresos.unlp.edu.ar\/ebec2020\/wp-content\/uploads\/sites\/24\/2020\/11\/Programa-Completo-EBEC-2020.-12-de-noviembre.pdf\">Descargar Programa Completo<\/a><\/h2>\n<h3>Cierre Encuentro: <a href=\"https:\/\/zoom.us\/j\/99793519237?pwd=R1RHcEFpazhyWHQyMUVpbEc1RFdxUT09\">Link<\/a><\/h3>\n<div class=\"o9v6fnle cxmmr5t8 oygrvhab hcukyx3x c1et5uql ii04i59q\">\n<div dir=\"auto\" style=\"text-align: center\">\n<p><img loading=\"lazy\" decoding=\"async\" class=\"alignnone size-full wp-image-6902\" src=\"https:\/\/congresos.unlp.edu.ar\/ebec2020\/wp-content\/uploads\/sites\/24\/2020\/11\/cierre.png\" alt=\"\" width=\"681\" height=\"724\" srcset=\"https:\/\/congresos.unlp.edu.ar\/ebec2020\/wp-content\/uploads\/sites\/24\/2020\/11\/cierre.png 681w, https:\/\/congresos.unlp.edu.ar\/ebec2020\/wp-content\/uploads\/sites\/24\/2020\/11\/cierre-282x300.png 282w\" sizes=\"auto, (max-width: 681px) 100vw, 681px\" \/><\/p>\n<\/div>\n<\/div>\n\n\t\t<style type=\"text\/css\">\n\t\t\t#gallery-1 {\n\t\t\t\tmargin: auto;\n\t\t\t}\n\t\t\t#gallery-1 .gallery-item {\n\t\t\t\tfloat: left;\n\t\t\t\tmargin-top: 10px;\n\t\t\t\ttext-align: center;\n\t\t\t\twidth: 100%;\n\t\t\t}\n\t\t\t#gallery-1 img {\n\t\t\t\tborder: 2px solid #cfcfcf;\n\t\t\t}\n\t\t\t#gallery-1 .gallery-caption {\n\t\t\t\tmargin-left: 0;\n\t\t\t}\n\t\t\t\/* see gallery_shortcode() in wp-includes\/media.php *\/\n\t\t<\/style>\n\t\t<div id='gallery-1' class='gallery galleryid-30 gallery-columns-1 gallery-size-full'><dl class='gallery-item'>\n\t\t\t<dt class='gallery-icon portrait'>\n\t\t\t\t<a href='https:\/\/congresos.unlp.edu.ar\/ebec2020\/cronograma\/placa-programa-2\/#main'><img loading=\"lazy\" decoding=\"async\" width=\"681\" height=\"723\" src=\"https:\/\/congresos.unlp.edu.ar\/ebec2020\/wp-content\/uploads\/sites\/24\/2020\/10\/placa-programa-2.png\" class=\"attachment-full size-full\" alt=\"\" srcset=\"https:\/\/congresos.unlp.edu.ar\/ebec2020\/wp-content\/uploads\/sites\/24\/2020\/10\/placa-programa-2.png 681w, https:\/\/congresos.unlp.edu.ar\/ebec2020\/wp-content\/uploads\/sites\/24\/2020\/10\/placa-programa-2-283x300.png 283w\" sizes=\"auto, (max-width: 681px) 100vw, 681px\" \/><\/a>\n\t\t\t<\/dt><\/dl><br style=\"clear: both\" \/><dl class='gallery-item'>\n\t\t\t<dt class='gallery-icon portrait'>\n\t\t\t\t<a href='https:\/\/congresos.unlp.edu.ar\/ebec2020\/cronograma\/mesa-de-trabajo-41\/#main'><img loading=\"lazy\" decoding=\"async\" width=\"681\" height=\"723\" src=\"https:\/\/congresos.unlp.edu.ar\/ebec2020\/wp-content\/uploads\/sites\/24\/2020\/10\/Mesa-de-trabajo-41.png\" class=\"attachment-full size-full\" alt=\"\" srcset=\"https:\/\/congresos.unlp.edu.ar\/ebec2020\/wp-content\/uploads\/sites\/24\/2020\/10\/Mesa-de-trabajo-41.png 681w, https:\/\/congresos.unlp.edu.ar\/ebec2020\/wp-content\/uploads\/sites\/24\/2020\/10\/Mesa-de-trabajo-41-283x300.png 283w\" sizes=\"auto, (max-width: 681px) 100vw, 681px\" \/><\/a>\n\t\t\t<\/dt><\/dl><br style=\"clear: both\" \/><dl class='gallery-item'>\n\t\t\t<dt class='gallery-icon portrait'>\n\t\t\t\t<a href='https:\/\/congresos.unlp.edu.ar\/ebec2020\/cronograma\/mesa-de-trabajo-42\/#main'><img loading=\"lazy\" decoding=\"async\" width=\"682\" height=\"723\" src=\"https:\/\/congresos.unlp.edu.ar\/ebec2020\/wp-content\/uploads\/sites\/24\/2020\/10\/Mesa-de-trabajo-42.png\" class=\"attachment-full size-full\" alt=\"\" srcset=\"https:\/\/congresos.unlp.edu.ar\/ebec2020\/wp-content\/uploads\/sites\/24\/2020\/10\/Mesa-de-trabajo-42.png 682w, https:\/\/congresos.unlp.edu.ar\/ebec2020\/wp-content\/uploads\/sites\/24\/2020\/10\/Mesa-de-trabajo-42-283x300.png 283w\" sizes=\"auto, (max-width: 682px) 100vw, 682px\" \/><\/a>\n\t\t\t<\/dt><\/dl><br style=\"clear: both\" \/><dl class='gallery-item'>\n\t\t\t<dt class='gallery-icon portrait'>\n\t\t\t\t<a href='https:\/\/congresos.unlp.edu.ar\/ebec2020\/cronograma\/mesa-de-trabajo-43\/#main'><img loading=\"lazy\" decoding=\"async\" width=\"681\" height=\"723\" src=\"https:\/\/congresos.unlp.edu.ar\/ebec2020\/wp-content\/uploads\/sites\/24\/2020\/10\/Mesa-de-trabajo-43.png\" class=\"attachment-full size-full\" alt=\"\" srcset=\"https:\/\/congresos.unlp.edu.ar\/ebec2020\/wp-content\/uploads\/sites\/24\/2020\/10\/Mesa-de-trabajo-43.png 681w, https:\/\/congresos.unlp.edu.ar\/ebec2020\/wp-content\/uploads\/sites\/24\/2020\/10\/Mesa-de-trabajo-43-283x300.png 283w\" sizes=\"auto, (max-width: 681px) 100vw, 681px\" \/><\/a>\n\t\t\t<\/dt><\/dl><br style=\"clear: both\" \/><dl class='gallery-item'>\n\t\t\t<dt class='gallery-icon portrait'>\n\t\t\t\t<a href='https:\/\/congresos.unlp.edu.ar\/ebec2020\/cronograma\/ff\/#main'><img loading=\"lazy\" decoding=\"async\" width=\"681\" height=\"723\" src=\"https:\/\/congresos.unlp.edu.ar\/ebec2020\/wp-content\/uploads\/sites\/24\/2020\/10\/ff.png\" class=\"attachment-full size-full\" alt=\"\" srcset=\"https:\/\/congresos.unlp.edu.ar\/ebec2020\/wp-content\/uploads\/sites\/24\/2020\/10\/ff.png 681w, https:\/\/congresos.unlp.edu.ar\/ebec2020\/wp-content\/uploads\/sites\/24\/2020\/10\/ff-283x300.png 283w\" sizes=\"auto, (max-width: 681px) 100vw, 681px\" \/><\/a>\n\t\t\t<\/dt><\/dl><br style=\"clear: both\" \/><dl class='gallery-item'>\n\t\t\t<dt class='gallery-icon portrait'>\n\t\t\t\t<a href='https:\/\/congresos.unlp.edu.ar\/ebec2020\/cronograma\/fd\/#main'><img loading=\"lazy\" decoding=\"async\" width=\"682\" height=\"724\" src=\"https:\/\/congresos.unlp.edu.ar\/ebec2020\/wp-content\/uploads\/sites\/24\/2020\/10\/fd.png\" class=\"attachment-full size-full\" alt=\"\" srcset=\"https:\/\/congresos.unlp.edu.ar\/ebec2020\/wp-content\/uploads\/sites\/24\/2020\/10\/fd.png 682w, https:\/\/congresos.unlp.edu.ar\/ebec2020\/wp-content\/uploads\/sites\/24\/2020\/10\/fd-283x300.png 283w\" sizes=\"auto, (max-width: 682px) 100vw, 682px\" \/><\/a>\n\t\t\t<\/dt><\/dl><br style=\"clear: both\" \/><dl class='gallery-item'>\n\t\t\t<dt class='gallery-icon portrait'>\n\t\t\t\t<a href='https:\/\/congresos.unlp.edu.ar\/ebec2020\/cronograma\/mesa-de-trabajo-78\/#main'><img loading=\"lazy\" decoding=\"async\" width=\"681\" height=\"724\" src=\"https:\/\/congresos.unlp.edu.ar\/ebec2020\/wp-content\/uploads\/sites\/24\/2020\/10\/Mesa-de-trabajo-78.png\" class=\"attachment-full size-full\" alt=\"\" srcset=\"https:\/\/congresos.unlp.edu.ar\/ebec2020\/wp-content\/uploads\/sites\/24\/2020\/10\/Mesa-de-trabajo-78.png 681w, https:\/\/congresos.unlp.edu.ar\/ebec2020\/wp-content\/uploads\/sites\/24\/2020\/10\/Mesa-de-trabajo-78-282x300.png 282w\" sizes=\"auto, (max-width: 681px) 100vw, 681px\" \/><\/a>\n\t\t\t<\/dt><\/dl><br style=\"clear: both\" \/><dl class='gallery-item'>\n\t\t\t<dt class='gallery-icon portrait'>\n\t\t\t\t<a href='https:\/\/congresos.unlp.edu.ar\/ebec2020\/cronograma\/124584340_162445812068481_713889696254968862_n\/#main'><img loading=\"lazy\" decoding=\"async\" width=\"742\" height=\"746\" src=\"https:\/\/congresos.unlp.edu.ar\/ebec2020\/wp-content\/uploads\/sites\/24\/2020\/11\/124584340_162445812068481_713889696254968862_n.png\" class=\"attachment-full size-full\" alt=\"Novedad! Actividad sat\u00e9lite en el marco del EBEC 2020: \u201cEl panorama europeo en pol\u00edticas de cooperaci\u00f3n\u201d Participar\u00e1n: Luca Pierantoni - Abogado especializado en derecho internacional Jefe de Cooperaci\u00f3n de la Delegaci\u00f3n de la Uni\u00f3n Europea en Argentina. Marcos Actis - Vicepresidente del \u00c1rea Institucional, Doctor en Ingenier\u00eda, Facultad de Ingenier\u00eda. Universidad Nacional de La Plata (UNLP). Enriqueta Della Rosa - Directora de RR.II. Profesora en Historia, Especialista en licitaciones de Cooperaci\u00f3n Internacional Universidad Nacional de La Plata (UNLP). Nicol\u00e1s Rendtorff - Prosecretario de Pol\u00edticas en Ciencia y T\u00e9cnica. Dr. en qu\u00edmica., Facultad de Cs Exactas. Universidad Nacional de La Plata (UNLP). La actividad se realizar\u00e1 el mi\u00e9rcoles 11 de noviembre a las 12 hs Link de ingreso a la misma: https:\/\/zoom.us\/j\/99106374309... ID de reuni\u00f3n: 991 0637 4309 C\u00f3digo de acceso: EBEC Organiza Secretar\u00eda de Ciencia y T\u00e9cnica UNLP. Contacto ebec@presi.unlp.edu.ar.\" srcset=\"https:\/\/congresos.unlp.edu.ar\/ebec2020\/wp-content\/uploads\/sites\/24\/2020\/11\/124584340_162445812068481_713889696254968862_n.png 742w, https:\/\/congresos.unlp.edu.ar\/ebec2020\/wp-content\/uploads\/sites\/24\/2020\/11\/124584340_162445812068481_713889696254968862_n-298x300.png 298w, https:\/\/congresos.unlp.edu.ar\/ebec2020\/wp-content\/uploads\/sites\/24\/2020\/11\/124584340_162445812068481_713889696254968862_n-150x150.png 150w\" sizes=\"auto, (max-width: 742px) 100vw, 742px\" \/><\/a>\n\t\t\t<\/dt><\/dl><br style=\"clear: both\" \/>\n\t\t<\/div>\n\n","protected":false},"excerpt":{"rendered":"<p>Descargar Programa Completo Cierre Encuentro: Link<\/p>\n","protected":false},"author":53,"featured_media":0,"parent":0,"menu_order":0,"comment_status":"closed","ping_status":"closed","template":"templates\/template-full-notitle.php","meta":{"_acf_changed":false,"advgb_blocks_editor_width":"","advgb_blocks_columns_visual_guide":"","footnotes":""},"class_list":["post-30","page","type-page","status-publish","hentry","post"],"aioseo_notices":[],"acf":[],"coauthors":[],"author_meta":{"author_link":"https:\/\/congresos.unlp.edu.ar\/ebec2020\/author\/danidcv\/","display_name":"EBEC2020"},"relative_dates":{"created":"Posted 6 a\u00f1os ago","modified":"Updated 5 a\u00f1os ago"},"absolute_dates":{"created":"Posted on ","modified":"Updated on "},"absolute_dates_time":{"created":"Posted on  11:20 am","modified":"Updated on  1:09 pm"},"featured_img_caption":"","featured_img":false,"series_order":"","jetpack_sharing_enabled":true,"_links":{"self":[{"href":"https:\/\/congresos.unlp.edu.ar\/ebec2020\/wp-json\/wp\/v2\/pages\/30","targetHints":{"allow":["GET"]}}],"collection":[{"href":"https:\/\/congresos.unlp.edu.ar\/ebec2020\/wp-json\/wp\/v2\/pages"}],"about":[{"href":"https:\/\/congresos.unlp.edu.ar\/ebec2020\/wp-json\/wp\/v2\/types\/page"}],"author":[{"embeddable":true,"href":"https:\/\/congresos.unlp.edu.ar\/ebec2020\/wp-json\/wp\/v2\/users\/53"}],"replies":[{"embeddable":true,"href":"https:\/\/congresos.unlp.edu.ar\/ebec2020\/wp-json\/wp\/v2\/comments?post=30"}],"version-history":[{"count":0,"href":"https:\/\/congresos.unlp.edu.ar\/ebec2020\/wp-json\/wp\/v2\/pages\/30\/revisions"}],"wp:attachment":[{"href":"https:\/\/congresos.unlp.edu.ar\/ebec2020\/wp-json\/wp\/v2\/media?parent=30"}],"curies":[{"name":"wp","href":"https:\/\/api.w.org\/{rel}","templated":true}]}}