{"id":27,"date":"2020-06-12T11:19:50","date_gmt":"2020-06-12T14:19:50","guid":{"rendered":"http:\/\/congresos.unlp.edu.ar\/ebec2020\/?page_id=27"},"modified":"2020-10-26T11:17:24","modified_gmt":"2020-10-26T14:17:24","slug":"ebec","status":"publish","type":"page","link":"https:\/\/congresos.unlp.edu.ar\/ebec2020\/inicio\/ebec\/","title":{"rendered":"\u00bfQu\u00e9 es el EBEC?"},"content":{"rendered":"<h4 style=\"text-align: center\"><span style=\"color: #008080\">El encuentro de becaries es un espacio de intercambio de ideas e informaci\u00f3n, de difusi\u00f3n de actividades y de formaci\u00f3n complementaria para becaries con lugar de trabajo en la UNLP (UNLP, CONICET, CIC, ANPCyT) que transitan maestr\u00edas, doctorados y posdoctorados. <\/span><\/h4>\n<h4 style=\"text-align: center\"><span style=\"color: #008080\">Promovido desde la Secretar\u00eda de Ciencia y T\u00e9cnica de la UNLP.<\/span><\/h4>\n<p><strong><span style=\"color: #008080\">En la edici\u00f3n anterior<\/span> <\/strong>del encuentro realizado en 2018, participaron una gran cantidad de becaries, donde pudieron adem\u00e1s de intercambiar sus avances y trabajos, participar de conferencias, mesas redondas y talleres. Durante la jornada se realizaron m\u00e1s de 365 ponencias, se cont\u00f3 con la visita de Dario Sztajnszrajber quien brind\u00f3 una conferencia abierta titulada &#8220;El Conocimiento en Deconstrucci\u00f3n&#8221;, hubo mesas de intercambio y Talleres participativos de temas como: Extensi\u00f3n, divulgaci\u00f3n y comunicaci\u00f3n de la ciencia; desarrollo tecnol\u00f3gico y social; Cultura y Popularizaci\u00f3n de ciencia, Arte, Pol\u00edtica Cient\u00edfica, g\u00e9nero, entre otros.<\/p>\n<h4 style=\"text-align: center\"><span style=\"color: #008080\">Les becaries de la UNLP son actores fundamentales del universo\/colectivo de acciones que se realizan en las 17 unidades acad\u00e9micas y las m\u00e1s de 180 Unidades de Investigaci\u00f3n repartidas en Institutos, Centros, Laboratorios, C\u00e1tedras, Unidades de Promoci\u00f3n Investigaci\u00f3n y Desarrollo (UPID), Divisiones y Grupos, en torno a la investigaci\u00f3n en conjunto con la docencia y la extensi\u00f3n.<\/span><\/h4>\n<p><span style=\"color: #008080\"><strong>Ser actores fundamentales implica<\/strong><\/span> debatir en conjunto el rol como becaries, siendo esencial el intercambio de ideas y producciones que generen redes de construcci\u00f3n.<\/p>\n<p><strong><span style=\"color: #008080\">El encuentro tiene como objetivo<\/span><\/strong> constituir una jornada de encuentro y trabajo de todes les Becaries de nuestra Casa. Un espacio de visibilizaci\u00f3n, formaci\u00f3n, fortalecimiento, intercambio y construcci\u00f3n de redes.<\/p>\n<h4 style=\"text-align: center\"><span style=\"color: #008080\">El encuentro tiene como prop\u00f3sito fortalecer v\u00ednculos entre les Becaries y con la instituci\u00f3n y as\u00ed consolidar una identidad de les BECARIES DE LA UNLP.<\/span><\/h4>\n<p>&nbsp;<\/p>\n<p style=\"text-align: right\">Secretar\u00eda de Ciencia y T\u00e9cnica<br \/>\nUniversidad Nacional de La Plata<\/p>\n<hr \/>\n<ul>\n<li><strong>Pre-Inscripci\u00f3n: Abierta.<\/strong><\/li>\n<li><strong>Fecha: 12 de noviembre &#8211; 2020<\/strong><\/li>\n<li><strong>Caracter\u00edsticas:<\/strong> Encuentro p\u00fablico y gratuito.<\/li>\n<li><strong>Lugar:<\/strong> Virtual\/Edificio Karakachoff-UNLP (Calle 48, 566)\/Rectorado UNLP (Av. 7, 775) La Plata, Buenos Aires<\/li>\n<li><strong>Participan:<\/strong> Becaries de maestr\u00eda, posgrado y posdoctorado de la UNLP y\/o con lugar de trabajo en la UNLP<\/li>\n<li><strong>Organiza:<\/strong> Secretar\u00eda de Ciencia y T\u00e9cnica &#8211; UNLP<\/li>\n<\/ul>\n<p>&nbsp;<\/p>\n","protected":false},"excerpt":{"rendered":"<p>El encuentro de becaries es un espacio de intercambio de ideas e informaci\u00f3n, de difusi\u00f3n de actividades y de formaci\u00f3n complementaria para becaries con lugar de trabajo en la UNLP (UNLP, CONICET, CIC, ANPCyT) que transitan maestr\u00edas, doctorados y posdoctorados. Promovido desde la Secretar\u00eda de Ciencia y T\u00e9cnica de la UNLP. En la edici\u00f3n anterior [&hellip;]<\/p>\n","protected":false},"author":53,"featured_media":0,"parent":12,"menu_order":0,"comment_status":"closed","ping_status":"closed","template":"templates\/template-full-notitle.php","meta":{"_acf_changed":false,"advgb_blocks_editor_width":"","advgb_blocks_columns_visual_guide":"","footnotes":""},"class_list":["post-27","page","type-page","status-publish","hentry","post"],"aioseo_notices":[],"acf":[],"coauthors":[],"author_meta":{"author_link":"https:\/\/congresos.unlp.edu.ar\/ebec2020\/author\/danidcv\/","display_name":"EBEC2020"},"relative_dates":{"created":"Posted 6 a\u00f1os ago","modified":"Updated 5 a\u00f1os ago"},"absolute_dates":{"created":"Posted on ","modified":"Updated on "},"absolute_dates_time":{"created":"Posted on  11:19 am","modified":"Updated on  11:17 am"},"featured_img_caption":"","featured_img":false,"series_order":"","jetpack_sharing_enabled":true,"_links":{"self":[{"href":"https:\/\/congresos.unlp.edu.ar\/ebec2020\/wp-json\/wp\/v2\/pages\/27","targetHints":{"allow":["GET"]}}],"collection":[{"href":"https:\/\/congresos.unlp.edu.ar\/ebec2020\/wp-json\/wp\/v2\/pages"}],"about":[{"href":"https:\/\/congresos.unlp.edu.ar\/ebec2020\/wp-json\/wp\/v2\/types\/page"}],"author":[{"embeddable":true,"href":"https:\/\/congresos.unlp.edu.ar\/ebec2020\/wp-json\/wp\/v2\/users\/53"}],"replies":[{"embeddable":true,"href":"https:\/\/congresos.unlp.edu.ar\/ebec2020\/wp-json\/wp\/v2\/comments?post=27"}],"version-history":[{"count":0,"href":"https:\/\/congresos.unlp.edu.ar\/ebec2020\/wp-json\/wp\/v2\/pages\/27\/revisions"}],"up":[{"embeddable":true,"href":"https:\/\/congresos.unlp.edu.ar\/ebec2020\/wp-json\/wp\/v2\/pages\/12"}],"wp:attachment":[{"href":"https:\/\/congresos.unlp.edu.ar\/ebec2020\/wp-json\/wp\/v2\/media?parent=27"}],"curies":[{"name":"wp","href":"https:\/\/api.w.org\/{rel}","templated":true}]}}