{"id":11,"date":"2019-02-05T11:10:58","date_gmt":"2019-02-05T14:10:58","guid":{"rendered":"https:\/\/congresos.unlp.edu.ar\/eamgyfm\/?page_id=11"},"modified":"2022-06-08T11:26:13","modified_gmt":"2022-06-08T14:26:13","slug":"home","status":"publish","type":"page","link":"https:\/\/congresos.unlp.edu.ar\/eamgyfm\/home\/","title":{"rendered":"Acerca del evento"},"content":{"rendered":"\r\n<p>La Mec\u00e1nica Geom\u00e9trica y la F\u00edsica-Matem\u00e1tica se encuentran en creciente desarrollo dado su profundo impacto en otras \u00e1reas de investigaci\u00f3n y en el desarrollo de tecnolog\u00edas, en conexi\u00f3n con otras diversas ramas de la f\u00edsica y la ingenier\u00eda, como tambi\u00e9n por su inter\u00e9s te\u00f3rico en matem\u00e1tica.<\/p>\r\n\r\n\r\n\r\n<p>La realizaci\u00f3n del &#8220;Encuentro Argentino de Mec\u00e1nica Geom\u00e9trica y F\u00edsica-Matem\u00e1tica&#8221; tiene como objetivo promover el desarrollo de la investigaci\u00f3n en temas de Geometr\u00eda Diferencial con aplicaciones en la Mec\u00e1nica y la F\u00edsica-Matem\u00e1tica en nuestro pa\u00eds. El evento se propone estimular y fortalecer las distintas colaboraciones cient\u00edficas ya existentes, e impulsar nuevas, entre los distintos grupos de investigaci\u00f3n interdisciplinarios en los temas de la reuni\u00f3n con lugar de trabajo en las distintas regiones de la Rep\u00fablica Argentina, difundiendo los temas de estudio actuales y originando discusiones sobre posibles l\u00edneas de investigaci\u00f3n com\u00fan y colaboraciones entre los distintos equipos de trabajo.<\/p>\r\n\r\n\r\n\r\n<p>Los temas del Encuentro incluyen sistemas mec\u00e1nicos Lagrangianos y Hamiltonianos, simetr\u00edas en mec\u00e1nica, teor\u00edas de reducci\u00f3n, integraci\u00f3n geom\u00e9trica, teor\u00edas cl\u00e1sicas de campos, sistemas nohol\u00f3nomos, c\u00e1lculo variacional, mec\u00e1nica discreta, algebroides y grupoides de Lie y aplicaciones, estructuras de Dirac, entre otros.<\/p>\r\n\r\n\r\n\r\n<p>En esta oportunidad, el encuentro se llevar\u00e1 a cabo en el <strong>Centro de Posgrado Sergio Karakachoff (48 e\/6 y 7)<\/strong> de la Universidad Nacional de La Plata.<\/p>\r\n\r\n\r\n\r\n<p>Para ver informaci\u00f3n sobre la realizaci\u00f3n anterior de este evento pinch\u00e1 <a href=\"http:\/\/www.matematica.uns.edu.ar\/eamgyfm\/Default.php\">ac\u00e1<\/a>.<\/p>\r\n\r\n\r\n\r\n<h4 class=\"wp-block-heading\">Comit\u00e9 organizador<\/h4>\r\n\r\n\r\n\r\n<p>Nicol\u00e1s Borda &#8211; M. Eugenia Garc\u00eda &#8211; Leandro M. Salomone &#8211; Cora I. Tori<\/p>\r\n\r\n\r\n\r\n<h4 class=\"wp-block-heading\">Comit\u00e9 cient\u00edfico<\/h4>\r\n\r\n\r\n\r\n<p>Santiago Capriotti &#8211; Viviana D\u00edaz &#8211; Javier Fernandez &#8211; Marcela Zuccalli<\/p>\r\n\r\n\r\n\r\n<h4>Participan<\/h4>\r\n<p>Hern\u00e1n Cendra (UNS)<br \/>Jorge Solomin (UNLP)<br \/>Hugo Montani (UNPA)<br \/>Javier Fernandez (IB-UNCuyo)<br \/>Santiago Capriotti (UNS)<br \/>Paula Balseiro (UFF)<br \/>Marcela Zuccalli (CMaLP y Dpto. de Matem\u00e1tica, FCE \u2013 UNLP)<br \/>Francisco Espez\u00faa Mora (FCE &#8211; UNLP)<br \/>Agostina Pan\u00e9s (UNLP)<br \/>Alejo Prieto D\u00e1valos (UNLP)<br \/>Mayle Marques Da Conceicao (FaHCE &#8211; UNLP)<br \/>Hugo Harold Medina Chanduvi (IFLP)<br \/>Esteban Staniscia (Dpto. de Matem\u00e1tica, FCE &#8211; UNLP)<br \/>Joaquin Gabriel Prandi (UNLP)<br \/>Santiago Palumbo (UNLP)<br \/>Gaston Garcia (CMaLP &#8211; FCE &#8211; UNLP)<br \/>Sergio Santa Mar\u00eda Lin\u00e1rez (IFLP)<br \/>Gabriela Figueroa (FCAGLP &#8211; UNLP)<br \/>Lautaro Iair Salinas (FCE &#8211; UNLP)<br \/>Veronica Paola Vargas (FCE &#8211; UNLP)<br \/>Viviano Fernandez Gonzalez (CMaLP, FCE &#8211; UNLP)<br \/>Paula Esther Marchiano (FCE &#8211; UNLP)<br \/>Leandro Salomone (CMaLP y Dpto. de Matem\u00e1tica, FCE \u2013 UNLP) <br \/>Romina Andrea Ram\u00edrez (CMaLP, FCE &#8211; UNLP)<br \/>Sergio Daniel Grillo (CAB &#8211; IB)<br \/>Alejandro Cabrera (UFRJ)<br \/>Micaela Chaile (FCE &#8211; UNLP)<br \/>Marila Etchechoury (CMaLP y Dpto. de Matem\u00e1tica, FCE &#8211; UNLP)<br \/>Sebastian Vidal (Fac. Ing. &#8211; UNPSJB)<br \/>Pablo Ra\u00fal Montenegro (UNR &#8211; FCEIA)<br \/>Laura Langoni (Dpto. de Cs. B\u00e1sicas, FI &#8211; UNLP)<br \/>Claudia Ruscitti (Dpto. de Matem\u00e1tica, FCE &#8211; UNLP)<br \/>Brian Natanael Luporini (UNR)<br \/>Miguel Angel Reyes (UNSa)<br \/>Andrea Bel (UNS)<br \/>Guadalupe Quijon (UNS)<br \/>Mar\u00eda Emma Eyrea Iraz\u00fa (CMaLP, FCE &#8211; UNLP)<br \/>Mariano An\u00edbal Est\u00e9vez (FCE &#8211; UNLP)<br \/>Rom\u00e1n Baravalle (IFLP, CONICET &#8211; UNLP)<br \/>Enzo Agust\u00edn Saavedra (FCAGLP &#8211; UNLP)<br \/>Augusto Melgarejo (FI &#8211; UNLP)<br \/>Diego Bussandri (FaMAF &#8211; UNC)<br \/>Mariela Portesi (IFLP, CONICET &#8211; UNLP)<br \/>Sebasti\u00e1n Jos\u00e9 Ferraro (UNS)<br \/>Mat\u00edas Ignacio Caruso (UNLP)<br \/>Sebasti\u00e1n Alberto Franchino Vi\u00f1as (Dpto. de F\u00edsica, FCE &#8211; UNLP)<br \/>Yanet Alvarez (Dpto. de F\u00edsica, FCE &#8211; UNLP)<br \/>Lucas Manzo (Dpto. de F\u00edsica, FCE &#8211; UNLP)<br \/>Antonio Latosinski (UNPA &#8211; UAC &#8211; CONICET)<br \/>Andr\u00e9s Kowalski (IFLP, CONICET &#8211; UNLP)<br \/>Mar\u00eda Elena Mena (UNSA)<br \/>Pablo Fernando Quintana (UNSA)<br \/>Nicol\u00e1s Borda (CMaLP y Dpto. de Matem\u00e1tica, FCE &#8211; UNLP)<br \/>Martin Paliza (UNLP)<br \/>Francisco Jos\u00e9 Arrieta Zuccalli (UNLP)<br \/>Walter Reartes (Dpto. de Matem\u00e1tica &#8211; UNS)<br \/>Eduardo Garc\u00eda-Tora\u00f1o Andr\u00e9s (UNS)<br \/>Mar\u00eda Eugenia Garc\u00eda (CMaLP y Dpto. de Matem\u00e1tica, FCE &#8211; UNLP)<br \/>Mar\u00eda Fazzio (FCE &#8211; UNLP)<br \/>Cora In\u00e9s Tori (CMaLP, FI &#8211; UNLP)<br \/>Dar\u00edo Mart\u00edn Aza (UBA)<br \/>Nahuel Ezequiel Zanini (FCE &#8211; UNLP)<br \/>Viviana Alejandra D\u00edaz (UNS)<\/p>\r\n\r\n\r\n\r\n<p>&nbsp;<\/p>\r\n","protected":false},"excerpt":{"rendered":"<p>La Mec\u00e1nica Geom\u00e9trica y la F\u00edsica-Matem\u00e1tica se encuentran en creciente desarrollo dado su profundo impacto en otras \u00e1reas de investigaci\u00f3n y en el desarrollo de tecnolog\u00edas, en conexi\u00f3n con otras diversas ramas de la f\u00edsica y la ingenier\u00eda, como tambi\u00e9n por su inter\u00e9s te\u00f3rico en matem\u00e1tica. La realizaci\u00f3n del &#8220;Encuentro Argentino de Mec\u00e1nica Geom\u00e9trica y [&hellip;]<\/p>\n","protected":false},"author":2,"featured_media":0,"parent":0,"menu_order":0,"comment_status":"closed","ping_status":"closed","template":"","meta":{"advgb_blocks_editor_width":"","advgb_blocks_columns_visual_guide":"","footnotes":""},"class_list":["post-11","page","type-page","status-publish","hentry","post"],"aioseo_notices":[],"coauthors":[],"author_meta":{"author_link":"https:\/\/congresos.unlp.edu.ar\/eamgyfm\/author\/congresos\/","display_name":"congresos"},"relative_dates":{"created":"Posted 7 a\u00f1os ago","modified":"Updated 4 a\u00f1os ago"},"absolute_dates":{"created":"Posted on 5 febrero, 2019","modified":"Updated on 8 junio, 2022"},"absolute_dates_time":{"created":"Posted on 5 febrero, 2019 11:10 am","modified":"Updated on 8 junio, 2022 11:26 am"},"featured_img_caption":"","featured_img":false,"series_order":"","_links":{"self":[{"href":"https:\/\/congresos.unlp.edu.ar\/eamgyfm\/wp-json\/wp\/v2\/pages\/11","targetHints":{"allow":["GET"]}}],"collection":[{"href":"https:\/\/congresos.unlp.edu.ar\/eamgyfm\/wp-json\/wp\/v2\/pages"}],"about":[{"href":"https:\/\/congresos.unlp.edu.ar\/eamgyfm\/wp-json\/wp\/v2\/types\/page"}],"author":[{"embeddable":true,"href":"https:\/\/congresos.unlp.edu.ar\/eamgyfm\/wp-json\/wp\/v2\/users\/2"}],"replies":[{"embeddable":true,"href":"https:\/\/congresos.unlp.edu.ar\/eamgyfm\/wp-json\/wp\/v2\/comments?post=11"}],"version-history":[{"count":0,"href":"https:\/\/congresos.unlp.edu.ar\/eamgyfm\/wp-json\/wp\/v2\/pages\/11\/revisions"}],"wp:attachment":[{"href":"https:\/\/congresos.unlp.edu.ar\/eamgyfm\/wp-json\/wp\/v2\/media?parent=11"}],"curies":[{"name":"wp","href":"https:\/\/api.w.org\/{rel}","templated":true}]}}