{"id":53,"date":"2019-11-07T20:36:41","date_gmt":"2019-11-07T23:36:41","guid":{"rendered":"http:\/\/congresos.unlp.edu.ar\/diageogebra\/?page_id=53"},"modified":"2021-04-12T19:15:09","modified_gmt":"2021-04-12T22:15:09","slug":"fechas-importantes","status":"publish","type":"page","link":"https:\/\/congresos.unlp.edu.ar\/diageogebra\/fechas-importantes\/","title":{"rendered":"Fechas importantes"},"content":{"rendered":"<p><strong><img loading=\"lazy\" decoding=\"async\" class=\"alignleft size-medium wp-image-71\" src=\"https:\/\/congresos.unlp.edu.ar\/diageogebra\/wp-content\/uploads\/sites\/16\/2019\/11\/calendar-660670_1920-300x225.jpg\" alt=\"\" width=\"300\" height=\"225\" srcset=\"https:\/\/congresos.unlp.edu.ar\/diageogebra\/wp-content\/uploads\/sites\/16\/2019\/11\/calendar-660670_1920-300x225.jpg 300w, https:\/\/congresos.unlp.edu.ar\/diageogebra\/wp-content\/uploads\/sites\/16\/2019\/11\/calendar-660670_1920-768x576.jpg 768w, https:\/\/congresos.unlp.edu.ar\/diageogebra\/wp-content\/uploads\/sites\/16\/2019\/11\/calendar-660670_1920-1024x768.jpg 1024w, https:\/\/congresos.unlp.edu.ar\/diageogebra\/wp-content\/uploads\/sites\/16\/2019\/11\/calendar-660670_1920.jpg 1920w\" sizes=\"auto, (max-width: 300px) 100vw, 300px\" \/><\/strong><strong>Inscripci\u00f3n a los talleres:<\/strong> A partir del 1 de junio de 2021. Se notificar\u00e1 oportunamente, en este sitio web.<\/p>\n<p><strong>Realizaci\u00f3n del evento:<\/strong> 11 y 12 de junio de 2021<\/p>\n","protected":false},"excerpt":{"rendered":"<p>Inscripci\u00f3n a los talleres: A partir del 1 de junio de 2021. Se notificar\u00e1 oportunamente, en este sitio web. Realizaci\u00f3n del evento: 11 y 12 de junio de 2021<\/p>\n","protected":false},"author":29,"featured_media":0,"parent":0,"menu_order":0,"comment_status":"closed","ping_status":"closed","template":"","meta":{"advgb_blocks_editor_width":"","advgb_blocks_columns_visual_guide":"","footnotes":""},"class_list":["post-53","page","type-page","status-publish","hentry","post"],"aioseo_notices":[],"coauthors":[],"author_meta":{"author_link":"https:\/\/congresos.unlp.edu.ar\/diageogebra\/author\/ldelrio\/","display_name":"ldelrio"},"relative_dates":{"created":"Posted 6 a\u00f1os ago","modified":"Updated 5 a\u00f1os ago"},"absolute_dates":{"created":"Posted on 7 noviembre, 2019","modified":"Updated on 12 abril, 2021"},"absolute_dates_time":{"created":"Posted on 7 noviembre, 2019 8:36 pm","modified":"Updated on 12 abril, 2021 7:15 pm"},"featured_img_caption":"","featured_img":false,"series_order":"","_links":{"self":[{"href":"https:\/\/congresos.unlp.edu.ar\/diageogebra\/wp-json\/wp\/v2\/pages\/53","targetHints":{"allow":["GET"]}}],"collection":[{"href":"https:\/\/congresos.unlp.edu.ar\/diageogebra\/wp-json\/wp\/v2\/pages"}],"about":[{"href":"https:\/\/congresos.unlp.edu.ar\/diageogebra\/wp-json\/wp\/v2\/types\/page"}],"author":[{"embeddable":true,"href":"https:\/\/congresos.unlp.edu.ar\/diageogebra\/wp-json\/wp\/v2\/users\/29"}],"replies":[{"embeddable":true,"href":"https:\/\/congresos.unlp.edu.ar\/diageogebra\/wp-json\/wp\/v2\/comments?post=53"}],"version-history":[{"count":0,"href":"https:\/\/congresos.unlp.edu.ar\/diageogebra\/wp-json\/wp\/v2\/pages\/53\/revisions"}],"wp:attachment":[{"href":"https:\/\/congresos.unlp.edu.ar\/diageogebra\/wp-json\/wp\/v2\/media?parent=53"}],"curies":[{"name":"wp","href":"https:\/\/api.w.org\/{rel}","templated":true}]}}