{"id":43,"date":"2019-11-06T17:56:25","date_gmt":"2019-11-06T20:56:25","guid":{"rendered":"http:\/\/congresos.unlp.edu.ar\/diageogebra\/?page_id=43"},"modified":"2021-06-10T09:45:15","modified_gmt":"2021-06-10T12:45:15","slug":"auspicios","status":"publish","type":"page","link":"https:\/\/congresos.unlp.edu.ar\/diageogebra\/auspicios\/","title":{"rendered":"Auspicios"},"content":{"rendered":"<p>Universidad Nacional de La Plata<\/p>\n<p>Facultad de Ingenier\u00eda de la Universidad Nacional de La Plata, UNLP<\/p>\n<p>Facultad de Humanidades y Ciencias de la Educaci\u00f3n, UNLP<\/p>\n<p>Facultad de Ciencias Agrarias y Forestales, UNLP<\/p>\n<p>Facultad de Inform\u00e1tica, UNLP<\/p>\n<p>Colegio Nacional Rafael Hernandez<\/p>\n<p>Bachillerato de Bellas Artes &#8220;Francisco A. De Santo&#8221;<\/p>\n<p>Escuela Graduada Joaqu\u00edn V. Gonzalez &#8211; UNLP<\/p>\n<p>Direcci\u00f3n de Educaci\u00f3n a Distancia &#8211; UNLP<\/p>\n<p>Universidad Tecnol\u00f3gica Nacional, Facultad Regional La Plata<\/p>\n<p>Uni\u00f3n Matem\u00e1tica Argentina<\/p>\n<p>&nbsp;<\/p>\n<p>&nbsp;<\/p>\n","protected":false},"excerpt":{"rendered":"<p>Universidad Nacional de La Plata Facultad de Ingenier\u00eda de la Universidad Nacional de La Plata, UNLP Facultad de Humanidades y Ciencias de la Educaci\u00f3n, UNLP Facultad de Ciencias Agrarias y Forestales, UNLP Facultad de Inform\u00e1tica, UNLP Colegio Nacional Rafael Hernandez Bachillerato de Bellas Artes &#8220;Francisco A. De Santo&#8221; Escuela Graduada Joaqu\u00edn V. Gonzalez &#8211; UNLP [&hellip;]<\/p>\n","protected":false},"author":29,"featured_media":0,"parent":0,"menu_order":0,"comment_status":"closed","ping_status":"closed","template":"","meta":{"advgb_blocks_editor_width":"","advgb_blocks_columns_visual_guide":"","footnotes":""},"class_list":["post-43","page","type-page","status-publish","hentry","post"],"aioseo_notices":[],"coauthors":[],"author_meta":{"author_link":"https:\/\/congresos.unlp.edu.ar\/diageogebra\/author\/ldelrio\/","display_name":"ldelrio"},"relative_dates":{"created":"Posted 6 a\u00f1os ago","modified":"Updated 5 a\u00f1os ago"},"absolute_dates":{"created":"Posted on 6 noviembre, 2019","modified":"Updated on 10 junio, 2021"},"absolute_dates_time":{"created":"Posted on 6 noviembre, 2019 5:56 pm","modified":"Updated on 10 junio, 2021 9:45 am"},"featured_img_caption":"","featured_img":false,"series_order":"","_links":{"self":[{"href":"https:\/\/congresos.unlp.edu.ar\/diageogebra\/wp-json\/wp\/v2\/pages\/43","targetHints":{"allow":["GET"]}}],"collection":[{"href":"https:\/\/congresos.unlp.edu.ar\/diageogebra\/wp-json\/wp\/v2\/pages"}],"about":[{"href":"https:\/\/congresos.unlp.edu.ar\/diageogebra\/wp-json\/wp\/v2\/types\/page"}],"author":[{"embeddable":true,"href":"https:\/\/congresos.unlp.edu.ar\/diageogebra\/wp-json\/wp\/v2\/users\/29"}],"replies":[{"embeddable":true,"href":"https:\/\/congresos.unlp.edu.ar\/diageogebra\/wp-json\/wp\/v2\/comments?post=43"}],"version-history":[{"count":0,"href":"https:\/\/congresos.unlp.edu.ar\/diageogebra\/wp-json\/wp\/v2\/pages\/43\/revisions"}],"wp:attachment":[{"href":"https:\/\/congresos.unlp.edu.ar\/diageogebra\/wp-json\/wp\/v2\/media?parent=43"}],"curies":[{"name":"wp","href":"https:\/\/api.w.org\/{rel}","templated":true}]}}