{"id":403,"date":"2021-06-05T10:33:21","date_gmt":"2021-06-05T13:33:21","guid":{"rendered":"https:\/\/congresos.unlp.edu.ar\/diageogebra\/?page_id=403"},"modified":"2021-06-05T20:51:28","modified_gmt":"2021-06-05T23:51:28","slug":"cronograma","status":"publish","type":"page","link":"https:\/\/congresos.unlp.edu.ar\/diageogebra\/cronograma\/","title":{"rendered":"Cronograma"},"content":{"rendered":"<p><em><strong>Todos los horarios corresponden a Buenos Aires (UTC -3)<\/strong><\/em><\/p>\n<h2><span style=\"color: #cc99ff\">Viernes 11 de junio<\/span><\/h2>\n<p>9hs. Apertura del evento.<\/p>\n<p>9:15 hs. Conferencia a cargo de\u00a0Julia Wolfinger y Markus Hohenwarter: \u201cGeoGebra the Present and the Future\u201d<\/p>\n<p><em>V\u00ednculo de acceso: <\/em><a href=\"https:\/\/youtu.be\/NhaFna3cYbc\"><em>https:\/\/youtu.be\/NhaFna3cYbc<\/em><\/a><em> \u00a0<\/em><\/p>\n<p>10:30 hs. Conferencia a cargo de Agust\u00edn Carrillo de Albornoz: \u201cCon GeoGebra \u00bfRealmente hemos cambiado?\u201d<\/p>\n<p><em>V\u00ednculo de acceso: <\/em><a href=\"https:\/\/youtu.be\/NhaFna3cYbc\"><em>https:\/\/youtu.be\/NhaFna3cYbc<\/em><\/a><em> \u00a0\u00a0\u00a0\u00a0\u00a0\u00a0\u00a0\u00a0\u00a0\u00a0\u00a0<\/em><\/p>\n<p><strong>RECESO<\/strong><\/p>\n<p>13 a 14:30 hs. Talleres simult\u00e1neos. Los inscriptos recibir\u00e1n el enlace de Zoom por correo electr\u00f3nico el d\u00eda anterior.<\/p>\n<p><strong>RECESO<\/strong><\/p>\n<p>15:30 hs. Conferencia a cargo de Fabi\u00e1n Vitabar: \u201cJuegos, ludificaci\u00f3n y otros divertimentos con GeoGebra\u201d<\/p>\n<p><em>V\u00ednculo de acceso: <\/em><a href=\"https:\/\/youtu.be\/pMXwMMFaZhA\"><em>https:\/\/youtu.be\/pMXwMMFaZhA<\/em><\/a><\/p>\n<p>16:30 hs. Conferencia a cargo de Celina Abar: \u201cA abordagem documental do did\u00e1tico em um contexto remoto com o uso do GeoGebra\u201d<\/p>\n<p><em>\u00a0\u00a0\u00a0 V\u00ednculo de acceso: <\/em><a href=\"https:\/\/youtu.be\/pMXwMMFaZhA\"><em>https:\/\/youtu.be\/pMXwMMFaZhA<\/em><\/a><\/p>\n<h2><span style=\"color: #cc99ff\">S\u00e1bado 12 de junio<\/span><\/h2>\n<p>9 hs. Conferencia a cargo de Cecilia Russo: \u201cNos acercamos a la programaci\u00f3n con GeoGebra\u201d<\/p>\n<p><em>V\u00ednculo de acceso: <\/em><a href=\"https:\/\/youtu.be\/zr8XzOrewvI\"><em>https:\/\/youtu.be\/zr8XzOrewvI<\/em><\/a><\/p>\n<p>10:30 a 12 hs. Talleres simult\u00e1neos. Los inscriptos recibir\u00e1n el enlace de Zoom por correo electr\u00f3nico el d\u00eda anterior.<\/p>\n<p><strong>RECESO<\/strong><\/p>\n<p>13 hs. Conferencia a cargo de Karina Rizzo: \u201cFotogebra: Creatividadd y modelizaci\u00f3n en educaci\u00f3n matem\u00e1tica.\u201d<\/p>\n<p><em>V\u00ednculo de acceso: <a href=\"https:\/\/youtu.be\/rPqYTJKxqls\">https:\/\/youtu.be\/rPqYTJKxqls<\/a><\/em><\/p>\n<p><strong>Cierre del evento.<\/strong><\/p>\n","protected":false},"excerpt":{"rendered":"<p>Todos los horarios corresponden a Buenos Aires (UTC -3) Viernes 11 de junio 9hs. Apertura del evento. 9:15 hs. Conferencia a cargo de\u00a0Julia Wolfinger y Markus Hohenwarter: \u201cGeoGebra the Present and the Future\u201d V\u00ednculo de acceso: https:\/\/youtu.be\/NhaFna3cYbc \u00a0 10:30 hs. Conferencia a cargo de Agust\u00edn Carrillo de Albornoz: \u201cCon GeoGebra \u00bfRealmente hemos cambiado?\u201d V\u00ednculo de [&hellip;]<\/p>\n","protected":false},"author":29,"featured_media":0,"parent":0,"menu_order":0,"comment_status":"closed","ping_status":"closed","template":"","meta":{"advgb_blocks_editor_width":"","advgb_blocks_columns_visual_guide":"","footnotes":""},"class_list":["post-403","page","type-page","status-publish","hentry","post"],"aioseo_notices":[],"coauthors":[],"author_meta":{"author_link":"https:\/\/congresos.unlp.edu.ar\/diageogebra\/author\/ldelrio\/","display_name":"ldelrio"},"relative_dates":{"created":"Posted 5 a\u00f1os ago","modified":"Updated 5 a\u00f1os ago"},"absolute_dates":{"created":"Posted on 5 junio, 2021","modified":"Updated on 5 junio, 2021"},"absolute_dates_time":{"created":"Posted on 5 junio, 2021 10:33 am","modified":"Updated on 5 junio, 2021 8:51 pm"},"featured_img_caption":"","featured_img":false,"series_order":"","_links":{"self":[{"href":"https:\/\/congresos.unlp.edu.ar\/diageogebra\/wp-json\/wp\/v2\/pages\/403","targetHints":{"allow":["GET"]}}],"collection":[{"href":"https:\/\/congresos.unlp.edu.ar\/diageogebra\/wp-json\/wp\/v2\/pages"}],"about":[{"href":"https:\/\/congresos.unlp.edu.ar\/diageogebra\/wp-json\/wp\/v2\/types\/page"}],"author":[{"embeddable":true,"href":"https:\/\/congresos.unlp.edu.ar\/diageogebra\/wp-json\/wp\/v2\/users\/29"}],"replies":[{"embeddable":true,"href":"https:\/\/congresos.unlp.edu.ar\/diageogebra\/wp-json\/wp\/v2\/comments?post=403"}],"version-history":[{"count":0,"href":"https:\/\/congresos.unlp.edu.ar\/diageogebra\/wp-json\/wp\/v2\/pages\/403\/revisions"}],"wp:attachment":[{"href":"https:\/\/congresos.unlp.edu.ar\/diageogebra\/wp-json\/wp\/v2\/media?parent=403"}],"curies":[{"name":"wp","href":"https:\/\/api.w.org\/{rel}","templated":true}]}}