{"id":4,"date":"2019-10-29T14:50:55","date_gmt":"2019-10-29T17:50:55","guid":{"rendered":"http:\/\/congresos.unlp.edu.ar\/diageogebra\/?page_id=4"},"modified":"2021-04-12T19:11:08","modified_gmt":"2021-04-12T22:11:08","slug":"inicio","status":"publish","type":"page","link":"https:\/\/congresos.unlp.edu.ar\/diageogebra\/","title":{"rendered":"Inicio"},"content":{"rendered":"<h3><strong>Bienvenidos\/as al sitio web del IX D\u00eda GeoGebra Iberoamericano y IV D\u00eda GeoGebra Argentina <img loading=\"lazy\" decoding=\"async\" class=\"alignnone size-thumbnail wp-image-33\" src=\"https:\/\/congresos.unlp.edu.ar\/diageogebra\/wp-content\/uploads\/sites\/16\/2019\/11\/logo-geogebra-150x150.png\" alt=\"\" width=\"20\" height=\"20\" srcset=\"https:\/\/congresos.unlp.edu.ar\/diageogebra\/wp-content\/uploads\/sites\/16\/2019\/11\/logo-geogebra-150x150.png 150w, https:\/\/congresos.unlp.edu.ar\/diageogebra\/wp-content\/uploads\/sites\/16\/2019\/11\/logo-geogebra-300x300.png 300w, https:\/\/congresos.unlp.edu.ar\/diageogebra\/wp-content\/uploads\/sites\/16\/2019\/11\/logo-geogebra.png 303w\" sizes=\"auto, (max-width: 20px) 100vw, 20px\" \/><img loading=\"lazy\" decoding=\"async\" class=\"alignnone size-thumbnail wp-image-34\" src=\"https:\/\/congresos.unlp.edu.ar\/diageogebra\/wp-content\/uploads\/sites\/16\/2019\/11\/flag-2292664_960_720-150x150.png\" alt=\"\" width=\"20\" height=\"20\" \/><\/strong><\/h3>\n<p>Nos complace anunciar que el evento se llevar\u00e1 a cabo de manera virtual los d\u00edas 11 y 12 de junio de 2021. En\u00a0 este sitio se ir\u00e1n publicando todas las novedades con respecto a la organizaci\u00f3n, inscripci\u00f3n y formas de participaci\u00f3n.<\/p>\n<p>\u00a1Los esperamos!<\/p>\n<p>&nbsp;<\/p>\n<p>&nbsp;<\/p>\n<p><u>Organizan<\/u>:<\/p>\n<p><img loading=\"lazy\" decoding=\"async\" class=\"alignnone wp-image-90 size-full\" src=\"https:\/\/congresos.unlp.edu.ar\/diageogebra\/wp-content\/uploads\/sites\/16\/2019\/11\/logo_IGEOLP_150p.jpg\" alt=\"\" width=\"150\" height=\"141\" \/><\/p>\n<p>Instituto GeoGebra de La Plata<\/p>\n<p><img loading=\"lazy\" decoding=\"async\" class=\"alignleft wp-image-137 size-medium\" src=\"https:\/\/congresos.unlp.edu.ar\/diageogebra\/wp-content\/uploads\/sites\/16\/2019\/12\/logo-color-300x105.jpg\" alt=\"\" width=\"300\" height=\"105\" srcset=\"https:\/\/congresos.unlp.edu.ar\/diageogebra\/wp-content\/uploads\/sites\/16\/2019\/12\/logo-color-300x105.jpg 300w, https:\/\/congresos.unlp.edu.ar\/diageogebra\/wp-content\/uploads\/sites\/16\/2019\/12\/logo-color-1024x360.jpg 1024w, https:\/\/congresos.unlp.edu.ar\/diageogebra\/wp-content\/uploads\/sites\/16\/2019\/12\/logo-color-768x270.jpg 768w, https:\/\/congresos.unlp.edu.ar\/diageogebra\/wp-content\/uploads\/sites\/16\/2019\/12\/logo-color-1536x540.jpg 1536w, https:\/\/congresos.unlp.edu.ar\/diageogebra\/wp-content\/uploads\/sites\/16\/2019\/12\/logo-color-2048x720.jpg 2048w, https:\/\/congresos.unlp.edu.ar\/diageogebra\/wp-content\/uploads\/sites\/16\/2019\/12\/logo-color-1080x380.jpg 1080w\" sizes=\"auto, (max-width: 300px) 100vw, 300px\" \/><\/p>\n<p>&nbsp;<\/p>\n<p>&nbsp;<\/p>\n<p>&nbsp;<\/p>\n<p>&nbsp;<\/p>\n<p>UIDET IMApEC<\/p>\n<p><img loading=\"lazy\" decoding=\"async\" class=\"alignnone size-full wp-image-40\" src=\"https:\/\/congresos.unlp.edu.ar\/diageogebra\/wp-content\/uploads\/sites\/16\/2019\/11\/cienciasbasicas_logo-1.png\" alt=\"\" width=\"129\" height=\"69\" \/> <img loading=\"lazy\" decoding=\"async\" class=\"alignnone size-thumbnail wp-image-41\" src=\"https:\/\/congresos.unlp.edu.ar\/diageogebra\/wp-content\/uploads\/sites\/16\/2019\/11\/Logo-Fac-ING-UNLP-150x150.jpg\" alt=\"\" width=\"69\" height=\"69\" srcset=\"https:\/\/congresos.unlp.edu.ar\/diageogebra\/wp-content\/uploads\/sites\/16\/2019\/11\/Logo-Fac-ING-UNLP-150x150.jpg 150w, https:\/\/congresos.unlp.edu.ar\/diageogebra\/wp-content\/uploads\/sites\/16\/2019\/11\/Logo-Fac-ING-UNLP.jpg 225w\" sizes=\"auto, (max-width: 69px) 100vw, 69px\" \/><\/p>\n<p>Departamento de Ciencias B\u00e1sicas, Facultad de Ingenier\u00eda, Universidad Nacional de La Plata<\/p>\n<p><u><strong>Auspicia:<\/strong><\/u><\/p>\n<p><img loading=\"lazy\" decoding=\"async\" class=\"alignleft size-full wp-image-105\" src=\"https:\/\/congresos.unlp.edu.ar\/diageogebra\/wp-content\/uploads\/sites\/16\/2019\/12\/fisem.png\" alt=\"\" width=\"199\" height=\"173\" \/><\/p>\n","protected":false},"excerpt":{"rendered":"<p>Bienvenidos\/as al sitio web del IX D\u00eda GeoGebra Iberoamericano y IV D\u00eda GeoGebra Argentina Nos complace anunciar que el evento se llevar\u00e1 a cabo de manera virtual los d\u00edas 11 y 12 de junio de 2021. En\u00a0 este sitio se ir\u00e1n publicando todas las novedades con respecto a la organizaci\u00f3n, inscripci\u00f3n y formas de participaci\u00f3n. [&hellip;]<\/p>\n","protected":false},"author":2,"featured_media":0,"parent":0,"menu_order":0,"comment_status":"closed","ping_status":"closed","template":"","meta":{"advgb_blocks_editor_width":"","advgb_blocks_columns_visual_guide":"","footnotes":""},"class_list":["post-4","page","type-page","status-publish","hentry","post"],"aioseo_notices":[],"coauthors":[],"author_meta":{"author_link":"https:\/\/congresos.unlp.edu.ar\/diageogebra\/author\/congresos\/","display_name":"congresos"},"relative_dates":{"created":"Posted 7 a\u00f1os ago","modified":"Updated 5 a\u00f1os ago"},"absolute_dates":{"created":"Posted on 29 octubre, 2019","modified":"Updated on 12 abril, 2021"},"absolute_dates_time":{"created":"Posted on 29 octubre, 2019 2:50 pm","modified":"Updated on 12 abril, 2021 7:11 pm"},"featured_img_caption":"","featured_img":false,"series_order":"","_links":{"self":[{"href":"https:\/\/congresos.unlp.edu.ar\/diageogebra\/wp-json\/wp\/v2\/pages\/4","targetHints":{"allow":["GET"]}}],"collection":[{"href":"https:\/\/congresos.unlp.edu.ar\/diageogebra\/wp-json\/wp\/v2\/pages"}],"about":[{"href":"https:\/\/congresos.unlp.edu.ar\/diageogebra\/wp-json\/wp\/v2\/types\/page"}],"author":[{"embeddable":true,"href":"https:\/\/congresos.unlp.edu.ar\/diageogebra\/wp-json\/wp\/v2\/users\/2"}],"replies":[{"embeddable":true,"href":"https:\/\/congresos.unlp.edu.ar\/diageogebra\/wp-json\/wp\/v2\/comments?post=4"}],"version-history":[{"count":0,"href":"https:\/\/congresos.unlp.edu.ar\/diageogebra\/wp-json\/wp\/v2\/pages\/4\/revisions"}],"wp:attachment":[{"href":"https:\/\/congresos.unlp.edu.ar\/diageogebra\/wp-json\/wp\/v2\/media?parent=4"}],"curies":[{"name":"wp","href":"https:\/\/api.w.org\/{rel}","templated":true}]}}