{"id":148,"date":"2022-04-13T14:51:11","date_gmt":"2022-04-13T17:51:11","guid":{"rendered":"https:\/\/congresos.unlp.edu.ar\/decisioning\/?page_id=148"},"modified":"2022-06-23T11:04:02","modified_gmt":"2022-06-23T14:04:02","slug":"accepted-papers","status":"publish","type":"page","link":"https:\/\/congresos.unlp.edu.ar\/decisioning\/accepted-papers\/","title":{"rendered":"Accepted papers"},"content":{"rendered":"<table dir=\"ltr\" style=\"height: 589px\" border=\"0\" width=\"1344\" cellspacing=\"0\" cellpadding=\"0\">\n<colgroup>\n<col width=\"100\" \/>\n<col width=\"354\" \/>\n<col width=\"343\" \/><\/colgroup>\n<tbody>\n<tr style=\"height: 31px\">\n<td align=\"center\" valign=\"middle\" bgcolor=\"#BDD7EE\">Article ID<\/td>\n<td align=\"center\" valign=\"middle\" bgcolor=\"#BDD7EE\">Name<\/td>\n<td align=\"center\" valign=\"middle\" bgcolor=\"#BDD7EE\">Authors<\/td>\n<\/tr>\n<tr style=\"height: 31px\">\n<td style=\"height: 31px;width: 166.383px\" data-sheets-value=\"{&quot;1&quot;:3,&quot;3&quot;:1}\">1<\/td>\n<td style=\"height: 31px;width: 594.067px\" data-sheets-value=\"{&quot;1&quot;:2,&quot;2&quot;:&quot;Defining the language of the software application using the vocabulary of the domain&quot;}\">Defining the language of the software application using the vocabulary of the domain<\/td>\n<td style=\"height: 31px;width: 575.55px\" data-sheets-value=\"{&quot;1&quot;:2,&quot;2&quot;:&quot;Leandro Antonelli, Julio Cesar Leite, Alejandro Oliveros and Gustavo Rossi&quot;}\">Leandro Antonelli, Julio Cesar Leite, Alejandro Oliveros and Gustavo Rossi<\/td>\n<\/tr>\n<tr style=\"height: 31px\">\n<td style=\"height: 31px;width: 166.383px\" data-sheets-value=\"{&quot;1&quot;:3,&quot;3&quot;:2}\">2<\/td>\n<td style=\"height: 31px;width: 594.067px\" data-sheets-value=\"{&quot;1&quot;:2,&quot;2&quot;:&quot;Students\u2019 accommodation allocation: A Multicriteria Decision Support System&quot;}\">Students\u2019 accommodation allocation: A Multicriteria Decision Support System<\/td>\n<td style=\"height: 31px;width: 575.55px\" data-sheets-value=\"{&quot;1&quot;:2,&quot;2&quot;:&quot;Rolin Gabriel Rasoanaivo and Pascale Zarat\u00e9&quot;}\">Rolin Gabriel Rasoanaivo and Pascale Zarat\u00e9<\/td>\n<\/tr>\n<tr style=\"height: 31px\">\n<td style=\"height: 31px;width: 166.383px\" data-sheets-value=\"{&quot;1&quot;:3,&quot;3&quot;:4}\">4<\/td>\n<td style=\"height: 31px;width: 594.067px\" data-sheets-value=\"{&quot;1&quot;:2,&quot;2&quot;:&quot;Generic software for benchmarking Formal Concept Analysis: Orange3 integration&quot;}\">Generic software for benchmarking Formal Concept Analysis: Orange3 integration<\/td>\n<td style=\"height: 31px;width: 575.55px\" data-sheets-value=\"{&quot;1&quot;:2,&quot;2&quot;:&quot;Nicolas Leutwyler, Mario Lezoche, Diego Torres and Herv\u00e9 Panetto.&quot;}\">Nicolas Leutwyler, Mario Lezoche, Diego Torres and Herv\u00e9 Panetto.<\/td>\n<\/tr>\n<tr style=\"height: 62px\">\n<td style=\"height: 62px;width: 166.383px\" data-sheets-value=\"{&quot;1&quot;:3,&quot;3&quot;:8}\">8<\/td>\n<td style=\"height: 62px;width: 594.067px\" data-sheets-value=\"{&quot;1&quot;:2,&quot;2&quot;:&quot;Hacia la construcci\u00f3n de un proceso de trabajo colaborativo para la elicitaci\u00f3n de requisitos basado en entendimiento compartido&quot;}\">Hacia la construcci\u00f3n de un proceso de trabajo colaborativo para la elicitaci\u00f3n de requisitos basado en entendimiento compartido<\/td>\n<td style=\"height: 62px;width: 575.55px\" data-sheets-value=\"{&quot;1&quot;:2,&quot;2&quot;:&quot;Valentina Vergara-Realpe, Jes\u00fas David Perea, Vanessa Agredo-Delgado, Pablo H. Ruiz and Cesar A. Collazos (Short paper)&quot;}\">Valentina Vergara-Realpe, Jes\u00fas David Perea, Vanessa Agredo-Delgado, Pablo H. Ruiz and Cesar A. Collazos (Short paper)<\/td>\n<\/tr>\n<tr style=\"height: 31px\">\n<td style=\"height: 31px;width: 166.383px\" data-sheets-value=\"{&quot;1&quot;:3,&quot;3&quot;:9}\">9<\/td>\n<td style=\"height: 31px;width: 594.067px\" data-sheets-value=\"{&quot;1&quot;:2,&quot;2&quot;:&quot;A strategy for building shared understanding in requirements engineering activities&quot;}\">A strategy for building shared understanding in requirements engineering activities<\/td>\n<td style=\"height: 31px;width: 575.55px\" data-sheets-value=\"{&quot;1&quot;:2,&quot;2&quot;:&quot;Vanessa Agredo-Delgado, Pablo H. Ruiz, Luis E. Garzon and Cesar A. Collazos&quot;}\">Vanessa Agredo-Delgado, Pablo H. Ruiz, Luis E. Garzon and Cesar A. Collazos<\/td>\n<\/tr>\n<tr style=\"height: 31px\">\n<td style=\"height: 31px;width: 166.383px\" data-sheets-value=\"{&quot;1&quot;:3,&quot;3&quot;:10}\">10<\/td>\n<td style=\"height: 31px;width: 594.067px\" data-sheets-value=\"{&quot;1&quot;:2,&quot;2&quot;:&quot;Critical Success Factors and Process Performance Measures BPM to Efficient Decision Making&quot;}\">Critical Success Factors and Process Performance Measures BPM to Efficient Decision Making<\/td>\n<td style=\"height: 31px;width: 575.55px\" data-sheets-value=\"{&quot;1&quot;:2,&quot;2&quot;:&quot;Angel Fabian Castillo (Short paper)&quot;}\">Angel Fabian Castillo (Short paper)<\/td>\n<\/tr>\n<tr style=\"height: 62px\">\n<td style=\"height: 62px;width: 166.383px\" data-sheets-value=\"{&quot;1&quot;:3,&quot;3&quot;:15}\">15<\/td>\n<td style=\"height: 62px;width: 594.067px\" data-sheets-value=\"{&quot;1&quot;:2,&quot;2&quot;:&quot;Ontologies and Rules for Access Control : a Feature Oriented Survey&quot;}\">Ontologies and Rules for Access Control : a Feature Oriented Survey<\/td>\n<td style=\"height: 62px;width: 575.55px\" data-sheets-value=\"{&quot;1&quot;:2,&quot;2&quot;:&quot;Pierre Yves Gicquel, J\u00e9r\u00e9my Bouche-Pillon, Pascale Zarat\u00e9, Nathalie Aussenac and Yannick Chevalier&quot;}\">Pierre Yves Gicquel, J\u00e9r\u00e9my Bouche-Pillon, Pascale Zarat\u00e9, Nathalie Aussenac and Yannick Chevalier<\/td>\n<\/tr>\n<tr style=\"height: 62px\">\n<td style=\"height: 62px;width: 166.383px\" data-sheets-value=\"{&quot;1&quot;:3,&quot;3&quot;:16}\">16<\/td>\n<td style=\"height: 62px;width: 594.067px\" data-sheets-value=\"{&quot;1&quot;:2,&quot;2&quot;:&quot;Dynamic Spatial Task Generation for Collaborative Location-based Collecting Systems Coverage Objectives&quot;}\">Dynamic Spatial Task Generation for Collaborative Location-based Collecting Systems Coverage Objectives<\/td>\n<td style=\"height: 62px;width: 575.55px\" data-sheets-value=\"{&quot;1&quot;:2,&quot;2&quot;:&quot;Mar\u00eda Dalponte Ayastuy, Diego Torres and Bruno Lattanzio.&quot;}\">Mar\u00eda Dalponte Ayastuy, Diego Torres and Bruno Lattanzio.<\/td>\n<\/tr>\n<tr style=\"height: 62px\">\n<td style=\"height: 62px;width: 166.383px\" data-sheets-value=\"{&quot;1&quot;:3,&quot;3&quot;:17}\">17<\/td>\n<td style=\"height: 62px;width: 594.067px\" data-sheets-value=\"{&quot;1&quot;:2,&quot;2&quot;:&quot;Transformations on Knowledge Representation between OWL and RDF Knowledge Graphs: a Study Case&quot;}\">Transformations on Knowledge Representation between OWL and RDF Knowledge Graphs: a Study Case<\/td>\n<td style=\"height: 62px;width: 575.55px\" data-sheets-value=\"{&quot;1&quot;:2,&quot;2&quot;:&quot;Mariano Juli\u00e1n Ferreirone, Mario Lezoche, Diego Torres and Herv\u00e9 Panetto&quot;}\">Mariano Juli\u00e1n Ferreirone, Mario Lezoche, Diego Torres and Herv\u00e9 Panetto<\/td>\n<\/tr>\n<tr style=\"height: 31px\">\n<td style=\"height: 31px;width: 166.383px\" data-sheets-value=\"{&quot;1&quot;:3,&quot;3&quot;:23}\">23<\/td>\n<td style=\"height: 31px;width: 594.067px\" data-sheets-value=\"{&quot;1&quot;:2,&quot;2&quot;:&quot;Coastline generator: A tool for generating topographic tessellations around polygons and lines&quot;}\">Coastline generator: A tool for generating topographic tessellations around polygons and lines<\/td>\n<td style=\"height: 31px;width: 575.55px\" data-sheets-value=\"{&quot;1&quot;:2,&quot;2&quot;:&quot;Bruno Lattanzio, Maria Dalponte Ayastuy and Diego Torres.&quot;}\">Bruno Lattanzio, Maria Dalponte Ayastuy and Diego Torres.<\/td>\n<\/tr>\n<tr style=\"height: 62px\">\n<td style=\"height: 62px;width: 166.383px\" data-sheets-value=\"{&quot;1&quot;:3,&quot;3&quot;:27}\">27<\/td>\n<td style=\"height: 62px;width: 594.067px\" data-sheets-value=\"{&quot;1&quot;:2,&quot;2&quot;:&quot;PROPOSAL OF A SYSTEM BASED ON DIRECT AND INDIRECT TECHNIQUES AND THEIR CORRELATION BY CHLOROPHYLL QUANTIFICATION&quot;}\">PROPOSAL OF A SYSTEM BASED ON DIRECT AND INDIRECT TECHNIQUES AND THEIR CORRELATION BY CHLOROPHYLL QUANTIFICATION<\/td>\n<td style=\"height: 62px;width: 575.55px\" data-sheets-value=\"{&quot;1&quot;:2,&quot;2&quot;:&quot;Jhon \u00c1lvaro Mu\u00f1oz Reyes, Kevin Sthiff Vivas Fern\u00e1ndez, Saul Eduardo Ruiz Sarzosa, Andr\u00e9s Felipe Solis Pino and Amalfy Anacona Chicangana. (Short paper)&quot;}\">Jhon \u00c1lvaro Mu\u00f1oz Reyes, Kevin Sthiff Vivas Fern\u00e1ndez, Saul Eduardo Ruiz Sarzosa, Andr\u00e9s Felipe Solis Pino and Amalfy Anacona Chicangana. (Short paper)<\/td>\n<\/tr>\n<tr style=\"height: 62px\">\n<td style=\"height: 62px;width: 166.383px\" data-sheets-value=\"{&quot;1&quot;:3,&quot;3&quot;:29}\">29<\/td>\n<td style=\"height: 62px;width: 594.067px\" data-sheets-value=\"{&quot;1&quot;:2,&quot;2&quot;:&quot;FoodCraft: Design of a precision agriculture system with IoT in indigenous communities in rural areas with difficult Internet access in the department of Cauca-Colombia&quot;}\">FoodCraft: Design of a precision agriculture system with IoT in indigenous communities in rural areas with difficult Internet access in the department of Cauca-Colombia<\/td>\n<td style=\"height: 62px;width: 575.55px\" data-sheets-value=\"{&quot;1&quot;:2,&quot;2&quot;:&quot;Juan Sebastian Orozco Monje, Jose Javier Arce Santacruz and Gineth Magaly Cer\u00f3n Rios&quot;}\">Juan Sebastian Orozco Monje, Jose Javier Arce Santacruz and Gineth Magaly Cer\u00f3n Rios<\/td>\n<\/tr>\n<\/tbody>\n<\/table>\n","protected":false},"excerpt":{"rendered":"<p>Article ID Name Authors 1 Defining the language of the software application using the vocabulary of the domain Leandro Antonelli, Julio Cesar Leite, Alejandro Oliveros and Gustavo Rossi 2 Students\u2019 accommodation allocation: A Multicriteria Decision Support System Rolin Gabriel Rasoanaivo and Pascale Zarat\u00e9 4 Generic software for benchmarking Formal Concept Analysis: Orange3 integration Nicolas Leutwyler, [&hellip;]<\/p>\n","protected":false},"author":133,"featured_media":0,"parent":0,"menu_order":0,"comment_status":"closed","ping_status":"closed","template":"templates\/template-full-notitle.php","meta":{"advgb_blocks_editor_width":"","advgb_blocks_columns_visual_guide":"","footnotes":""},"class_list":["post-148","page","type-page","status-publish","hentry","post"],"aioseo_notices":[],"coauthors":[],"author_meta":{"author_link":"https:\/\/congresos.unlp.edu.ar\/decisioning\/author\/mdalponte\/","display_name":"Mar\u00eda Dalponte Ayastuy"},"relative_dates":{"created":"Posted 4 years ago","modified":"Updated 4 years ago"},"absolute_dates":{"created":"Posted on 13 April, 2022","modified":"Updated on 23 June, 2022"},"absolute_dates_time":{"created":"Posted on 13 April, 2022 2:51 pm","modified":"Updated on 23 June, 2022 11:04 am"},"featured_img_caption":"","featured_img":false,"series_order":"","_links":{"self":[{"href":"https:\/\/congresos.unlp.edu.ar\/decisioning\/wp-json\/wp\/v2\/pages\/148","targetHints":{"allow":["GET"]}}],"collection":[{"href":"https:\/\/congresos.unlp.edu.ar\/decisioning\/wp-json\/wp\/v2\/pages"}],"about":[{"href":"https:\/\/congresos.unlp.edu.ar\/decisioning\/wp-json\/wp\/v2\/types\/page"}],"author":[{"embeddable":true,"href":"https:\/\/congresos.unlp.edu.ar\/decisioning\/wp-json\/wp\/v2\/users\/133"}],"replies":[{"embeddable":true,"href":"https:\/\/congresos.unlp.edu.ar\/decisioning\/wp-json\/wp\/v2\/comments?post=148"}],"version-history":[{"count":0,"href":"https:\/\/congresos.unlp.edu.ar\/decisioning\/wp-json\/wp\/v2\/pages\/148\/revisions"}],"wp:attachment":[{"href":"https:\/\/congresos.unlp.edu.ar\/decisioning\/wp-json\/wp\/v2\/media?parent=148"}],"curies":[{"name":"wp","href":"https:\/\/api.w.org\/{rel}","templated":true}]}}