{"id":135,"date":"2022-04-13T14:31:37","date_gmt":"2022-04-13T17:31:37","guid":{"rendered":"https:\/\/congresos.unlp.edu.ar\/decisioning\/?page_id=135"},"modified":"2022-06-30T13:42:00","modified_gmt":"2022-06-30T16:42:00","slug":"schedule","status":"publish","type":"page","link":"https:\/\/congresos.unlp.edu.ar\/decisioning\/schedule\/","title":{"rendered":"Schedule"},"content":{"rendered":"<ul>\n<li><a href=\"#thursday\">Thursday &#8211; Doctoral Symposium<\/a><\/li>\n<li><a href=\"#friday\">Friday &#8211; Papers&#8217; presentations<\/a><\/li>\n<\/ul>\n<p>&nbsp;<\/p>\n<section id=\"thursday\">\n<h2>Thursday, June 30, 2022 &#8211; Doctoral Symposium<\/h2>\n<\/section>\n<p><strong><span style=\"background-color: #ff9900\">Times indicated are Argentinean Time (GMT-3)<\/span> <\/strong><\/p>\n<p>&nbsp;<\/p>\n<p>The doctoral symposium will be held on Thursday, June 30, 2022 in two sessions.<\/p>\n<p><span class=\"gmail-VIiyi\" lang=\"en\"><span class=\"gmail-JLqJ4b gmail-ChMk0b\"><span class=\"gmail-Q4iAWc\">Each Session (1and 2)<\/span><\/span><\/span> as follows:<\/p>\n<ul>\n<li>14:00 to 15:30 Presentations<\/li>\n<li>15:30 to 16:00 Break<\/li>\n<li>16:00 to 17:30\/18:00 Presentations<\/li>\n<\/ul>\n<p><span class=\"gmail-VIiyi\" lang=\"en\"><span class=\"gmail-JLqJ4b gmail-ChMk0b\"><span class=\"gmail-Q4iAWc\">Both sessions run in parallel. <\/span><\/span><\/span>Each PhD student will have 20 minutes of presentation and 10 minutes of questions\/feedback. The order of the presentations is as follows<\/p>\n<table border=\"0\" cellspacing=\"0\">\n<colgroup width=\"102\"><\/colgroup>\n<colgroup width=\"378\"><\/colgroup>\n<colgroup width=\"267\"><\/colgroup>\n<colgroup width=\"102\"><\/colgroup>\n<tbody>\n<tr>\n<td align=\"left\" valign=\"bottom\" bgcolor=\"#FFFFFF\" height=\"19\"><strong><span style=\"color: #203864\">Session 1<\/span><\/strong><\/td>\n<td align=\"left\" valign=\"bottom\" bgcolor=\"#FFFFFF\"><strong><span style=\"color: #203864\">(Aula 2 de posgrado)<\/span><\/strong><\/td>\n<td align=\"left\" valign=\"bottom\" bgcolor=\"#FFFFFF\"><\/td>\n<td align=\"left\" valign=\"bottom\" bgcolor=\"#FFFFFF\"><\/td>\n<\/tr>\n<tr>\n<td align=\"left\" valign=\"bottom\" bgcolor=\"#FFFFFF\" height=\"19\"><\/td>\n<td align=\"left\" valign=\"bottom\" bgcolor=\"#FFFFFF\"><\/td>\n<td align=\"left\" valign=\"bottom\" bgcolor=\"#FFFFFF\"><\/td>\n<td align=\"left\" valign=\"bottom\" bgcolor=\"#FFFFFF\"><\/td>\n<\/tr>\n<tr>\n<td align=\"center\" valign=\"middle\" bgcolor=\"#BDD7EE\" height=\"39\"><strong><span style=\"color: #203864\">Article ID<\/span><\/strong><\/td>\n<td align=\"center\" valign=\"middle\" bgcolor=\"#BDD7EE\"><strong><span style=\"color: #203864\">Name<\/span><\/strong><\/td>\n<td align=\"center\" valign=\"middle\" bgcolor=\"#BDD7EE\"><strong><span style=\"color: #203864\">Authors<\/span><\/strong><\/td>\n<td align=\"center\" valign=\"middle\" bgcolor=\"#BDD7EE\"><strong><span style=\"color: #203864\">Time<\/span><\/strong><\/td>\n<\/tr>\n<tr>\n<td align=\"center\" valign=\"middle\" bgcolor=\"#FFFFFF\" height=\"77\"><span style=\"color: #000000\">5<\/span><\/td>\n<td align=\"left\" valign=\"middle\" bgcolor=\"#FFFFFF\"><span style=\"color: #000000\">Formal methods for knowledge extraction and reuse from heterogeneous sources for semantic interoperability of distributed architectures<\/span><\/td>\n<td align=\"left\" valign=\"middle\" bgcolor=\"#FFFFFF\"><span style=\"color: #000000\">Nicolas Leutwyler, Mario Lezoche, Diego Torres and Herv\u00e9 Panetto<\/span><\/td>\n<td align=\"center\" valign=\"middle\" bgcolor=\"#FFFFFF\"><span style=\"color: #000000\">14:00-14:30<\/span><\/td>\n<\/tr>\n<tr>\n<td align=\"center\" valign=\"middle\" bgcolor=\"#FFFFFF\" height=\"39\"><span style=\"color: #000000\">12<\/span><\/td>\n<td align=\"left\" valign=\"middle\" bgcolor=\"#FFFFFF\"><span style=\"color: #000000\">Intelligent formal analysis of heterogeneous data for semantic web<\/span><\/td>\n<td align=\"left\" valign=\"middle\" bgcolor=\"#FFFFFF\"><span style=\"color: #000000\">Mariano Juli\u00e1n Ferreirone, Mario Lezoche, Diego Torres, and Herv\u00e9 Panetto<\/span><\/td>\n<td align=\"center\" valign=\"middle\" bgcolor=\"#FFFFFF\"><span style=\"color: #000000\">14:30-15:00<\/span><\/td>\n<\/tr>\n<tr>\n<td align=\"center\" valign=\"middle\" bgcolor=\"#FFFFFF\" height=\"58\"><span style=\"color: #000000\">22<\/span><\/td>\n<td align=\"left\" valign=\"middle\" bgcolor=\"#FFFFFF\"><span style=\"color: #000000\">Reference architectures, standards and protocols for managing, securing and anonymizing distributed smart-based systems<\/span><\/td>\n<td align=\"left\" valign=\"middle\" bgcolor=\"#FFFFFF\"><span style=\"color: #000000\">Jose Arcidiacono<\/span><\/td>\n<td align=\"center\" valign=\"middle\" bgcolor=\"#FFFFFF\"><span style=\"color: #000000\">15:00-15:30<\/span><\/td>\n<\/tr>\n<tr>\n<td align=\"center\" valign=\"middle\" bgcolor=\"#FFFFFF\" height=\"58\"><span style=\"color: #000000\">6<\/span><\/td>\n<td align=\"left\" valign=\"bottom\" bgcolor=\"#FFFFFF\"><span style=\"color: #000000\">Arquitecturas seguras a partir de requerimientos patrones de seguridad y vulnerabilidades<\/span><\/td>\n<td align=\"left\" valign=\"middle\" bgcolor=\"#FFFFFF\"><span style=\"color: #000000\">Miguel Solinas and Leandro Antonelli<\/span><\/td>\n<td align=\"left\" valign=\"middle\" bgcolor=\"#FFFFFF\"><span style=\"color: #000000\">16:00-16:30<\/span><\/td>\n<\/tr>\n<tr>\n<td align=\"center\" valign=\"middle\" bgcolor=\"#FFFFFF\" height=\"39\"><span style=\"color: #000000\">7<\/span><\/td>\n<td align=\"left\" valign=\"bottom\" bgcolor=\"#FFFFFF\"><span style=\"color: #000000\">Alineaci\u00f3n de glosarios del dominio Domain Glossary Alignment<\/span><\/td>\n<td align=\"left\" valign=\"middle\" bgcolor=\"#FFFFFF\"><span style=\"color: #000000\">Paola Grijalva, Leandro Antonelli and Pablo Thomas<\/span><\/td>\n<td align=\"left\" valign=\"middle\" bgcolor=\"#FFFFFF\"><span style=\"color: #000000\">16:30-17:00<\/span><\/td>\n<\/tr>\n<tr>\n<td align=\"center\" valign=\"middle\" bgcolor=\"#FFFFFF\" height=\"58\"><span style=\"color: #000000\">13<\/span><\/td>\n<td align=\"left\" valign=\"bottom\" bgcolor=\"#FFFFFF\"><span style=\"color: #000000\">Reverse Engineering in Software Requirements in web applications using a LEL<\/span><\/td>\n<td align=\"left\" valign=\"middle\" bgcolor=\"#FFFFFF\"><span style=\"color: #000000\">Angela Granizo, Leandro Antonelli, Sergio Firmenich and Diego Firmenich<\/span><\/td>\n<td align=\"left\" valign=\"middle\" bgcolor=\"#FFFFFF\"><span style=\"color: #000000\">17:00:17:30<\/span><\/td>\n<\/tr>\n<tr>\n<td align=\"center\" valign=\"middle\" bgcolor=\"#FFFFFF\" height=\"77\"><span style=\"color: #000000\">20<\/span><\/td>\n<td align=\"left\" valign=\"bottom\" bgcolor=\"#FFFFFF\"><span style=\"color: #000000\">Integrated Requirements Engineering Framework with Intelligent Systems and Semantic Reasoning for the Extraction of Application Vocabularies<\/span><\/td>\n<td align=\"left\" valign=\"middle\" bgcolor=\"#FFFFFF\"><span style=\"color: #000000\">Alexandra Corral, Luis E. Sanchez and Leandro Antonelli<\/span><\/td>\n<td align=\"left\" valign=\"middle\" bgcolor=\"#FFFFFF\"><span style=\"color: #000000\">17:30-18:00<\/span><\/td>\n<\/tr>\n<\/tbody>\n<\/table>\n<p>&nbsp;<\/p>\n<table border=\"0\" cellspacing=\"0\">\n<colgroup width=\"102\"><\/colgroup>\n<colgroup width=\"378\"><\/colgroup>\n<colgroup width=\"267\"><\/colgroup>\n<colgroup width=\"102\"><\/colgroup>\n<tbody>\n<tr>\n<td align=\"left\" valign=\"bottom\" bgcolor=\"#FFFFFF\" height=\"19\"><strong><span style=\"color: #203864\">Session 2<\/span><\/strong><\/td>\n<td align=\"left\" valign=\"bottom\" bgcolor=\"#FFFFFF\"><strong><span style=\"color: #203864\">(Aula 3 de posgrado)<\/span><\/strong><\/td>\n<td align=\"left\" valign=\"bottom\" bgcolor=\"#FFFFFF\"><\/td>\n<td align=\"left\" valign=\"bottom\" bgcolor=\"#FFFFFF\"><\/td>\n<\/tr>\n<tr>\n<td align=\"left\" valign=\"bottom\" bgcolor=\"#FFFFFF\" height=\"19\"><\/td>\n<td align=\"left\" valign=\"bottom\" bgcolor=\"#FFFFFF\"><\/td>\n<td align=\"left\" valign=\"bottom\" bgcolor=\"#FFFFFF\"><\/td>\n<td align=\"left\" valign=\"bottom\" bgcolor=\"#FFFFFF\"><\/td>\n<\/tr>\n<tr>\n<td align=\"center\" valign=\"middle\" bgcolor=\"#BDD7EE\" height=\"39\"><strong><span style=\"color: #203864\">Article ID<\/span><\/strong><\/td>\n<td align=\"center\" valign=\"middle\" bgcolor=\"#BDD7EE\"><strong><span style=\"color: #203864\">Name<\/span><\/strong><\/td>\n<td align=\"center\" valign=\"middle\" bgcolor=\"#BDD7EE\"><strong><span style=\"color: #203864\">Authors<\/span><\/strong><\/td>\n<td align=\"center\" valign=\"middle\" bgcolor=\"#BDD7EE\"><strong><span style=\"color: #203864\">Time<\/span><\/strong><\/td>\n<\/tr>\n<tr>\n<td align=\"center\" valign=\"middle\" height=\"39\"><span style=\"color: #000000\">25<\/span><\/td>\n<td align=\"left\" valign=\"middle\" bgcolor=\"#FFFFFF\"><span style=\"color: #000000\">Design decisions of collaborative tools that reduce the impact of Fake News<\/span><\/td>\n<td align=\"left\" valign=\"middle\" bgcolor=\"#FFFFFF\"><span style=\"color: #000000\">Edison Caiza<\/span><\/td>\n<td align=\"center\" valign=\"middle\" bgcolor=\"#FFFFFF\"><span style=\"color: #000000\">14:00-14:30<\/span><\/td>\n<\/tr>\n<tr>\n<td align=\"center\" valign=\"middle\" height=\"77\"><span style=\"color: #000000\">18<\/span><\/td>\n<td align=\"left\" valign=\"middle\" bgcolor=\"#FFFFFF\"><span style=\"color: #000000\">M\u00e9todo y herramientas de ingenier\u00eda para sistemas de informaci\u00f3n en el veh\u00edculo (In Vehicle Information Systems), con foco en el riesgo de distracci\u00f3n del conductor<\/span><\/td>\n<td align=\"left\" valign=\"middle\" bgcolor=\"#FFFFFF\"><span style=\"color: #000000\">Carlos Carvajal, Andr\u00e9s Rodriguez and Alejandro Fern\u00e1ndez<\/span><\/td>\n<td align=\"center\" valign=\"middle\" bgcolor=\"#FFFFFF\"><span style=\"color: #000000\">14:30-15:00<\/span><\/td>\n<\/tr>\n<tr>\n<td align=\"center\" valign=\"middle\" height=\"39\"><span style=\"color: #000000\">14<\/span><\/td>\n<td align=\"left\" valign=\"middle\" bgcolor=\"#FFFFFF\"><span style=\"color: #000000\">Methods and tools for the abstraction of object models in web content by end users<\/span><\/td>\n<td align=\"left\" valign=\"middle\" bgcolor=\"#FFFFFF\"><span style=\"color: #000000\">Alex Tacuri<\/span><\/td>\n<td align=\"center\" valign=\"middle\" bgcolor=\"#FFFFFF\"><span style=\"color: #000000\">15:00-15:30<\/span><\/td>\n<\/tr>\n<tr>\n<td align=\"center\" valign=\"middle\" height=\"19\"><span style=\"color: #000000\">26<\/span><\/td>\n<td align=\"left\" valign=\"middle\" bgcolor=\"#FFFFFF\"><span style=\"color: #000000\">Conversational interfaces and the Web<\/span><\/td>\n<td align=\"left\" valign=\"middle\" bgcolor=\"#FFFFFF\"><span style=\"color: #000000\">Gonzalo Ripa<\/span><\/td>\n<td align=\"center\" valign=\"middle\" bgcolor=\"#FFFFFF\"><span style=\"color: #000000\">16:00-16:30<\/span><\/td>\n<\/tr>\n<tr>\n<td align=\"center\" valign=\"middle\" height=\"39\"><span style=\"color: #000000\">19<\/span><\/td>\n<td align=\"left\" valign=\"middle\" bgcolor=\"#FFFFFF\"><span style=\"color: #000000\">Adaptive gamification of citizen science projects<\/span><\/td>\n<td align=\"left\" valign=\"bottom\" bgcolor=\"#FFFFFF\"><span style=\"color: #000000\">Mar\u00eda Dalponte Ayastuy and Diego Torres<\/span><\/td>\n<td align=\"center\" valign=\"middle\" bgcolor=\"#FFFFFF\"><span style=\"color: #000000\">16:30-17:00<\/span><\/td>\n<\/tr>\n<tr>\n<td align=\"center\" valign=\"middle\" height=\"58\"><span style=\"color: #000000\">21<\/span><\/td>\n<td align=\"left\" valign=\"bottom\" bgcolor=\"#FFFFFF\"><span style=\"color: #000000\">A process to improve Collaborative Work through shared understanding in problem-solving activities<\/span><\/td>\n<td align=\"left\" valign=\"middle\"><span style=\"color: #000000\">Vanessa Agredo-Delgado and Cesar A. Collazos<\/span><\/td>\n<td align=\"center\" valign=\"middle\" bgcolor=\"#FFFFFF\"><span style=\"color: #000000\">17:00-17:30<\/span><\/td>\n<\/tr>\n<\/tbody>\n<\/table>\n<section id=\"friday\">\n<h2>Friday, July 1st, 2022 &#8211; Papers presentations<\/h2>\n<\/section>\n<p><strong><span style=\"background-color: #ff9900\">Times indicated are Argentinean Time (GMT-3)<\/span><\/strong><\/p>\n<table border=\"0\" cellspacing=\"0\">\n<colgroup width=\"102\"><\/colgroup>\n<colgroup width=\"378\"><\/colgroup>\n<colgroup width=\"267\"><\/colgroup>\n<colgroup width=\"102\"><\/colgroup>\n<tbody>\n<tr style=\"height: 21px\">\n<td style=\"overflow: hidden;padding: 2px 3px 2px 3px;vertical-align: bottom;font-weight: bold;color: #3c78d8\" colspan=\"4\" rowspan=\"1\" data-sheets-value=\"{&quot;1&quot;:2,&quot;2&quot;:&quot;Sesi\u00f3n 1 - from 9:30 to 11:45 hs&quot;}\">Session 1 &#8211; from 9:30 to 11:45 hs<\/td>\n<\/tr>\n<tr style=\"height: 21px\">\n<td style=\"overflow: hidden;padding: 2px 3px 2px 3px;vertical-align: bottom;background-color: #c9daf8;font-weight: bold;color: #3c78d8\" data-sheets-value=\"{&quot;1&quot;:2,&quot;2&quot;:&quot;Article ID&quot;}\">Article ID<\/td>\n<td style=\"overflow: hidden;padding: 2px 3px 2px 3px;vertical-align: bottom;background-color: #c9daf8;font-weight: bold;color: #3c78d8\" data-sheets-value=\"{&quot;1&quot;:2,&quot;2&quot;:&quot;Name&quot;}\">Name<\/td>\n<td style=\"overflow: hidden;padding: 2px 3px 2px 3px;vertical-align: bottom;background-color: #c9daf8;font-weight: bold;color: #3c78d8\" data-sheets-value=\"{&quot;1&quot;:2,&quot;2&quot;:&quot;Authors&quot;}\">Authors<\/td>\n<td style=\"overflow: hidden;padding: 2px 3px 2px 3px;vertical-align: bottom;background-color: #c9daf8;font-weight: bold;color: #3c78d8\" data-sheets-value=\"{&quot;1&quot;:2,&quot;2&quot;:&quot;Time&quot;}\">Time<\/td>\n<\/tr>\n<tr style=\"height: 21px\">\n<td align=\"left\" valign=\"middle\" bgcolor=\"#FFFFFF\"><span style=\"color: #000000\">2<\/span><\/td>\n<td align=\"left\" valign=\"middle\" bgcolor=\"#FFFFFF\"><span style=\"color: #000000\">Students\u2019 accommodation allocation: A Multicriteria Decision Support System<\/span><\/td>\n<td align=\"left\" valign=\"middle\" bgcolor=\"#FFFFFF\"><span style=\"color: #000000\">Rolin Gabriel Rasoanaivo and Pascale Zarat\u00e9<\/span><\/td>\n<td align=\"left\" valign=\"middle\" bgcolor=\"#FFFFFF\"><span style=\"color: #000000\">9:30 hs<\/span><\/td>\n<\/tr>\n<tr style=\"height: 21px\">\n<td align=\"left\" valign=\"middle\" bgcolor=\"#FFFFFF\"><span style=\"color: #000000\">23<\/span><\/td>\n<td align=\"left\" valign=\"middle\" bgcolor=\"#FFFFFF\"><span style=\"color: #000000\">Coastline generator: A tool for generating topographic tessellations around polygons and lines<\/span><\/td>\n<td align=\"left\" valign=\"middle\" bgcolor=\"#FFFFFF\"><span style=\"color: #000000\">Bruno Lattanzio, Maria Dalponte Ayastuy and Diego Torres.<\/span><\/td>\n<td align=\"left\" valign=\"middle\" bgcolor=\"#FFFFFF\"><span style=\"color: #000000\">10:00 hs<\/span><\/td>\n<\/tr>\n<tr style=\"height: 21px\">\n<td align=\"left\" valign=\"middle\" bgcolor=\"#FFFFFF\"><span style=\"color: #000000\">29<\/span><\/td>\n<td align=\"left\" valign=\"middle\" bgcolor=\"#FFFFFF\"><span style=\"color: #000000\">FoodCraft: Design of a precision agriculture system with IoT in indigenous communities in rural areas with difficult Internet access in the department of Cauca-Colombia<\/span><\/td>\n<td align=\"left\" valign=\"middle\" bgcolor=\"#FFFFFF\"><span style=\"color: #000000\">Juan Sebastian Orozco Monje, Jose Javier Arce Santacruz and Gineth Magaly Cer\u00f3n Rios<\/span><\/td>\n<td align=\"left\" valign=\"middle\" bgcolor=\"#FFFFFF\"><span style=\"color: #000000\">10:30 hs<\/span><\/td>\n<\/tr>\n<tr style=\"height: 21px\">\n<td align=\"left\" valign=\"middle\" bgcolor=\"#FFFFFF\"><span style=\"color: #000000\">16<\/span><\/td>\n<td align=\"left\" valign=\"middle\" bgcolor=\"#FFFFFF\"><span style=\"color: #000000\">Dynamic Spatial Task Generation for Collaborative Location-based Collecting Systems Coverage Objectives<\/span><\/td>\n<td align=\"left\" valign=\"middle\" bgcolor=\"#FFFFFF\"><span style=\"color: #000000\">Mar\u00eda Dalponte Ayastuy, Diego Torres and Bruno Lattanzio.<\/span><\/td>\n<td align=\"left\" valign=\"middle\" bgcolor=\"#FFFFFF\"><span style=\"color: #000000\">11:00 hs<\/span><\/td>\n<\/tr>\n<tr style=\"height: 21px\">\n<td align=\"left\" valign=\"middle\" bgcolor=\"#FFFFFF\"><span style=\"color: #000000\">8<\/span><\/td>\n<td align=\"left\" valign=\"middle\" bgcolor=\"#FFFFFF\"><span style=\"color: #000000\">Hacia la construcci\u00f3n de un proceso de trabajo colaborativo para la elicitaci\u00f3n de requisitos basado en entendimiento compartido<\/span><\/td>\n<td align=\"left\" valign=\"middle\" bgcolor=\"#FFFFFF\"><span style=\"color: #000000\">Valentina Vergara-Realpe, Jes\u00fas David Perea, Vanessa Agredo-Delgado, Pablo H. Ruiz and Cesar A. Collazos (Short paper)<\/span><\/td>\n<td align=\"left\" valign=\"middle\" bgcolor=\"#FFFFFF\"><span style=\"color: #000000\">11:30 hs<\/span><\/td>\n<\/tr>\n<\/tbody>\n<\/table>\n<p>&nbsp;<\/p>\n<table border=\"0\" cellspacing=\"0\">\n<colgroup width=\"102\"><\/colgroup>\n<colgroup width=\"378\"><\/colgroup>\n<colgroup width=\"267\"><\/colgroup>\n<colgroup width=\"102\"><\/colgroup>\n<tbody>\n<tr style=\"height: 21px\">\n<td style=\"overflow: hidden;padding: 2px 3px 2px 3px;vertical-align: bottom;font-weight: bold;color: #1155cc\" colspan=\"4\" rowspan=\"1\" data-sheets-value=\"{&quot;1&quot;:2,&quot;2&quot;:&quot;Sesion 2 - from 13:30 to 15:15&quot;}\">Session 2 &#8211; from 13:30 to 15:15<\/td>\n<\/tr>\n<tr style=\"height: 21px\">\n<td style=\"overflow: hidden;padding: 2px 3px 2px 3px;vertical-align: bottom;background-color: #c9daf8;font-weight: bold;color: #1155cc\" data-sheets-value=\"{&quot;1&quot;:2,&quot;2&quot;:&quot;Article ID&quot;}\">Article ID<\/td>\n<td style=\"overflow: hidden;padding: 2px 3px 2px 3px;vertical-align: bottom;background-color: #c9daf8;font-weight: bold;color: #1155cc\" data-sheets-value=\"{&quot;1&quot;:2,&quot;2&quot;:&quot;Name&quot;}\">Name<\/td>\n<td style=\"overflow: hidden;padding: 2px 3px 2px 3px;vertical-align: bottom;background-color: #c9daf8;font-weight: bold;color: #1155cc\" data-sheets-value=\"{&quot;1&quot;:2,&quot;2&quot;:&quot;Authors&quot;}\">Authors<\/td>\n<td style=\"overflow: hidden;padding: 2px 3px 2px 3px;vertical-align: bottom;background-color: #c9daf8;font-weight: bold;color: #1155cc\" data-sheets-value=\"{&quot;1&quot;:2,&quot;2&quot;:&quot;Time&quot;}\">Time<\/td>\n<\/tr>\n<tr style=\"height: 21px\">\n<td align=\"left\" valign=\"middle\" bgcolor=\"#FFFFFF\"><span style=\"color: #000000\">4<\/span><\/td>\n<td align=\"left\" valign=\"middle\" bgcolor=\"#FFFFFF\"><span style=\"color: #000000\">Generic software for benchmarking Formal Concept Analysis: Orange3 integration<\/span><\/td>\n<td align=\"left\" valign=\"middle\" bgcolor=\"#FFFFFF\"><span style=\"color: #000000\">Nicolas Leutwyler, Mario Lezoche, Diego Torres and Herv\u00e9 Panetto.<\/span><\/td>\n<td align=\"left\" valign=\"middle\" bgcolor=\"#FFFFFF\"><span style=\"color: #000000\">13:30 hs.<\/span><\/td>\n<\/tr>\n<tr style=\"height: 21px\">\n<td style=\"overflow: hidden;padding: 2px 3px 2px 3px;vertical-align: bottom;font-family: Liberation Sans;font-size: 8pt;font-weight: normal;text-align: right\" data-sheets-value=\"{&quot;1&quot;:3,&quot;3&quot;:15}\">15<\/td>\n<td align=\"left\" valign=\"middle\" bgcolor=\"#FFFFFF\"><span style=\"color: #000000\">Ontologies and Rules for Access Control : a Feature Oriented Survey<\/span><\/td>\n<td align=\"left\" valign=\"middle\" bgcolor=\"#FFFFFF\"><span style=\"color: #000000\">Pierre Yves Gicquel, J\u00e9r\u00e9my Bouche-Pillon, Pascale Zarat\u00e9, Nathalie Aussenac and Yannick Chevalier<\/span><\/td>\n<td align=\"left\" valign=\"middle\" bgcolor=\"#FFFFFF\"><span style=\"color: #000000\">14:00 hs.<\/span><\/td>\n<\/tr>\n<tr style=\"height: 21px\">\n<td align=\"left\" valign=\"middle\" bgcolor=\"#FFFFFF\"><span style=\"color: #000000\">17<\/span><\/td>\n<td align=\"left\" valign=\"middle\" bgcolor=\"#FFFFFF\"><span style=\"color: #000000\">Transformations on Knowledge Representation between OWL and RDF Knowledge Graphs: a Study Case<\/span><\/td>\n<td align=\"left\" valign=\"middle\" bgcolor=\"#FFFFFF\"><span style=\"color: #000000\">Mariano Juli\u00e1n Ferreirone, Mario Lezoche, Diego Torres and Herv\u00e9 Panetto<\/span><\/td>\n<td align=\"left\" valign=\"middle\" bgcolor=\"#FFFFFF\"><span style=\"color: #000000\">14:30 hs.<\/span><\/td>\n<\/tr>\n<tr style=\"height: 21px\">\n<td align=\"left\" valign=\"middle\" bgcolor=\"#FFFFFF\"><span style=\"color: #000000\">10<\/span><\/td>\n<td align=\"left\" valign=\"middle\" bgcolor=\"#FFFFFF\"><span style=\"color: #000000\">Critical Success Factors and Process Performance Measures BPM to Efficient Decision Making<\/span><\/td>\n<td align=\"left\" valign=\"middle\" bgcolor=\"#FFFFFF\"><span style=\"color: #000000\">Angel Fabian Castillo (Short paper)<\/span><\/td>\n<td align=\"left\" valign=\"middle\" bgcolor=\"#FFFFFF\"><span style=\"color: #000000\">15:00 hs.<\/span><\/td>\n<\/tr>\n<\/tbody>\n<\/table>\n<p>&nbsp;<\/p>\n<table border=\"0\" cellspacing=\"0\">\n<colgroup width=\"102\"><\/colgroup>\n<colgroup width=\"378\"><\/colgroup>\n<colgroup width=\"267\"><\/colgroup>\n<colgroup width=\"102\"><\/colgroup>\n<tbody>\n<tr style=\"height: 21px\">\n<td style=\"overflow: hidden;padding: 2px 3px 2px 3px;vertical-align: bottom;font-weight: bold;color: #1155cc\" colspan=\"4\" rowspan=\"1\" data-sheets-value=\"{&quot;1&quot;:2,&quot;2&quot;:&quot;Sesion 3 - from 16:00 to 17:15 hs&quot;}\">Session 3 &#8211; from 16:00 to 17:15 hs<\/td>\n<\/tr>\n<tr style=\"height: 21px\">\n<td style=\"overflow: hidden;padding: 2px 3px 2px 3px;vertical-align: bottom;background-color: #c9daf8;font-weight: bold;color: #1155cc\" data-sheets-value=\"{&quot;1&quot;:2,&quot;2&quot;:&quot;Article ID&quot;}\">Article ID<\/td>\n<td style=\"overflow: hidden;padding: 2px 3px 2px 3px;vertical-align: bottom;background-color: #c9daf8;font-weight: bold;color: #1155cc\" data-sheets-value=\"{&quot;1&quot;:2,&quot;2&quot;:&quot;Name&quot;}\">Name<\/td>\n<td style=\"overflow: hidden;padding: 2px 3px 2px 3px;vertical-align: bottom;background-color: #c9daf8;font-weight: bold;color: #1155cc\" data-sheets-value=\"{&quot;1&quot;:2,&quot;2&quot;:&quot;Authors&quot;}\">Authors<\/td>\n<td style=\"overflow: hidden;padding: 2px 3px 2px 3px;vertical-align: bottom;background-color: #c9daf8;font-weight: bold;color: #1155cc\" data-sheets-value=\"{&quot;1&quot;:2,&quot;2&quot;:&quot;Time&quot;}\">Time<\/td>\n<\/tr>\n<tr style=\"height: 21px\">\n<td align=\"left\" valign=\"middle\" bgcolor=\"#FFFFFF\"><span style=\"color: #000000\">1<\/span><\/td>\n<td align=\"left\" valign=\"middle\" bgcolor=\"#FFFFFF\"><span style=\"color: #000000\">Defining the language of the software application using the vocabulary of the domain<\/span><\/td>\n<td align=\"left\" valign=\"middle\" bgcolor=\"#FFFFFF\"><span style=\"color: #000000\">Leandro Antonelli, Julio Cesar Leite, Alejandro Oliveros and Gustavo Rossi<\/span><\/td>\n<td align=\"left\" valign=\"middle\" bgcolor=\"#FFFFFF\"><span style=\"color: #000000\">16:00 hs.<\/span><\/td>\n<\/tr>\n<tr style=\"height: 21px\">\n<td align=\"left\" valign=\"middle\" bgcolor=\"#FFFFFF\"><span style=\"color: #000000\">9<\/span><\/td>\n<td align=\"left\" valign=\"middle\" bgcolor=\"#FFFFFF\"><span style=\"color: #000000\">A strategy for building shared understanding in requirements engineering activities<\/span><\/td>\n<td align=\"left\" valign=\"middle\" bgcolor=\"#FFFFFF\"><span style=\"color: #000000\">Vanessa Agredo-Delgado, Pablo H. Ruiz, Luis E. Garzon and Cesar A. Collazos<\/span><\/td>\n<td align=\"left\" valign=\"middle\" bgcolor=\"#FFFFFF\"><span style=\"color: #000000\">16:30 hs.<\/span><\/td>\n<\/tr>\n<tr style=\"height: 21px\">\n<td align=\"left\" valign=\"middle\" bgcolor=\"#FFFFFF\"><span style=\"color: #000000\">27<\/span><\/td>\n<td align=\"left\" valign=\"middle\" bgcolor=\"#FFFFFF\"><span style=\"color: #000000\">Proposal of a System Based on Direct and Indirect Techniques and their Correlation by Chlorophyll Quantification<\/span><\/td>\n<td align=\"left\" valign=\"middle\" bgcolor=\"#FFFFFF\"><span style=\"color: #000000\">Jhon \u00c1lvaro Mu\u00f1oz Reyes, Kevin Sthiff Vivas Fern\u00e1ndez, Saul Eduardo Ruiz Sarzosa, Andr\u00e9s Felipe Solis Pino and Amalfy Anacona Chicangana. (Short paper)<\/span><\/td>\n<td align=\"left\" valign=\"middle\" bgcolor=\"#FFFFFF\"><span style=\"color: #000000\">17:00 hs.<\/span><\/td>\n<\/tr>\n<\/tbody>\n<\/table>\n","protected":false},"excerpt":{"rendered":"<p>Thursday &#8211; Doctoral Symposium Friday &#8211; Papers&#8217; presentations &nbsp; Thursday, June 30, 2022 &#8211; Doctoral Symposium Times indicated are Argentinean Time (GMT-3) &nbsp; The doctoral symposium will be held on Thursday, June 30, 2022 in two sessions. Each Session (1and 2) as follows: 14:00 to 15:30 Presentations 15:30 to 16:00 Break 16:00 to 17:30\/18:00 Presentations [&hellip;]<\/p>\n","protected":false},"author":133,"featured_media":0,"parent":0,"menu_order":0,"comment_status":"closed","ping_status":"closed","template":"templates\/template-full-notitle.php","meta":{"advgb_blocks_editor_width":"","advgb_blocks_columns_visual_guide":"","footnotes":""},"class_list":["post-135","page","type-page","status-publish","hentry","post"],"aioseo_notices":[],"coauthors":[],"author_meta":{"author_link":"https:\/\/congresos.unlp.edu.ar\/decisioning\/author\/mdalponte\/","display_name":"Mar\u00eda Dalponte Ayastuy"},"relative_dates":{"created":"Posted 4 years ago","modified":"Updated 4 years ago"},"absolute_dates":{"created":"Posted on 13 April, 2022","modified":"Updated on 30 June, 2022"},"absolute_dates_time":{"created":"Posted on 13 April, 2022 2:31 pm","modified":"Updated on 30 June, 2022 1:42 pm"},"featured_img_caption":"","featured_img":false,"series_order":"","_links":{"self":[{"href":"https:\/\/congresos.unlp.edu.ar\/decisioning\/wp-json\/wp\/v2\/pages\/135","targetHints":{"allow":["GET"]}}],"collection":[{"href":"https:\/\/congresos.unlp.edu.ar\/decisioning\/wp-json\/wp\/v2\/pages"}],"about":[{"href":"https:\/\/congresos.unlp.edu.ar\/decisioning\/wp-json\/wp\/v2\/types\/page"}],"author":[{"embeddable":true,"href":"https:\/\/congresos.unlp.edu.ar\/decisioning\/wp-json\/wp\/v2\/users\/133"}],"replies":[{"embeddable":true,"href":"https:\/\/congresos.unlp.edu.ar\/decisioning\/wp-json\/wp\/v2\/comments?post=135"}],"version-history":[{"count":0,"href":"https:\/\/congresos.unlp.edu.ar\/decisioning\/wp-json\/wp\/v2\/pages\/135\/revisions"}],"wp:attachment":[{"href":"https:\/\/congresos.unlp.edu.ar\/decisioning\/wp-json\/wp\/v2\/media?parent=135"}],"curies":[{"name":"wp","href":"https:\/\/api.w.org\/{rel}","templated":true}]}}