{"id":7,"date":"2019-06-28T14:46:49","date_gmt":"2019-06-28T17:46:49","guid":{"rendered":"https:\/\/congresos.unlp.edu.ar\/crrii\/home-page\/"},"modified":"2026-03-26T12:16:34","modified_gmt":"2026-03-26T15:16:34","slug":"edicionesanteriores","status":"publish","type":"page","link":"https:\/\/congresos.unlp.edu.ar\/crrii?page_id=7","title":{"rendered":"Ediciones anteriores"},"content":{"rendered":"<div id=\"pl-7\"  class=\"panel-layout\" ><div id=\"pg-7-0\"  class=\"panel-grid panel-has-style\" ><div class=\"panel-row-style panel-row-style-for-7-0\" ><div id=\"pgc-7-0-0\"  class=\"panel-grid-cell\" ><div id=\"panel-7-0-0-0\" class=\"so-panel widget widget_text panel-first-child\" data-index=\"0\" ><h3 class=\"widget-title\">XI Congreso de RRII &#8211; noviembre 2024<\/h3>\t\t\t<div class=\"textwidget\"><\/div>\n\t\t<\/div><div id=\"panel-7-0-0-1\" class=\"so-panel widget widget_text panel-last-child\" data-index=\"1\" >\t\t\t<div class=\"textwidget\"><p class=\"yiv6906022156ydp70740e60MsoNormal\"><span lang=\"ES\">El <strong>XII Congreso de Relaciones Internacionales del IRI<\/strong> tuvo lugar los d\u00edas 9, 10 y 11 de noviembre de 2024. <\/span><\/p>\n<p><a href=\"https:\/\/congresos.unlp.edu.ar\/crrii\/?page_id=1696\">Programa de actividades<\/a><\/p>\n<\/div>\n\t\t<\/div><\/div><\/div><\/div><div id=\"pg-7-1\"  class=\"panel-grid panel-has-style\" ><div class=\"panel-row-style panel-row-style-for-7-1\" ><div id=\"pgc-7-1-0\"  class=\"panel-grid-cell\" ><div id=\"panel-7-1-0-0\" class=\"so-panel widget widget_text panel-first-child\" data-index=\"2\" ><h3 class=\"widget-title\">XI Congreso de RRII &#8211; noviembre 2022<\/h3>\t\t\t<div class=\"textwidget\"><\/div>\n\t\t<\/div><div id=\"panel-7-1-0-1\" class=\"so-panel widget widget_text\" data-index=\"3\" >\t\t\t<div class=\"textwidget\"><p class=\"yiv6906022156ydp70740e60MsoNormal\"><span lang=\"ES\">El <strong>X Congreso de Relaciones Internacionales del IRI<\/strong> tuvo lugar los d\u00edas 9, 10 y 11 de noviembre de 2022. <\/span><\/p>\n<p class=\"yiv6906022156ydp70740e60MsoNormal\"><span lang=\"ES\">Los esperamos el 13, 14 y 15 de noviembre de 2024 en el XI Congreso<\/span><\/p>\n<p><a href=\"https:\/\/congresos.unlp.edu.ar\/crrii\/?page_id=1279\">Programa de actividades<\/a><\/p>\n<\/div>\n\t\t<\/div><div id=\"panel-7-1-0-2\" class=\"so-panel widget widget_text panel-last-child\" data-index=\"4\" >\t\t\t<div class=\"textwidget\"><p><a href=\"http:\/\/www.iri.edu.ar\/wp-content\/uploads\/2024\/04\/ActasCongresoRRII2022.pdf\">Acceder a las actas del X Congreso<\/a><\/p>\n<\/div>\n\t\t<\/div><\/div><\/div><\/div><div id=\"pg-7-2\"  class=\"panel-grid panel-has-style\" ><div id=\"congreso2020\" class=\"panel-row-style panel-row-style-for-7-2\" ><div id=\"pgc-7-2-0\"  class=\"panel-grid-cell\" ><div id=\"panel-7-2-0-0\" class=\"so-panel widget widget_text panel-first-child\" data-index=\"5\" ><h3 class=\"widget-title\">X Congreso de RRII &#8211; noviembre 2020<\/h3>\t\t\t<div class=\"textwidget\"><blockquote class=\"wp-embedded-content\" data-secret=\"vHhmBgOO7y\"><p><a href=\"https:\/\/congresos.unlp.edu.ar\/crrii?page_id=10\">Actas del X Congreso en Relaciones Internacionales del IRI, noviembre 2020<\/a><\/p><\/blockquote>\n<p><iframe class=\"wp-embedded-content\" sandbox=\"allow-scripts\" security=\"restricted\" style=\"position: absolute; clip: rect(1px, 1px, 1px, 1px);\" title=\"&#8220;Actas del X Congreso en Relaciones Internacionales del IRI, noviembre 2020&#8221; &#8212; XI Congreso de Relaciones Internacionales\" src=\"https:\/\/congresos.unlp.edu.ar\/crrii?page_id=10&#038;embed=true#?secret=vHIOZn2J99#?secret=vHhmBgOO7y\" data-secret=\"vHhmBgOO7y\" frameborder=\"0\" marginwidth=\"0\" marginheight=\"0\" scrolling=\"no\"><\/iframe><\/p>\n<\/div>\n\t\t<\/div><div id=\"panel-7-2-0-1\" class=\"so-panel widget widget_text\" data-index=\"6\" >\t\t\t<div class=\"textwidget\"><p class=\"yiv6906022156ydp70740e60MsoNormal\"><span lang=\"ES\">El <strong>X Congreso de Relaciones Internacionales del IRI<\/strong> tuvo lugar los d\u00edas 11, 12 y 13 de noviembre de 2020. Fue la primera experiencia de un congreso ciento por ciento remoto para el Comit\u00e9 Organizador, ya que las restricciones impuestas por la Pandemia nos enfrentaron al desaf\u00edo de hacer frente a un Congreso completamente diferente a los que hemos ofrecido cada dos a\u00f1os, de manera continua, desde 2002. A pesar de la novedad, la traves\u00eda fue llevada adelante con mucho compromiso y lleg\u00f3 a muy buen puerto, con cuatro Conversatorios simult\u00e1neos de unas dos horas de duraci\u00f3n, desde las 09.00 hasta las 21.00 durante los tres d\u00edas, y una asistencia diaria de unas 800 personas, y con cerca de 75 ponencias presentadas, junto con las Mesas Especiales que reunieron a acad\u00e9micos, investigadores, policy makers y a representanes de la Sociedad Civil.<\/span><\/p>\n<p class=\"yiv6906022156ydp70740e60MsoNormal\"><span lang=\"ES\">En 2022 volvemos a la presencialidad plena, pero no por ello desaprovecharemos las \u201clecciones aprendidas\u201d, por lo cual, la XI edici\u00f3n del Congreso tendr\u00e1 tanto la presencialidad, como la virtualidad. Tomaremos lo mejor de los \u201cdos mundos\u201d y ofreceremos una experiencia h\u00edbrida.<\/span><\/p>\n<p class=\"yiv6906022156ydp70740e60MsoNormal\"><span lang=\"ES\">Los esperamos el 9, 10 y 11 de noviembre de 2022 en el XI Congreso<\/span><\/p>\n<\/div>\n\t\t<\/div><div id=\"panel-7-2-0-2\" class=\"so-panel widget widget_text\" data-index=\"7\" >\t\t\t<div class=\"textwidget\"><p>Videogaler\u00eda Transiciones <a href=\"https:\/\/congresos.unlp.edu.ar\/crrii\/?page_id=609\">Visitar<\/a><\/p>\n<\/div>\n\t\t<\/div><div id=\"panel-7-2-0-3\" class=\"so-panel widget widget_text panel-last-child\" data-index=\"8\" ><h3 class=\"widget-title\">Actividades del X Congreso<\/h3>\t\t\t<div class=\"textwidget\"><h6 class=\"entry-title\"><a href=\"https:\/\/congresos.unlp.edu.ar\/crrii\/?page_id=717\">Mi\u00e9rcoles 11 de noviembre de 2020<\/a><br \/>\n<a href=\"https:\/\/congresos.unlp.edu.ar\/crrii\/?page_id=766\">Jueves 12 de noviembre de 2020<\/a><br \/>\n<a href=\"http:\/\/viernes 13 de noviembre de 2020\">Viernes 13 de noviembre de 2020<\/a><\/h6>\n<\/div>\n\t\t<\/div><\/div><\/div><\/div><div id=\"pg-7-3\"  class=\"panel-grid panel-has-style\" ><div class=\"panel-row-style panel-row-style-for-7-3\" ><div id=\"pgc-7-3-0\"  class=\"panel-grid-cell panel-grid-cell-mobile-last\" ><div id=\"panel-7-3-0-0\" class=\"so-panel widget widget_text panel-first-child panel-last-child\" data-index=\"9\" ><h3 class=\"widget-title\">IX Congreso de RRII &#8211; noviembre 2018<\/h3>\t\t\t<div class=\"textwidget\"><p>El Instituto de Relaciones Internacionales de la Universidad Nacional de La Plata (IRI-UNLP), es el encargado de la organizaci\u00f3n del Congreso de Relaciones Internacionales del IRI.\u00a0 14, 15 y 16 de noviembre de 2018 se realiz\u00f3 el noveno congreso.<br \/>\n<a href=\"http:\/\/www.iri.edu.ar\/index.php\/2018\/04\/17\/ix-congreso\/\">Programa del evento<\/a><\/p>\n<\/div>\n\t\t<\/div><\/div><div id=\"pgc-7-3-1\"  class=\"panel-grid-cell panel-grid-cell-empty\" ><\/div><\/div><\/div><div id=\"pg-7-4\"  class=\"panel-grid panel-no-style\" ><div id=\"pgc-7-4-0\"  class=\"panel-grid-cell\" ><div id=\"panel-7-4-0-0\" class=\"so-panel widget widget_text panel-first-child panel-last-child\" data-index=\"10\" >\t\t\t<div class=\"textwidget\"><p>Informaci\u00f3n de ediciones anteriores en https:\/\/www.iri.edu.ar\/index.php\/2022\/01\/05\/congresos\/<\/p>\n<\/div>\n\t\t<\/div><\/div><\/div><\/div>","protected":false},"excerpt":{"rendered":"<p>El XII Congreso de Relaciones Internacionales del IRI tuvo lugar los d\u00edas 9, 10 y 11 de noviembre de 2024. Programa de actividades El X Congreso de Relaciones Internacionales del IRI tuvo lugar los d\u00edas 9, 10 y 11 de noviembre de 2022. Los esperamos el 13, 14 y 15 de noviembre de 2024 en [&hellip;]<\/p>\n","protected":false},"author":2,"featured_media":0,"parent":0,"menu_order":0,"comment_status":"closed","ping_status":"closed","template":"home-panels.php","meta":{"advgb_blocks_editor_width":"","advgb_blocks_columns_visual_guide":"","footnotes":""},"class_list":["post-7","page","type-page","status-publish","hentry","post"],"aioseo_notices":[],"coauthors":[],"author_meta":{"author_link":"https:\/\/congresos.unlp.edu.ar\/crrii\/?author=2","display_name":"congresos"},"relative_dates":{"created":"Posted 7 a\u00f1os ago","modified":"Updated 2 meses ago"},"absolute_dates":{"created":"Posted on ","modified":"Updated on "},"absolute_dates_time":{"created":"Posted on  ","modified":"Updated on  "},"featured_img_caption":"","featured_img":false,"series_order":"","_links":{"self":[{"href":"https:\/\/congresos.unlp.edu.ar\/crrii\/index.php?rest_route=\/wp\/v2\/pages\/7","targetHints":{"allow":["GET"]}}],"collection":[{"href":"https:\/\/congresos.unlp.edu.ar\/crrii\/index.php?rest_route=\/wp\/v2\/pages"}],"about":[{"href":"https:\/\/congresos.unlp.edu.ar\/crrii\/index.php?rest_route=\/wp\/v2\/types\/page"}],"author":[{"embeddable":true,"href":"https:\/\/congresos.unlp.edu.ar\/crrii\/index.php?rest_route=\/wp\/v2\/users\/2"}],"replies":[{"embeddable":true,"href":"https:\/\/congresos.unlp.edu.ar\/crrii\/index.php?rest_route=%2Fwp%2Fv2%2Fcomments&post=7"}],"version-history":[{"count":0,"href":"https:\/\/congresos.unlp.edu.ar\/crrii\/index.php?rest_route=\/wp\/v2\/pages\/7\/revisions"}],"wp:attachment":[{"href":"https:\/\/congresos.unlp.edu.ar\/crrii\/index.php?rest_route=%2Fwp%2Fv2%2Fmedia&parent=7"}],"curies":[{"name":"wp","href":"https:\/\/api.w.org\/{rel}","templated":true}]}}