{"id":609,"date":"2020-10-09T16:11:05","date_gmt":"2020-10-09T19:11:05","guid":{"rendered":"https:\/\/congresos.unlp.edu.ar\/crrii\/?page_id=609"},"modified":"2024-11-04T10:19:56","modified_gmt":"2024-11-04T13:19:56","slug":"video-galeria-transiciones","status":"publish","type":"page","link":"https:\/\/congresos.unlp.edu.ar\/crrii?page_id=609","title":{"rendered":"Videogaler\u00eda Transiciones"},"content":{"rendered":"<h4>En el marco del X Congreso de Relaciones Internacionales del IRI<\/h4>\n<p>La muestra se podr\u00e1 &#8220;recorrer&#8221; del 9 al 13 de noviembre en este sitio<\/p>\n<p>Organizan:<br \/>\n<strong>Departamento de Lenguas y Literaturas Modernas\/FaHCE\/UNLP,<\/strong><br \/>\n<strong>Instituto de Relaciones Internacionales (IRI)<\/strong><br \/>\n<strong>Prosecretar\u00eda de\u00a0Derechos Humanos UNLP<\/strong><\/p>\n<p><strong>Video presentaci\u00f3n<\/strong>: <a href=\"https:\/\/www.youtube.com\/watch?v=iHxZWKer3kM\">https:\/\/www.youtube.com\/watch?v=iHxZWKer3kM<\/a><\/p>\n<p>Con el apoyo del CIPDH-UNESCO<\/p>\n<p><a href=\"http:\/\/www.iri.edu.ar\/wp-content\/uploads\/2020\/02\/Logo-CIPDH-UNESCO-alta-patrocinador.jpg\"><img loading=\"lazy\" decoding=\"async\" class=\"alignnone size-medium wp-image-13310\" src=\"http:\/\/www.iri.edu.ar\/wp-content\/uploads\/2020\/02\/Logo-CIPDH-UNESCO-alta-patrocinador-300x186.jpg\" alt=\"\" width=\"300\" height=\"186\" \/><\/a><\/p>\n<p><strong>Rese\u00f1a sobre la muestra<\/strong>:<\/p>\n<p><em>Transiciones <\/em>es una exhibici\u00f3n de fotograf\u00eda multimedia que explora las trayectorias de la justicia transicional en naciones en conflicto o posconflicto. Se trata de una iniciativa conjunta, en la que participaron equipos de Bosnia y Herzegovina (BiH), Colombia, la Rep\u00fablica Democr\u00e1tica del Congo (DRC), y los Estados Unidos (EE.UU.).<\/p>\n<p>A trav\u00e9s de esta colaboraci\u00f3n cultural internacional de cuatro partes, los curadores y fot\u00f3grafos exploran y reflexionan sobre las experiencias \u00fanicas y compartidas de las transiciones de la guerra a la paz en cada pa\u00eds, y esperan poder compartir los aprendizajes que se han obtenido a trav\u00e9s de conversaciones, en charlas comunitarias, talleres y contribuciones de espectadores de todo el mundo.<\/p>\n<p>Este intercambio global tiene en cuenta los desaf\u00edos y el \u00e9xito en las diferentes etapas de la justicia transicional durante siglos, hasta las zonas donde reci\u00e9n se est\u00e1 estableciendo una paz fr\u00e1gil. A trav\u00e9s del estudio de temas como el acceso a la justicia, la vivienda, la educaci\u00f3n y otros derechos b\u00e1sicos, <em>Transiciones<\/em> pretende promover las discusiones acerca de la equidad entre grupos rivales as\u00ed como tambi\u00e9n los logros y las dificultades a los cuales se enfrentan estas comunidades multifac\u00e9ticas cuando se reagrupan.<\/p>\n<p>Esta colecci\u00f3n de fotograf\u00edas, textos y cronolog\u00edas no pretende brindar un resumen completo de lo ocurrido en una naci\u00f3n o comunidad, sino m\u00e1s bien ofrece introducciones y vistazos \u00edntimos de una selecci\u00f3n de problemas y temas interrelacionados en diversas regiones. A partir de una variedad de experiencias posconflicto y de la b\u00fasqueda de contribuciones p\u00fablicas, <em>Transiciones<\/em> intenta fomentar el desarrollo de nuevas ideas y la solidaridad entre los ciudadanos globales.<\/p>\n<p>&nbsp;<\/p>\n<p>Fot\u00f3grafos<\/p>\n<p>Bosnia y Herzegovina: <strong>Midhat Poturovic<\/strong><\/p>\n<p>Colombia: <strong>Juan Arredondo<\/strong><\/p>\n<p>Rep\u00fablica Democr\u00e1tica del Congo: <strong>Martin Lukongo<\/strong><\/p>\n<p>Estados Unidos: <strong>Sophia Nahli Allison<\/strong><\/p>\n<p>&nbsp;<\/p>\n<p>Producido por <a href=\"http:\/\/www.artworksprojects.org\/\"><strong>ART WORKS Projects<\/strong><\/a><\/p>\n<p>&nbsp;<\/p>\n<p><a href=\"https:\/\/www.emaze.com\" target=\"_blank\" rel=\"noopener noreferrer\"><img decoding=\"async\" style=\"margin: 5px;border: none\" src=\"\/\/resources.emaze.com\/mypres\/css\/images\/embed.png\" alt=\"Powered by emaze\" \/><\/a><\/p>\n","protected":false},"excerpt":{"rendered":"<p>En el marco del X Congreso de Relaciones Internacionales del IRI La muestra se podr\u00e1 &#8220;recorrer&#8221; del 9 al 13 de noviembre en este sitio Organizan: Departamento de Lenguas y Literaturas Modernas\/FaHCE\/UNLP, Instituto de Relaciones Internacionales (IRI) Prosecretar\u00eda de\u00a0Derechos Humanos UNLP Video presentaci\u00f3n: https:\/\/www.youtube.com\/watch?v=iHxZWKer3kM Con el apoyo del CIPDH-UNESCO Rese\u00f1a sobre la muestra: Transiciones es [&hellip;]<\/p>\n","protected":false},"author":2,"featured_media":0,"parent":0,"menu_order":0,"comment_status":"open","ping_status":"closed","template":"","meta":{"advgb_blocks_editor_width":"","advgb_blocks_columns_visual_guide":"","footnotes":""},"class_list":["post-609","page","type-page","status-publish","hentry","post"],"aioseo_notices":[],"coauthors":[],"author_meta":{"author_link":"https:\/\/congresos.unlp.edu.ar\/crrii\/?author=2","display_name":"congresos"},"relative_dates":{"created":"Posted 6 a\u00f1os ago","modified":"Updated 2 a\u00f1os ago"},"absolute_dates":{"created":"Posted on ","modified":"Updated on "},"absolute_dates_time":{"created":"Posted on  ","modified":"Updated on  "},"featured_img_caption":"","featured_img":false,"series_order":"","_links":{"self":[{"href":"https:\/\/congresos.unlp.edu.ar\/crrii\/index.php?rest_route=\/wp\/v2\/pages\/609","targetHints":{"allow":["GET"]}}],"collection":[{"href":"https:\/\/congresos.unlp.edu.ar\/crrii\/index.php?rest_route=\/wp\/v2\/pages"}],"about":[{"href":"https:\/\/congresos.unlp.edu.ar\/crrii\/index.php?rest_route=\/wp\/v2\/types\/page"}],"author":[{"embeddable":true,"href":"https:\/\/congresos.unlp.edu.ar\/crrii\/index.php?rest_route=\/wp\/v2\/users\/2"}],"replies":[{"embeddable":true,"href":"https:\/\/congresos.unlp.edu.ar\/crrii\/index.php?rest_route=%2Fwp%2Fv2%2Fcomments&post=609"}],"version-history":[{"count":0,"href":"https:\/\/congresos.unlp.edu.ar\/crrii\/index.php?rest_route=\/wp\/v2\/pages\/609\/revisions"}],"wp:attachment":[{"href":"https:\/\/congresos.unlp.edu.ar\/crrii\/index.php?rest_route=%2Fwp%2Fv2%2Fmedia&parent=609"}],"curies":[{"name":"wp","href":"https:\/\/api.w.org\/{rel}","templated":true}]}}