{"id":1953,"date":"2026-03-26T11:57:35","date_gmt":"2026-03-26T14:57:35","guid":{"rendered":"https:\/\/congresos.unlp.edu.ar\/crrii?page_id=1953"},"modified":"2026-03-26T12:24:07","modified_gmt":"2026-03-26T15:24:07","slug":"circular-no-1-2026","status":"publish","type":"page","link":"https:\/\/congresos.unlp.edu.ar\/crrii?page_id=1953","title":{"rendered":"Circular n\u00ba 1 2026"},"content":{"rendered":"<p>25, 26 y 27 de noviembre del 2026<\/p>\n<p><span style=\"color: #003300\"><strong><em>40 a\u00f1os de formaci\u00f3n ininterrumpida de posgrado en el campo de las Relaciones Internacionales<\/em><\/strong><\/span><\/p>\n<h3><strong><em>Geopol\u00edtica de la incertidumbre: <\/em><\/strong><em>reconfiguraciones del orden global e impactos regionales.<\/em><\/h3>\n<p>El <strong>Instituto de Relaciones Internacionales<\/strong> de la Universidad Nacional de La Plata convoca a su <em>XIII Congreso de Relaciones Internacionales<\/em> a realizarse los d\u00edas 25, 26 y 27 de noviembre del 2026.<\/p>\n<p>Los <strong>ejes tem\u00e1ticos<\/strong> del Congreso son los siguientes:<\/p>\n<ul>\n<li><strong>Relaciones Pol\u00edticas Internacionales<\/strong><\/li>\n<li><strong>Relaciones Econ\u00f3micas Internacionales<\/strong><\/li>\n<li><strong>La Seguridad Internacional<\/strong><\/li>\n<li><strong>Nuevos Desarrollos Jur\u00eddicos Internacionales<\/strong><\/li>\n<li><strong>La Cooperaci\u00f3n Internacional<\/strong><\/li>\n<li><strong>Procesos de integraci\u00f3n regional<\/strong><\/li>\n<li><strong>Derechos Humanos en el orden internacional<\/strong><\/li>\n<li><strong>G\u00e9nero(s) y Relaciones Internacionales<\/strong><\/li>\n<li><strong>Metodolog\u00eda de la Investigaci\u00f3n<\/strong><\/li>\n<li><strong>Inteligencia artificial<\/strong><\/li>\n<\/ul>\n<p>Para mayor informaci\u00f3n escr\u00edbanos a <a href=\"mailto:congreso@iri.edu.ar\">congreso@iri.edu.ar<\/a><\/p>\n<h6><strong>COMIT\u00c9 ORGANIZADOR<\/strong><\/h6>\n<p><strong>Director<\/strong><br \/>\nNorberto Consani<\/p>\n<p><strong>Coordinador General<\/strong><br \/>\nEmiliano Dreon<\/p>\n<p><strong>Colaboradores<br \/>\n<\/strong>Laura Bogado Bordazar<br \/>\nJuana Alvarez Eiras<br \/>\nGeorgina Gioiosa<br \/>\nCelina Manso<br \/>\nCristian Reyes<br \/>\nEzequiel Ramoneda<br \/>\nCelina de la Concepci\u00f3n<br \/>\nNoeli Scarpelli<\/p>\n<p>&nbsp;<\/p>\n<p>&nbsp;<\/p>\n","protected":false},"excerpt":{"rendered":"<p>25, 26 y 27 de noviembre del 2026 40 a\u00f1os de formaci\u00f3n ininterrumpida de posgrado en el campo de las Relaciones Internacionales Geopol\u00edtica de la incertidumbre: reconfiguraciones del orden global e impactos regionales. El Instituto de Relaciones Internacionales de la Universidad Nacional de La Plata convoca a su XIII Congreso de Relaciones Internacionales a realizarse [&hellip;]<\/p>\n","protected":false},"author":92,"featured_media":0,"parent":0,"menu_order":0,"comment_status":"closed","ping_status":"closed","template":"","meta":{"advgb_blocks_editor_width":"","advgb_blocks_columns_visual_guide":"","footnotes":""},"class_list":["post-1953","page","type-page","status-publish","hentry","post"],"aioseo_notices":[],"coauthors":[],"author_meta":{"author_link":"https:\/\/congresos.unlp.edu.ar\/crrii\/?author=92","display_name":"juana"},"relative_dates":{"created":"Posted 1 semana ago","modified":"Updated 1 semana ago"},"absolute_dates":{"created":"Posted on ","modified":"Updated on "},"absolute_dates_time":{"created":"Posted on  ","modified":"Updated on  "},"featured_img_caption":"","featured_img":false,"series_order":"","_links":{"self":[{"href":"https:\/\/congresos.unlp.edu.ar\/crrii\/index.php?rest_route=\/wp\/v2\/pages\/1953","targetHints":{"allow":["GET"]}}],"collection":[{"href":"https:\/\/congresos.unlp.edu.ar\/crrii\/index.php?rest_route=\/wp\/v2\/pages"}],"about":[{"href":"https:\/\/congresos.unlp.edu.ar\/crrii\/index.php?rest_route=\/wp\/v2\/types\/page"}],"author":[{"embeddable":true,"href":"https:\/\/congresos.unlp.edu.ar\/crrii\/index.php?rest_route=\/wp\/v2\/users\/92"}],"replies":[{"embeddable":true,"href":"https:\/\/congresos.unlp.edu.ar\/crrii\/index.php?rest_route=%2Fwp%2Fv2%2Fcomments&post=1953"}],"version-history":[{"count":0,"href":"https:\/\/congresos.unlp.edu.ar\/crrii\/index.php?rest_route=\/wp\/v2\/pages\/1953\/revisions"}],"wp:attachment":[{"href":"https:\/\/congresos.unlp.edu.ar\/crrii\/index.php?rest_route=%2Fwp%2Fv2%2Fmedia&parent=1953"}],"curies":[{"name":"wp","href":"https:\/\/api.w.org\/{rel}","templated":true}]}}