{"id":95,"date":"2023-09-19T19:47:55","date_gmt":"2023-09-19T22:47:55","guid":{"rendered":"https:\/\/congresos.unlp.edu.ar\/congresohica\/?page_id=95"},"modified":"2023-09-19T19:50:00","modified_gmt":"2023-09-19T22:50:00","slug":"prorroga-extended-deadline","status":"publish","type":"page","link":"https:\/\/congresos.unlp.edu.ar\/congresohica\/prorroga-extended-deadline\/","title":{"rendered":"Pr\u00f3rroga"},"content":{"rendered":"<p><strong>ES\/<\/strong><\/p>\n<p style=\"font-weight: 400\">El Comit\u00e9 Organizador del\u00a0I Congreso Internacional HiCA &#8211; Historia de las construcciones en altura ha decidido establecer una pr\u00f3rroga para el envio de los res\u00famenes.<\/p>\n<p style=\"font-weight: 400\">El nuevo plazo es el 30 de octubre de 2023.<\/p>\n<p style=\"font-weight: 400\">Se recuerda que los res\u00famenes se podr\u00e1n presentar en espa\u00f1ol, franc\u00e9s, ingl\u00e9s o portugu\u00e9s, con una extensi\u00f3n m\u00e1xima de 500 palabras. Deber\u00e1 indicarse en nombre\/s del\/de los\/las autor\/es\/as, su pertenencia institucional y correo electr\u00f3nico. Se recibir\u00e1 \u00fanicamente una propuesta por autor\/a o por autores\/as en caso de propuestas colectivas. Se permiten hasta 3 (tres) autores\/as por trabajo.<\/p>\n<p style=\"font-weight: 400\">El archivo de los res\u00famenes deber\u00e1 tener la siguiente forma: apellido de\/los autor\/res, seguido del eje tem\u00e1tico en el que se inscribe (ejemplo: Gonzalez \u2013 eje 3).<\/p>\n<p style=\"font-weight: 400\">Los ejes tem\u00e1ticos son:<\/p>\n<p style=\"font-weight: 400\">1)\u00a0Nuevas perspectivas historiogr\u00e1ficas<\/p>\n<p style=\"font-weight: 400\">2)\u00a0Im\u00e1genes de la construcci\u00f3n en altura: utop\u00edas, representaciones<\/p>\n<p style=\"font-weight: 400\">3)\u00a0Programas y tipolog\u00edas de la metr\u00f3poli moderna<\/p>\n<p style=\"font-weight: 400\">4)\u00a0Tecnolog\u00edas y saberes relacionados a las construcciones en altura<\/p>\n<p style=\"font-weight: 400\">5)\u00a0Instituciones, normativa<\/p>\n<p style=\"font-weight: 400\">El comit\u00e9 organizador<\/p>\n<p style=\"font-weight: 400\"><strong>En\/<\/strong><\/p>\n<p style=\"font-weight: 400\">The organizing Committee of the I HiCA International Conference- Historia de las construcciones en altura- has decided to extend the call for papers deadline.<\/p>\n<p style=\"font-weight: 400\">The new deadline is October 30th 2023<\/p>\n<p style=\"font-weight: 400\">Abstract length: up to 500 words. A maximum of three authors will be allowed for each proposal. Papers can be submitted in Spanish, French, English or Portuguese. Proposals must include the following information: thematic area, paper title, name\/s of author\/s, institution\/s of the author\/s, email of all authors.<\/p>\n<p style=\"font-weight: 400\">The abstract file must have the following form: surname of the author(s), followed by the selected thematic area (example: Gonzalez \u2013 area 3).<\/p>\n<p style=\"font-weight: 400\">The thematic areas are:<\/p>\n<p style=\"font-weight: 400\">1)\u00a0New historiographical perspectives.<\/p>\n<p style=\"font-weight: 400\">2)\u00a0Images of high-rise architecture: utopias and representations<\/p>\n<p style=\"font-weight: 400\">3)\u00a0Projects and typologies of the modern city<\/p>\n<p style=\"font-weight: 400\">4)\u00a0high-rise architecture technologies and knowledge<\/p>\n<p style=\"font-weight: 400\">5)\u00a0Institutions and regulations<\/p>\n<p style=\"font-weight: 400\">The organizing committe<\/p>\n","protected":false},"excerpt":{"rendered":"<p>ES\/ El Comit\u00e9 Organizador del\u00a0I Congreso Internacional HiCA &#8211; Historia de las construcciones en altura ha decidido establecer una pr\u00f3rroga para el envio de los res\u00famenes. El nuevo plazo es el 30 de octubre de 2023. Se recuerda que los res\u00famenes se podr\u00e1n presentar en espa\u00f1ol, franc\u00e9s, ingl\u00e9s o portugu\u00e9s, con una extensi\u00f3n m\u00e1xima de [&hellip;]<\/p>\n","protected":false},"author":198,"featured_media":0,"parent":0,"menu_order":0,"comment_status":"closed","ping_status":"closed","template":"","meta":{"advgb_blocks_editor_width":"","advgb_blocks_columns_visual_guide":"","footnotes":""},"class_list":["post-95","page","type-page","status-publish","hentry","post"],"aioseo_notices":[],"coauthors":[],"author_meta":{"author_link":"https:\/\/congresos.unlp.edu.ar\/congresohica\/author\/anabrandoni\/","display_name":"anabrandoni"},"relative_dates":{"created":"Posted 3 a\u00f1os ago","modified":"Updated 3 a\u00f1os ago"},"absolute_dates":{"created":"Posted on 19 septiembre, 2023","modified":"Updated on 19 septiembre, 2023"},"absolute_dates_time":{"created":"Posted on 19 septiembre, 2023 7:47 pm","modified":"Updated on 19 septiembre, 2023 7:50 pm"},"featured_img_caption":"","featured_img":false,"series_order":"","_links":{"self":[{"href":"https:\/\/congresos.unlp.edu.ar\/congresohica\/wp-json\/wp\/v2\/pages\/95","targetHints":{"allow":["GET"]}}],"collection":[{"href":"https:\/\/congresos.unlp.edu.ar\/congresohica\/wp-json\/wp\/v2\/pages"}],"about":[{"href":"https:\/\/congresos.unlp.edu.ar\/congresohica\/wp-json\/wp\/v2\/types\/page"}],"author":[{"embeddable":true,"href":"https:\/\/congresos.unlp.edu.ar\/congresohica\/wp-json\/wp\/v2\/users\/198"}],"replies":[{"embeddable":true,"href":"https:\/\/congresos.unlp.edu.ar\/congresohica\/wp-json\/wp\/v2\/comments?post=95"}],"version-history":[{"count":0,"href":"https:\/\/congresos.unlp.edu.ar\/congresohica\/wp-json\/wp\/v2\/pages\/95\/revisions"}],"wp:attachment":[{"href":"https:\/\/congresos.unlp.edu.ar\/congresohica\/wp-json\/wp\/v2\/media?parent=95"}],"curies":[{"name":"wp","href":"https:\/\/api.w.org\/{rel}","templated":true}]}}