{"id":53,"date":"2023-08-09T12:19:54","date_gmt":"2023-08-09T15:19:54","guid":{"rendered":"https:\/\/congresos.unlp.edu.ar\/congresohica\/?page_id=53"},"modified":"2024-09-27T08:12:42","modified_gmt":"2024-09-27T11:12:42","slug":"auspiciantes","status":"publish","type":"page","link":"https:\/\/congresos.unlp.edu.ar\/congresohica\/auspiciantes\/","title":{"rendered":"Acompa\u00f1an"},"content":{"rendered":"<p><strong>MORA caf\u00e9, pasteler\u00eda &amp; eventos<\/strong><br \/>\nPlaza Belgrano n\u00b037, City Bell<br \/>\n<em>Datos de Contacto<\/em><br \/>\n@mora_gourmet<br \/>\n<a href=\"https:\/\/linktr.ee\/mora_gourmet\">https:\/\/linktr.ee\/mora_gourmet<\/a><\/p>\n<p><strong>Librer\u00eda T\u00e9cnica CP67<\/strong><br \/>\nFlorida 683 local 18 (1005), CABA<br \/>\n<em>Datos de Contacto<\/em><br \/>\ncp67@cp67.com<br \/>\n011 4314-6303<\/p>\n<p><strong>El Emporio del Terciado<\/strong><br \/>\nCalle 39 n\u00ba 823 e\/ 11 y 12, La Plata<br \/>\n<em>Datos de Contacto<\/em><br \/>\n<a href=\"https:\/\/www.emporiodelterciado.com.ar\/\">https:\/\/www.emporiodelterciado.com.ar\/<\/a><br \/>\nemporio@emporiodelterciado.com.ar<br \/>\n0221 482 1100<\/p>\n<p><strong>FUNDACI\u00d3N LOS AMIGOS DEL PALACIO BAROLO<\/strong><br \/>\nAv. De Mayo 1370 &#8211; CABA<br \/>\n<em>Datos de Contacto<\/em><br \/>\n<a href=\"http:\/\/www.palaciobarolotours.com.ar\">www.palaciobarolotours.com.ar<\/a><br \/>\n011 6915-2385<\/p>\n<p><strong>Cer\u00e1micos La Plata<\/strong><br \/>\nAv. 122 n\u00b0 1150 La Plata<br \/>\n<em>Datos de Contacto<\/em><br \/>\n<a href=\"https:\/\/ceramicoslaplata.com\/\">https:\/\/ceramicoslaplata.com\/<\/a><br \/>\nconsultas@ceramicoslaplata.com.ar<br \/>\n221 412 3001<\/p>\n<p><strong>CAI. Content Authenticity Initiative<\/strong><br \/>\n<em>Datos de Contacto<\/em><br \/>\n<a href=\"https:\/\/contentauthenticity.org\/\">https:\/\/contentauthenticity.org\/<\/a><br \/>\n911 4447 1694<br \/>\nmateo.heras@contentauthenticity.org<\/p>\n<p><strong>Ente Municipal para la Actividad Tur\u00edstica (EMATUR)<\/strong><br \/>\nDiagonal 79 e\/ 56 y 5, La Plata<br \/>\n<em>Datos de Contacto<\/em><br \/>\nturismo@laplata.gob.ar<br \/>\n221 489 5602<\/p>\n","protected":false},"excerpt":{"rendered":"<p>MORA caf\u00e9, pasteler\u00eda &amp; eventos Plaza Belgrano n\u00b037, City Bell Datos de Contacto @mora_gourmet https:\/\/linktr.ee\/mora_gourmet Librer\u00eda T\u00e9cnica CP67 Florida 683 local 18 (1005), CABA Datos de Contacto cp67@cp67.com 011 4314-6303 El Emporio del Terciado Calle 39 n\u00ba 823 e\/ 11 y 12, La Plata Datos de Contacto https:\/\/www.emporiodelterciado.com.ar\/ emporio@emporiodelterciado.com.ar 0221 482 1100 FUNDACI\u00d3N LOS AMIGOS [&hellip;]<\/p>\n","protected":false},"author":198,"featured_media":0,"parent":0,"menu_order":0,"comment_status":"closed","ping_status":"closed","template":"","meta":{"advgb_blocks_editor_width":"","advgb_blocks_columns_visual_guide":"","footnotes":""},"class_list":["post-53","page","type-page","status-publish","hentry","post"],"aioseo_notices":[],"coauthors":[],"author_meta":{"author_link":"https:\/\/congresos.unlp.edu.ar\/congresohica\/author\/anabrandoni\/","display_name":"anabrandoni"},"relative_dates":{"created":"Posted 3 a\u00f1os ago","modified":"Updated 2 a\u00f1os ago"},"absolute_dates":{"created":"Posted on 9 agosto, 2023","modified":"Updated on 27 septiembre, 2024"},"absolute_dates_time":{"created":"Posted on 9 agosto, 2023 12:19 pm","modified":"Updated on 27 septiembre, 2024 8:12 am"},"featured_img_caption":"","featured_img":false,"series_order":"","_links":{"self":[{"href":"https:\/\/congresos.unlp.edu.ar\/congresohica\/wp-json\/wp\/v2\/pages\/53","targetHints":{"allow":["GET"]}}],"collection":[{"href":"https:\/\/congresos.unlp.edu.ar\/congresohica\/wp-json\/wp\/v2\/pages"}],"about":[{"href":"https:\/\/congresos.unlp.edu.ar\/congresohica\/wp-json\/wp\/v2\/types\/page"}],"author":[{"embeddable":true,"href":"https:\/\/congresos.unlp.edu.ar\/congresohica\/wp-json\/wp\/v2\/users\/198"}],"replies":[{"embeddable":true,"href":"https:\/\/congresos.unlp.edu.ar\/congresohica\/wp-json\/wp\/v2\/comments?post=53"}],"version-history":[{"count":0,"href":"https:\/\/congresos.unlp.edu.ar\/congresohica\/wp-json\/wp\/v2\/pages\/53\/revisions"}],"wp:attachment":[{"href":"https:\/\/congresos.unlp.edu.ar\/congresohica\/wp-json\/wp\/v2\/media?parent=53"}],"curies":[{"name":"wp","href":"https:\/\/api.w.org\/{rel}","templated":true}]}}