{"id":46,"date":"2023-08-09T11:49:25","date_gmt":"2023-08-09T14:49:25","guid":{"rendered":"https:\/\/congresos.unlp.edu.ar\/congresohica\/?page_id=46"},"modified":"2024-03-21T17:12:28","modified_gmt":"2024-03-21T20:12:28","slug":"lugares-de-interes","status":"publish","type":"page","link":"https:\/\/congresos.unlp.edu.ar\/congresohica\/lugares-de-interes\/","title":{"rendered":"Lugares de inter\u00e9s"},"content":{"rendered":"<p>En el siguiente enlace podr\u00e1n acceder a un mapa gu\u00eda de la ciudad de La Plata<\/p>\n<p><a href=\"https:\/\/drive.google.com\/drive\/folders\/1h79YyLCLnh2Mx0G4Pf38KwYOVWiaBeLB?usp=sharing\">https:\/\/drive.google.com\/drive\/folders\/1h79YyLCLnh2Mx0G4Pf38KwYOVWiaBeLB?usp=sharing<\/a><\/p>\n<p>&nbsp;<\/p>\n","protected":false},"excerpt":{"rendered":"<p>En el siguiente enlace podr\u00e1n acceder a un mapa gu\u00eda de la ciudad de La Plata https:\/\/drive.google.com\/drive\/folders\/1h79YyLCLnh2Mx0G4Pf38KwYOVWiaBeLB?usp=sharing &nbsp;<\/p>\n","protected":false},"author":2,"featured_media":0,"parent":0,"menu_order":0,"comment_status":"closed","ping_status":"closed","template":"","meta":{"advgb_blocks_editor_width":"","advgb_blocks_columns_visual_guide":"","footnotes":""},"class_list":["post-46","page","type-page","status-publish","hentry","post"],"aioseo_notices":[],"coauthors":[],"author_meta":{"author_link":"https:\/\/congresos.unlp.edu.ar\/congresohica\/author\/congresos\/","display_name":"congresos"},"relative_dates":{"created":"Posted 3 a\u00f1os ago","modified":"Updated 2 a\u00f1os ago"},"absolute_dates":{"created":"Posted on 9 agosto, 2023","modified":"Updated on 21 marzo, 2024"},"absolute_dates_time":{"created":"Posted on 9 agosto, 2023 11:49 am","modified":"Updated on 21 marzo, 2024 5:12 pm"},"featured_img_caption":"","featured_img":false,"series_order":"","_links":{"self":[{"href":"https:\/\/congresos.unlp.edu.ar\/congresohica\/wp-json\/wp\/v2\/pages\/46","targetHints":{"allow":["GET"]}}],"collection":[{"href":"https:\/\/congresos.unlp.edu.ar\/congresohica\/wp-json\/wp\/v2\/pages"}],"about":[{"href":"https:\/\/congresos.unlp.edu.ar\/congresohica\/wp-json\/wp\/v2\/types\/page"}],"author":[{"embeddable":true,"href":"https:\/\/congresos.unlp.edu.ar\/congresohica\/wp-json\/wp\/v2\/users\/2"}],"replies":[{"embeddable":true,"href":"https:\/\/congresos.unlp.edu.ar\/congresohica\/wp-json\/wp\/v2\/comments?post=46"}],"version-history":[{"count":0,"href":"https:\/\/congresos.unlp.edu.ar\/congresohica\/wp-json\/wp\/v2\/pages\/46\/revisions"}],"wp:attachment":[{"href":"https:\/\/congresos.unlp.edu.ar\/congresohica\/wp-json\/wp\/v2\/media?parent=46"}],"curies":[{"name":"wp","href":"https:\/\/api.w.org\/{rel}","templated":true}]}}