{"id":24,"date":"2026-03-04T11:13:31","date_gmt":"2026-03-04T14:13:31","guid":{"rendered":"https:\/\/congresos.unlp.edu.ar\/congresoestudioschinos\/?page_id=24"},"modified":"2026-04-13T19:30:25","modified_gmt":"2026-04-13T22:30:25","slug":"ediciones-anteriores","status":"publish","type":"page","link":"https:\/\/congresos.unlp.edu.ar\/congresoestudioschinos\/ediciones-anteriores\/","title":{"rendered":"Ediciones anteriores"},"content":{"rendered":"<div id=\"pl-24\"  class=\"panel-layout\" ><div id=\"pg-24-0\"  class=\"panel-grid panel-no-style\" ><div id=\"pgc-24-0-0\"  class=\"panel-grid-cell\" ><div id=\"panel-24-0-0-0\" class=\"so-panel widget widget_sow-editor panel-first-child panel-last-child\" data-index=\"0\" ><div\n\t\t\t\n\t\t\tclass=\"so-widget-sow-editor so-widget-sow-editor-base\"\n\t\t\t\n\t\t>\n<div class=\"siteorigin-widget-tinymce textwidget\">\n\t<p><del datetime=\"2026-04-13T22:09:33+00:00\"><\/del><\/p>\n<\/div>\n<\/div><\/div><\/div><\/div><div id=\"pg-24-1\"  class=\"panel-grid panel-no-style\" ><div id=\"pgc-24-1-0\"  class=\"panel-grid-cell\" ><div id=\"panel-24-1-0-0\" class=\"so-panel widget widget_media_image panel-first-child panel-last-child\" data-index=\"1\" ><img loading=\"lazy\" decoding=\"async\" width=\"300\" height=\"169\" src=\"https:\/\/congresos.unlp.edu.ar\/congresoestudioschinos\/wp-content\/uploads\/sites\/108\/2026\/04\/maxresdefault-300x169.jpg\" class=\"image wp-image-127  attachment-medium size-medium\" alt=\"\" style=\"max-width: 100%; height: auto;\" srcset=\"https:\/\/congresos.unlp.edu.ar\/congresoestudioschinos\/wp-content\/uploads\/sites\/108\/2026\/04\/maxresdefault-300x169.jpg 300w, https:\/\/congresos.unlp.edu.ar\/congresoestudioschinos\/wp-content\/uploads\/sites\/108\/2026\/04\/maxresdefault-1024x576.jpg 1024w, https:\/\/congresos.unlp.edu.ar\/congresoestudioschinos\/wp-content\/uploads\/sites\/108\/2026\/04\/maxresdefault-768x432.jpg 768w, https:\/\/congresos.unlp.edu.ar\/congresoestudioschinos\/wp-content\/uploads\/sites\/108\/2026\/04\/maxresdefault.jpg 1280w\" sizes=\"auto, (max-width: 300px) 100vw, 300px\" \/><\/div><\/div><div id=\"pgc-24-1-1\"  class=\"panel-grid-cell\" ><div id=\"panel-24-1-1-0\" class=\"so-panel widget widget_text panel-first-child panel-last-child\" data-index=\"2\" ><h3 class=\"widget-title\">3\u00b0 Congreso Latinoamericano de Estudios Chinos (2024)<\/h3>\t\t\t<div class=\"textwidget\"><p>El III Congreso Latinoamericano de Estudios Chinos fue realizado el 14 y 15 de agosto pasado por la Universidad Nacional de La Plata junto con el Centro de Estudios Chinos (CeChino) del Instituto de Relaciones Internacionales (IRI) de la UNLP y el Instituto Confucio. Tambi\u00e9n colaboraron la Jiangxi Academy of Social Sciences de China, la Latin American Research Academy on Community with a Shared Future and Belt and Road Initiative (ICSF- Communication University of China\/IRI-UNLP) y la Fudan-Latin America University Consortium (FLAUC). Su lema fue \u201cDiez a\u00f1os de Asociaci\u00f3n estrat\u00e9gica integral entre China y Argentina: construyendo una Comunidad Humana de Futuro Compartido entre China y Am\u00e9rica Latina\u201d.<\/p>\n<p>Inaugurado por altas autoridades locales y de la Embajada china en Argentina, junto a acad\u00e9micos de ambos pa\u00edses, latinoamericanos y europeos, cont\u00f3 con varios ejes tem\u00e1ticos, conferencias, presentaci\u00f3n de libros e investigaciones y mesas de debate, de todo lo cual participaron 150 personas con 80 ponencias de esos pa\u00edses. La Conferencia titulada \u201cDiez a\u00f1os de Asociaci\u00f3n estrat\u00e9gica integral entre China y Argentina: construyendo una Comunidad Humana de Futuro Compartido entre China y Am\u00e9rica Latina\u201d, ofici\u00f3 como cierre con la presencia de un panel de expertos.<\/p>\n<p>En el cierre, los directores del IRI-UNLP y del CeChino, Norberto Consani y Francesca Staiano, valoraron que el III Congreso Latinoamericano de Estudios Chinos hubiera servido como marco para impulsar un nuevo humanismo acad\u00e9mico y una comunidad de destino compartido para la humanidad.<\/p>\n<p>El programa del evento puede encontrase aqu\u00ed:<\/p>\n<p><a href=\"https:\/\/drive.google.com\/file\/d\/19ksPccSBwmywJpgtGJv9bQYdF03FXUtC\/\">https:\/\/drive.google.com\/file\/d\/19ksPccSBwmywJpgtGJv9bQYdF03FXUtC\/<\/a><\/p>\n<\/div>\n\t\t<\/div><\/div><\/div><div id=\"pg-24-2\"  class=\"panel-grid panel-no-style\" ><div id=\"pgc-24-2-0\"  class=\"panel-grid-cell\" ><div id=\"panel-24-2-0-0\" class=\"so-panel widget widget_media_image panel-first-child panel-last-child\" data-index=\"3\" ><img loading=\"lazy\" decoding=\"async\" width=\"300\" height=\"149\" src=\"https:\/\/congresos.unlp.edu.ar\/congresoestudioschinos\/wp-content\/uploads\/sites\/108\/2026\/04\/Sin-titulo-1-300x149.jpg\" class=\"image wp-image-125  attachment-medium size-medium\" alt=\"\" style=\"max-width: 100%; height: auto;\" srcset=\"https:\/\/congresos.unlp.edu.ar\/congresoestudioschinos\/wp-content\/uploads\/sites\/108\/2026\/04\/Sin-titulo-1-300x149.jpg 300w, https:\/\/congresos.unlp.edu.ar\/congresoestudioschinos\/wp-content\/uploads\/sites\/108\/2026\/04\/Sin-titulo-1-768x382.jpg 768w, https:\/\/congresos.unlp.edu.ar\/congresoestudioschinos\/wp-content\/uploads\/sites\/108\/2026\/04\/Sin-titulo-1.jpg 935w\" sizes=\"auto, (max-width: 300px) 100vw, 300px\" \/><\/div><\/div><div id=\"pgc-24-2-1\"  class=\"panel-grid-cell\" ><div id=\"panel-24-2-1-0\" class=\"so-panel widget widget_text panel-first-child panel-last-child\" data-index=\"4\" ><h3 class=\"widget-title\">2\u00b0 Congreso Latinoamericano de Estudios Chinos (2019)<\/h3>\t\t\t<div class=\"textwidget\"><p>Realizado el 20 y 21 de agosto de 2019, organizado por el Instituto Confucio UNLP y el Centro de Estudios Chinos IRI-UNLP, cont\u00f3 con la participaci\u00f3n de la Academia China de Ciencias Sociales de Shanghai y Beijing, el CARI, la XISU University y el CRICAL. El lema fue &#8220;La innovaci\u00f3n china en la gobernanza global: su impacto en Am\u00e9rica Latina&#8221;. El acto de inauguraci\u00f3n cont\u00f3 con la presencia del vicepresidente Acad\u00e9mico de la UNLP, Mart\u00edn L\u00f3pez Armengol, el decano de la Facultad de Ciencias Jur\u00eddicas y Sociales, Miguel Berri, F\u00e9lix Pe\u00f1a (Fundaci\u00f3n ICBC), el director del Instituto Confucio UNLP, Li Fang Jun (XISU), Eduardo Sadous, del Consejo Argentino de Relaciones Internacionales (CARI) y Li Kaisheng, de la Academia de Ciencias Sociales de Shanghai (SASS).<\/p>\n<p>El programa del evento puede encontrase aqu\u00ed: <a href=\"https:\/\/unlp.edu.ar\/institucional\/segundo-congreso-latinoamericano-de-estudios-chinos-en-la-unlp-16568-21568\/\">https:\/\/unlp.edu.ar\/institucional\/segundo-congreso-latinoamericano-de-estudios-chinos-en-la-unlp-16568-21568\/<\/a><\/p>\n<\/div>\n\t\t<\/div><\/div><\/div><div id=\"pg-24-3\"  class=\"panel-grid panel-no-style\" ><div id=\"pgc-24-3-0\"  class=\"panel-grid-cell\" ><div id=\"panel-24-3-0-0\" class=\"so-panel widget widget_media_image panel-first-child panel-last-child\" data-index=\"5\" ><img loading=\"lazy\" decoding=\"async\" width=\"300\" height=\"200\" src=\"https:\/\/congresos.unlp.edu.ar\/congresoestudioschinos\/wp-content\/uploads\/sites\/108\/2026\/04\/a405131eef8a239499d1fe9ac0ae5ed8-300x200.jpg\" class=\"image wp-image-123  attachment-medium size-medium\" alt=\"\" style=\"max-width: 100%; height: auto;\" srcset=\"https:\/\/congresos.unlp.edu.ar\/congresoestudioschinos\/wp-content\/uploads\/sites\/108\/2026\/04\/a405131eef8a239499d1fe9ac0ae5ed8-300x200.jpg 300w, https:\/\/congresos.unlp.edu.ar\/congresoestudioschinos\/wp-content\/uploads\/sites\/108\/2026\/04\/a405131eef8a239499d1fe9ac0ae5ed8-768x511.jpg 768w, https:\/\/congresos.unlp.edu.ar\/congresoestudioschinos\/wp-content\/uploads\/sites\/108\/2026\/04\/a405131eef8a239499d1fe9ac0ae5ed8-272x182.jpg 272w, https:\/\/congresos.unlp.edu.ar\/congresoestudioschinos\/wp-content\/uploads\/sites\/108\/2026\/04\/a405131eef8a239499d1fe9ac0ae5ed8.jpg 800w\" sizes=\"auto, (max-width: 300px) 100vw, 300px\" \/><\/div><\/div><div id=\"pgc-24-3-1\"  class=\"panel-grid-cell\" ><div id=\"panel-24-3-1-0\" class=\"so-panel widget widget_text panel-first-child panel-last-child\" data-index=\"6\" ><h3 class=\"widget-title\">1\u00b0 Congreso Latinoamericano de Estudios Chinos (2011)<\/h3>\t\t\t<div class=\"textwidget\"><p>Realizado el 10 y 11 de noviembre de 2011, cont\u00f3 con la participaci\u00f3n de m\u00e1s de un centenar de docentes, investigadores y acad\u00e9micos de toda Am\u00e9rica Latina y Europa. El acto de inauguraci\u00f3n del Congreso estuvo encabezado por el decano de la Facultad de Ciencias Jur\u00eddicas y Sociales, Hern\u00e1n G\u00f3mez, el director del Instituto de Relaciones Internacionales de la UNLP, Norberto Consani, y el embajador de la Rep\u00fablica Popular China, Yin Hengmin. Previamente, el vicepresidente del \u00c1rea Institucional de la casa de estudios, Ra\u00fal Perdomo, recibi\u00f3 al embajador en su despacho. All\u00ed estuvo presente adem\u00e1s el intendente municipal, Pablo Bruera.\u00a0 La conferencia inaugural del congreso estuvo a cargo del profesor Song Xiaoping, representante del Instituto de Am\u00e9rica Latina, de la Academia de Ciencias Sociales de Beijing, quien disert\u00f3 sobre: \u201cMundo armonioso y China en desarrollo pac\u00edfico\u201d.<\/p>\n<p>El programa del evento puede encontrase aqu\u00ed: <a href=\"https:\/\/www.politica-china.org\/primer-congreso-latinoamericano-de-estudios-chinos\/\">https:\/\/www.politica-china.org\/primer-congreso-latinoamericano-de-estudios-chinos\/<\/a><\/p>\n<\/div>\n\t\t<\/div><\/div><\/div><\/div>","protected":false},"excerpt":{"rendered":"<p>El III Congreso Latinoamericano de Estudios Chinos fue realizado el 14 y 15 de agosto pasado por la Universidad Nacional de La Plata junto con el Centro de Estudios Chinos (CeChino) del Instituto de Relaciones Internacionales (IRI) de la UNLP y el Instituto Confucio. Tambi\u00e9n colaboraron la Jiangxi Academy of Social Sciences de China, la [&hellip;]<\/p>\n","protected":false},"author":2,"featured_media":0,"parent":0,"menu_order":0,"comment_status":"closed","ping_status":"closed","template":"","meta":{"advgb_blocks_editor_width":"","advgb_blocks_columns_visual_guide":"","footnotes":""},"class_list":["post-24","page","type-page","status-publish","hentry","post"],"aioseo_notices":[],"coauthors":[],"author_meta":{"author_link":"https:\/\/congresos.unlp.edu.ar\/congresoestudioschinos\/author\/congresos\/","display_name":"congresos"},"relative_dates":{"created":"Posted 2 meses ago","modified":"Updated 1 mes ago"},"absolute_dates":{"created":"Posted on 4 marzo, 2026","modified":"Updated on 13 abril, 2026"},"absolute_dates_time":{"created":"Posted on 4 marzo, 2026 11:13 am","modified":"Updated on 13 abril, 2026 7:30 pm"},"featured_img_caption":"","featured_img":false,"series_order":"","_links":{"self":[{"href":"https:\/\/congresos.unlp.edu.ar\/congresoestudioschinos\/wp-json\/wp\/v2\/pages\/24","targetHints":{"allow":["GET"]}}],"collection":[{"href":"https:\/\/congresos.unlp.edu.ar\/congresoestudioschinos\/wp-json\/wp\/v2\/pages"}],"about":[{"href":"https:\/\/congresos.unlp.edu.ar\/congresoestudioschinos\/wp-json\/wp\/v2\/types\/page"}],"author":[{"embeddable":true,"href":"https:\/\/congresos.unlp.edu.ar\/congresoestudioschinos\/wp-json\/wp\/v2\/users\/2"}],"replies":[{"embeddable":true,"href":"https:\/\/congresos.unlp.edu.ar\/congresoestudioschinos\/wp-json\/wp\/v2\/comments?post=24"}],"version-history":[{"count":0,"href":"https:\/\/congresos.unlp.edu.ar\/congresoestudioschinos\/wp-json\/wp\/v2\/pages\/24\/revisions"}],"wp:attachment":[{"href":"https:\/\/congresos.unlp.edu.ar\/congresoestudioschinos\/wp-json\/wp\/v2\/media?parent=24"}],"curies":[{"name":"wp","href":"https:\/\/api.w.org\/{rel}","templated":true}]}}