{"id":23,"date":"2026-03-04T11:13:31","date_gmt":"2026-03-04T14:13:31","guid":{"rendered":"https:\/\/congresos.unlp.edu.ar\/congresoestudioschinos\/?page_id=23"},"modified":"2026-03-05T14:16:26","modified_gmt":"2026-03-05T17:16:26","slug":"fechas-importantes","status":"publish","type":"page","link":"https:\/\/congresos.unlp.edu.ar\/congresoestudioschinos\/fechas-importantes\/","title":{"rendered":"Fechas importantes"},"content":{"rendered":"<p><strong>Fecha l\u00edmite para la presentaci\u00f3n de res\u00famenes<\/strong>: 1 de junio de 2026.<\/p>\n<p><strong>Fecha l\u00edmite de recepci\u00f3n de res\u00famenes ampliados para quienes deseen publicar sus trabajos en Actas<\/strong>: 30 de septiembre de 2026.<\/p>\n<p><strong>Fecha del IV Congreso Latinoamericano de Estudios Chinos<\/strong>: 19, 20 y 21 de agosto de 2026.<\/p>\n<p>&nbsp;<\/p>\n<p>&nbsp;<\/p>\n<p>&nbsp;<\/p>\n","protected":false},"excerpt":{"rendered":"<p>Fecha l\u00edmite para la presentaci\u00f3n de res\u00famenes: 1 de junio de 2026. Fecha l\u00edmite de recepci\u00f3n de res\u00famenes ampliados para quienes deseen publicar sus trabajos en Actas: 30 de septiembre de 2026. Fecha del IV Congreso Latinoamericano de Estudios Chinos: 19, 20 y 21 de agosto de 2026. &nbsp; &nbsp; &nbsp;<\/p>\n","protected":false},"author":2,"featured_media":0,"parent":0,"menu_order":0,"comment_status":"closed","ping_status":"closed","template":"","meta":{"advgb_blocks_editor_width":"","advgb_blocks_columns_visual_guide":"","footnotes":""},"class_list":["post-23","page","type-page","status-publish","hentry","post"],"aioseo_notices":[],"coauthors":[],"author_meta":{"author_link":"https:\/\/congresos.unlp.edu.ar\/congresoestudioschinos\/author\/congresos\/","display_name":"congresos"},"relative_dates":{"created":"Posted 2 meses ago","modified":"Updated 2 meses ago"},"absolute_dates":{"created":"Posted on 4 marzo, 2026","modified":"Updated on 5 marzo, 2026"},"absolute_dates_time":{"created":"Posted on 4 marzo, 2026 11:13 am","modified":"Updated on 5 marzo, 2026 2:16 pm"},"featured_img_caption":"","featured_img":false,"series_order":"","_links":{"self":[{"href":"https:\/\/congresos.unlp.edu.ar\/congresoestudioschinos\/wp-json\/wp\/v2\/pages\/23","targetHints":{"allow":["GET"]}}],"collection":[{"href":"https:\/\/congresos.unlp.edu.ar\/congresoestudioschinos\/wp-json\/wp\/v2\/pages"}],"about":[{"href":"https:\/\/congresos.unlp.edu.ar\/congresoestudioschinos\/wp-json\/wp\/v2\/types\/page"}],"author":[{"embeddable":true,"href":"https:\/\/congresos.unlp.edu.ar\/congresoestudioschinos\/wp-json\/wp\/v2\/users\/2"}],"replies":[{"embeddable":true,"href":"https:\/\/congresos.unlp.edu.ar\/congresoestudioschinos\/wp-json\/wp\/v2\/comments?post=23"}],"version-history":[{"count":0,"href":"https:\/\/congresos.unlp.edu.ar\/congresoestudioschinos\/wp-json\/wp\/v2\/pages\/23\/revisions"}],"wp:attachment":[{"href":"https:\/\/congresos.unlp.edu.ar\/congresoestudioschinos\/wp-json\/wp\/v2\/media?parent=23"}],"curies":[{"name":"wp","href":"https:\/\/api.w.org\/{rel}","templated":true}]}}