{"id":22,"date":"2026-03-04T11:13:31","date_gmt":"2026-03-04T14:13:31","guid":{"rendered":"https:\/\/congresos.unlp.edu.ar\/congresoestudioschinos\/?page_id=22"},"modified":"2026-05-01T17:45:14","modified_gmt":"2026-05-01T20:45:14","slug":"pautas","status":"publish","type":"page","link":"https:\/\/congresos.unlp.edu.ar\/congresoestudioschinos\/pautas\/","title":{"rendered":"Pautas"},"content":{"rendered":"<div><\/div>\n<div>Se aceptar\u00e1n res\u00famenes para su consideraci\u00f3n hasta el <strong>1 de junio de 2026<\/strong> indicando:<\/div>\n<ul>\n<li>T\u00edtulo,<\/li>\n<li>Autor\/es,<\/li>\n<li>Correo electr\u00f3nico<\/li>\n<li>Instituci\u00f3n a la que pertenece<\/li>\n<li>Mesa tem\u00e1tica sugerida.<\/li>\n<\/ul>\n<p>&nbsp;<\/p>\n<p><strong>El texto del resumen no debe superar las 500 palabras<\/strong>, junto con un listado de <strong>cinco palabras claves<\/strong>.<\/p>\n<div><\/div>\n<div>\n<p><strong>Las ponencias que se presenten en modalidad virtual deber\u00e1n enviarse en formato de video grabado por las personas expositoras<\/strong>. Las grabaciones deber\u00e1n remitirse con anticipaci\u00f3n al evento y estar\u00e1n disponibles en la p\u00e1gina web para su visualizaci\u00f3n. <strong>No se realizar\u00e1n presentaciones virtuales sincr\u00f3nicas<\/strong>. M\u00e1s adelante se enviar\u00e1 un instructivo con el formato y las pautas para la elaboraci\u00f3n de los videos.<\/p>\n<p><strong>La participaci\u00f3n de ponentes es libre y gratuita<\/strong>. \u00danicamente <strong>se cobrar\u00e1 un derecho a certificado<\/strong> para quienes lo soliciten: <strong>$35.000 para ponentes de Argentina y USD 30 para ponentes del exterior<\/strong>. Adem\u00e1s del pago, <strong>para acceder al certificado deber\u00e1n exponer su trabajo durante el Congreso<\/strong> (no se entregar\u00e1 certificado a quienes no asistan a presentar sus trabajos). M\u00e1s adelante compartiremos los datos bancarios para quienes lo requieran<\/p>\n<\/div>\n<div><\/div>\n<div><\/div>\n","protected":false},"excerpt":{"rendered":"<p>Se aceptar\u00e1n res\u00famenes para su consideraci\u00f3n hasta el 1 de junio de 2026 indicando: T\u00edtulo, Autor\/es, Correo electr\u00f3nico Instituci\u00f3n a la que pertenece Mesa tem\u00e1tica sugerida. &nbsp; El texto del resumen no debe superar las 500 palabras, junto con un listado de cinco palabras claves. Las ponencias que se presenten en modalidad virtual deber\u00e1n enviarse [&hellip;]<\/p>\n","protected":false},"author":2,"featured_media":0,"parent":0,"menu_order":0,"comment_status":"closed","ping_status":"closed","template":"","meta":{"advgb_blocks_editor_width":"","advgb_blocks_columns_visual_guide":"","footnotes":""},"class_list":["post-22","page","type-page","status-publish","hentry","post"],"aioseo_notices":[],"coauthors":[],"author_meta":{"author_link":"https:\/\/congresos.unlp.edu.ar\/congresoestudioschinos\/author\/congresos\/","display_name":"congresos"},"relative_dates":{"created":"Posted 2 meses ago","modified":"Updated 2 semanas ago"},"absolute_dates":{"created":"Posted on 4 marzo, 2026","modified":"Updated on 1 mayo, 2026"},"absolute_dates_time":{"created":"Posted on 4 marzo, 2026 11:13 am","modified":"Updated on 1 mayo, 2026 5:45 pm"},"featured_img_caption":"","featured_img":false,"series_order":"","_links":{"self":[{"href":"https:\/\/congresos.unlp.edu.ar\/congresoestudioschinos\/wp-json\/wp\/v2\/pages\/22","targetHints":{"allow":["GET"]}}],"collection":[{"href":"https:\/\/congresos.unlp.edu.ar\/congresoestudioschinos\/wp-json\/wp\/v2\/pages"}],"about":[{"href":"https:\/\/congresos.unlp.edu.ar\/congresoestudioschinos\/wp-json\/wp\/v2\/types\/page"}],"author":[{"embeddable":true,"href":"https:\/\/congresos.unlp.edu.ar\/congresoestudioschinos\/wp-json\/wp\/v2\/users\/2"}],"replies":[{"embeddable":true,"href":"https:\/\/congresos.unlp.edu.ar\/congresoestudioschinos\/wp-json\/wp\/v2\/comments?post=22"}],"version-history":[{"count":0,"href":"https:\/\/congresos.unlp.edu.ar\/congresoestudioschinos\/wp-json\/wp\/v2\/pages\/22\/revisions"}],"wp:attachment":[{"href":"https:\/\/congresos.unlp.edu.ar\/congresoestudioschinos\/wp-json\/wp\/v2\/media?parent=22"}],"curies":[{"name":"wp","href":"https:\/\/api.w.org\/{rel}","templated":true}]}}