{"id":21,"date":"2026-03-04T11:13:31","date_gmt":"2026-03-04T14:13:31","guid":{"rendered":"https:\/\/congresos.unlp.edu.ar\/congresoestudioschinos\/?page_id=21"},"modified":"2026-05-12T08:10:47","modified_gmt":"2026-05-12T11:10:47","slug":"circulares","status":"publish","type":"page","link":"https:\/\/congresos.unlp.edu.ar\/congresoestudioschinos\/circulares\/","title":{"rendered":"Circulares"},"content":{"rendered":"<div id=\"pl-21\"  class=\"panel-layout\" ><div id=\"pg-21-0\"  class=\"panel-grid panel-no-style\" ><div id=\"pgc-21-0-0\"  class=\"panel-grid-cell\" ><div id=\"panel-21-0-0-0\" class=\"so-panel widget widget_circleicon-widget panel-first-child panel-last-child\" data-index=\"0\" >\t\t<div class=\"circle-icon-box circle-icon-position-top circle-icon-hide-box circle-icon-size-small \">\n\t\t\t\t\t\t\t<div class=\"circle-icon-wrapper\">\n\t\t\t\t\t\t\t\t\t\t<div class=\"circle-icon\" >\n\t\t\t\t\t\t\t\t\t\t\t\t\t<div\n\t\t\t\t\t\t\t\tclass=\"fa fa-download\"\n\t\t\t\t\t\t\t\t\t\t\t\t\t\t\t><\/div>\n\t\t\t\t\t\t\t\t\t\t\t<\/div>\n\t\t\t\t\t\t\t\t\t<\/div>\n\t\t\t\n\t\t\t\t\t\t\t\t\t\n\t\t\t\t\t\t\t\t\t\t<a\n\t\t\t\t\thref=\"http:\/\/congresos.unlp.edu.ar\/congresoestudioschinos\/wp-content\/uploads\/sites\/108\/2026\/05\/Segunda-Circular-IV-Congreso-Estudios-Chinos.pdf\"\n\t\t\t\t\tclass=\"more-button\"\n\t\t\t\t\ttarget=&quot;_blank&quot;\t\t\t\t>\n\t\t\t\t\tDescargar Segunda Circular\t\t\t\t\t<i><\/i>\n\t\t\t\t<\/a>\n\t\t\t\t\t<\/div>\n\t\t<\/div><\/div><div id=\"pgc-21-0-1\"  class=\"panel-grid-cell\" ><div id=\"panel-21-0-1-0\" class=\"so-panel widget widget_text panel-first-child panel-last-child\" data-index=\"1\" >\t\t\t<div class=\"textwidget\"><p>En la <strong>Segunda Circular<\/strong> encontrar\u00e1s:<\/p>\n<ul>\n<li>Inscripci\u00f3n para asistentes.<\/li>\n<li>Actualizaci\u00f3n de las Mesas tem\u00e1ticas.<\/li>\n<li>Informaci\u00f3n sobre la presentaci\u00f3n de res\u00famenes.<\/li>\n<li>Informaci\u00f3n sobre la modalidad de participaci\u00f3n virtual.<\/li>\n<li>Informaci\u00f3n sobre certificados de asistentes y ponentes.<\/li>\n<li>Informaci\u00f3n de contacto.<\/li>\n<\/ul>\n<\/div>\n\t\t<\/div><\/div><\/div><div id=\"pg-21-1\"  class=\"panel-grid panel-no-style\" ><div id=\"pgc-21-1-0\"  class=\"panel-grid-cell\" ><div id=\"panel-21-1-0-0\" class=\"so-panel widget widget_circleicon-widget panel-first-child panel-last-child\" data-index=\"2\" >\t\t<div class=\"circle-icon-box circle-icon-position-top circle-icon-hide-box circle-icon-size-small \">\n\t\t\t\t\t\t\t<div class=\"circle-icon-wrapper\">\n\t\t\t\t\t\t\t\t\t\t<div class=\"circle-icon\" >\n\t\t\t\t\t\t\t\t\t\t\t\t\t<div\n\t\t\t\t\t\t\t\tclass=\"fa fa-download\"\n\t\t\t\t\t\t\t\t\t\t\t\t\t\t\t><\/div>\n\t\t\t\t\t\t\t\t\t\t\t<\/div>\n\t\t\t\t\t\t\t\t\t<\/div>\n\t\t\t\n\t\t\t\t\t\t\t\t\t\n\t\t\t\t\t\t\t\t\t\t<a\n\t\t\t\t\thref=\"https:\/\/drive.google.com\/file\/d\/1ja3a6HePIDSA7kDazrudEev2fduPHjgo\/view?usp=sharing\"\n\t\t\t\t\tclass=\"more-button\"\n\t\t\t\t\ttarget=&quot;_blank&quot;\t\t\t\t>\n\t\t\t\t\tDescargar Primera Circular\t\t\t\t\t<i><\/i>\n\t\t\t\t<\/a>\n\t\t\t\t\t<\/div>\n\t\t<\/div><\/div><div id=\"pgc-21-1-1\"  class=\"panel-grid-cell\" ><div id=\"panel-21-1-1-0\" class=\"so-panel widget widget_text panel-first-child panel-last-child\" data-index=\"3\" >\t\t\t<div class=\"textwidget\"><p>En la <strong>Primera Circular<\/strong> encontrar\u00e1s:<\/p>\n<ul>\n<li>Presentaci\u00f3n del Congreso.<\/li>\n<li>Organizadores e instituciones participantes.<\/li>\n<li>Antecedentes.<\/li>\n<li>Ejes tem\u00e1ticos relevantes.<\/li>\n<li>Mesas tem\u00e1ticas.<\/li>\n<li>Informaci\u00f3n sobre la presentaci\u00f3n de res\u00famenes.<\/li>\n<li>Informaci\u00f3n de contacto.<\/li>\n<\/ul>\n<\/div>\n\t\t<\/div><\/div><\/div><\/div>","protected":false},"excerpt":{"rendered":"<p>En la Segunda Circular encontrar\u00e1s: Inscripci\u00f3n para asistentes. Actualizaci\u00f3n de las Mesas tem\u00e1ticas. Informaci\u00f3n sobre la presentaci\u00f3n de res\u00famenes. Informaci\u00f3n sobre la modalidad de participaci\u00f3n virtual. Informaci\u00f3n sobre certificados de asistentes y ponentes. Informaci\u00f3n de contacto. En la Primera Circular encontrar\u00e1s: Presentaci\u00f3n del Congreso. Organizadores e instituciones participantes. Antecedentes. Ejes tem\u00e1ticos relevantes. Mesas tem\u00e1ticas. Informaci\u00f3n [&hellip;]<\/p>\n","protected":false},"author":2,"featured_media":0,"parent":0,"menu_order":0,"comment_status":"closed","ping_status":"closed","template":"","meta":{"advgb_blocks_editor_width":"","advgb_blocks_columns_visual_guide":"","footnotes":""},"class_list":["post-21","page","type-page","status-publish","hentry","post"],"aioseo_notices":[],"coauthors":[],"author_meta":{"author_link":"https:\/\/congresos.unlp.edu.ar\/congresoestudioschinos\/author\/congresos\/","display_name":"congresos"},"relative_dates":{"created":"Posted 2 meses ago","modified":"Updated 5 d\u00edas ago"},"absolute_dates":{"created":"Posted on 4 marzo, 2026","modified":"Updated on 12 mayo, 2026"},"absolute_dates_time":{"created":"Posted on 4 marzo, 2026 11:13 am","modified":"Updated on 12 mayo, 2026 8:10 am"},"featured_img_caption":"","featured_img":false,"series_order":"","_links":{"self":[{"href":"https:\/\/congresos.unlp.edu.ar\/congresoestudioschinos\/wp-json\/wp\/v2\/pages\/21","targetHints":{"allow":["GET"]}}],"collection":[{"href":"https:\/\/congresos.unlp.edu.ar\/congresoestudioschinos\/wp-json\/wp\/v2\/pages"}],"about":[{"href":"https:\/\/congresos.unlp.edu.ar\/congresoestudioschinos\/wp-json\/wp\/v2\/types\/page"}],"author":[{"embeddable":true,"href":"https:\/\/congresos.unlp.edu.ar\/congresoestudioschinos\/wp-json\/wp\/v2\/users\/2"}],"replies":[{"embeddable":true,"href":"https:\/\/congresos.unlp.edu.ar\/congresoestudioschinos\/wp-json\/wp\/v2\/comments?post=21"}],"version-history":[{"count":0,"href":"https:\/\/congresos.unlp.edu.ar\/congresoestudioschinos\/wp-json\/wp\/v2\/pages\/21\/revisions"}],"wp:attachment":[{"href":"https:\/\/congresos.unlp.edu.ar\/congresoestudioschinos\/wp-json\/wp\/v2\/media?parent=21"}],"curies":[{"name":"wp","href":"https:\/\/api.w.org\/{rel}","templated":true}]}}