{"id":17,"date":"2026-03-04T11:13:31","date_gmt":"2026-03-04T14:13:31","guid":{"rendered":"https:\/\/congresos.unlp.edu.ar\/congresoestudioschinos\/?page_id=17"},"modified":"2026-04-05T11:52:03","modified_gmt":"2026-04-05T14:52:03","slug":"comite-organizador","status":"publish","type":"page","link":"https:\/\/congresos.unlp.edu.ar\/congresoestudioschinos\/comite-organizador\/","title":{"rendered":"Comit\u00e9 organizador"},"content":{"rendered":"<p><b>Director<\/b><span style=\"font-weight: 400\">: Norberto Consani<\/span><\/p>\n<p><b>Coordinadores generales<\/b><span style=\"font-weight: 400\">: Maria Francesca Staiano, Laura Bogado Bordazar, Sebasti\u00e1n Schulz, Juan Cruz Margueliche.<\/span><\/p>\n<p><b>Responsables de \u00e1reas<\/b><span style=\"font-weight: 400\">: Long Minli, Maria Francesca Staiano, Laura Bogado Bord\u00e1zar, Gustavo Santill\u00e1n, Sebasti\u00e1n Schulz, Juan Cruz Margueliche, Jos\u00e9 Mar\u00eda Resiale, Romina Manzo, Andrea Pappier, Eduardo Williams.<\/span><\/p>\n<p><b>Colaboradores<\/b><span style=\"font-weight: 400\">: Diego Riddick, Mart\u00edn L\u00f3pez, Oriana Cherini, Romina G\u00f3mez, Abundio Gadea, Noel\u00ed Scarpelli, Juana \u00c1lvarez Eiras.<\/span><\/p>\n","protected":false},"excerpt":{"rendered":"<p>Director: Norberto Consani Coordinadores generales: Maria Francesca Staiano, Laura Bogado Bordazar, Sebasti\u00e1n Schulz, Juan Cruz Margueliche. Responsables de \u00e1reas: Long Minli, Maria Francesca Staiano, Laura Bogado Bord\u00e1zar, Gustavo Santill\u00e1n, Sebasti\u00e1n Schulz, Juan Cruz Margueliche, Jos\u00e9 Mar\u00eda Resiale, Romina Manzo, Andrea Pappier, Eduardo Williams. Colaboradores: Diego Riddick, Mart\u00edn L\u00f3pez, Oriana Cherini, Romina G\u00f3mez, Abundio Gadea, Noel\u00ed [&hellip;]<\/p>\n","protected":false},"author":2,"featured_media":0,"parent":0,"menu_order":0,"comment_status":"closed","ping_status":"closed","template":"","meta":{"advgb_blocks_editor_width":"","advgb_blocks_columns_visual_guide":"","footnotes":""},"class_list":["post-17","page","type-page","status-publish","hentry","post"],"aioseo_notices":[],"coauthors":[],"author_meta":{"author_link":"https:\/\/congresos.unlp.edu.ar\/congresoestudioschinos\/author\/congresos\/","display_name":"congresos"},"relative_dates":{"created":"Posted 1 mes ago","modified":"Updated 4 d\u00edas ago"},"absolute_dates":{"created":"Posted on 4 marzo, 2026","modified":"Updated on 5 abril, 2026"},"absolute_dates_time":{"created":"Posted on 4 marzo, 2026 11:13 am","modified":"Updated on 5 abril, 2026 11:52 am"},"featured_img_caption":"","featured_img":false,"series_order":"","_links":{"self":[{"href":"https:\/\/congresos.unlp.edu.ar\/congresoestudioschinos\/wp-json\/wp\/v2\/pages\/17","targetHints":{"allow":["GET"]}}],"collection":[{"href":"https:\/\/congresos.unlp.edu.ar\/congresoestudioschinos\/wp-json\/wp\/v2\/pages"}],"about":[{"href":"https:\/\/congresos.unlp.edu.ar\/congresoestudioschinos\/wp-json\/wp\/v2\/types\/page"}],"author":[{"embeddable":true,"href":"https:\/\/congresos.unlp.edu.ar\/congresoestudioschinos\/wp-json\/wp\/v2\/users\/2"}],"replies":[{"embeddable":true,"href":"https:\/\/congresos.unlp.edu.ar\/congresoestudioschinos\/wp-json\/wp\/v2\/comments?post=17"}],"version-history":[{"count":0,"href":"https:\/\/congresos.unlp.edu.ar\/congresoestudioschinos\/wp-json\/wp\/v2\/pages\/17\/revisions"}],"wp:attachment":[{"href":"https:\/\/congresos.unlp.edu.ar\/congresoestudioschinos\/wp-json\/wp\/v2\/media?parent=17"}],"curies":[{"name":"wp","href":"https:\/\/api.w.org\/{rel}","templated":true}]}}