{"id":16,"date":"2026-03-04T11:13:31","date_gmt":"2026-03-04T14:13:31","guid":{"rendered":"https:\/\/congresos.unlp.edu.ar\/congresoestudioschinos\/?page_id=16"},"modified":"2026-04-05T11:46:27","modified_gmt":"2026-04-05T14:46:27","slug":"informacion-general","status":"publish","type":"page","link":"https:\/\/congresos.unlp.edu.ar\/congresoestudioschinos\/informacion-general\/","title":{"rendered":"Informaci\u00f3n general"},"content":{"rendered":"<p>El <strong>Centro de Estudios Chinos (CECHINO)<\/strong> del Instituto de Relaciones Internacionales (IRI) de la Universidad Nacional de La Plata (UNLP), el <strong>Instituto Confucio<\/strong> de la Universidad Nacional de La Plata y la <strong>Universidad de Estudios Internacionales de Xi\u2019an (XISU)<\/strong> convocan a participar del 4to Congreso Latinoamericano de Estudios Chinos \u201cChina y Am\u00e9rica Latina ante los desaf\u00edos de la gobernanza global contempor\u00e1nea. Construyendo una Comunidad Global de Destino Compartido\u201d.<\/p>\n<p><strong>con la participaci\u00f3n de:<\/strong><\/p>\n<ul>\n<li>el Instituto de Estudios Latinoamericanos de la Academia China de Ciencias Sociales (ILAS-CASS),<\/li>\n<li>la Renmin University of China,<\/li>\n<li>la Comunication University of China,<\/li>\n<li>el Institute for a Community with Share Future, la Latin America Research Academy for a community with share future &amp; Belt and Road Initiative (CUC-UNLP),<\/li>\n<li>la Fudan-Latin Am\u00e9rica University Consortium,<\/li>\n<li>la Nankai University,<\/li>\n<li>el Center for Ecological Civilization de la East China Normal University,<\/li>\n<li>el Consejo Latinoamericano de Ciencias Sociales (CLACSO).<\/li>\n<\/ul>\n<p>&nbsp;<\/p>\n<p><strong>19, 20 y 21 de Agosto de 2026<\/strong><\/p>\n<p><strong>Universidad Nacional de La Plata &#8211; Argentina<\/strong><\/p>\n<p><strong>Presentaci\u00f3n<\/strong><\/p>\n<p>El 19 de febrero de 1972 se establecieron las relaciones diplom\u00e1ticas entre la Rep\u00fablica Argentina y la Rep\u00fablica Popular China. En 2014 se profundiz\u00f3 esta relaci\u00f3n en t\u00e9rminos de Asociaci\u00f3n Estrat\u00e9gica Integral, que ha llevado Argentina a formar parte de la Iniciativa de la Franja y la Ruta (BRI) a principios de 2022. La Iniciativa de la Franja y la Ruta representa la materializaci\u00f3n de la construcci\u00f3n de una Comunidad Humana de Futuro Compartido, que en 2023 ha cumplido 10 a\u00f1os, as\u00ed como la BRI.<\/p>\n<p>El 17 de julio de 2014, en el marco de la visita de Xi Jinping a la reuni\u00f3n de l\u00edderes chino-latinoamericanos y caribe\u00f1os realizada en Brasilia, y como expresi\u00f3n de la profundizaci\u00f3n de las relaciones entre China y Am\u00e9rica Latina y el Caribe (ALC), ambas partes decidieron crear conjuntamente el \u201cForo de Cooperaci\u00f3n China-Comunidad de Estados Latinoamericanos y Caribe\u00f1os (CELAC)\u201d, para canalizar la cooperaci\u00f3n multilateral.<\/p>\n<p>En marzo de 2018 la idea de generar una Comunidad Humana de Futuro Compartido fue incorporada en la Constituci\u00f3n china como parte del Pensamiento de Xi Jinping sobre el socialismo con caracter\u00edsticas chinas para una nueva era. De esta manera, la \u201cComunidad Humana de Futuro Compartido\u201d, \u4eba\u7c7b\u547d\u8fd0\u5171\u540c\u4f53 (Renlei mingyun gongtongti), se presenta como un objetivo clave de las relaciones internacionales de China hacia la creaci\u00f3n de un nuevo orden internacional, que incluye tambi\u00e9n las tres dimensiones chinas de \u201crelacionalidad\u201d, \u201cautoridad humana\u201d y \u201csimbiosis\u201d.<\/p>\n<p>En septiembre de 2023 el Gobierno chino ha publicado el Libro blanco sobre la Comunidad global de destino compartido para avanzar con la idea de una gobernanza global basada en el multipolarismo, la cooperaci\u00f3n ganar-ganar, haciendo hincapi\u00e9 en la necesidad de incluir a las voces del Sur global en el dise\u00f1o de las reglas internacionales.<br \/>\nAntecedentes<\/p>\n<p>El 1er Congreso Latinoamericano de Estudios Chinos (2011), la I Jornada Iberoamericana de Estudios Chinos 2014, el Congreso Iberoamericano en 2015, el Foro Alto Nivel China-Am\u00e9rica Latina 2016 , la 2da Jornada Iberoamericana de Estudios Chinos en 2017 y el Foro Mundial de Estudios Chinos 2018 (Primera vez en Am\u00e9rica Latina).<\/p>\n<p>El 2ndo Congreso Latinoamericano de Estudios Chinos 2019, el IX Foro de Alto Nivel Acad\u00e9mico China-Am\u00e9rica Latina 2020.<\/p>\n<p>El 3er Congreso Latinoamericano de Estudios Chinos 2024, celebrado en ocasi\u00f3n de los 15 a\u00f1os del Instituto Confucio XISU-UNLP.<\/p>\n<blockquote><p><strong>Proponemos el 4to Congreso Latinoamericano de Estudios Chinos, en conmemoraci\u00f3n de los 30 a\u00f1os del Centro de Estudios Chinos (Instituto de Relaciones Internacionales-Universidad Nacional de La Plata), y bajo el lema \u201cChina y Am\u00e9rica Latina ante los desaf\u00edos de la gobernanza global contempor\u00e1nea. Construyendo una Comunidad Global de Destino Compartido\u201d.<\/strong><\/p><\/blockquote>\n<p>Con el objetivo de incrementar el conocimiento y los lazos de amistad y cooperaci\u00f3n con la Rep\u00fablica Popular China, como as\u00ed tambi\u00e9n consolidar y difundir los Estudios Chinos en su diferentes \u00e1reas espec\u00edficas, convocamos a los profesores, investigadores y especialistas en la tem\u00e1tica a la presentaci\u00f3n de ponencias de car\u00e1cter presencial y virtual, en modalidad h\u00edbrida.<\/p>\n<p>El Congreso seleccionar\u00e1 los mejores art\u00edculos y los incluir\u00e1 en una publicaci\u00f3n que saldr\u00e1 a finales de 2026.<\/p>\n<p><strong>Los ejes tem\u00e1ticos relevantes del IV Congreso Latinoamericano de Estudios Chinos ser\u00e1n:<\/strong><\/p>\n<ol>\n<li>El di\u00e1logo China\u2013Am\u00e9rica Latina sobre derechos humanos e inteligencia artificial, como espacio de cooperaci\u00f3n ante los desaf\u00edos de la era digital.<\/li>\n<li>El di\u00e1logo China\u2013Am\u00e9rica Latina sobre civilizaci\u00f3n ecol\u00f3gica y desarrollo sostenible, orientado a la transici\u00f3n energ\u00e9tica y la protecci\u00f3n ambiental.<\/li>\n<li>Las relaciones China\u2013Am\u00e9rica Latina y China\u2013Argentina en la nueva etapa internacional, sus din\u00e1micas estrat\u00e9gicas y proyecciones.<\/li>\n<li>China y el Sur Global en la transformaci\u00f3n de la gobernanza mundial, en el marco de nuevas iniciativas y la reconfiguraci\u00f3n del orden internacional.<\/li>\n<\/ol>\n<p>&nbsp;<\/p>\n<p><strong>El Congreso contar\u00e1 con las siguientes mesas tem\u00e1ticas:<\/strong><\/p>\n<ol>\n<li>Derecho y Pol\u00edtica<\/li>\n<li>Relaciones internacionales.<\/li>\n<li>Cultura, Historia y Sociedad.<\/li>\n<li>Innovaci\u00f3n tecnol\u00f3gica y econom\u00eda.<\/li>\n<\/ol>\n<p>&nbsp;<\/p>\n<p><strong>Presentaci\u00f3n de res\u00famenes<\/strong>:<\/p>\n<p>Se aceptar\u00e1n res\u00famenes para su consideraci\u00f3n hasta el 1 de junio de 2026 indicando t\u00edtulo, autor\/es, correo electr\u00f3nico e instituci\u00f3n a la que pertenece y mesa tem\u00e1tica sugerida. El texto del resumen no debe superar las 500 palabras en arial 12 interlineado sencillo, junto con un listado de cinco palabras claves.<\/p>\n<p>&nbsp;<\/p>\n<p>El plazo de recepci\u00f3n de res\u00famenes ampliados para quienes deseen publicar sus trabajos en Actas ser\u00e1 el 30 de septiembre.<\/p>\n<p>&nbsp;<\/p>\n<p><strong>Informes e inscripciones<\/strong>: <a href=\"mailto:congresoestudioschinos@gmail.com\" target=\"_blank\" rel=\"noopener\">congresoestudioschinos@gmail.com<\/a><\/p>\n<p><strong>Sitio web<\/strong>: <a href=\"www.iri.edu.ar\" target=\"_blank\" rel=\"noopener\">www.iri.edu.ar<\/a><\/p>\n<p><strong>Cuenta de Instagram<\/strong>: <a href=\"https:\/\/www.instagram.com\/congresoestudioschinos\/\" target=\"_blank\" rel=\"noopener\">https:\/\/www.instagram.com\/congresoestudioschinos\/\u00a0<\/a><\/p>\n","protected":false},"excerpt":{"rendered":"<p>El Centro de Estudios Chinos (CECHINO) del Instituto de Relaciones Internacionales (IRI) de la Universidad Nacional de La Plata (UNLP), el Instituto Confucio de la Universidad Nacional de La Plata y la Universidad de Estudios Internacionales de Xi\u2019an (XISU) convocan a participar del 4to Congreso Latinoamericano de Estudios Chinos \u201cChina y Am\u00e9rica Latina ante los [&hellip;]<\/p>\n","protected":false},"author":2,"featured_media":0,"parent":0,"menu_order":0,"comment_status":"closed","ping_status":"closed","template":"","meta":{"advgb_blocks_editor_width":"","advgb_blocks_columns_visual_guide":"","footnotes":""},"class_list":["post-16","page","type-page","status-publish","hentry","post"],"aioseo_notices":[],"coauthors":[],"author_meta":{"author_link":"https:\/\/congresos.unlp.edu.ar\/congresoestudioschinos\/author\/congresos\/","display_name":"congresos"},"relative_dates":{"created":"Posted 1 mes ago","modified":"Updated 2 d\u00edas ago"},"absolute_dates":{"created":"Posted on 4 marzo, 2026","modified":"Updated on 5 abril, 2026"},"absolute_dates_time":{"created":"Posted on 4 marzo, 2026 11:13 am","modified":"Updated on 5 abril, 2026 11:46 am"},"featured_img_caption":"","featured_img":false,"series_order":"","_links":{"self":[{"href":"https:\/\/congresos.unlp.edu.ar\/congresoestudioschinos\/wp-json\/wp\/v2\/pages\/16","targetHints":{"allow":["GET"]}}],"collection":[{"href":"https:\/\/congresos.unlp.edu.ar\/congresoestudioschinos\/wp-json\/wp\/v2\/pages"}],"about":[{"href":"https:\/\/congresos.unlp.edu.ar\/congresoestudioschinos\/wp-json\/wp\/v2\/types\/page"}],"author":[{"embeddable":true,"href":"https:\/\/congresos.unlp.edu.ar\/congresoestudioschinos\/wp-json\/wp\/v2\/users\/2"}],"replies":[{"embeddable":true,"href":"https:\/\/congresos.unlp.edu.ar\/congresoestudioschinos\/wp-json\/wp\/v2\/comments?post=16"}],"version-history":[{"count":0,"href":"https:\/\/congresos.unlp.edu.ar\/congresoestudioschinos\/wp-json\/wp\/v2\/pages\/16\/revisions"}],"wp:attachment":[{"href":"https:\/\/congresos.unlp.edu.ar\/congresoestudioschinos\/wp-json\/wp\/v2\/media?parent=16"}],"curies":[{"name":"wp","href":"https:\/\/api.w.org\/{rel}","templated":true}]}}