{"id":148,"date":"2026-04-14T09:51:56","date_gmt":"2026-04-14T12:51:56","guid":{"rendered":"https:\/\/congresos.unlp.edu.ar\/congresoestudioschinos\/?page_id=148"},"modified":"2026-04-14T10:18:01","modified_gmt":"2026-04-14T13:18:01","slug":"noticias","status":"publish","type":"page","link":"https:\/\/congresos.unlp.edu.ar\/congresoestudioschinos\/noticias\/","title":{"rendered":"Noticias"},"content":{"rendered":"<div id=\"pl-148\"  class=\"panel-layout\" ><div id=\"pg-148-0\"  class=\"panel-grid panel-no-style\" ><div id=\"pgc-148-0-0\"  class=\"panel-grid-cell\" ><div id=\"panel-148-0-0-0\" class=\"so-panel widget widget_media_image panel-first-child panel-last-child\" data-index=\"0\" ><img loading=\"lazy\" decoding=\"async\" width=\"301\" height=\"168\" src=\"https:\/\/congresos.unlp.edu.ar\/congresoestudioschinos\/wp-content\/uploads\/sites\/108\/2026\/04\/images.jpg\" class=\"image wp-image-167  attachment-full size-full\" alt=\"\" style=\"max-width: 100%; height: auto;\" \/><\/div><\/div><div id=\"pgc-148-0-1\"  class=\"panel-grid-cell\" ><div id=\"panel-148-0-1-0\" class=\"so-panel widget widget_text panel-first-child panel-last-child\" data-index=\"1\" >\t\t\t<div class=\"textwidget\"><p><strong>Especial: Ciudad argentina de La Plata se prepara para acoger 4\u00ba Congreso Latinoamericano de Estudios Chinos (Xinhua)<\/strong><\/p>\n<p>&#8220;China y Am\u00e9rica Latina forman parte hoy de un esfuerzo conjunto por construir nuevas arquitecturas jur\u00eddicas, econ\u00f3micas y de cooperaci\u00f3n basadas en valores comunes y un beneficio mutuo m\u00e1s all\u00e1 del concepto de &#8216;suma cero&#8217;, estos grandes temas motivan este Congreso&#8221;, expres\u00f3 la directora del Centro de Estudios Chinos de la mencionada casa de estudios. &#8220;En este marco consideramos necesario impulsar intercambios acad\u00e9micos y sociales fuera de las miradas tradicionales dominantes y &#8216;occidental-c\u00e9ntricas&#8217; y apostar por an\u00e1lisis propios y aut\u00e9nticos desde ambas regiones&#8221;, agreg\u00f3. <a href=\"https:\/\/spanish.xinhuanet.com\/20260401\/2af820693f7a4e7c9b3ce4a08f9d5ed3\/c.html\" target=\"_blank\" rel=\"noopener\"><strong>Enlace a la nota aqu\u00ed<\/strong><\/a>.<\/p>\n<\/div>\n\t\t<\/div><\/div><\/div><div id=\"pg-148-1\"  class=\"panel-grid panel-no-style\" ><div id=\"pgc-148-1-0\"  class=\"panel-grid-cell\" ><div id=\"panel-148-1-0-0\" class=\"so-panel widget widget_media_image panel-first-child panel-last-child\" data-index=\"2\" ><img loading=\"lazy\" decoding=\"async\" width=\"300\" height=\"80\" src=\"https:\/\/congresos.unlp.edu.ar\/congresoestudioschinos\/wp-content\/uploads\/sites\/108\/2026\/04\/logo@3x-300x80.png\" class=\"image wp-image-161  attachment-medium size-medium\" alt=\"\" style=\"max-width: 100%; height: auto;\" srcset=\"https:\/\/congresos.unlp.edu.ar\/congresoestudioschinos\/wp-content\/uploads\/sites\/108\/2026\/04\/logo@3x-300x80.png 300w, https:\/\/congresos.unlp.edu.ar\/congresoestudioschinos\/wp-content\/uploads\/sites\/108\/2026\/04\/logo@3x.png 340w\" sizes=\"auto, (max-width: 300px) 100vw, 300px\" \/><\/div><\/div><div id=\"pgc-148-1-1\"  class=\"panel-grid-cell\" ><div id=\"panel-148-1-1-0\" class=\"so-panel widget widget_text panel-first-child panel-last-child\" data-index=\"3\" >\t\t\t<div class=\"textwidget\"><p><strong>Ciudad argentina de La Plata se prepara para acoger 4\u00ba Congreso Latinoamericano de Estudios Chinos (CGTN)<\/strong><\/p>\n<p>La ciudad argentina de La Plata se prepara para acoger el 4\u00b0 Congreso Latinoamericano de Estudios Chinos, un espacio que busca fortalecer los intercambios acad\u00e9micos, cient\u00edficos y sociales entre investigadores de China y Am\u00e9rica Latina, al tiempo que fomenta la producci\u00f3n conjunta de an\u00e1lisis y generaci\u00f3n de conocimiento. <a href=\"https:\/\/espanol.cgtn.com\/news\/2026-04-01\/2039190776918061058\/index.html\" target=\"_blank\" rel=\"noopener\"><strong>Enlace a la nota aqu\u00ed<\/strong><\/a>.<\/p>\n<\/div>\n\t\t<\/div><\/div><\/div><div id=\"pg-148-2\"  class=\"panel-grid panel-no-style\" ><div id=\"pgc-148-2-0\"  class=\"panel-grid-cell\" ><div id=\"panel-148-2-0-0\" class=\"so-panel widget widget_media_image panel-first-child panel-last-child\" data-index=\"4\" ><img loading=\"lazy\" decoding=\"async\" width=\"300\" height=\"300\" src=\"https:\/\/congresos.unlp.edu.ar\/congresoestudioschinos\/wp-content\/uploads\/sites\/108\/2026\/04\/Logo_dangdai-01-300x300.png\" class=\"image wp-image-172  attachment-medium size-medium\" alt=\"\" style=\"max-width: 100%; height: auto;\" srcset=\"https:\/\/congresos.unlp.edu.ar\/congresoestudioschinos\/wp-content\/uploads\/sites\/108\/2026\/04\/Logo_dangdai-01-300x300.png 300w, https:\/\/congresos.unlp.edu.ar\/congresoestudioschinos\/wp-content\/uploads\/sites\/108\/2026\/04\/Logo_dangdai-01-150x150.png 150w, https:\/\/congresos.unlp.edu.ar\/congresoestudioschinos\/wp-content\/uploads\/sites\/108\/2026\/04\/Logo_dangdai-01.png 512w\" sizes=\"auto, (max-width: 300px) 100vw, 300px\" \/><\/div><\/div><div id=\"pgc-148-2-1\"  class=\"panel-grid-cell\" ><div id=\"panel-148-2-1-0\" class=\"so-panel widget widget_text panel-first-child panel-last-child\" data-index=\"5\" >\t\t\t<div class=\"textwidget\"><p><strong>La Plata lanza el IV Congreso Latinoamericano de Estudios Chinos (DangDai)<\/strong><\/p>\n<p>Ser\u00e1 en agosto y ya se ha lanzado la convocatoria del tradicional encuentro en la UNLP. El IV Congreso Latinoamericano de Estudios Chinos ser\u00e1 los d\u00edas 19, 20 y 21 de ese mes organizado por el Centro de Estudios Chinos (CECHINO) del Instituto de Relaciones Internacionales (IRI) de la Universidad Nacional de La Plata (UNLP), el Instituto Confucio de la Universidad Nacional de La Plata y la Universidad de Estudios Internacionales de Xi\u2019an (XISU). <a href=\"https:\/\/dangdai.com.ar\/2026\/03\/04\/la-plata-lanza-el-iv-congreso-latinoamericano-de-estudios-chinos\/\" target=\"_blank\" rel=\"noopener\"><strong>Enlace a la nota aqu\u00ed<\/strong><\/a>.<\/p>\n<\/div>\n\t\t<\/div><\/div><\/div><div id=\"pg-148-3\"  class=\"panel-grid panel-no-style\" ><div id=\"pgc-148-3-0\"  class=\"panel-grid-cell\" ><div id=\"panel-148-3-0-0\" class=\"so-panel widget widget_media_image panel-first-child panel-last-child\" data-index=\"6\" ><img loading=\"lazy\" decoding=\"async\" width=\"300\" height=\"74\" src=\"https:\/\/congresos.unlp.edu.ar\/congresoestudioschinos\/wp-content\/uploads\/sites\/108\/2026\/04\/logo-horz-2-v500-300x74.png\" class=\"image wp-image-174  attachment-medium size-medium\" alt=\"\" style=\"max-width: 100%; height: auto;\" srcset=\"https:\/\/congresos.unlp.edu.ar\/congresoestudioschinos\/wp-content\/uploads\/sites\/108\/2026\/04\/logo-horz-2-v500-300x74.png 300w, https:\/\/congresos.unlp.edu.ar\/congresoestudioschinos\/wp-content\/uploads\/sites\/108\/2026\/04\/logo-horz-2-v500.png 500w\" sizes=\"auto, (max-width: 300px) 100vw, 300px\" \/><\/div><\/div><div id=\"pgc-148-3-1\"  class=\"panel-grid-cell\" ><div id=\"panel-148-3-1-0\" class=\"so-panel widget widget_text panel-first-child panel-last-child\" data-index=\"7\" >\t\t\t<div class=\"textwidget\"><p><strong>IV Congreso Latinoamericano de Estudios Chinos IRI-UNLP (Observatorio de la Pol\u00edtica China, OPCh)<\/strong><\/p>\n<p>En celebraci\u00f3n de los 30 a\u00f1os\u00a0 de actividades acad\u00e9micas del CeChino IRI-UNLP. Se aceptar\u00e1n res\u00famenes para su consideraci\u00f3n hasta el 1 de junio de 2026 indicando t\u00edtulo, autor\/es, correo electr\u00f3nico e instituci\u00f3n a la que pertenece y mesa tem\u00e1tica sugerida. El texto del resumen no debe superar las 500 palabras en arial 12 interlineado sencillo, junto con un listado de cinco palabras claves. <a href=\"https:\/\/www.politica-china.org\/iv-congreso-latinoamericano-de-estudios-chinos-iri-unlp\/\" target=\"_blank\" rel=\"noopener\"><strong>Enlace a la nota aqu\u00ed<\/strong><\/a>.<\/p>\n<\/div>\n\t\t<\/div><\/div><\/div><div id=\"pg-148-4\"  class=\"panel-grid panel-no-style\" ><div id=\"pgc-148-4-0\"  class=\"panel-grid-cell\" ><div id=\"panel-148-4-0-0\" class=\"so-panel widget widget_media_image panel-first-child panel-last-child\" data-index=\"8\" ><img loading=\"lazy\" decoding=\"async\" width=\"300\" height=\"48\" src=\"https:\/\/congresos.unlp.edu.ar\/congresoestudioschinos\/wp-content\/uploads\/sites\/108\/2026\/04\/logo-1-300x48.png\" class=\"image wp-image-169  attachment-medium size-medium\" alt=\"\" style=\"max-width: 100%; height: auto;\" srcset=\"https:\/\/congresos.unlp.edu.ar\/congresoestudioschinos\/wp-content\/uploads\/sites\/108\/2026\/04\/logo-1-300x48.png 300w, https:\/\/congresos.unlp.edu.ar\/congresoestudioschinos\/wp-content\/uploads\/sites\/108\/2026\/04\/logo-1.png 629w\" sizes=\"auto, (max-width: 300px) 100vw, 300px\" \/><\/div><\/div><div id=\"pgc-148-4-1\"  class=\"panel-grid-cell\" ><div id=\"panel-148-4-1-0\" class=\"so-panel widget widget_text panel-first-child panel-last-child\" data-index=\"9\" >\t\t\t<div class=\"textwidget\"><p><strong>La Plata ser\u00e1 sede del IV Congreso Latinoamericano de Estudios Chinos (News Argenchina)<\/strong><\/p>\n<p>El congreso abordar\u00e1 di\u00e1logos estrat\u00e9gicos en derechos humanos e inteligencia artificial, civilizaci\u00f3n ecol\u00f3gica y transici\u00f3n energ\u00e9tica, adem\u00e1s de las din\u00e1micas China\u2013Argentina en la nueva etapa internacional. La presentaci\u00f3n de res\u00famenes estar\u00e1 abierta hasta el 1 de junio de 2026 y los mejores trabajos ser\u00e1n publicados a fines de ese a\u00f1o, reforzando la producci\u00f3n acad\u00e9mica regional sobre China. <a href=\"https:\/\/newsargenchina.ar\/contenido\/7333\/la-plata-sera-sede-del-iv-congreso-latinoamericano-de-estudios-chinos\" target=\"_blank\" rel=\"noopener\"><strong>Enlace a la nota aqu\u00ed<\/strong><\/a>.<\/p>\n<\/div>\n\t\t<\/div><\/div><\/div><\/div>","protected":false},"excerpt":{"rendered":"<p>Especial: Ciudad argentina de La Plata se prepara para acoger 4\u00ba Congreso Latinoamericano de Estudios Chinos (Xinhua) &#8220;China y Am\u00e9rica Latina forman parte hoy de un esfuerzo conjunto por construir nuevas arquitecturas jur\u00eddicas, econ\u00f3micas y de cooperaci\u00f3n basadas en valores comunes y un beneficio mutuo m\u00e1s all\u00e1 del concepto de &#8216;suma cero&#8217;, estos grandes temas [&hellip;]<\/p>\n","protected":false},"author":267,"featured_media":0,"parent":0,"menu_order":0,"comment_status":"closed","ping_status":"closed","template":"","meta":{"advgb_blocks_editor_width":"","advgb_blocks_columns_visual_guide":"","footnotes":""},"class_list":["post-148","page","type-page","status-publish","hentry","post"],"aioseo_notices":[],"coauthors":[],"author_meta":{"author_link":"https:\/\/congresos.unlp.edu.ar\/congresoestudioschinos\/author\/jsschulz\/","display_name":"jsschulz"},"relative_dates":{"created":"Posted 1 mes ago","modified":"Updated 1 mes ago"},"absolute_dates":{"created":"Posted on 14 abril, 2026","modified":"Updated on 14 abril, 2026"},"absolute_dates_time":{"created":"Posted on 14 abril, 2026 9:51 am","modified":"Updated on 14 abril, 2026 10:18 am"},"featured_img_caption":"","featured_img":false,"series_order":"","_links":{"self":[{"href":"https:\/\/congresos.unlp.edu.ar\/congresoestudioschinos\/wp-json\/wp\/v2\/pages\/148","targetHints":{"allow":["GET"]}}],"collection":[{"href":"https:\/\/congresos.unlp.edu.ar\/congresoestudioschinos\/wp-json\/wp\/v2\/pages"}],"about":[{"href":"https:\/\/congresos.unlp.edu.ar\/congresoestudioschinos\/wp-json\/wp\/v2\/types\/page"}],"author":[{"embeddable":true,"href":"https:\/\/congresos.unlp.edu.ar\/congresoestudioschinos\/wp-json\/wp\/v2\/users\/267"}],"replies":[{"embeddable":true,"href":"https:\/\/congresos.unlp.edu.ar\/congresoestudioschinos\/wp-json\/wp\/v2\/comments?post=148"}],"version-history":[{"count":0,"href":"https:\/\/congresos.unlp.edu.ar\/congresoestudioschinos\/wp-json\/wp\/v2\/pages\/148\/revisions"}],"wp:attachment":[{"href":"https:\/\/congresos.unlp.edu.ar\/congresoestudioschinos\/wp-json\/wp\/v2\/media?parent=148"}],"curies":[{"name":"wp","href":"https:\/\/api.w.org\/{rel}","templated":true}]}}