{"id":11,"date":"2026-03-04T11:13:31","date_gmt":"2026-03-04T14:13:31","guid":{"rendered":"https:\/\/congresos.unlp.edu.ar\/congresoestudioschinos\/?page_id=11"},"modified":"2026-05-12T08:21:25","modified_gmt":"2026-05-12T11:21:25","slug":"inicio","status":"publish","type":"page","link":"https:\/\/congresos.unlp.edu.ar\/congresoestudioschinos\/inicio\/","title":{"rendered":"Inicio"},"content":{"rendered":"<div id=\"pl-11\"  class=\"panel-layout\" ><div id=\"pg-11-0\"  class=\"panel-grid panel-no-style\" ><div id=\"pgc-11-0-0\"  class=\"panel-grid-cell\" ><div id=\"panel-11-0-0-0\" class=\"so-panel widget widget_circleicon-widget panel-first-child panel-last-child\" data-index=\"0\" >\t\t<div class=\"circle-icon-box circle-icon-position-top circle-icon-hide-box circle-icon-size-small \">\n\t\t\t\t\t\t\t<div class=\"circle-icon-wrapper\">\n\t\t\t\t\t\t\t\t\t\t<div class=\"circle-icon\" >\n\t\t\t\t\t\t\t\t\t\t\t\t\t<div\n\t\t\t\t\t\t\t\tclass=\"fa fa-file-pdf-o\"\n\t\t\t\t\t\t\t\t\t\t\t\t\t\t\t><\/div>\n\t\t\t\t\t\t\t\t\t\t\t<\/div>\n\t\t\t\t\t\t\t\t\t<\/div>\n\t\t\t\n\t\t\t\t\t\t\t\t\t\n\t\t\t\t\t\t\t<p class=\"text\" >\n\t\t\t\tPrimera Circular\t\t\t<\/p>\n\t\t\t\t\t\t\t\t\t\t<a\n\t\t\t\t\thref=\"https:\/\/drive.google.com\/file\/d\/1ja3a6HePIDSA7kDazrudEev2fduPHjgo\/view?usp=drive_link\"\n\t\t\t\t\tclass=\"more-button\"\n\t\t\t\t\ttarget=&quot;_blank&quot;\t\t\t\t>\n\t\t\t\t\tMore Info\t\t\t\t\t<i><\/i>\n\t\t\t\t<\/a>\n\t\t\t\t\t<\/div>\n\t\t<\/div><\/div><div id=\"pgc-11-0-1\"  class=\"panel-grid-cell\" ><div id=\"panel-11-0-1-0\" class=\"so-panel widget widget_circleicon-widget panel-first-child panel-last-child\" data-index=\"1\" >\t\t<div class=\"circle-icon-box circle-icon-position-top circle-icon-hide-box circle-icon-size-small \">\n\t\t\t\t\t\t\t<div class=\"circle-icon-wrapper\">\n\t\t\t\t\t\t\t\t\t\t<div class=\"circle-icon\" >\n\t\t\t\t\t\t\t\t\t\t\t\t\t<div\n\t\t\t\t\t\t\t\tclass=\"fa fa-file-pdf-o\"\n\t\t\t\t\t\t\t\t\t\t\t\t\t\t\t><\/div>\n\t\t\t\t\t\t\t\t\t\t\t<\/div>\n\t\t\t\t\t\t\t\t\t<\/div>\n\t\t\t\n\t\t\t\t\t\t\t\t\t\n\t\t\t\t\t\t\t<p class=\"text\" >\n\t\t\t\tSegunda Circular\t\t\t<\/p>\n\t\t\t\t\t\t\t\t\t\t<a\n\t\t\t\t\thref=\"http:\/\/congresos.unlp.edu.ar\/congresoestudioschinos\/wp-content\/uploads\/sites\/108\/2026\/05\/Segunda-Circular-IV-Congreso-Estudios-Chinos.pdf\"\n\t\t\t\t\tclass=\"more-button\"\n\t\t\t\t\ttarget=&quot;_blank&quot;\t\t\t\t>\n\t\t\t\t\tMore Info\t\t\t\t\t<i><\/i>\n\t\t\t\t<\/a>\n\t\t\t\t\t<\/div>\n\t\t<\/div><\/div><div id=\"pgc-11-0-2\"  class=\"panel-grid-cell\" ><div id=\"panel-11-0-2-0\" class=\"so-panel widget widget_text panel-first-child panel-last-child\" data-index=\"2\" >\t\t\t<div class=\"textwidget\"><p><strong>\ud83d\udccd IV Congreso Latinoamericano de Estudios Chinos<\/strong><\/p>\n<p>El <strong>19, 20 y 21 de agosto de 2026<\/strong> en la Universidad Nacional de La Plata, Argentina, el Centro de Estudios Chinos del Instituto de Relaciones Internacionales de la UNLP, el Instituto Confucio UNLP y la Universidad de Estudios Internacionales de Xi\u2019an (XISU) convocan a participar del<strong> IV Congreso Latinoamericano de Estudios Chinos<\/strong> bajo el lema \u201cChina y Am\u00e9rica Latina ante los desaf\u00edos de la gobernanza global contempor\u00e1nea. Construyendo una Comunidad Global de Destino Compartido\u201d.<\/p>\n<p>\ud83d\udc69\ud83c\udffe\u200d\ud83c\udfeb Un espacio acad\u00e9mico que re\u00fane a especialistas, investigadores e instituciones de China, Am\u00e9rica Latina y otras regiones para debatir sobre China y Am\u00e9rica Latina frente a los desaf\u00edos de la gobernanza global contempor\u00e1nea y la construcci\u00f3n de una Comunidad Global de Destino Compartido.<\/p>\n<\/div>\n\t\t<\/div><\/div><\/div><\/div>","protected":false},"excerpt":{"rendered":"<p>\ud83d\udccd IV Congreso Latinoamericano de Estudios Chinos El 19, 20 y 21 de agosto de 2026 en la Universidad Nacional de La Plata, Argentina, el Centro de Estudios Chinos del Instituto de Relaciones Internacionales de la UNLP, el Instituto Confucio UNLP y la Universidad de Estudios Internacionales de Xi\u2019an (XISU) convocan a participar del IV [&hellip;]<\/p>\n","protected":false},"author":2,"featured_media":0,"parent":0,"menu_order":0,"comment_status":"closed","ping_status":"closed","template":"home-panels.php","meta":{"advgb_blocks_editor_width":"","advgb_blocks_columns_visual_guide":"","footnotes":""},"class_list":["post-11","page","type-page","status-publish","hentry","post"],"aioseo_notices":[],"coauthors":[],"author_meta":{"author_link":"https:\/\/congresos.unlp.edu.ar\/congresoestudioschinos\/author\/congresos\/","display_name":"congresos"},"relative_dates":{"created":"Posted 2 meses ago","modified":"Updated 4 d\u00edas ago"},"absolute_dates":{"created":"Posted on 4 marzo, 2026","modified":"Updated on 12 mayo, 2026"},"absolute_dates_time":{"created":"Posted on 4 marzo, 2026 11:13 am","modified":"Updated on 12 mayo, 2026 8:21 am"},"featured_img_caption":"","featured_img":false,"series_order":"","_links":{"self":[{"href":"https:\/\/congresos.unlp.edu.ar\/congresoestudioschinos\/wp-json\/wp\/v2\/pages\/11","targetHints":{"allow":["GET"]}}],"collection":[{"href":"https:\/\/congresos.unlp.edu.ar\/congresoestudioschinos\/wp-json\/wp\/v2\/pages"}],"about":[{"href":"https:\/\/congresos.unlp.edu.ar\/congresoestudioschinos\/wp-json\/wp\/v2\/types\/page"}],"author":[{"embeddable":true,"href":"https:\/\/congresos.unlp.edu.ar\/congresoestudioschinos\/wp-json\/wp\/v2\/users\/2"}],"replies":[{"embeddable":true,"href":"https:\/\/congresos.unlp.edu.ar\/congresoestudioschinos\/wp-json\/wp\/v2\/comments?post=11"}],"version-history":[{"count":0,"href":"https:\/\/congresos.unlp.edu.ar\/congresoestudioschinos\/wp-json\/wp\/v2\/pages\/11\/revisions"}],"wp:attachment":[{"href":"https:\/\/congresos.unlp.edu.ar\/congresoestudioschinos\/wp-json\/wp\/v2\/media?parent=11"}],"curies":[{"name":"wp","href":"https:\/\/api.w.org\/{rel}","templated":true}]}}